{"id":16165,"date":"2026-03-30T09:41:30","date_gmt":"2026-03-30T09:41:30","guid":{"rendered":"https:\/\/urban-clothingstore.com\/?post_type=product&#038;p=16165"},"modified":"2026-03-30T09:41:30","modified_gmt":"2026-03-30T09:41:30","slug":"kostum-gri-me-vija-double-breasted-slim-fit","status":"publish","type":"product","link":"https:\/\/urban-clothingstore.com\/en\/product\/kostum-gri-me-vija-double-breasted-slim-fit\/","title":{"rendered":"Kostum Gri me Vija \u2013 Double Breasted Slim Fit"},"content":{"rendered":"<div class=\"flex flex-col text-sm pb-25\">\n<section class=\"text-token-text-primary w-full focus:outline-none [--shadow-height:45px] has-data-writing-block:pointer-events-none has-data-writing-block:-mt-(--shadow-height) has-data-writing-block:pt-(--shadow-height) [&amp;:has([data-writing-block])&gt;*]:pointer-events-auto scroll-mt-[calc(var(--header-height)+min(200px,max(70px,20svh)))]\" dir=\"auto\" data-turn-id=\"request-WEB:19711628-4935-453c-9a40-bbffce2bc7ae-5\" data-testid=\"conversation-turn-12\" data-scroll-anchor=\"true\" data-turn=\"assistant\">\n<div class=\"text-base my-auto mx-auto pb-10 [--thread-content-margin:var(--thread-content-margin-xs,calc(var(--spacing)*4))] @w-sm\/main:[--thread-content-margin:var(--thread-content-margin-sm,calc(var(--spacing)*6))] @w-lg\/main:[--thread-content-margin:var(--thread-content-margin-lg,calc(var(--spacing)*16))] px-(--thread-content-margin)\">\n<div class=\"[--thread-content-max-width:40rem] @w-lg\/main:[--thread-content-max-width:48rem] mx-auto max-w-(--thread-content-max-width) flex-1 group\/turn-messages focus-visible:outline-hidden relative flex w-full min-w-0 flex-col agent-turn\">\n<div class=\"flex max-w-full flex-col gap-4 grow\">\n<div class=\"min-h-8 text-message relative flex w-full flex-col items-end gap-2 text-start break-words whitespace-normal outline-none keyboard-focused:focus-ring [.text-message+&amp;]:mt-1\" dir=\"auto\" tabindex=\"0\" data-message-author-role=\"assistant\" data-message-id=\"e8d721b9-e0d8-466c-abf9-33fcc203744a\" data-message-model-slug=\"gpt-5-3\" data-turn-start-message=\"true\">\n<div class=\"flex w-full flex-col gap-1 empty:hidden\">\n<div class=\"markdown prose dark:prose-invert w-full wrap-break-word dark markdown-new-styling\">\n<p data-start=\"62\" data-end=\"353\">Ky kostum gri me vija t\u00eb holla vertikale \u00ebsht\u00eb nj\u00eb zgjedhje perfekte p\u00ebr nj\u00eb stil elegant dhe profesional. Dizajni <em data-start=\"195\" data-end=\"212\">double-breasted<\/em> i jep nj\u00eb pamje klasike dhe t\u00eb fuqishme, nd\u00ebrsa prerja <em data-start=\"268\" data-end=\"278\">slim-fit<\/em> siguron nj\u00eb siluet\u00eb t\u00eb past\u00ebr dhe moderne q\u00eb p\u00ebrshtatet bukur me trupin.<\/p>\n<p data-start=\"355\" data-end=\"620\">Vijat vertikale shtojn\u00eb nj\u00eb element vizual q\u00eb zgjat optikisht trupin dhe e b\u00ebn paraqitjen m\u00eb t\u00eb rafinuar. Detajet si kopsat n\u00eb t\u00eb nj\u00ebjt\u00ebn ngjyr\u00eb, shamia e xhepit dhe prerja e sakt\u00eb e b\u00ebjn\u00eb k\u00ebt\u00eb kostum ideal p\u00ebr evente formale, ambiente biznesi apo raste speciale.<\/p>\n<p data-start=\"622\" data-end=\"751\">Kombinohet leht\u00ebsisht me k\u00ebmish\u00eb t\u00eb bardh\u00eb p\u00ebr nj\u00eb stil klasik ose me nuanca m\u00eb t\u00eb err\u00ebta p\u00ebr nj\u00eb look modern dhe t\u00eb sofistikuar.<\/p>\n<hr data-start=\"753\" data-end=\"756\" \/>\n<p data-start=\"758\" data-end=\"775\"><strong data-start=\"758\" data-end=\"775\">Key Features:<\/strong><\/p>\n<ul data-start=\"777\" data-end=\"1245\" data-is-last-node=\"\" data-is-only-node=\"\">\n<li data-section-id=\"uo9abp\" data-start=\"777\" data-end=\"827\">\u2714\ufe0f Dizajn <em data-start=\"789\" data-end=\"806\">double-breasted<\/em> elegant dhe klasik<\/li>\n<li data-section-id=\"tvb88f\" data-start=\"828\" data-end=\"884\">\u2714\ufe0f Ngjyr\u00eb gri me vija vertikale p\u00ebr stil t\u00eb rafinuar<\/li>\n<li data-section-id=\"28mq1\" data-start=\"885\" data-end=\"929\">\u2714\ufe0f Prerje <em data-start=\"897\" data-end=\"907\">slim-fit<\/em> q\u00eb thekson siluet\u00ebn<\/li>\n<li data-section-id=\"10rfrhc\" data-start=\"930\" data-end=\"986\">\u2714\ufe0f Material cil\u00ebsor p\u00ebr rehati dhe p\u00ebrdorim t\u00eb gjat\u00eb<\/li>\n<li data-section-id=\"yw796l\" data-start=\"987\" data-end=\"1044\">\u2714\ufe0f Kopsa n\u00eb t\u00eb nj\u00ebjt\u00ebn ngjyr\u00eb p\u00ebr nj\u00eb pamje t\u00eb past\u00ebr<\/li>\n<li data-section-id=\"hoa7ae\" data-start=\"1045\" data-end=\"1092\">\u2714\ufe0f Xhepa funksional\u00eb dhe detaje minimaliste<\/li>\n<li data-section-id=\"9lqykq\" data-start=\"1093\" data-end=\"1144\">\u2714\ufe0f I p\u00ebrshtatsh\u00ebm p\u00ebr evente formale dhe biznes<\/li>\n<li data-section-id=\"1ie8eku\" data-start=\"1145\" data-end=\"1191\">\u2714\ufe0f Leht\u00eb p\u00ebr kombinim me stile t\u00eb ndryshme<\/li>\n<li data-section-id=\"cxrb5z\" data-start=\"1192\" data-end=\"1245\" data-is-last-node=\"\">\u2714\ufe0f Jep nj\u00eb pamje elegante, moderne dhe profesionale<\/li>\n<\/ul>\n<\/div>\n<\/div>\n<\/div>\n<\/div>\n<div class=\"z-0 flex min-h-[46px] justify-start\"><\/div>\n<div class=\"mt-3 w-full empty:hidden\">\n<div class=\"text-center\"><\/div>\n<\/div>\n<\/div>\n<\/div>\n<\/section>\n<\/div>\n<div class=\"pointer-events-none h-px w-px absolute bottom-0\" aria-hidden=\"true\" data-edge=\"true\"><\/div>","protected":false},"excerpt":{"rendered":"<p>Ky kostum gri me vija t\u00eb holla vertikale \u00ebsht\u00eb nj\u00eb zgjedhje perfekte p\u00ebr nj\u00eb stil elegant dhe profesional. Dizajni double-breasted i jep nj\u00eb pamje klasike dhe t\u00eb fuqishme, nd\u00ebrsa prerja slim-fit siguron nj\u00eb siluet\u00eb t\u00eb past\u00ebr dhe moderne q\u00eb p\u00ebrshtatet bukur me trupin. Vijat vertikale shtojn\u00eb nj\u00eb element vizual q\u00eb zgjat optikisht trupin dhe e [&hellip;]<\/p>","protected":false},"featured_media":16166,"comment_status":"open","ping_status":"closed","template":"","meta":[],"product_brand":[],"product_cat":[108],"product_tag":[783,785,787],"class_list":{"0":"post-16165","1":"product","2":"type-product","3":"status-publish","4":"has-post-thumbnail","6":"product_cat-suit","7":"product_tag-double-breasted-slim-fit","8":"product_tag-eleganc-e-paster","9":"product_tag-kostum-gri-me-vija","11":"first","12":"instock","13":"taxable","14":"shipping-taxable","15":"purchasable","16":"product-type-variable"},"jetpack_sharing_enabled":true,"_links":{"self":[{"href":"https:\/\/urban-clothingstore.com\/en\/wp-json\/wp\/v2\/product\/16165","targetHints":{"allow":["GET"]}}],"collection":[{"href":"https:\/\/urban-clothingstore.com\/en\/wp-json\/wp\/v2\/product"}],"about":[{"href":"https:\/\/urban-clothingstore.com\/en\/wp-json\/wp\/v2\/types\/product"}],"replies":[{"embeddable":true,"href":"https:\/\/urban-clothingstore.com\/en\/wp-json\/wp\/v2\/comments?post=16165"}],"wp:featuredmedia":[{"embeddable":true,"href":"https:\/\/urban-clothingstore.com\/en\/wp-json\/wp\/v2\/media\/16166"}],"wp:attachment":[{"href":"https:\/\/urban-clothingstore.com\/en\/wp-json\/wp\/v2\/media?parent=16165"}],"wp:term":[{"taxonomy":"product_brand","embeddable":true,"href":"https:\/\/urban-clothingstore.com\/en\/wp-json\/wp\/v2\/product_brand?post=16165"},{"taxonomy":"product_cat","embeddable":true,"href":"https:\/\/urban-clothingstore.com\/en\/wp-json\/wp\/v2\/product_cat?post=16165"},{"taxonomy":"product_tag","embeddable":true,"href":"https:\/\/urban-clothingstore.com\/en\/wp-json\/wp\/v2\/product_tag?post=16165"}],"curies":[{"name":"wp","href":"https:\/\/api.w.org\/{rel}","templated":true}]}}