{"id":16221,"date":"2026-03-30T13:35:37","date_gmt":"2026-03-30T13:35:37","guid":{"rendered":"https:\/\/urban-clothingstore.com\/?post_type=product&#038;p=16221"},"modified":"2026-03-30T13:35:37","modified_gmt":"2026-03-30T13:35:37","slug":"kostum-elegant-3-pjesesh-premium-total-black-black-white","status":"publish","type":"product","link":"https:\/\/urban-clothingstore.com\/en\/product\/kostum-elegant-3-pjesesh-premium-total-black-black-white\/","title":{"rendered":"Kostum Elegant 3-Pjes\u00ebsh Premium \u2013 Total Black &#038; Black\/White"},"content":{"rendered":"<p data-start=\"75\" data-end=\"312\">Kostum elegant 3-pjes\u00ebsh i dizajnuar p\u00ebr meshkuj q\u00eb k\u00ebrkojn\u00eb stil, klas dhe prezenc\u00eb t\u00eb fort\u00eb. P\u00ebrb\u00ebhet nga xhaketa, jeleku dhe pantallonat, duke krijuar nj\u00eb look t\u00eb plot\u00eb dhe t\u00eb rafinuar p\u00ebr \u00e7do event formal apo biznesi.<\/p>\n<p data-start=\"314\" data-end=\"464\">Versioni \u201ctotal black\u201d ofron nj\u00eb pamje moderne dhe misterioze, nd\u00ebrsa kombinimi me k\u00ebmish\u00eb t\u00eb bardh\u00eb sjell kontrast klasik dhe eleganc\u00eb t\u00eb p\u00ebrjetshme.<\/p>\n<p data-start=\"466\" data-end=\"596\">I punuar me material cil\u00ebsor dhe prerje slim fit q\u00eb thekson linjat trupore, ky kostum garanton rehati dhe stil gjat\u00eb gjith\u00eb dit\u00ebs.<\/p>\n<p data-start=\"598\" data-end=\"821\">\u2714 Set 3-pjes\u00ebsh: xhaket\u00eb, jelek dhe pantallona<br data-start=\"644\" data-end=\"647\" \/>\u2714 Prerje slim fit p\u00ebr pamje elegante<br data-start=\"683\" data-end=\"686\" \/>\u2714 Material cil\u00ebsor dhe komod<br data-start=\"714\" data-end=\"717\" \/>\u2714 Ideale p\u00ebr evente, dasma, biznes dhe mbr\u00ebmje speciale<br data-start=\"772\" data-end=\"775\" data-is-only-node=\"\" \/>\u2714 Dy stile: total black &amp; black\/white klasik<\/p>","protected":false},"excerpt":{"rendered":"<p>Kostum elegant 3-pjes\u00ebsh i dizajnuar p\u00ebr meshkuj q\u00eb k\u00ebrkojn\u00eb stil, klas dhe prezenc\u00eb t\u00eb fort\u00eb. P\u00ebrb\u00ebhet nga xhaketa, jeleku dhe pantallonat, duke krijuar nj\u00eb look t\u00eb plot\u00eb dhe t\u00eb rafinuar p\u00ebr \u00e7do event formal apo biznesi. Versioni \u201ctotal black\u201d ofron nj\u00eb pamje moderne dhe misterioze, nd\u00ebrsa kombinimi me k\u00ebmish\u00eb t\u00eb bardh\u00eb sjell kontrast klasik dhe [&hellip;]<\/p>","protected":false},"featured_media":16230,"comment_status":"open","ping_status":"closed","template":"","meta":[],"product_brand":[],"product_cat":[108],"product_tag":[785,780,794],"class_list":{"0":"post-16221","1":"product","2":"type-product","3":"status-publish","4":"has-post-thumbnail","6":"product_cat-suit","7":"product_tag-eleganc-e-paster","8":"product_tag-kostum-elegant","9":"product_tag-total-black-black-white","11":"first","12":"instock","13":"taxable","14":"shipping-taxable","15":"purchasable","16":"product-type-variable"},"jetpack_sharing_enabled":true,"_links":{"self":[{"href":"https:\/\/urban-clothingstore.com\/en\/wp-json\/wp\/v2\/product\/16221","targetHints":{"allow":["GET"]}}],"collection":[{"href":"https:\/\/urban-clothingstore.com\/en\/wp-json\/wp\/v2\/product"}],"about":[{"href":"https:\/\/urban-clothingstore.com\/en\/wp-json\/wp\/v2\/types\/product"}],"replies":[{"embeddable":true,"href":"https:\/\/urban-clothingstore.com\/en\/wp-json\/wp\/v2\/comments?post=16221"}],"wp:featuredmedia":[{"embeddable":true,"href":"https:\/\/urban-clothingstore.com\/en\/wp-json\/wp\/v2\/media\/16230"}],"wp:attachment":[{"href":"https:\/\/urban-clothingstore.com\/en\/wp-json\/wp\/v2\/media?parent=16221"}],"wp:term":[{"taxonomy":"product_brand","embeddable":true,"href":"https:\/\/urban-clothingstore.com\/en\/wp-json\/wp\/v2\/product_brand?post=16221"},{"taxonomy":"product_cat","embeddable":true,"href":"https:\/\/urban-clothingstore.com\/en\/wp-json\/wp\/v2\/product_cat?post=16221"},{"taxonomy":"product_tag","embeddable":true,"href":"https:\/\/urban-clothingstore.com\/en\/wp-json\/wp\/v2\/product_tag?post=16221"}],"curies":[{"name":"wp","href":"https:\/\/api.w.org\/{rel}","templated":true}]}}