{"id":16277,"date":"2026-03-30T16:47:25","date_gmt":"2026-03-30T16:47:25","guid":{"rendered":"https:\/\/urban-clothingstore.com\/?post_type=product&#038;p=16277"},"modified":"2026-03-30T16:47:26","modified_gmt":"2026-03-30T16:47:26","slug":"bluze-oversize-day-and-night-graphic-streetwear","status":"publish","type":"product","link":"https:\/\/urban-clothingstore.com\/en\/product\/bluze-oversize-day-and-night-graphic-streetwear\/","title":{"rendered":"Bluz\u00eb Oversize \u201cDay and Night\u201d \u2013 Graphic Streetwear"},"content":{"rendered":"<p data-start=\"66\" data-end=\"311\">Bluz\u00eb oversize me print grafik \u201cDay and Night \u2013 On My Mind\u201d, e krijuar p\u00ebr ata q\u00eb duan t\u00eb shprehin stilin dhe personalitetin p\u00ebrmes veshjes. Dizajni me ilustrim bardh\u00eb e zi i jep nj\u00eb vibe urban dhe modern, perfekt p\u00ebr streetwear.<\/p>\n<p data-start=\"313\" data-end=\"475\">E punuar nga material i but\u00eb dhe cil\u00ebsor, kjo bluz\u00eb garanton rehati maksimale gjat\u00eb gjith\u00eb dit\u00ebs. Prerja oversize e b\u00ebn ideale p\u00ebr nj\u00eb look t\u00eb lirsh\u00ebm dhe trendi.<\/p>\n<p data-start=\"477\" data-end=\"532\">Disponohet n\u00eb dy variante klasike: e zez\u00eb dhe e bardh\u00eb.<\/p>\n<p data-start=\"534\" data-end=\"728\">\u2714 Print grafik unik dhe modern<br data-start=\"564\" data-end=\"567\" \/>\u2714 Prerje oversize p\u00ebr stil streetwear<br data-start=\"604\" data-end=\"607\" \/>\u2714 Material i rehatsh\u00ebm dhe cil\u00ebsor<br data-start=\"641\" data-end=\"644\" \/>\u2714 Ngjyra bazike p\u00ebr kombinim t\u00eb leht\u00eb<br data-start=\"681\" data-end=\"684\" data-is-only-node=\"\" \/>\u2714 Ideale p\u00ebr p\u00ebrditshm\u00ebri dhe outfit urban<\/p>\n<p data-start=\"730\" data-end=\"789\" data-is-last-node=\"\" data-is-only-node=\"\">Shpreh stilin t\u00ebnd me nj\u00eb look q\u00eb nuk kalon pa u v\u00ebn\u00eb re \ud83d\udd25<\/p>","protected":false},"excerpt":{"rendered":"<p>Bluz\u00eb oversize me print grafik \u201cDay and Night \u2013 On My Mind\u201d, e krijuar p\u00ebr ata q\u00eb duan t\u00eb shprehin stilin dhe personalitetin p\u00ebrmes veshjes. Dizajni me ilustrim bardh\u00eb e zi i jep nj\u00eb vibe urban dhe modern, perfekt p\u00ebr streetwear. E punuar nga material i but\u00eb dhe cil\u00ebsor, kjo bluz\u00eb garanton rehati maksimale gjat\u00eb [&hellip;]<\/p>","protected":false},"featured_media":16279,"comment_status":"open","ping_status":"closed","template":"","meta":[],"product_brand":[],"product_cat":[703],"product_tag":[313,33,668,796],"class_list":{"0":"post-16277","1":"product","2":"type-product","3":"status-publish","4":"has-post-thumbnail","6":"product_cat-oversized-t-shirt","7":"product_tag-maice","8":"product_tag-oversize","9":"product_tag-per-meshkuj","10":"product_tag-street-style","12":"first","13":"instock","14":"sale","15":"taxable","16":"shipping-taxable","17":"purchasable","18":"product-type-variable"},"jetpack_sharing_enabled":true,"_links":{"self":[{"href":"https:\/\/urban-clothingstore.com\/en\/wp-json\/wp\/v2\/product\/16277","targetHints":{"allow":["GET"]}}],"collection":[{"href":"https:\/\/urban-clothingstore.com\/en\/wp-json\/wp\/v2\/product"}],"about":[{"href":"https:\/\/urban-clothingstore.com\/en\/wp-json\/wp\/v2\/types\/product"}],"replies":[{"embeddable":true,"href":"https:\/\/urban-clothingstore.com\/en\/wp-json\/wp\/v2\/comments?post=16277"}],"wp:featuredmedia":[{"embeddable":true,"href":"https:\/\/urban-clothingstore.com\/en\/wp-json\/wp\/v2\/media\/16279"}],"wp:attachment":[{"href":"https:\/\/urban-clothingstore.com\/en\/wp-json\/wp\/v2\/media?parent=16277"}],"wp:term":[{"taxonomy":"product_brand","embeddable":true,"href":"https:\/\/urban-clothingstore.com\/en\/wp-json\/wp\/v2\/product_brand?post=16277"},{"taxonomy":"product_cat","embeddable":true,"href":"https:\/\/urban-clothingstore.com\/en\/wp-json\/wp\/v2\/product_cat?post=16277"},{"taxonomy":"product_tag","embeddable":true,"href":"https:\/\/urban-clothingstore.com\/en\/wp-json\/wp\/v2\/product_tag?post=16277"}],"curies":[{"name":"wp","href":"https:\/\/api.w.org\/{rel}","templated":true}]}}