{"id":16288,"date":"2026-03-30T16:54:55","date_gmt":"2026-03-30T16:54:55","guid":{"rendered":"https:\/\/urban-clothingstore.com\/?post_type=product&#038;p=16288"},"modified":"2026-03-30T16:54:55","modified_gmt":"2026-03-30T16:54:55","slug":"bluze-oversize-unaffected-graphic-urban-style","status":"publish","type":"product","link":"https:\/\/urban-clothingstore.com\/en\/product\/bluze-oversize-unaffected-graphic-urban-style\/","title":{"rendered":"Bluz\u00eb Oversize \u201cUnaffected\u201d \u2013 Graphic Urban Style"},"content":{"rendered":"<p data-start=\"64\" data-end=\"295\">Bluz\u00eb oversize me dizajn grafik \u201cUnaffected\u201d, e krijuar p\u00ebr nj\u00eb stil t\u00eb fort\u00eb dhe t\u00eb pavarur. Printi me elemente street dhe vibe urban i jep nj\u00eb karakter unik, perfekt p\u00ebr ata q\u00eb duan t\u00eb dallohen pa shum\u00eb p\u00ebrpjekje.<\/p>\n<p data-start=\"297\" data-end=\"508\">E prodhuar nga material cil\u00ebsor dhe i rehatsh\u00ebm, kjo bluz\u00eb ofron ndjesi t\u00eb but\u00eb dhe komoditet gjat\u00eb gjith\u00eb dit\u00ebs. Prerja oversize krijon nj\u00eb look modern dhe t\u00eb lirsh\u00ebm, ideal p\u00ebr kombinime casual dhe streetwear.<\/p>\n<p data-start=\"510\" data-end=\"563\">Disponohet n\u00eb dy ngjyra klasike: e bardh\u00eb dhe e zez\u00eb.<\/p>\n<p data-start=\"565\" data-end=\"759\">\u2714 Print grafik \u201cUnaffected\u201d me stil urban<br data-start=\"606\" data-end=\"609\" \/>\u2714 Prerje oversize p\u00ebr pamje moderne<br data-start=\"644\" data-end=\"647\" \/>\u2714 Material i but\u00eb dhe komod<br data-start=\"674\" data-end=\"677\" \/>\u2714 Ngjyra bazike p\u00ebr kombinim t\u00eb leht\u00eb<br data-start=\"714\" data-end=\"717\" data-is-only-node=\"\" \/>\u2714 Ideale p\u00ebr p\u00ebrditshm\u00ebri dhe streetwear<\/p>\n<p data-start=\"761\" data-end=\"803\" data-is-last-node=\"\" data-is-only-node=\"\">Q\u00ebndro \u201cunaffected\u201d \u2013 stil q\u00eb flet vet\u00eb \ud83d\udd25<\/p>","protected":false},"excerpt":{"rendered":"<p>Bluz\u00eb oversize me dizajn grafik \u201cUnaffected\u201d, e krijuar p\u00ebr nj\u00eb stil t\u00eb fort\u00eb dhe t\u00eb pavarur. Printi me elemente street dhe vibe urban i jep nj\u00eb karakter unik, perfekt p\u00ebr ata q\u00eb duan t\u00eb dallohen pa shum\u00eb p\u00ebrpjekje. E prodhuar nga material cil\u00ebsor dhe i rehatsh\u00ebm, kjo bluz\u00eb ofron ndjesi t\u00eb but\u00eb dhe komoditet gjat\u00eb [&hellip;]<\/p>","protected":false},"featured_media":16289,"comment_status":"open","ping_status":"closed","template":"","meta":[],"product_brand":[],"product_cat":[703],"product_tag":[313,33,668,796],"class_list":{"0":"post-16288","1":"product","2":"type-product","3":"status-publish","4":"has-post-thumbnail","6":"product_cat-oversized-t-shirt","7":"product_tag-maice","8":"product_tag-oversize","9":"product_tag-per-meshkuj","10":"product_tag-street-style","12":"first","13":"instock","14":"taxable","15":"shipping-taxable","16":"purchasable","17":"product-type-variable"},"jetpack_sharing_enabled":true,"_links":{"self":[{"href":"https:\/\/urban-clothingstore.com\/en\/wp-json\/wp\/v2\/product\/16288","targetHints":{"allow":["GET"]}}],"collection":[{"href":"https:\/\/urban-clothingstore.com\/en\/wp-json\/wp\/v2\/product"}],"about":[{"href":"https:\/\/urban-clothingstore.com\/en\/wp-json\/wp\/v2\/types\/product"}],"replies":[{"embeddable":true,"href":"https:\/\/urban-clothingstore.com\/en\/wp-json\/wp\/v2\/comments?post=16288"}],"wp:featuredmedia":[{"embeddable":true,"href":"https:\/\/urban-clothingstore.com\/en\/wp-json\/wp\/v2\/media\/16289"}],"wp:attachment":[{"href":"https:\/\/urban-clothingstore.com\/en\/wp-json\/wp\/v2\/media?parent=16288"}],"wp:term":[{"taxonomy":"product_brand","embeddable":true,"href":"https:\/\/urban-clothingstore.com\/en\/wp-json\/wp\/v2\/product_brand?post=16288"},{"taxonomy":"product_cat","embeddable":true,"href":"https:\/\/urban-clothingstore.com\/en\/wp-json\/wp\/v2\/product_cat?post=16288"},{"taxonomy":"product_tag","embeddable":true,"href":"https:\/\/urban-clothingstore.com\/en\/wp-json\/wp\/v2\/product_tag?post=16288"}],"curies":[{"name":"wp","href":"https:\/\/api.w.org\/{rel}","templated":true}]}}