{"id":16315,"date":"2026-03-30T17:45:55","date_gmt":"2026-03-30T17:45:55","guid":{"rendered":"https:\/\/urban-clothingstore.com\/?post_type=product&#038;p=16315"},"modified":"2026-03-31T07:47:46","modified_gmt":"2026-03-31T07:47:46","slug":"bluze-oversize-hell-no-street-minimal-vibe","status":"publish","type":"product","link":"https:\/\/urban-clothingstore.com\/en\/product\/bluze-oversize-hell-no-street-minimal-vibe\/","title":{"rendered":"Bluz\u00eb Oversize \u201cHell No\u201d \u2013 Street Minimal Vibe"},"content":{"rendered":"<div class=\"flex flex-col text-sm pb-25\">\n<section class=\"text-token-text-primary w-full focus:outline-none [--shadow-height:45px] has-data-writing-block:pointer-events-none has-data-writing-block:-mt-(--shadow-height) has-data-writing-block:pt-(--shadow-height) [&amp;:has([data-writing-block])&gt;*]:pointer-events-auto scroll-mt-[calc(var(--header-height)+min(200px,max(70px,20svh)))]\" dir=\"auto\" data-turn-id=\"request-WEB:b3b1ece2-37b6-4b6c-a26b-8937e3ea7fab-8\" data-testid=\"conversation-turn-18\" data-scroll-anchor=\"true\" data-turn=\"assistant\">\n<div class=\"text-base my-auto mx-auto pb-10 [--thread-content-margin:var(--thread-content-margin-xs,calc(var(--spacing)*4))] @w-sm\/main:[--thread-content-margin:var(--thread-content-margin-sm,calc(var(--spacing)*6))] @w-lg\/main:[--thread-content-margin:var(--thread-content-margin-lg,calc(var(--spacing)*16))] px-(--thread-content-margin)\">\n<div class=\"[--thread-content-max-width:40rem] @w-lg\/main:[--thread-content-max-width:48rem] mx-auto max-w-(--thread-content-max-width) flex-1 group\/turn-messages focus-visible:outline-hidden relative flex w-full min-w-0 flex-col agent-turn\">\n<div class=\"flex max-w-full flex-col gap-4 grow\">\n<div class=\"min-h-8 text-message relative flex w-full flex-col items-end gap-2 text-start break-words whitespace-normal outline-none keyboard-focused:focus-ring [.text-message+&amp;]:mt-1\" dir=\"auto\" tabindex=\"0\" data-message-author-role=\"assistant\" data-message-id=\"663bb27e-b290-4edb-a645-44a9f626a5a2\" data-message-model-slug=\"gpt-5-3\" data-turn-start-message=\"true\">\n<div class=\"flex w-full flex-col gap-1 empty:hidden\">\n<div class=\"markdown prose dark:prose-invert w-full wrap-break-word dark markdown-new-styling\">\n<p data-start=\"61\" data-end=\"311\">Bluz\u00eb oversize me dizajn minimalist dhe statement \u201cHell No\u201d, e krijuar p\u00ebr nj\u00eb stil t\u00eb guximsh\u00ebm dhe pa kompromis. Detaji me shkrim n\u00eb efekt \u201cflame\u201d i jep nj\u00eb prekje unike dhe edgy, nd\u00ebrsa vijat grafike posht\u00eb shtojn\u00eb karakter modern.<\/p>\n<p data-start=\"313\" data-end=\"511\">E punuar nga material i but\u00eb dhe cil\u00ebsor, kjo bluz\u00eb ofron rehati maksimale dhe \u00ebsht\u00eb ideale p\u00ebr p\u00ebrdorim t\u00eb p\u00ebrditsh\u00ebm. Prerja oversize krijon nj\u00eb look t\u00eb lirsh\u00ebm dhe trendi, perfekt p\u00ebr streetwear.<\/p>\n<p data-start=\"513\" data-end=\"565\">Disponohet n\u00eb dy ngjyra bazike: e bardh\u00eb dhe e zez\u00eb.<\/p>\n<p data-start=\"567\" data-end=\"756\">\u2714 Print \u201cHell No\u201d me stil unik<br data-start=\"597\" data-end=\"600\" \/>\u2714 Prerje oversize p\u00ebr look modern<br data-start=\"633\" data-end=\"636\" \/>\u2714 Material i rehatsh\u00ebm dhe cil\u00ebsor<br data-start=\"670\" data-end=\"673\" \/>\u2714 Dizajn minimalist me detaje grafike<br data-start=\"710\" data-end=\"713\" data-is-only-node=\"\" \/>\u2714 Ideale p\u00ebr streetwear dhe outfit casual<\/p>\n<p data-start=\"758\" data-end=\"795\" data-is-last-node=\"\" data-is-only-node=\"\">Q\u00ebndrim i fort\u00eb, stil q\u00eb flet vet\u00eb \ud83d\udd25<\/p>\n<\/div>\n<\/div>\n<\/div>\n<\/div>\n<\/div>\n<\/div>\n<\/section>\n<\/div>","protected":false},"excerpt":{"rendered":"<p>Bluz\u00eb oversize me dizajn minimalist dhe statement \u201cHell No\u201d, e krijuar p\u00ebr nj\u00eb stil t\u00eb guximsh\u00ebm dhe pa kompromis. Detaji me shkrim n\u00eb efekt \u201cflame\u201d i jep nj\u00eb prekje unike dhe edgy, nd\u00ebrsa vijat grafike posht\u00eb shtojn\u00eb karakter modern. E punuar nga material i but\u00eb dhe cil\u00ebsor, kjo bluz\u00eb ofron rehati maksimale dhe \u00ebsht\u00eb ideale [&hellip;]<\/p>","protected":false},"featured_media":16316,"comment_status":"open","ping_status":"closed","template":"","meta":[],"product_brand":[],"product_cat":[703],"product_tag":[801,799,802,803,800],"class_list":{"0":"post-16315","1":"product","2":"type-product","3":"status-publish","4":"has-post-thumbnail","6":"product_cat-oversized-t-shirt","7":"product_tag--material-i-rehatshem-dhe-cilesor","8":"product_tag-bluze-oversize-hell-no","9":"product_tag-qendrim-i-forte","10":"product_tag-stil-qe-flet-vete-","11":"product_tag-street-minimal-vibe","13":"first","14":"instock","15":"sale","16":"taxable","17":"shipping-taxable","18":"purchasable","19":"product-type-variable"},"jetpack_sharing_enabled":true,"_links":{"self":[{"href":"https:\/\/urban-clothingstore.com\/en\/wp-json\/wp\/v2\/product\/16315","targetHints":{"allow":["GET"]}}],"collection":[{"href":"https:\/\/urban-clothingstore.com\/en\/wp-json\/wp\/v2\/product"}],"about":[{"href":"https:\/\/urban-clothingstore.com\/en\/wp-json\/wp\/v2\/types\/product"}],"replies":[{"embeddable":true,"href":"https:\/\/urban-clothingstore.com\/en\/wp-json\/wp\/v2\/comments?post=16315"}],"wp:featuredmedia":[{"embeddable":true,"href":"https:\/\/urban-clothingstore.com\/en\/wp-json\/wp\/v2\/media\/16316"}],"wp:attachment":[{"href":"https:\/\/urban-clothingstore.com\/en\/wp-json\/wp\/v2\/media?parent=16315"}],"wp:term":[{"taxonomy":"product_brand","embeddable":true,"href":"https:\/\/urban-clothingstore.com\/en\/wp-json\/wp\/v2\/product_brand?post=16315"},{"taxonomy":"product_cat","embeddable":true,"href":"https:\/\/urban-clothingstore.com\/en\/wp-json\/wp\/v2\/product_cat?post=16315"},{"taxonomy":"product_tag","embeddable":true,"href":"https:\/\/urban-clothingstore.com\/en\/wp-json\/wp\/v2\/product_tag?post=16315"}],"curies":[{"name":"wp","href":"https:\/\/api.w.org\/{rel}","templated":true}]}}