{"id":16328,"date":"2026-03-30T17:52:24","date_gmt":"2026-03-30T17:52:24","guid":{"rendered":"https:\/\/urban-clothingstore.com\/?post_type=product&#038;p=16328"},"modified":"2026-03-31T07:47:16","modified_gmt":"2026-03-31T07:47:16","slug":"bluze-oversize-lion-power-graphic-streetwear","status":"publish","type":"product","link":"https:\/\/urban-clothingstore.com\/en\/product\/bluze-oversize-lion-power-graphic-streetwear\/","title":{"rendered":"Bluz\u00eb Oversize \u201cLion Power\u201d \u2013 Graphic Streetwear"},"content":{"rendered":"<div class=\"flex flex-col text-sm pb-25\">\n<section class=\"text-token-text-primary w-full focus:outline-none [--shadow-height:45px] has-data-writing-block:pointer-events-none has-data-writing-block:-mt-(--shadow-height) has-data-writing-block:pt-(--shadow-height) [&amp;:has([data-writing-block])&gt;*]:pointer-events-auto scroll-mt-[calc(var(--header-height)+min(200px,max(70px,20svh)))]\" dir=\"auto\" data-turn-id=\"request-WEB:b3b1ece2-37b6-4b6c-a26b-8937e3ea7fab-9\" data-testid=\"conversation-turn-20\" data-scroll-anchor=\"true\" data-turn=\"assistant\">\n<div class=\"text-base my-auto mx-auto pb-10 [--thread-content-margin:var(--thread-content-margin-xs,calc(var(--spacing)*4))] @w-sm\/main:[--thread-content-margin:var(--thread-content-margin-sm,calc(var(--spacing)*6))] @w-lg\/main:[--thread-content-margin:var(--thread-content-margin-lg,calc(var(--spacing)*16))] px-(--thread-content-margin)\">\n<div class=\"[--thread-content-max-width:40rem] @w-lg\/main:[--thread-content-max-width:48rem] mx-auto max-w-(--thread-content-max-width) flex-1 group\/turn-messages focus-visible:outline-hidden relative flex w-full min-w-0 flex-col agent-turn\">\n<div class=\"flex max-w-full flex-col gap-4 grow\">\n<div class=\"min-h-8 text-message relative flex w-full flex-col items-end gap-2 text-start break-words whitespace-normal outline-none keyboard-focused:focus-ring [.text-message+&amp;]:mt-1\" dir=\"auto\" tabindex=\"0\" data-message-author-role=\"assistant\" data-message-id=\"a338759a-6d7e-48c1-903b-cb0d434ece57\" data-message-model-slug=\"gpt-5-3\" data-turn-start-message=\"true\">\n<div class=\"flex w-full flex-col gap-1 empty:hidden\">\n<div class=\"markdown prose dark:prose-invert w-full wrap-break-word dark markdown-new-styling\">\n<p data-start=\"63\" data-end=\"302\">Bluz\u00eb oversize me dizajn t\u00eb fuqish\u00ebm grafik me luan\u00eb, q\u00eb simbolizon forc\u00eb, dominim dhe karakter. Printi i detajuar n\u00eb pjes\u00ebn e sip\u00ebrme krijon nj\u00eb efekt vizual t\u00eb fort\u00eb dhe unik, perfekt p\u00ebr nj\u00eb stil streetwear q\u00eb bie n\u00eb sy.<\/p>\n<p data-start=\"304\" data-end=\"503\">E prodhuar nga material cil\u00ebsor dhe i rehatsh\u00ebm, kjo bluz\u00eb ofron komoditet maksimal gjat\u00eb gjith\u00eb dit\u00ebs. Prerja oversize i jep nj\u00eb pamje moderne dhe t\u00eb lirshme, ideale p\u00ebr kombinime casual dhe urbane.<\/p>\n<p data-start=\"505\" data-end=\"558\">Disponohet n\u00eb dy ngjyra klasike: e zez\u00eb dhe e bardh\u00eb.<\/p>\n<p data-start=\"560\" data-end=\"751\">\u2714 Dizajn grafik me luan\u00eb \u2013 simbol i fuqis\u00eb<br data-start=\"602\" data-end=\"605\" \/>\u2714 Prerje oversize p\u00ebr stil modern<br data-start=\"638\" data-end=\"641\" \/>\u2714 Material i but\u00eb dhe komod<br data-start=\"668\" data-end=\"671\" \/>\u2714 Print i detajuar dhe unik<br data-start=\"698\" data-end=\"701\" data-is-only-node=\"\" \/>\u2714 Ideale p\u00ebr streetwear dhe outfit t\u00eb p\u00ebrditsh\u00ebm<\/p>\n<p data-start=\"753\" data-end=\"788\" data-is-last-node=\"\" data-is-only-node=\"\">Trego forc\u00ebn t\u00ebnde p\u00ebrmes stilit \ud83d\udd25<\/p>\n<\/div>\n<\/div>\n<\/div>\n<\/div>\n<\/div>\n<\/div>\n<\/section>\n<\/div>","protected":false},"excerpt":{"rendered":"<p>Bluz\u00eb oversize me dizajn t\u00eb fuqish\u00ebm grafik me luan\u00eb, q\u00eb simbolizon forc\u00eb, dominim dhe karakter. Printi i detajuar n\u00eb pjes\u00ebn e sip\u00ebrme krijon nj\u00eb efekt vizual t\u00eb fort\u00eb dhe unik, perfekt p\u00ebr nj\u00eb stil streetwear q\u00eb bie n\u00eb sy. E prodhuar nga material cil\u00ebsor dhe i rehatsh\u00ebm, kjo bluz\u00eb ofron komoditet maksimal gjat\u00eb gjith\u00eb dit\u00ebs. [&hellip;]<\/p>","protected":false},"featured_media":16329,"comment_status":"open","ping_status":"closed","template":"","meta":[],"product_brand":[],"product_cat":[703],"product_tag":[807,806,804,805],"class_list":{"0":"post-16328","1":"product","2":"type-product","3":"status-publish","4":"has-post-thumbnail","6":"product_cat-oversized-t-shirt","7":"product_tag--ideale-per-streetwear-dhe-outfit-te-perditshem","8":"product_tag--material-i-bute-dhe-komod","9":"product_tag-bluze-oversize-lion-power","10":"product_tag-graphic-streetwear","12":"first","13":"instock","14":"sale","15":"taxable","16":"shipping-taxable","17":"purchasable","18":"product-type-variable"},"jetpack_sharing_enabled":true,"_links":{"self":[{"href":"https:\/\/urban-clothingstore.com\/en\/wp-json\/wp\/v2\/product\/16328","targetHints":{"allow":["GET"]}}],"collection":[{"href":"https:\/\/urban-clothingstore.com\/en\/wp-json\/wp\/v2\/product"}],"about":[{"href":"https:\/\/urban-clothingstore.com\/en\/wp-json\/wp\/v2\/types\/product"}],"replies":[{"embeddable":true,"href":"https:\/\/urban-clothingstore.com\/en\/wp-json\/wp\/v2\/comments?post=16328"}],"wp:featuredmedia":[{"embeddable":true,"href":"https:\/\/urban-clothingstore.com\/en\/wp-json\/wp\/v2\/media\/16329"}],"wp:attachment":[{"href":"https:\/\/urban-clothingstore.com\/en\/wp-json\/wp\/v2\/media?parent=16328"}],"wp:term":[{"taxonomy":"product_brand","embeddable":true,"href":"https:\/\/urban-clothingstore.com\/en\/wp-json\/wp\/v2\/product_brand?post=16328"},{"taxonomy":"product_cat","embeddable":true,"href":"https:\/\/urban-clothingstore.com\/en\/wp-json\/wp\/v2\/product_cat?post=16328"},{"taxonomy":"product_tag","embeddable":true,"href":"https:\/\/urban-clothingstore.com\/en\/wp-json\/wp\/v2\/product_tag?post=16328"}],"curies":[{"name":"wp","href":"https:\/\/api.w.org\/{rel}","templated":true}]}}