{"id":16341,"date":"2026-03-30T17:58:51","date_gmt":"2026-03-30T17:58:51","guid":{"rendered":"https:\/\/urban-clothingstore.com\/?post_type=product&#038;p=16341"},"modified":"2026-03-31T07:46:28","modified_gmt":"2026-03-31T07:46:28","slug":"bluze-oversize-walking-the-streets-minimal-luxury-streetwear","status":"publish","type":"product","link":"https:\/\/urban-clothingstore.com\/en\/product\/bluze-oversize-walking-the-streets-minimal-luxury-streetwear\/","title":{"rendered":"Bluz\u00eb Oversize \u201cWalking The Streets\u201d \u2013 Minimal Luxury Streetwear"},"content":{"rendered":"<div class=\"relative basis-auto flex-col -mb-(--composer-overlap-px) pb-(--composer-overlap-px) [--composer-overlap-px:28px] grow flex\">\n<div class=\"flex flex-col text-sm pb-25\">\n<section class=\"text-token-text-primary w-full focus:outline-none [--shadow-height:45px] has-data-writing-block:pointer-events-none has-data-writing-block:-mt-(--shadow-height) has-data-writing-block:pt-(--shadow-height) [&amp;:has([data-writing-block])&gt;*]:pointer-events-auto scroll-mt-[calc(var(--header-height)+min(200px,max(70px,20svh)))]\" dir=\"auto\" data-turn-id=\"request-WEB:b3b1ece2-37b6-4b6c-a26b-8937e3ea7fab-10\" data-testid=\"conversation-turn-22\" data-scroll-anchor=\"true\" data-turn=\"assistant\">\n<div class=\"text-base my-auto mx-auto pb-10 [--thread-content-margin:var(--thread-content-margin-xs,calc(var(--spacing)*4))] @w-sm\/main:[--thread-content-margin:var(--thread-content-margin-sm,calc(var(--spacing)*6))] @w-lg\/main:[--thread-content-margin:var(--thread-content-margin-lg,calc(var(--spacing)*16))] px-(--thread-content-margin)\">\n<div class=\"[--thread-content-max-width:40rem] @w-lg\/main:[--thread-content-max-width:48rem] mx-auto max-w-(--thread-content-max-width) flex-1 group\/turn-messages focus-visible:outline-hidden relative flex w-full min-w-0 flex-col agent-turn\">\n<div class=\"flex max-w-full flex-col gap-4 grow\">\n<div class=\"min-h-8 text-message relative flex w-full flex-col items-end gap-2 text-start break-words whitespace-normal outline-none keyboard-focused:focus-ring [.text-message+&amp;]:mt-1\" dir=\"auto\" tabindex=\"0\" data-message-author-role=\"assistant\" data-message-id=\"c615f1ae-e21e-4e02-a5bc-62847ab2e53b\" data-message-model-slug=\"gpt-5-3\" data-turn-start-message=\"true\">\n<div class=\"flex w-full flex-col gap-1 empty:hidden\">\n<div class=\"markdown prose dark:prose-invert w-full wrap-break-word dark markdown-new-styling\">\n<p data-start=\"79\" data-end=\"350\">Bluz\u00eb oversize me dizajn elegant dhe minimalist \u201cWalking The Streets\u201d, e kombinuar me tekstur\u00eb t\u00eb leht\u00eb dekorative q\u00eb i jep nj\u00eb pamje premium dhe t\u00eb rafinuar. Detaji me numrin n\u00eb m\u00ebng\u00eb shton nj\u00eb element sportiv-modern, duke e b\u00ebr\u00eb perfekte p\u00ebr stil urban.<\/p>\n<p data-start=\"352\" data-end=\"523\">E prodhuar nga material cil\u00ebsor dhe i but\u00eb, kjo bluz\u00eb ofron rehati maksimale dhe nj\u00eb ndjesi luksi n\u00eb \u00e7do veshje. Prerja oversize krijon nj\u00eb siluet\u00eb moderne dhe t\u00eb lirshme.<\/p>\n<p data-start=\"525\" data-end=\"744\">\u2714 Dizajn minimalist me tekstur\u00eb premium<br data-start=\"564\" data-end=\"567\" \/>\u2714 Shkrim elegant \u201cWalking The Streets\u201d<br data-start=\"605\" data-end=\"608\" \/>\u2714 Detaj numerik n\u00eb m\u00ebng\u00eb p\u00ebr stil modern<br data-start=\"648\" data-end=\"651\" \/>\u2714 Prerje oversize p\u00ebr rehati dhe trend<br data-start=\"689\" data-end=\"692\" \/>\u2714 Ideale p\u00ebr streetwear dhe kombinime smart-casual<\/p>\n<p data-start=\"746\" data-end=\"775\" data-is-last-node=\"\" data-is-only-node=\"\">Minimal, clean dhe me klas \ud83d\udd25<\/p>\n<\/div>\n<\/div>\n<\/div>\n<\/div>\n<\/div>\n<\/div>\n<\/section>\n<\/div>\n<\/div>","protected":false},"excerpt":{"rendered":"<p>Bluz\u00eb oversize me dizajn elegant dhe minimalist \u201cWalking The Streets\u201d, e kombinuar me tekstur\u00eb t\u00eb leht\u00eb dekorative q\u00eb i jep nj\u00eb pamje premium dhe t\u00eb rafinuar. Detaji me numrin n\u00eb m\u00ebng\u00eb shton nj\u00eb element sportiv-modern, duke e b\u00ebr\u00eb perfekte p\u00ebr stil urban. E prodhuar nga material cil\u00ebsor dhe i but\u00eb, kjo bluz\u00eb ofron rehati maksimale [&hellip;]<\/p>","protected":false},"featured_media":16342,"comment_status":"open","ping_status":"closed","template":"","meta":[],"product_brand":[],"product_cat":[703],"product_tag":[808,810,809],"class_list":{"0":"post-16341","1":"product","2":"type-product","3":"status-publish","4":"has-post-thumbnail","6":"product_cat-oversized-t-shirt","7":"product_tag-clean-dhe-me-klas-","8":"product_tag-minimal-luxury-streetwear","9":"product_tag-uze-oversize-walking-the-streets","11":"first","12":"instock","13":"sale","14":"taxable","15":"shipping-taxable","16":"purchasable","17":"product-type-variable"},"jetpack_sharing_enabled":true,"_links":{"self":[{"href":"https:\/\/urban-clothingstore.com\/en\/wp-json\/wp\/v2\/product\/16341","targetHints":{"allow":["GET"]}}],"collection":[{"href":"https:\/\/urban-clothingstore.com\/en\/wp-json\/wp\/v2\/product"}],"about":[{"href":"https:\/\/urban-clothingstore.com\/en\/wp-json\/wp\/v2\/types\/product"}],"replies":[{"embeddable":true,"href":"https:\/\/urban-clothingstore.com\/en\/wp-json\/wp\/v2\/comments?post=16341"}],"wp:featuredmedia":[{"embeddable":true,"href":"https:\/\/urban-clothingstore.com\/en\/wp-json\/wp\/v2\/media\/16342"}],"wp:attachment":[{"href":"https:\/\/urban-clothingstore.com\/en\/wp-json\/wp\/v2\/media?parent=16341"}],"wp:term":[{"taxonomy":"product_brand","embeddable":true,"href":"https:\/\/urban-clothingstore.com\/en\/wp-json\/wp\/v2\/product_brand?post=16341"},{"taxonomy":"product_cat","embeddable":true,"href":"https:\/\/urban-clothingstore.com\/en\/wp-json\/wp\/v2\/product_cat?post=16341"},{"taxonomy":"product_tag","embeddable":true,"href":"https:\/\/urban-clothingstore.com\/en\/wp-json\/wp\/v2\/product_tag?post=16341"}],"curies":[{"name":"wp","href":"https:\/\/api.w.org\/{rel}","templated":true}]}}