{"id":16457,"date":"2026-04-01T14:06:12","date_gmt":"2026-04-01T14:06:12","guid":{"rendered":"https:\/\/urban-clothingstore.com\/?post_type=product&#038;p=16457"},"modified":"2026-04-01T14:10:41","modified_gmt":"2026-04-01T14:10:41","slug":"xhinse-per-meshkuj-slim-fit-me-stil-urban","status":"publish","type":"product","link":"https:\/\/urban-clothingstore.com\/en\/product\/xhinse-per-meshkuj-slim-fit-me-stil-urban\/","title":{"rendered":"Xhinse p\u00ebr Meshkuj \u2013 Slim Fit me Stil Urban"},"content":{"rendered":"<div class=\"flex flex-col text-sm pb-25\">\n<section class=\"text-token-text-primary w-full focus:outline-none [--shadow-height:45px] has-data-writing-block:pointer-events-none has-data-writing-block:-mt-(--shadow-height) has-data-writing-block:pt-(--shadow-height) [&amp;:has([data-writing-block])&gt;*]:pointer-events-auto scroll-mt-[calc(var(--header-height)+min(200px,max(70px,20svh)))]\" dir=\"auto\" data-turn-id=\"request-WEB:e21bda38-a167-4b26-bbe1-3257ed6b975b-1\" data-testid=\"conversation-turn-4\" data-scroll-anchor=\"true\" data-turn=\"assistant\">\n<div class=\"text-base my-auto mx-auto pb-10 [--thread-content-margin:var(--thread-content-margin-xs,calc(var(--spacing)*4))] @w-sm\/main:[--thread-content-margin:var(--thread-content-margin-sm,calc(var(--spacing)*6))] @w-lg\/main:[--thread-content-margin:var(--thread-content-margin-lg,calc(var(--spacing)*16))] px-(--thread-content-margin)\">\n<div class=\"[--thread-content-max-width:40rem] @w-lg\/main:[--thread-content-max-width:48rem] mx-auto max-w-(--thread-content-max-width) flex-1 group\/turn-messages focus-visible:outline-hidden relative flex w-full min-w-0 flex-col agent-turn\">\n<div class=\"flex max-w-full flex-col gap-4 grow\">\n<div class=\"min-h-8 text-message relative flex w-full flex-col items-end gap-2 text-start break-words whitespace-normal outline-none keyboard-focused:focus-ring [.text-message+&amp;]:mt-1\" dir=\"auto\" tabindex=\"0\" data-message-author-role=\"assistant\" data-message-id=\"1675e8d8-c282-4341-86d2-6e4a1b2c4596\" data-message-model-slug=\"gpt-5-3\" data-turn-start-message=\"true\">\n<div class=\"flex w-full flex-col gap-1 empty:hidden\">\n<div class=\"markdown prose dark:prose-invert w-full wrap-break-word dark markdown-new-styling\">\n<p data-start=\"60\" data-end=\"284\">K\u00ebto xhinse moderne p\u00ebr meshkuj jan\u00eb zgjedhja perfekte p\u00ebr nj\u00eb pamje t\u00eb p\u00ebrditshme me stil. Me prerje slim fit, ato p\u00ebrshtaten bukur me trupin duke theksuar linjat dhe duke ofruar rehati gjat\u00eb gjith\u00eb dit\u00ebs.<\/p>\n<p data-start=\"286\" data-end=\"525\">Ngjyra gri e err\u00ebt me efekt t\u00eb leht\u00eb t\u00eb konsumuar dhe detaje diskrete i japin nj\u00eb pamje trendy dhe urbane. Materiali cil\u00ebsor dhe elastik siguron l\u00ebvizshm\u00ebri t\u00eb lir\u00eb dhe q\u00ebndrueshm\u00ebri t\u00eb lart\u00eb, duke i b\u00ebr\u00eb ideale p\u00ebr p\u00ebrdorim t\u00eb p\u00ebrditsh\u00ebm.<\/p>\n<p data-start=\"527\" data-end=\"678\">Leht\u00ebsisht t\u00eb kombinueshme me bluza, k\u00ebmisha apo xhaketa, k\u00ebto xhinse jan\u00eb t\u00eb p\u00ebrshtatshme si p\u00ebr dalje casual, ashtu edhe p\u00ebr evente m\u00eb t\u00eb relaksuara.<\/p>\n<p data-start=\"680\" data-end=\"709\"><strong data-start=\"680\" data-end=\"709\">Karakteristikat kryesore:<\/strong><\/p>\n<ul data-start=\"710\" data-end=\"892\">\n<li data-section-id=\"muv7ag\" data-start=\"710\" data-end=\"737\">Prerje slim fit moderne<\/li>\n<li data-section-id=\"1hymx8h\" data-start=\"738\" data-end=\"782\">Ngjyr\u00eb gri e err\u00ebt me efekt t\u00eb konsumuar<\/li>\n<li data-section-id=\"1g7grbt\" data-start=\"783\" data-end=\"819\">Material elastik dhe i rehatsh\u00ebm<\/li>\n<li data-section-id=\"1t08kvo\" data-start=\"820\" data-end=\"858\">Dizajn minimalist me detaje trendy<\/li>\n<li data-section-id=\"x2kpjz\" data-start=\"859\" data-end=\"892\">T\u00eb p\u00ebrshtatshme p\u00ebr \u00e7do sezon<\/li>\n<\/ul>\n<p data-start=\"894\" data-end=\"973\" data-is-last-node=\"\" data-is-only-node=\"\">Nj\u00eb pjes\u00eb esenciale n\u00eb garderob\u00ebn e \u00e7do mashkulli q\u00eb k\u00ebrkon stil dhe komoditet.<\/p>\n<\/div>\n<\/div>\n<\/div>\n<\/div>\n<\/div>\n<\/div>\n<\/section>\n<\/div>","protected":false},"excerpt":{"rendered":"<p>K\u00ebto xhinse moderne p\u00ebr meshkuj jan\u00eb zgjedhja perfekte p\u00ebr nj\u00eb pamje t\u00eb p\u00ebrditshme me stil. Me prerje slim fit, ato p\u00ebrshtaten bukur me trupin duke theksuar linjat dhe duke ofruar rehati gjat\u00eb gjith\u00eb dit\u00ebs. Ngjyra gri e err\u00ebt me efekt t\u00eb leht\u00eb t\u00eb konsumuar dhe detaje diskrete i japin nj\u00eb pamje trendy dhe urbane. Materiali [&hellip;]<\/p>","protected":false},"featured_media":16476,"comment_status":"open","ping_status":"closed","template":"","meta":[],"product_brand":[],"product_cat":[27,702],"product_tag":[824,823,825],"class_list":{"0":"post-16457","1":"product","2":"type-product","3":"status-publish","4":"has-post-thumbnail","6":"product_cat-jeans","7":"product_cat-premium-slim-fit-jeans","8":"product_tag-material-elastik-dhe-i-rehatshem","9":"product_tag-slim-fit-me-stil-urban","10":"product_tag-te-pershtatshme-per-cdo-sezon","12":"first","13":"instock","14":"taxable","15":"shipping-taxable","16":"purchasable","17":"product-type-variable"},"jetpack_sharing_enabled":true,"_links":{"self":[{"href":"https:\/\/urban-clothingstore.com\/en\/wp-json\/wp\/v2\/product\/16457","targetHints":{"allow":["GET"]}}],"collection":[{"href":"https:\/\/urban-clothingstore.com\/en\/wp-json\/wp\/v2\/product"}],"about":[{"href":"https:\/\/urban-clothingstore.com\/en\/wp-json\/wp\/v2\/types\/product"}],"replies":[{"embeddable":true,"href":"https:\/\/urban-clothingstore.com\/en\/wp-json\/wp\/v2\/comments?post=16457"}],"wp:featuredmedia":[{"embeddable":true,"href":"https:\/\/urban-clothingstore.com\/en\/wp-json\/wp\/v2\/media\/16476"}],"wp:attachment":[{"href":"https:\/\/urban-clothingstore.com\/en\/wp-json\/wp\/v2\/media?parent=16457"}],"wp:term":[{"taxonomy":"product_brand","embeddable":true,"href":"https:\/\/urban-clothingstore.com\/en\/wp-json\/wp\/v2\/product_brand?post=16457"},{"taxonomy":"product_cat","embeddable":true,"href":"https:\/\/urban-clothingstore.com\/en\/wp-json\/wp\/v2\/product_cat?post=16457"},{"taxonomy":"product_tag","embeddable":true,"href":"https:\/\/urban-clothingstore.com\/en\/wp-json\/wp\/v2\/product_tag?post=16457"}],"curies":[{"name":"wp","href":"https:\/\/api.w.org\/{rel}","templated":true}]}}