{"id":16466,"date":"2026-04-01T14:09:46","date_gmt":"2026-04-01T14:09:46","guid":{"rendered":"https:\/\/urban-clothingstore.com\/?post_type=product&#038;p=16466"},"modified":"2026-04-01T14:09:46","modified_gmt":"2026-04-01T14:09:46","slug":"xhinse-per-meshkuj-slim-fit-me-efekt-te-grisur","status":"publish","type":"product","link":"https:\/\/urban-clothingstore.com\/en\/product\/xhinse-per-meshkuj-slim-fit-me-efekt-te-grisur\/","title":{"rendered":"Xhinse p\u00ebr Meshkuj \u2013 Slim Fit me Efekt t\u00eb Grisur"},"content":{"rendered":"<p data-start=\"65\" data-end=\"284\">K\u00ebto xhinse p\u00ebr meshkuj ofrojn\u00eb nj\u00eb kombinim perfekt t\u00eb stilit modern dhe rehatis\u00eb s\u00eb p\u00ebrditshme. Me prerje slim fit, ato p\u00ebrshtaten bukur me trupin duke krijuar nj\u00eb pamje t\u00eb rregullt dhe bashk\u00ebkohore.<\/p>\n<p data-start=\"286\" data-end=\"538\">Ngjyra blu e hapur me efekt t\u00eb leht\u00eb t\u00eb konsumuar dhe detaje t\u00eb grisura i japin nj\u00eb stil urban dhe trendy, ideal p\u00ebr meshkujt q\u00eb duan t\u00eb dallohen. Materiali cil\u00ebsor me p\u00ebrb\u00ebrje elastike siguron komoditet maksimal dhe liri n\u00eb l\u00ebvizje gjat\u00eb gjith\u00eb dit\u00ebs.<\/p>\n<p data-start=\"540\" data-end=\"679\">T\u00eb lehta p\u00ebr t\u2019u kombinuar me bluza, k\u00ebmisha apo atlete, k\u00ebto xhinse jan\u00eb perfekte p\u00ebr dalje casual, sh\u00ebtitje apo aktivitete t\u00eb p\u00ebrditshme.<\/p>\n<p data-start=\"681\" data-end=\"710\"><strong data-start=\"681\" data-end=\"710\">Karakteristikat kryesore:<\/strong><\/p>\n<ul data-start=\"711\" data-end=\"904\">\n<li data-section-id=\"muv7ag\" data-start=\"711\" data-end=\"738\">Prerje slim fit moderne<\/li>\n<li data-section-id=\"1i4qhb6\" data-start=\"739\" data-end=\"783\">Ngjyr\u00eb blu e hapur me efekt t\u00eb konsumuar<\/li>\n<li data-section-id=\"14iw5ms\" data-start=\"784\" data-end=\"820\">Detaje t\u00eb grisura p\u00ebr stil urban<\/li>\n<li data-section-id=\"1g7grbt\" data-start=\"821\" data-end=\"857\">Material elastik dhe i rehatsh\u00ebm<\/li>\n<li data-section-id=\"sz8it4\" data-start=\"858\" data-end=\"904\">T\u00eb p\u00ebrshtatshme p\u00ebr p\u00ebrdorim t\u00eb p\u00ebrditsh\u00ebm<\/li>\n<\/ul>\n<p data-start=\"906\" data-end=\"960\" data-is-last-node=\"\" data-is-only-node=\"\">Zgjedhja ideale p\u00ebr nj\u00eb look t\u00eb fresk\u00ebt dhe plot stil.<\/p>","protected":false},"excerpt":{"rendered":"<p>K\u00ebto xhinse p\u00ebr meshkuj ofrojn\u00eb nj\u00eb kombinim perfekt t\u00eb stilit modern dhe rehatis\u00eb s\u00eb p\u00ebrditshme. Me prerje slim fit, ato p\u00ebrshtaten bukur me trupin duke krijuar nj\u00eb pamje t\u00eb rregullt dhe bashk\u00ebkohore. Ngjyra blu e hapur me efekt t\u00eb leht\u00eb t\u00eb konsumuar dhe detaje t\u00eb grisura i japin nj\u00eb stil urban dhe trendy, ideal p\u00ebr [&hellip;]<\/p>","protected":false},"featured_media":16467,"comment_status":"open","ping_status":"closed","template":"","meta":[],"product_brand":[],"product_cat":[27,702],"product_tag":[824,826,827],"class_list":{"0":"post-16466","1":"product","2":"type-product","3":"status-publish","4":"has-post-thumbnail","6":"product_cat-jeans","7":"product_cat-premium-slim-fit-jeans","8":"product_tag-material-elastik-dhe-i-rehatshem","9":"product_tag-prerje-slim-fit-moderne","10":"product_tag-te-pershtatshme-per-perdorim-te-perditshem","12":"first","13":"instock","14":"taxable","15":"shipping-taxable","16":"purchasable","17":"product-type-variable"},"jetpack_sharing_enabled":true,"_links":{"self":[{"href":"https:\/\/urban-clothingstore.com\/en\/wp-json\/wp\/v2\/product\/16466","targetHints":{"allow":["GET"]}}],"collection":[{"href":"https:\/\/urban-clothingstore.com\/en\/wp-json\/wp\/v2\/product"}],"about":[{"href":"https:\/\/urban-clothingstore.com\/en\/wp-json\/wp\/v2\/types\/product"}],"replies":[{"embeddable":true,"href":"https:\/\/urban-clothingstore.com\/en\/wp-json\/wp\/v2\/comments?post=16466"}],"wp:featuredmedia":[{"embeddable":true,"href":"https:\/\/urban-clothingstore.com\/en\/wp-json\/wp\/v2\/media\/16467"}],"wp:attachment":[{"href":"https:\/\/urban-clothingstore.com\/en\/wp-json\/wp\/v2\/media?parent=16466"}],"wp:term":[{"taxonomy":"product_brand","embeddable":true,"href":"https:\/\/urban-clothingstore.com\/en\/wp-json\/wp\/v2\/product_brand?post=16466"},{"taxonomy":"product_cat","embeddable":true,"href":"https:\/\/urban-clothingstore.com\/en\/wp-json\/wp\/v2\/product_cat?post=16466"},{"taxonomy":"product_tag","embeddable":true,"href":"https:\/\/urban-clothingstore.com\/en\/wp-json\/wp\/v2\/product_tag?post=16466"}],"curies":[{"name":"wp","href":"https:\/\/api.w.org\/{rel}","templated":true}]}}