{"id":16477,"date":"2026-04-01T14:13:54","date_gmt":"2026-04-01T14:13:54","guid":{"rendered":"https:\/\/urban-clothingstore.com\/?post_type=product&#038;p=16477"},"modified":"2026-04-01T14:13:54","modified_gmt":"2026-04-01T14:13:54","slug":"xhinse-per-meshkuj-slim-fit-te-zeza-me-efekt-te-grisur","status":"publish","type":"product","link":"https:\/\/urban-clothingstore.com\/en\/product\/xhinse-per-meshkuj-slim-fit-te-zeza-me-efekt-te-grisur\/","title":{"rendered":"Xhinse p\u00ebr Meshkuj \u2013 Slim Fit t\u00eb Zeza me Efekt t\u00eb Grisur"},"content":{"rendered":"<p data-start=\"73\" data-end=\"282\">K\u00ebto xhinse t\u00eb zeza p\u00ebr meshkuj jan\u00eb kombinimi perfekt i eleganc\u00ebs dhe stilit urban. Me prerje slim fit, ato p\u00ebrshtaten n\u00eb m\u00ebnyr\u00eb ideale me trupin duke ofruar nj\u00eb pamje moderne dhe t\u00ebrheq\u00ebse.<\/p>\n<p data-start=\"284\" data-end=\"474\">Ngjyra e zez\u00eb me efekt t\u00eb leht\u00eb t\u00eb konsumuar dhe detaje diskrete t\u00eb grisura i japin nj\u00eb karakter unik dhe trendy, duke i b\u00ebr\u00eb perfekte p\u00ebr \u00e7do rast \u2013 nga veshjet casual deri tek ato m\u00eb stil.<\/p>\n<p data-start=\"476\" data-end=\"661\">Materiali cil\u00ebsor dhe elastik siguron rehati gjat\u00eb gjith\u00eb dit\u00ebs dhe l\u00ebvizje t\u00eb lir\u00eb. T\u00eb lehta p\u00ebr t\u2019u kombinuar me \u00e7do lloj veshjeje, nga bluza t\u00eb thjeshta deri tek k\u00ebmisha apo xhaketa.<\/p>\n<p data-start=\"663\" data-end=\"692\"><strong data-start=\"663\" data-end=\"692\">Karakteristikat kryesore:<\/strong><\/p>\n<ul data-start=\"693\" data-end=\"872\">\n<li data-section-id=\"muv7ag\" data-start=\"693\" data-end=\"720\">Prerje slim fit moderne<\/li>\n<li data-section-id=\"1lq145l\" data-start=\"721\" data-end=\"760\">Ngjyr\u00eb e zez\u00eb me efekt t\u00eb konsumuar<\/li>\n<li data-section-id=\"14iw5ms\" data-start=\"761\" data-end=\"797\">Detaje t\u00eb grisura p\u00ebr stil urban<\/li>\n<li data-section-id=\"1g7grbt\" data-start=\"798\" data-end=\"834\">Material elastik dhe i rehatsh\u00ebm<\/li>\n<li data-section-id=\"15g8pg1\" data-start=\"835\" data-end=\"872\">Ideale p\u00ebr \u00e7do sezon dhe \u00e7do rast<\/li>\n<\/ul>\n<p data-start=\"874\" data-end=\"951\" data-is-last-node=\"\" data-is-only-node=\"\">Zgjedhja ideale p\u00ebr meshkujt q\u00eb duan nj\u00eb look t\u00eb fort\u00eb, modern dhe plot stil.<\/p>","protected":false},"excerpt":{"rendered":"<p>K\u00ebto xhinse t\u00eb zeza p\u00ebr meshkuj jan\u00eb kombinimi perfekt i eleganc\u00ebs dhe stilit urban. Me prerje slim fit, ato p\u00ebrshtaten n\u00eb m\u00ebnyr\u00eb ideale me trupin duke ofruar nj\u00eb pamje moderne dhe t\u00ebrheq\u00ebse. Ngjyra e zez\u00eb me efekt t\u00eb leht\u00eb t\u00eb konsumuar dhe detaje diskrete t\u00eb grisura i japin nj\u00eb karakter unik dhe trendy, duke i [&hellip;]<\/p>","protected":false},"featured_media":16478,"comment_status":"open","ping_status":"closed","template":"","meta":[],"product_brand":[],"product_cat":[27,702],"product_tag":[],"class_list":{"0":"post-16477","1":"product","2":"type-product","3":"status-publish","4":"has-post-thumbnail","6":"product_cat-jeans","7":"product_cat-premium-slim-fit-jeans","9":"first","10":"instock","11":"taxable","12":"shipping-taxable","13":"purchasable","14":"product-type-variable"},"jetpack_sharing_enabled":true,"_links":{"self":[{"href":"https:\/\/urban-clothingstore.com\/en\/wp-json\/wp\/v2\/product\/16477","targetHints":{"allow":["GET"]}}],"collection":[{"href":"https:\/\/urban-clothingstore.com\/en\/wp-json\/wp\/v2\/product"}],"about":[{"href":"https:\/\/urban-clothingstore.com\/en\/wp-json\/wp\/v2\/types\/product"}],"replies":[{"embeddable":true,"href":"https:\/\/urban-clothingstore.com\/en\/wp-json\/wp\/v2\/comments?post=16477"}],"wp:featuredmedia":[{"embeddable":true,"href":"https:\/\/urban-clothingstore.com\/en\/wp-json\/wp\/v2\/media\/16478"}],"wp:attachment":[{"href":"https:\/\/urban-clothingstore.com\/en\/wp-json\/wp\/v2\/media?parent=16477"}],"wp:term":[{"taxonomy":"product_brand","embeddable":true,"href":"https:\/\/urban-clothingstore.com\/en\/wp-json\/wp\/v2\/product_brand?post=16477"},{"taxonomy":"product_cat","embeddable":true,"href":"https:\/\/urban-clothingstore.com\/en\/wp-json\/wp\/v2\/product_cat?post=16477"},{"taxonomy":"product_tag","embeddable":true,"href":"https:\/\/urban-clothingstore.com\/en\/wp-json\/wp\/v2\/product_tag?post=16477"}],"curies":[{"name":"wp","href":"https:\/\/api.w.org\/{rel}","templated":true}]}}