{"id":16505,"date":"2026-04-02T13:43:00","date_gmt":"2026-04-02T13:43:00","guid":{"rendered":"https:\/\/urban-clothingstore.com\/?post_type=product&#038;p=16505"},"modified":"2026-04-02T13:43:00","modified_gmt":"2026-04-02T13:43:00","slug":"kostum-elegant-bordo-me-papion-stil-modern-dhe-luksoz","status":"publish","type":"product","link":"https:\/\/urban-clothingstore.com\/en\/product\/kostum-elegant-bordo-me-papion-stil-modern-dhe-luksoz\/","title":{"rendered":"Kostum Elegant Bordo me Papion \u2013 Stil Modern dhe Luksoz"},"content":{"rendered":"<div class=\"flex flex-col text-sm pb-25\">\n<section class=\"text-token-text-primary w-full focus:outline-none [--shadow-height:45px] has-data-writing-block:pointer-events-none has-data-writing-block:-mt-(--shadow-height) has-data-writing-block:pt-(--shadow-height) [&amp;:has([data-writing-block])&gt;*]:pointer-events-auto scroll-mt-[calc(var(--header-height)+min(200px,max(70px,20svh)))]\" dir=\"auto\" data-turn-id=\"request-WEB:eee23c61-2839-4361-b6fb-77cebf1e6ad9-0\" data-testid=\"conversation-turn-2\" data-scroll-anchor=\"true\" data-turn=\"assistant\">\n<div class=\"text-base my-auto mx-auto pb-10 [--thread-content-margin:var(--thread-content-margin-xs,calc(var(--spacing)*4))] @w-sm\/main:[--thread-content-margin:var(--thread-content-margin-sm,calc(var(--spacing)*6))] @w-lg\/main:[--thread-content-margin:var(--thread-content-margin-lg,calc(var(--spacing)*16))] px-(--thread-content-margin)\">\n<div class=\"[--thread-content-max-width:40rem] @w-lg\/main:[--thread-content-max-width:48rem] mx-auto max-w-(--thread-content-max-width) flex-1 group\/turn-messages focus-visible:outline-hidden relative flex w-full min-w-0 flex-col agent-turn\">\n<div class=\"flex max-w-full flex-col gap-4 grow\">\n<div class=\"min-h-8 text-message relative flex w-full flex-col items-end gap-2 text-start break-words whitespace-normal outline-none keyboard-focused:focus-ring [.text-message+&amp;]:mt-1\" dir=\"auto\" tabindex=\"0\" data-message-author-role=\"assistant\" data-message-id=\"14650b84-5545-491d-bd3d-926116aba042\" data-message-model-slug=\"gpt-5-3\" data-turn-start-message=\"true\">\n<div class=\"flex w-full flex-col gap-1 empty:hidden\">\n<div class=\"markdown prose dark:prose-invert w-full wrap-break-word dark markdown-new-styling\">\n<p data-start=\"72\" data-end=\"315\">Ky kostum trepjes\u00ebsh n\u00eb ngjyr\u00eb bordo \u00ebsht\u00eb zgjedhja perfekte p\u00ebr evente formale dhe raste t\u00eb ve\u00e7anta. I p\u00ebrb\u00ebr\u00eb nga xhaketa, jeleku dhe pantallonat, ai ofron nj\u00eb kombinim t\u00eb rafinuar midis eleganc\u00ebs klasike dhe stilit modern.<\/p>\n<p data-start=\"317\" data-end=\"616\">Xhaketa ka prerje t\u00eb rregullt me jak\u00eb t\u00eb mpreht\u00eb (peak lapel), duke i dh\u00ebn\u00eb nj\u00eb pamje t\u00eb sofistikuar dhe t\u00eb fuqishme. Jeleku i brendsh\u00ebm me kopsa shton nj\u00eb shtres\u00eb elegance dhe struktur\u00eb n\u00eb veshje. K\u00ebmisha e bardh\u00eb dhe papioni i zi krijojn\u00eb nj\u00eb kontrast t\u00eb past\u00ebr dhe shum\u00eb elegant me ngjyr\u00ebn bordo.<\/p>\n<p data-start=\"618\" data-end=\"842\">Materiali duket cil\u00ebsor dhe i punuar mir\u00eb, duke siguruar rehati dhe nj\u00eb p\u00ebrshtatje perfekte n\u00eb trup. Ky kostum \u00ebsht\u00eb ideal p\u00ebr dasma, mbr\u00ebmje gala, evente biznesi apo \u00e7do rast ku k\u00ebrkohet nj\u00eb paraqitje e ve\u00e7ant\u00eb dhe me stil.<\/p>\n<p data-start=\"844\" data-end=\"864\"><strong data-start=\"844\" data-end=\"864\">Detaje kryesore:<\/strong><\/p>\n<ul data-start=\"865\" data-end=\"1043\">\n<li data-section-id=\"1g3kibu\" data-start=\"865\" data-end=\"915\">Kostum trepjes\u00ebsh (xhaket\u00eb, jelek, pantallona)<\/li>\n<li data-section-id=\"1b4spqi\" data-start=\"916\" data-end=\"941\">Ngjyr\u00eb bordo elegante<\/li>\n<li data-section-id=\"1cmdt2k\" data-start=\"942\" data-end=\"964\">Papion i zi klasik<\/li>\n<li data-section-id=\"1mod5uw\" data-start=\"965\" data-end=\"992\">Prerje moderne slim fitI p\u00ebrshtatsh\u00ebm p\u00ebr evente formale dhe speciale<\/li>\n<\/ul>\n<p data-start=\"1045\" data-end=\"1131\" data-is-last-node=\"\" data-is-only-node=\"\">N\u00ebse k\u00ebrkon t\u00eb biesh n\u00eb sy me eleganc\u00eb dhe vet\u00ebbesim, ky kostum \u00ebsht\u00eb zgjedhja ideale.<\/p>\n<\/div>\n<\/div>\n<\/div>\n<\/div>\n<\/div>\n<\/div>\n<\/section>\n<\/div>","protected":false},"excerpt":{"rendered":"<p>Ky kostum trepjes\u00ebsh n\u00eb ngjyr\u00eb bordo \u00ebsht\u00eb zgjedhja perfekte p\u00ebr evente formale dhe raste t\u00eb ve\u00e7anta. I p\u00ebrb\u00ebr\u00eb nga xhaketa, jeleku dhe pantallonat, ai ofron nj\u00eb kombinim t\u00eb rafinuar midis eleganc\u00ebs klasike dhe stilit modern. Xhaketa ka prerje t\u00eb rregullt me jak\u00eb t\u00eb mpreht\u00eb (peak lapel), duke i dh\u00ebn\u00eb nj\u00eb pamje t\u00eb sofistikuar dhe t\u00eb [&hellip;]<\/p>","protected":false},"featured_media":16506,"comment_status":"open","ping_status":"closed","template":"","meta":[],"product_brand":[],"product_cat":[108],"product_tag":[324,828,831,829,830],"class_list":{"0":"post-16505","1":"product","2":"type-product","3":"status-publish","4":"has-post-thumbnail","6":"product_cat-suit","7":"product_tag-jelek","8":"product_tag-kostum-trepjesesh-xhakete","9":"product_tag-ngjyre-bordo-elegante","10":"product_tag-pantallona","11":"product_tag-stil-modern-dhe-luksoz","13":"first","14":"instock","15":"taxable","16":"shipping-taxable","17":"purchasable","18":"product-type-variable"},"jetpack_sharing_enabled":true,"_links":{"self":[{"href":"https:\/\/urban-clothingstore.com\/en\/wp-json\/wp\/v2\/product\/16505","targetHints":{"allow":["GET"]}}],"collection":[{"href":"https:\/\/urban-clothingstore.com\/en\/wp-json\/wp\/v2\/product"}],"about":[{"href":"https:\/\/urban-clothingstore.com\/en\/wp-json\/wp\/v2\/types\/product"}],"replies":[{"embeddable":true,"href":"https:\/\/urban-clothingstore.com\/en\/wp-json\/wp\/v2\/comments?post=16505"}],"wp:featuredmedia":[{"embeddable":true,"href":"https:\/\/urban-clothingstore.com\/en\/wp-json\/wp\/v2\/media\/16506"}],"wp:attachment":[{"href":"https:\/\/urban-clothingstore.com\/en\/wp-json\/wp\/v2\/media?parent=16505"}],"wp:term":[{"taxonomy":"product_brand","embeddable":true,"href":"https:\/\/urban-clothingstore.com\/en\/wp-json\/wp\/v2\/product_brand?post=16505"},{"taxonomy":"product_cat","embeddable":true,"href":"https:\/\/urban-clothingstore.com\/en\/wp-json\/wp\/v2\/product_cat?post=16505"},{"taxonomy":"product_tag","embeddable":true,"href":"https:\/\/urban-clothingstore.com\/en\/wp-json\/wp\/v2\/product_tag?post=16505"}],"curies":[{"name":"wp","href":"https:\/\/api.w.org\/{rel}","templated":true}]}}