{"id":16571,"date":"2026-04-03T14:15:38","date_gmt":"2026-04-03T14:15:38","guid":{"rendered":"https:\/\/urban-clothingstore.com\/?post_type=product&#038;p=16571"},"modified":"2026-04-03T14:15:39","modified_gmt":"2026-04-03T14:15:39","slug":"xhakete-e-bardhe-moderne-per-meshkuj-me-zinxhir","status":"publish","type":"product","link":"https:\/\/urban-clothingstore.com\/en\/product\/xhakete-e-bardhe-moderne-per-meshkuj-me-zinxhir\/","title":{"rendered":"Xhaket\u00eb e bardh\u00eb moderne p\u00ebr meshkuj me zinxhir"},"content":{"rendered":"<div class=\"flex flex-col text-sm pb-25\">\n<section class=\"text-token-text-primary w-full focus:outline-none [--shadow-height:45px] has-data-writing-block:pointer-events-none has-data-writing-block:-mt-(--shadow-height) has-data-writing-block:pt-(--shadow-height) [&amp;:has([data-writing-block])&gt;*]:pointer-events-auto scroll-mt-[calc(var(--header-height)+min(200px,max(70px,20svh)))]\" dir=\"auto\" data-turn-id=\"request-WEB:2e877918-f7e3-4e0e-baa8-5e3d335241b2-1\" data-testid=\"conversation-turn-4\" data-scroll-anchor=\"true\" data-turn=\"assistant\">\n<div class=\"text-base my-auto mx-auto pb-10 [--thread-content-margin:var(--thread-content-margin-xs,calc(var(--spacing)*4))] @w-sm\/main:[--thread-content-margin:var(--thread-content-margin-sm,calc(var(--spacing)*6))] @w-lg\/main:[--thread-content-margin:var(--thread-content-margin-lg,calc(var(--spacing)*16))] px-(--thread-content-margin)\">\n<div class=\"[--thread-content-max-width:40rem] @w-lg\/main:[--thread-content-max-width:48rem] mx-auto max-w-(--thread-content-max-width) flex-1 group\/turn-messages focus-visible:outline-hidden relative flex w-full min-w-0 flex-col agent-turn\">\n<div class=\"flex max-w-full flex-col gap-4 grow\">\n<div class=\"min-h-8 text-message relative flex w-full flex-col items-end gap-2 text-start break-words whitespace-normal outline-none keyboard-focused:focus-ring [.text-message+&amp;]:mt-1\" dir=\"auto\" tabindex=\"0\" data-message-author-role=\"assistant\" data-message-id=\"ec4c9285-52c7-4f4a-86f1-a4ca76286dcd\" data-message-model-slug=\"gpt-5-4-thinking\" data-turn-start-message=\"true\">\n<div class=\"flex w-full flex-col gap-1 empty:hidden\">\n<div class=\"markdown prose dark:prose-invert w-full wrap-break-word dark markdown-new-styling\">\n<p data-start=\"84\" data-end=\"573\">Kjo xhaket\u00eb e bardh\u00eb p\u00ebr meshkuj \u00ebsht\u00eb zgjedhja ideale p\u00ebr ata q\u00eb k\u00ebrkojn\u00eb nj\u00eb pamje moderne, t\u00eb past\u00ebr dhe elegante. Me nj\u00eb dizajn minimalist dhe prerje t\u00eb strukturuar, ajo ofron nj\u00eb stil bashk\u00ebkohor q\u00eb p\u00ebrshtatet leht\u00ebsisht si p\u00ebr kombinime smart-casual, ashtu edhe p\u00ebr veshje m\u00eb formale. Ngjyra e bardh\u00eb i jep produktit nj\u00eb pamje luksoze dhe shum\u00eb t\u00eb rafinuar, nd\u00ebrsa detajet metalike n\u00eb pjes\u00ebn e jak\u00ebs dhe zinxhiri frontal shtojn\u00eb karakter dhe sofistikim.<\/p>\n<p data-start=\"575\" data-end=\"972\">Modeli \u00ebsht\u00eb krijuar p\u00ebr t\u00eb theksuar linjat e trupit dhe p\u00ebr t\u00eb ofruar nj\u00eb p\u00ebrshtatje t\u00eb rregullt e moderne. Jak\u00eb e ngritur me mbyllje me pulla metalike krijon nj\u00eb efekt unik dhe elegant, nd\u00ebrsa zinxhiri i p\u00ebrparm\u00eb e b\u00ebn xhaket\u00ebn praktike dhe t\u00eb leht\u00eb p\u00ebr t\u2019u kombinuar me k\u00ebmisha, bluza apo veshje t\u00eb tjera bazike. Xhepat an\u00ebsor\u00eb shtojn\u00eb funksionalitet pa e prishur estetik\u00ebn e past\u00ebr t\u00eb modelit.<\/p>\n<p data-start=\"974\" data-end=\"1208\">Kjo xhaket\u00eb \u00ebsht\u00eb perfekte p\u00ebr dalje n\u00eb qytet, evente, darka, takime apo paraqitje me stil t\u00eb lart\u00eb. Kombinohet n\u00eb m\u00ebnyr\u00eb ideale me pantallona elegante, k\u00ebmish\u00eb t\u00eb bardh\u00eb ose tone neutrale p\u00ebr nj\u00eb look t\u00eb sofistikuar dhe shum\u00eb modern.<\/p>\n<p data-start=\"1210\" data-end=\"1229\"><strong data-start=\"1210\" data-end=\"1227\">Key Features:<\/strong><\/p>\n<ul data-start=\"1230\" data-end=\"1653\">\n<li data-section-id=\"pcuo5d\" data-start=\"1230\" data-end=\"1262\">Dizajn modern dhe minimalist<\/li>\n<li data-section-id=\"14ki1em\" data-start=\"1263\" data-end=\"1316\">Ngjyr\u00eb e bardh\u00eb elegante dhe e leht\u00eb p\u00ebr kombinim<\/li>\n<li data-section-id=\"1p3vaiu\" data-start=\"1317\" data-end=\"1348\">Mbyllje frontale me zinxhir<\/li>\n<li data-section-id=\"1lj1aki\" data-start=\"1349\" data-end=\"1386\">Jak\u00eb e ngritur me detaje metalike<\/li>\n<li data-section-id=\"gvib8q\" data-start=\"1387\" data-end=\"1434\">Prerje slim\/regular fit q\u00eb thekson siluet\u00ebn<\/li>\n<li data-section-id=\"fag14c\" data-start=\"1435\" data-end=\"1474\">Xhepa an\u00ebsor\u00eb praktik\u00eb dhe diskret\u00eb<\/li>\n<li data-section-id=\"1afvd40\" data-start=\"1475\" data-end=\"1527\">Stil i p\u00ebrshtatsh\u00ebm p\u00ebr smart-casual dhe elegant<\/li>\n<li data-section-id=\"1a7sv6t\" data-start=\"1528\" data-end=\"1562\">Pamje premium dhe bashk\u00ebkohore<\/li>\n<li data-section-id=\"uy1vcn\" data-start=\"1563\" data-end=\"1613\">Ideale p\u00ebr evente, dalje dhe kombinime luksoze<\/li>\n<li data-section-id=\"dfir44\" data-start=\"1614\" data-end=\"1653\">Komoditet dhe stil n\u00eb t\u00eb nj\u00ebjt\u00ebn koh\u00eb<\/li>\n<\/ul>\n<\/div>\n<\/div>\n<\/div>\n<\/div>\n<\/div>\n<\/div>\n<\/section>\n<\/div>","protected":false},"excerpt":{"rendered":"<p>Kjo xhaket\u00eb e bardh\u00eb p\u00ebr meshkuj \u00ebsht\u00eb zgjedhja ideale p\u00ebr ata q\u00eb k\u00ebrkojn\u00eb nj\u00eb pamje moderne, t\u00eb past\u00ebr dhe elegante. Me nj\u00eb dizajn minimalist dhe prerje t\u00eb strukturuar, ajo ofron nj\u00eb stil bashk\u00ebkohor q\u00eb p\u00ebrshtatet leht\u00ebsisht si p\u00ebr kombinime smart-casual, ashtu edhe p\u00ebr veshje m\u00eb formale. Ngjyra e bardh\u00eb i jep produktit nj\u00eb pamje luksoze [&hellip;]<\/p>","protected":false},"featured_media":16552,"comment_status":"open","ping_status":"closed","template":"","meta":[],"product_brand":[],"product_cat":[25],"product_tag":[846,845,844,843],"class_list":{"0":"post-16571","1":"product","2":"type-product","3":"status-publish","4":"has-post-thumbnail","6":"product_cat-jackets","7":"product_tag-dalje-dhe-kombinime-luksoze","8":"product_tag-ideale-per-evente","9":"product_tag-komoditet-dhe-stil-ne-te-njejten-kohe","10":"product_tag-stil-i-pershtatshem-per-smart-casual-dhe-elegant","12":"first","13":"instock","14":"taxable","15":"shipping-taxable","16":"purchasable","17":"product-type-variable"},"jetpack_sharing_enabled":true,"_links":{"self":[{"href":"https:\/\/urban-clothingstore.com\/en\/wp-json\/wp\/v2\/product\/16571","targetHints":{"allow":["GET"]}}],"collection":[{"href":"https:\/\/urban-clothingstore.com\/en\/wp-json\/wp\/v2\/product"}],"about":[{"href":"https:\/\/urban-clothingstore.com\/en\/wp-json\/wp\/v2\/types\/product"}],"replies":[{"embeddable":true,"href":"https:\/\/urban-clothingstore.com\/en\/wp-json\/wp\/v2\/comments?post=16571"}],"wp:featuredmedia":[{"embeddable":true,"href":"https:\/\/urban-clothingstore.com\/en\/wp-json\/wp\/v2\/media\/16552"}],"wp:attachment":[{"href":"https:\/\/urban-clothingstore.com\/en\/wp-json\/wp\/v2\/media?parent=16571"}],"wp:term":[{"taxonomy":"product_brand","embeddable":true,"href":"https:\/\/urban-clothingstore.com\/en\/wp-json\/wp\/v2\/product_brand?post=16571"},{"taxonomy":"product_cat","embeddable":true,"href":"https:\/\/urban-clothingstore.com\/en\/wp-json\/wp\/v2\/product_cat?post=16571"},{"taxonomy":"product_tag","embeddable":true,"href":"https:\/\/urban-clothingstore.com\/en\/wp-json\/wp\/v2\/product_tag?post=16571"}],"curies":[{"name":"wp","href":"https:\/\/api.w.org\/{rel}","templated":true}]}}