{"id":16663,"date":"2026-04-04T15:20:47","date_gmt":"2026-04-04T15:20:47","guid":{"rendered":"https:\/\/urban-clothingstore.com\/?post_type=product&#038;p=16663"},"modified":"2026-04-05T11:08:36","modified_gmt":"2026-04-05T11:08:36","slug":"pantallona-elegante-slim-fit-blu-per-meshkuj","status":"publish","type":"product","link":"https:\/\/urban-clothingstore.com\/en\/product\/pantallona-elegante-slim-fit-blu-per-meshkuj\/","title":{"rendered":"Pantallona elegante slim-fit blu p\u00ebr meshkuj"},"content":{"rendered":"<section class=\"text-token-text-primary w-full focus:outline-none [--shadow-height:45px] has-data-writing-block:pointer-events-none has-data-writing-block:-mt-(--shadow-height) has-data-writing-block:pt-(--shadow-height) [&amp;:has([data-writing-block])&gt;*]:pointer-events-auto scroll-mt-[calc(var(--header-height)+min(200px,max(70px,20svh)))]\" dir=\"auto\" data-turn-id=\"request-WEB:7289b159-9097-453f-9e37-f631aef863a6-0\" data-testid=\"conversation-turn-2\" data-scroll-anchor=\"false\" data-turn=\"assistant\">\n<div class=\"text-base my-auto mx-auto [--thread-content-margin:var(--thread-content-margin-xs,calc(var(--spacing)*4))] @w-sm\/main:[--thread-content-margin:var(--thread-content-margin-sm,calc(var(--spacing)*6))] @w-lg\/main:[--thread-content-margin:var(--thread-content-margin-lg,calc(var(--spacing)*16))] px-(--thread-content-margin)\">\n<div class=\"[--thread-content-max-width:40rem] @w-lg\/main:[--thread-content-max-width:48rem] mx-auto max-w-(--thread-content-max-width) flex-1 group\/turn-messages focus-visible:outline-hidden relative flex w-full min-w-0 flex-col agent-turn\">\n<div class=\"flex max-w-full flex-col gap-4 grow\">\n<div class=\"min-h-8 text-message relative flex w-full flex-col items-end gap-2 text-start break-words whitespace-normal outline-none keyboard-focused:focus-ring [.text-message+&amp;]:mt-1\" dir=\"auto\" data-message-author-role=\"assistant\" data-message-id=\"1e1febc1-9777-4cf2-8656-2e9e95788ca0\" data-message-model-slug=\"gpt-5-3\">\n<div class=\"flex w-full flex-col gap-1 empty:hidden\">\n<div class=\"markdown prose dark:prose-invert w-full wrap-break-word dark markdown-new-styling\">\n<p data-start=\"61\" data-end=\"530\" data-is-last-node=\"\" data-is-only-node=\"\">K\u00ebto pantallona elegante n\u00eb ngjyr\u00eb blu jan\u00eb t\u00eb dizajnuara p\u00ebr nj\u00eb pamje moderne dhe t\u00eb rafinuar. Prerja slim-fit thekson linjat e trupit duke ofruar nj\u00eb stil t\u00eb past\u00ebr dhe bashk\u00ebkohor. T\u00eb p\u00ebrshtatshme p\u00ebr raste formale apo smart-casual, ato kombinohen leht\u00ebsisht me k\u00ebmisha, bluza apo xhaketa. Materiali cil\u00ebsor siguron rehati gjat\u00eb gjith\u00eb dit\u00ebs, nd\u00ebrsa dizajni minimalist me xhepa praktik\u00eb i b\u00ebn ideale p\u00ebr p\u00ebrdorim t\u00eb p\u00ebrditsh\u00ebm ose evente speciale.<\/p>\n<\/div>\n<\/div>\n<\/div>\n<\/div>\n<\/div>\n<\/div>\n<\/section>\n<section class=\"text-token-text-primary w-full focus:outline-none [--shadow-height:45px] has-data-writing-block:pointer-events-none has-data-writing-block:-mt-(--shadow-height) has-data-writing-block:pt-(--shadow-height) [&amp;:has([data-writing-block])&gt;*]:pointer-events-auto scroll-mt-[calc(var(--header-height)+min(200px,max(70px,20svh)))]\" dir=\"auto\" data-turn-id=\"request-WEB:7289b159-9097-453f-9e37-f631aef863a6-1\" data-testid=\"conversation-turn-4\" data-scroll-anchor=\"true\" data-turn=\"assistant\">\n<div class=\"text-base my-auto mx-auto pb-10 [--thread-content-margin:var(--thread-content-margin-xs,calc(var(--spacing)*4))] @w-sm\/main:[--thread-content-margin:var(--thread-content-margin-sm,calc(var(--spacing)*6))] @w-lg\/main:[--thread-content-margin:var(--thread-content-margin-lg,calc(var(--spacing)*16))] px-(--thread-content-margin)\">\n<div class=\"[--thread-content-max-width:40rem] @w-lg\/main:[--thread-content-max-width:48rem] mx-auto max-w-(--thread-content-max-width) flex-1 group\/turn-messages focus-visible:outline-hidden relative flex w-full min-w-0 flex-col agent-turn\">\n<div class=\"flex max-w-full flex-col gap-4 grow\">\n<div class=\"min-h-8 text-message relative flex w-full flex-col items-end gap-2 text-start break-words whitespace-normal outline-none keyboard-focused:focus-ring [.text-message+&amp;]:mt-1\" dir=\"auto\" tabindex=\"0\" data-message-author-role=\"assistant\" data-message-id=\"219fc3db-92be-4e09-9e78-4f3010795520\" data-message-model-slug=\"gpt-5-3\" data-turn-start-message=\"true\">\n<div class=\"flex w-full flex-col gap-1 empty:hidden\">\n<div class=\"markdown prose dark:prose-invert w-full wrap-break-word dark markdown-new-styling\">\n<p data-start=\"0\" data-end=\"17\"><strong data-start=\"0\" data-end=\"17\">Key Features:<\/strong><\/p>\n<ul data-start=\"19\" data-end=\"442\" data-is-last-node=\"\" data-is-only-node=\"\">\n<li data-section-id=\"1i36b1o\" data-start=\"19\" data-end=\"77\">Prerje <strong data-start=\"28\" data-end=\"40\">slim-fit<\/strong> p\u00ebr nj\u00eb pamje moderne dhe elegante<\/li>\n<li data-section-id=\"3vztm2\" data-start=\"78\" data-end=\"132\">Ngjyr\u00eb <strong data-start=\"87\" data-end=\"103\">blu e thell\u00eb<\/strong>, leht\u00ebsisht e kombinueshme<\/li>\n<li data-section-id=\"1qlgyxr\" data-start=\"133\" data-end=\"191\">Material cil\u00ebsor q\u00eb ofron <strong data-start=\"161\" data-end=\"189\">rehati dhe fleksibilitet<\/strong><\/li>\n<li data-section-id=\"1xhnt74\" data-start=\"192\" data-end=\"238\">Dizajn minimalist me <strong data-start=\"215\" data-end=\"236\">xhepa funksional\u00eb<\/strong><\/li>\n<li data-section-id=\"1ud249p\" data-start=\"239\" data-end=\"296\">I p\u00ebrshtatsh\u00ebm p\u00ebr <strong data-start=\"260\" data-end=\"294\">raste formale dhe smart-casual<\/strong><\/li>\n<li data-section-id=\"zzdbd8\" data-start=\"297\" data-end=\"344\">Mbyllje me <strong data-start=\"310\" data-end=\"342\">kopse dhe zinxhir t\u00eb fshehur<\/strong><\/li>\n<li data-section-id=\"1dihpen\" data-start=\"345\" data-end=\"396\">Kombinohet leht\u00eb me k\u00ebpuc\u00eb klasike ose mokasina<\/li>\n<li data-section-id=\"1i93qqy\" data-start=\"397\" data-end=\"442\" data-is-last-node=\"\">I rehatsh\u00ebm p\u00ebr p\u00ebrdorim gjat\u00eb gjith\u00eb dit\u00ebs<\/li>\n<\/ul>\n<\/div>\n<\/div>\n<\/div>\n<\/div>\n<\/div>\n<\/div>\n<\/section>","protected":false},"excerpt":{"rendered":"<p>K\u00ebto pantallona elegante n\u00eb ngjyr\u00eb blu jan\u00eb t\u00eb dizajnuara p\u00ebr nj\u00eb pamje moderne dhe t\u00eb rafinuar. Prerja slim-fit thekson linjat e trupit duke ofruar nj\u00eb stil t\u00eb past\u00ebr dhe bashk\u00ebkohor. T\u00eb p\u00ebrshtatshme p\u00ebr raste formale apo smart-casual, ato kombinohen leht\u00ebsisht me k\u00ebmisha, bluza apo xhaketa. Materiali cil\u00ebsor siguron rehati gjat\u00eb gjith\u00eb dit\u00ebs, nd\u00ebrsa dizajni minimalist [&hellip;]<\/p>","protected":false},"featured_media":16664,"comment_status":"open","ping_status":"closed","template":"","meta":[],"product_brand":[],"product_cat":[58],"product_tag":[80,678,668,57],"class_list":{"0":"post-16663","1":"product","2":"type-product","3":"status-publish","4":"has-post-thumbnail","6":"product_cat-pants","7":"product_tag-elegant","8":"product_tag-pantollona","9":"product_tag-per-meshkuj","10":"product_tag-slimfit","12":"first","13":"instock","14":"taxable","15":"shipping-taxable","16":"purchasable","17":"product-type-variable"},"jetpack_sharing_enabled":true,"_links":{"self":[{"href":"https:\/\/urban-clothingstore.com\/en\/wp-json\/wp\/v2\/product\/16663","targetHints":{"allow":["GET"]}}],"collection":[{"href":"https:\/\/urban-clothingstore.com\/en\/wp-json\/wp\/v2\/product"}],"about":[{"href":"https:\/\/urban-clothingstore.com\/en\/wp-json\/wp\/v2\/types\/product"}],"replies":[{"embeddable":true,"href":"https:\/\/urban-clothingstore.com\/en\/wp-json\/wp\/v2\/comments?post=16663"}],"wp:featuredmedia":[{"embeddable":true,"href":"https:\/\/urban-clothingstore.com\/en\/wp-json\/wp\/v2\/media\/16664"}],"wp:attachment":[{"href":"https:\/\/urban-clothingstore.com\/en\/wp-json\/wp\/v2\/media?parent=16663"}],"wp:term":[{"taxonomy":"product_brand","embeddable":true,"href":"https:\/\/urban-clothingstore.com\/en\/wp-json\/wp\/v2\/product_brand?post=16663"},{"taxonomy":"product_cat","embeddable":true,"href":"https:\/\/urban-clothingstore.com\/en\/wp-json\/wp\/v2\/product_cat?post=16663"},{"taxonomy":"product_tag","embeddable":true,"href":"https:\/\/urban-clothingstore.com\/en\/wp-json\/wp\/v2\/product_tag?post=16663"}],"curies":[{"name":"wp","href":"https:\/\/api.w.org\/{rel}","templated":true}]}}