{"id":16679,"date":"2026-04-05T10:29:57","date_gmt":"2026-04-05T10:29:57","guid":{"rendered":"https:\/\/urban-clothingstore.com\/?post_type=product&#038;p=16679"},"modified":"2026-04-05T11:08:02","modified_gmt":"2026-04-05T11:08:02","slug":"xhinse-baggy-blue-washed-premium","status":"publish","type":"product","link":"https:\/\/urban-clothingstore.com\/en\/product\/xhinse-baggy-blue-washed-premium\/","title":{"rendered":"Xhinse Baggy Blue Washed Premium"},"content":{"rendered":"<div class=\"flex flex-col text-sm pb-25\">\n<section class=\"text-token-text-primary w-full focus:outline-none [--shadow-height:45px] has-data-writing-block:pointer-events-none has-data-writing-block:-mt-(--shadow-height) has-data-writing-block:pt-(--shadow-height) [&amp;:has([data-writing-block])&gt;*]:pointer-events-auto scroll-mt-[calc(var(--header-height)+min(200px,max(70px,20svh)))]\" dir=\"auto\" data-turn-id=\"1be5bd91-cdc6-4418-8e9a-010b3f522ced\" data-testid=\"conversation-turn-2\" data-scroll-anchor=\"true\" data-turn=\"assistant\">\n<div class=\"text-base my-auto mx-auto pb-10 [--thread-content-margin:var(--thread-content-margin-xs,calc(var(--spacing)*4))] @w-sm\/main:[--thread-content-margin:var(--thread-content-margin-sm,calc(var(--spacing)*6))] @w-lg\/main:[--thread-content-margin:var(--thread-content-margin-lg,calc(var(--spacing)*16))] px-(--thread-content-margin)\">\n<div class=\"[--thread-content-max-width:40rem] @w-lg\/main:[--thread-content-max-width:48rem] mx-auto max-w-(--thread-content-max-width) flex-1 group\/turn-messages focus-visible:outline-hidden relative flex w-full min-w-0 flex-col agent-turn\">\n<div class=\"flex max-w-full flex-col gap-4 grow\">\n<div class=\"min-h-8 text-message relative flex w-full flex-col items-end gap-2 text-start break-words whitespace-normal outline-none keyboard-focused:focus-ring [.text-message+&amp;]:mt-1\" dir=\"auto\" tabindex=\"0\" data-message-author-role=\"assistant\" data-message-id=\"18e4cf84-56df-4173-bba9-2ae3d6ea9b9f\" data-turn-start-message=\"true\" data-message-model-slug=\"gpt-5-4-thinking\">\n<div class=\"flex w-full flex-col gap-1 empty:hidden\">\n<div class=\"markdown prose dark:prose-invert w-full wrap-break-word light markdown-new-styling\">\n<p data-start=\"49\" data-end=\"414\">Xhinse baggy me stil modern dhe relaxed fit, t\u00eb dizajnuara p\u00ebr rehati maksimale dhe pamje urbane premium. Ngjyra blue washed me efekt t\u00eb leht\u00eb faded i jep produktit nj\u00eb look trendi dhe shum\u00eb t\u00eb kombinuesh\u00ebm p\u00ebr p\u00ebrditshm\u00ebri. Prerja e gj\u00ebr\u00eb n\u00eb k\u00ebmb\u00eb e b\u00ebn k\u00ebt\u00eb model ideal p\u00ebr outfit casual, streetwear dhe kombinime me t-shirt, k\u00ebmish\u00eb apo atlete.<\/p>\n<p data-start=\"416\" data-end=\"596\">Materiali i xhinsit ofron ndjesi komode dhe q\u00ebndrueshm\u00ebri, nd\u00ebrsa dizajni i past\u00ebr e b\u00ebn k\u00ebt\u00eb pal\u00eb xhinse nj\u00eb zgjedhje perfekte p\u00ebr nj\u00eb paraqitje t\u00eb lirshme, moderne dhe plot stil.<\/p>\n<p data-start=\"598\" data-end=\"617\"><strong data-start=\"598\" data-end=\"615\">Key Features:<\/strong><\/p>\n<ul data-start=\"618\" data-end=\"773\" data-is-last-node=\"\" data-is-only-node=\"\">\n<li data-section-id=\"zsjydi\" data-start=\"618\" data-end=\"637\">Model baggy fit<\/li>\n<li data-section-id=\"1y8jo7t\" data-start=\"638\" data-end=\"660\">Ngjyr\u00eb blue washed<\/li>\n<li data-section-id=\"ns95c0\" data-start=\"661\" data-end=\"686\">Stil urban dhe casual<\/li>\n<li data-section-id=\"1j1so6v\" data-start=\"687\" data-end=\"723\">Material i rehatsh\u00ebm dhe cil\u00ebsor<\/li>\n<li data-section-id=\"1ik2bzr\" data-start=\"724\" data-end=\"746\">Leht\u00eb p\u00ebr kombinim<\/li>\n<li data-section-id=\"1qxxfuw\" data-start=\"747\" data-end=\"773\" data-is-last-node=\"\">Pamje moderne dhe trendi<\/li>\n<\/ul>\n<\/div>\n<\/div>\n<\/div>\n<\/div>\n<div class=\"z-0 flex min-h-[46px] justify-start\"><\/div>\n<\/div>\n<\/div>\n<\/section>\n<\/div>\n<div class=\"pointer-events-none h-px w-px absolute bottom-0\" aria-hidden=\"true\" data-edge=\"true\"><\/div>","protected":false},"excerpt":{"rendered":"<p>Xhinse baggy me stil modern dhe relaxed fit, t\u00eb dizajnuara p\u00ebr rehati maksimale dhe pamje urbane premium. Ngjyra blue washed me efekt t\u00eb leht\u00eb faded i jep produktit nj\u00eb look trendi dhe shum\u00eb t\u00eb kombinuesh\u00ebm p\u00ebr p\u00ebrditshm\u00ebri. Prerja e gj\u00ebr\u00eb n\u00eb k\u00ebmb\u00eb e b\u00ebn k\u00ebt\u00eb model ideal p\u00ebr outfit casual, streetwear dhe kombinime me t-shirt, [&hellip;]<\/p>","protected":false},"featured_media":16687,"comment_status":"open","ping_status":"closed","template":"","meta":[],"product_brand":[],"product_cat":[709,27],"product_tag":[],"class_list":{"0":"post-16679","1":"product","2":"type-product","3":"status-publish","4":"has-post-thumbnail","6":"product_cat-baggy-jeans","7":"product_cat-jeans","9":"first","10":"instock","11":"taxable","12":"shipping-taxable","13":"purchasable","14":"product-type-variable"},"jetpack_sharing_enabled":true,"_links":{"self":[{"href":"https:\/\/urban-clothingstore.com\/en\/wp-json\/wp\/v2\/product\/16679","targetHints":{"allow":["GET"]}}],"collection":[{"href":"https:\/\/urban-clothingstore.com\/en\/wp-json\/wp\/v2\/product"}],"about":[{"href":"https:\/\/urban-clothingstore.com\/en\/wp-json\/wp\/v2\/types\/product"}],"replies":[{"embeddable":true,"href":"https:\/\/urban-clothingstore.com\/en\/wp-json\/wp\/v2\/comments?post=16679"}],"wp:featuredmedia":[{"embeddable":true,"href":"https:\/\/urban-clothingstore.com\/en\/wp-json\/wp\/v2\/media\/16687"}],"wp:attachment":[{"href":"https:\/\/urban-clothingstore.com\/en\/wp-json\/wp\/v2\/media?parent=16679"}],"wp:term":[{"taxonomy":"product_brand","embeddable":true,"href":"https:\/\/urban-clothingstore.com\/en\/wp-json\/wp\/v2\/product_brand?post=16679"},{"taxonomy":"product_cat","embeddable":true,"href":"https:\/\/urban-clothingstore.com\/en\/wp-json\/wp\/v2\/product_cat?post=16679"},{"taxonomy":"product_tag","embeddable":true,"href":"https:\/\/urban-clothingstore.com\/en\/wp-json\/wp\/v2\/product_tag?post=16679"}],"curies":[{"name":"wp","href":"https:\/\/api.w.org\/{rel}","templated":true}]}}