{"id":16688,"date":"2026-04-05T11:06:33","date_gmt":"2026-04-05T11:06:33","guid":{"rendered":"https:\/\/urban-clothingstore.com\/?post_type=product&#038;p=16688"},"modified":"2026-04-05T11:06:33","modified_gmt":"2026-04-05T11:06:33","slug":"xhinse-te-zeza-casual-me-prerje-te-drejte-straight-fit","status":"publish","type":"product","link":"https:\/\/urban-clothingstore.com\/en\/product\/xhinse-te-zeza-casual-me-prerje-te-drejte-straight-fit\/","title":{"rendered":"Xhinse t\u00eb zeza casual me prerje t\u00eb drejt\u00eb (Straight Fit)"},"content":{"rendered":"<div class=\"text-base my-auto mx-auto [--thread-content-margin:var(--thread-content-margin-xs,calc(var(--spacing)*4))] @w-sm\/main:[--thread-content-margin:var(--thread-content-margin-sm,calc(var(--spacing)*6))] @w-lg\/main:[--thread-content-margin:var(--thread-content-margin-lg,calc(var(--spacing)*16))] px-(--thread-content-margin)\">\n<div class=\"[--thread-content-max-width:40rem] @w-lg\/main:[--thread-content-max-width:48rem] mx-auto max-w-(--thread-content-max-width) flex-1 group\/turn-messages focus-visible:outline-hidden relative flex w-full min-w-0 flex-col agent-turn\">\n<div class=\"flex max-w-full flex-col gap-4 grow\">\n<div class=\"min-h-8 text-message relative flex w-full flex-col items-end gap-2 text-start break-words whitespace-normal outline-none keyboard-focused:focus-ring [.text-message+&amp;]:mt-1\" dir=\"auto\" data-message-author-role=\"assistant\" data-message-id=\"0e37e345-1470-450d-838a-21720214c44b\" data-message-model-slug=\"gpt-5-3\">\n<div class=\"flex w-full flex-col gap-1 empty:hidden\">\n<div class=\"markdown prose dark:prose-invert w-full wrap-break-word dark markdown-new-styling\">\n<p data-start=\"85\" data-end=\"522\" data-is-last-node=\"\" data-is-only-node=\"\">K\u00ebto xhinse moderne n\u00eb ngjyr\u00eb t\u00eb zez\u00eb t\u00eb zbehur jan\u00eb zgjedhja ideale p\u00ebr nj\u00eb stil t\u00eb p\u00ebrditsh\u00ebm dhe urban. Me prerje t\u00eb drejt\u00eb (straight fit), ato ofrojn\u00eb rehati dhe liri l\u00ebvizjeje gjat\u00eb gjith\u00eb dit\u00ebs. Materiali cil\u00ebsor i denim-it siguron q\u00ebndrueshm\u00ebri dhe nj\u00eb pamje elegante, nd\u00ebrsa efekti i leht\u00eb \u201cwashed\u201d i jep nj\u00eb stil trendi. Kombinohen leht\u00ebsisht me bluza t\u00eb thjeshta dhe atlete p\u00ebr nj\u00eb look casual dhe t\u00eb fresk\u00ebt.<\/p>\n<\/div>\n<\/div>\n<\/div>\n<\/div>\n<div class=\"z-0 flex min-h-[46px] justify-start\">\n<div class=\"flex flex-col text-sm pb-25\">\n<section class=\"text-token-text-primary w-full focus:outline-none [--shadow-height:45px] has-data-writing-block:pointer-events-none has-data-writing-block:-mt-(--shadow-height) has-data-writing-block:pt-(--shadow-height) [&amp;:has([data-writing-block])&gt;*]:pointer-events-auto scroll-mt-[calc(var(--header-height)+min(200px,max(70px,20svh)))]\" dir=\"auto\" data-turn-id=\"request-WEB:dfc7f090-6135-47aa-b8a2-2dc65d55159c-1\" data-testid=\"conversation-turn-4\" data-scroll-anchor=\"true\" data-turn=\"assistant\">\n<div class=\"text-base my-auto mx-auto pb-10 [--thread-content-margin:var(--thread-content-margin-xs,calc(var(--spacing)*4))] @w-sm\/main:[--thread-content-margin:var(--thread-content-margin-sm,calc(var(--spacing)*6))] @w-lg\/main:[--thread-content-margin:var(--thread-content-margin-lg,calc(var(--spacing)*16))] px-(--thread-content-margin)\">\n<div class=\"[--thread-content-max-width:40rem] @w-lg\/main:[--thread-content-max-width:48rem] mx-auto max-w-(--thread-content-max-width) flex-1 group\/turn-messages focus-visible:outline-hidden relative flex w-full min-w-0 flex-col agent-turn\">\n<div class=\"flex max-w-full flex-col gap-4 grow\">\n<div class=\"min-h-8 text-message relative flex w-full flex-col items-end gap-2 text-start break-words whitespace-normal outline-none keyboard-focused:focus-ring [.text-message+&amp;]:mt-1\" dir=\"auto\" tabindex=\"0\" data-message-author-role=\"assistant\" data-message-id=\"b62046b5-d6ae-42a3-9c2e-cf1c531d5a41\" data-message-model-slug=\"gpt-5-3\" data-turn-start-message=\"true\">\n<div class=\"flex w-full flex-col gap-1 empty:hidden\">\n<div class=\"markdown prose dark:prose-invert w-full wrap-break-word dark markdown-new-styling\">\n<ul data-start=\"20\" data-end=\"346\" data-is-last-node=\"\" data-is-only-node=\"\">\n<li data-section-id=\"5mgo5b\" data-start=\"20\" data-end=\"75\">Prerje e drejt\u00eb (Straight Fit) p\u00ebr rehati maksimale<\/li>\n<li data-section-id=\"1p46484\" data-start=\"76\" data-end=\"120\">Material denim cil\u00ebsor dhe i q\u00ebndruesh\u00ebm<\/li>\n<li data-section-id=\"1odspv\" data-start=\"121\" data-end=\"163\">Ngjyr\u00eb e zez\u00eb me efekt \u201cwashed\u201d modern<\/li>\n<li data-section-id=\"4epyyj\" data-start=\"164\" data-end=\"223\">Dizajn casual i p\u00ebrshtatsh\u00ebm p\u00ebr p\u00ebrdorim t\u00eb p\u00ebrditsh\u00ebm<\/li>\n<li data-section-id=\"1rlzjft\" data-start=\"224\" data-end=\"279\">Kombinohen leht\u00ebsisht me stile t\u00eb ndryshme veshjeje<\/li>\n<li data-section-id=\"1tz4ng0\" data-start=\"280\" data-end=\"323\">Xhepa funksional\u00eb p\u00ebr praktik\u00eb dhe stil<\/li>\n<li data-section-id=\"plt6lc\" data-start=\"324\" data-end=\"346\" data-is-last-node=\"\">Ideale p\u00ebr \u00e7do sezon<\/li>\n<\/ul>\n<\/div>\n<\/div>\n<\/div>\n<\/div>\n<\/div>\n<\/div>\n<\/section>\n<\/div>\n<\/div>\n<\/div>\n<\/div>","protected":false},"excerpt":{"rendered":"<p>K\u00ebto xhinse moderne n\u00eb ngjyr\u00eb t\u00eb zez\u00eb t\u00eb zbehur jan\u00eb zgjedhja ideale p\u00ebr nj\u00eb stil t\u00eb p\u00ebrditsh\u00ebm dhe urban. Me prerje t\u00eb drejt\u00eb (straight fit), ato ofrojn\u00eb rehati dhe liri l\u00ebvizjeje gjat\u00eb gjith\u00eb dit\u00ebs. Materiali cil\u00ebsor i denim-it siguron q\u00ebndrueshm\u00ebri dhe nj\u00eb pamje elegante, nd\u00ebrsa efekti i leht\u00eb \u201cwashed\u201d i jep nj\u00eb stil trendi. Kombinohen [&hellip;]<\/p>","protected":false},"featured_media":16689,"comment_status":"open","ping_status":"closed","template":"","meta":[],"product_brand":[],"product_cat":[27],"product_tag":[858,857,856],"class_list":{"0":"post-16688","1":"product","2":"type-product","3":"status-publish","4":"has-post-thumbnail","6":"product_cat-jeans","7":"product_tag-ngjyre-e-zeze-me-efekt-washed-modern","8":"product_tag-ombinohen-lehtesisht-me-stile-te-ndryshme-veshjeje","9":"product_tag-xhinse-te-zeza-casual","11":"first","12":"instock","13":"taxable","14":"shipping-taxable","15":"purchasable","16":"product-type-variable"},"jetpack_sharing_enabled":true,"_links":{"self":[{"href":"https:\/\/urban-clothingstore.com\/en\/wp-json\/wp\/v2\/product\/16688","targetHints":{"allow":["GET"]}}],"collection":[{"href":"https:\/\/urban-clothingstore.com\/en\/wp-json\/wp\/v2\/product"}],"about":[{"href":"https:\/\/urban-clothingstore.com\/en\/wp-json\/wp\/v2\/types\/product"}],"replies":[{"embeddable":true,"href":"https:\/\/urban-clothingstore.com\/en\/wp-json\/wp\/v2\/comments?post=16688"}],"wp:featuredmedia":[{"embeddable":true,"href":"https:\/\/urban-clothingstore.com\/en\/wp-json\/wp\/v2\/media\/16689"}],"wp:attachment":[{"href":"https:\/\/urban-clothingstore.com\/en\/wp-json\/wp\/v2\/media?parent=16688"}],"wp:term":[{"taxonomy":"product_brand","embeddable":true,"href":"https:\/\/urban-clothingstore.com\/en\/wp-json\/wp\/v2\/product_brand?post=16688"},{"taxonomy":"product_cat","embeddable":true,"href":"https:\/\/urban-clothingstore.com\/en\/wp-json\/wp\/v2\/product_cat?post=16688"},{"taxonomy":"product_tag","embeddable":true,"href":"https:\/\/urban-clothingstore.com\/en\/wp-json\/wp\/v2\/product_tag?post=16688"}],"curies":[{"name":"wp","href":"https:\/\/api.w.org\/{rel}","templated":true}]}}