{"id":16702,"date":"2026-04-05T16:20:58","date_gmt":"2026-04-05T16:20:58","guid":{"rendered":"https:\/\/urban-clothingstore.com\/?post_type=product&#038;p=16702"},"modified":"2026-04-05T16:21:50","modified_gmt":"2026-04-05T16:21:50","slug":"kostum-elegant-me-vija-te-holla-pinstripe-dizajn-modern-double-breasted","status":"publish","type":"product","link":"https:\/\/urban-clothingstore.com\/en\/product\/kostum-elegant-me-vija-te-holla-pinstripe-dizajn-modern-double-breasted\/","title":{"rendered":"Kostum Elegant me Vija t\u00eb Holla (Pinstripe) \u2013 Dizajn Modern Double-Breasted"},"content":{"rendered":"<p data-start=\"104\" data-end=\"526\">Ky kostum elegant me vija t\u00eb holla \u00ebsht\u00eb zgjedhja perfekte p\u00ebr meshkujt q\u00eb k\u00ebrkojn\u00eb nj\u00eb pamje t\u00eb sofistikuar dhe moderne. Dizajni double-breasted me kopsa metalike i jep nj\u00eb stil klasik t\u00eb rifreskuar, nd\u00ebrsa prerja slim-fit thekson linjat trupore p\u00ebr nj\u00eb paraqitje t\u00eb past\u00ebr dhe t\u00eb rafinuar. I kombinuar me nj\u00eb k\u00ebmish\u00eb t\u00eb zez\u00eb, ky kostum \u00ebsht\u00eb ideal p\u00ebr evente formale, takime biznesi apo dalje elegante.<\/p>\n<p data-start=\"528\" data-end=\"572\"><strong data-start=\"528\" data-end=\"572\">Karakteristikat kryesore (Key Features):<\/strong><\/p>\n<ul data-start=\"573\" data-end=\"932\">\n<li data-section-id=\"1781vge\" data-start=\"573\" data-end=\"641\">\u2714 Dizajn me vija t\u00eb holla (pinstripe) p\u00ebr stil klasik dhe modern<\/li>\n<li data-section-id=\"1kxcz0h\" data-start=\"642\" data-end=\"688\">\u2714 Prerje slim-fit p\u00ebr nj\u00eb siluet\u00eb elegante<\/li>\n<li data-section-id=\"cpji57\" data-start=\"689\" data-end=\"746\">\u2714 Xhaket\u00eb double-breasted me kopsa dekorative premium<\/li>\n<li data-section-id=\"1w4l70i\" data-start=\"747\" data-end=\"817\">\u2714 Material cil\u00ebsor p\u00ebr rehati dhe q\u00ebndrueshm\u00ebri gjat\u00eb gjith\u00eb dit\u00ebs<\/li>\n<li data-section-id=\"1f52w8b\" data-start=\"818\" data-end=\"865\">\u2714 Xhepa funksional\u00eb dhe detaje t\u00eb rafinuara<\/li>\n<li data-section-id=\"rft81o\" data-start=\"866\" data-end=\"932\">\u2714 I p\u00ebrshtatsh\u00ebm p\u00ebr evente formale, biznes dhe raste speciale<\/li>\n<\/ul>","protected":false},"excerpt":{"rendered":"<p>Ky kostum elegant me vija t\u00eb holla \u00ebsht\u00eb zgjedhja perfekte p\u00ebr meshkujt q\u00eb k\u00ebrkojn\u00eb nj\u00eb pamje t\u00eb sofistikuar dhe moderne. Dizajni double-breasted me kopsa metalike i jep nj\u00eb stil klasik t\u00eb rifreskuar, nd\u00ebrsa prerja slim-fit thekson linjat trupore p\u00ebr nj\u00eb paraqitje t\u00eb past\u00ebr dhe t\u00eb rafinuar. I kombinuar me nj\u00eb k\u00ebmish\u00eb t\u00eb zez\u00eb, ky kostum [&hellip;]<\/p>","protected":false},"featured_media":16709,"comment_status":"open","ping_status":"closed","template":"","meta":[],"product_brand":[],"product_cat":[108],"product_tag":[80,859,594,668,57],"class_list":{"0":"post-16702","1":"product","2":"type-product","3":"status-publish","4":"has-post-thumbnail","6":"product_cat-suit","7":"product_tag-elegant","8":"product_tag-kosum","9":"product_tag-me-vija","10":"product_tag-per-meshkuj","11":"product_tag-slimfit","13":"first","14":"instock","15":"taxable","16":"shipping-taxable","17":"purchasable","18":"product-type-variable"},"jetpack_sharing_enabled":true,"_links":{"self":[{"href":"https:\/\/urban-clothingstore.com\/en\/wp-json\/wp\/v2\/product\/16702","targetHints":{"allow":["GET"]}}],"collection":[{"href":"https:\/\/urban-clothingstore.com\/en\/wp-json\/wp\/v2\/product"}],"about":[{"href":"https:\/\/urban-clothingstore.com\/en\/wp-json\/wp\/v2\/types\/product"}],"replies":[{"embeddable":true,"href":"https:\/\/urban-clothingstore.com\/en\/wp-json\/wp\/v2\/comments?post=16702"}],"wp:featuredmedia":[{"embeddable":true,"href":"https:\/\/urban-clothingstore.com\/en\/wp-json\/wp\/v2\/media\/16709"}],"wp:attachment":[{"href":"https:\/\/urban-clothingstore.com\/en\/wp-json\/wp\/v2\/media?parent=16702"}],"wp:term":[{"taxonomy":"product_brand","embeddable":true,"href":"https:\/\/urban-clothingstore.com\/en\/wp-json\/wp\/v2\/product_brand?post=16702"},{"taxonomy":"product_cat","embeddable":true,"href":"https:\/\/urban-clothingstore.com\/en\/wp-json\/wp\/v2\/product_cat?post=16702"},{"taxonomy":"product_tag","embeddable":true,"href":"https:\/\/urban-clothingstore.com\/en\/wp-json\/wp\/v2\/product_tag?post=16702"}],"curies":[{"name":"wp","href":"https:\/\/api.w.org\/{rel}","templated":true}]}}