{"id":16743,"date":"2026-04-05T21:15:43","date_gmt":"2026-04-05T21:15:43","guid":{"rendered":"https:\/\/urban-clothingstore.com\/?post_type=product&#038;p=16743"},"modified":"2026-04-05T21:15:43","modified_gmt":"2026-04-05T21:15:43","slug":"kostum-double-breasted-grey-texture-premium","status":"publish","type":"product","link":"https:\/\/urban-clothingstore.com\/en\/product\/kostum-double-breasted-grey-texture-premium\/","title":{"rendered":"Kostum Double-Breasted Grey Texture Premium"},"content":{"rendered":"<div class=\"flex flex-col text-sm pb-25\">\n<section class=\"text-token-text-primary w-full focus:outline-none [--shadow-height:45px] has-data-writing-block:pointer-events-none has-data-writing-block:-mt-(--shadow-height) has-data-writing-block:pt-(--shadow-height) [&amp;:has([data-writing-block])&gt;*]:pointer-events-auto scroll-mt-[calc(var(--header-height)+min(200px,max(70px,20svh)))]\" dir=\"auto\" data-turn-id=\"request-WEB:27854984-f2ad-4ea4-ade9-f9aa62fdc1d0-3\" data-testid=\"conversation-turn-8\" data-scroll-anchor=\"true\" data-turn=\"assistant\">\n<div class=\"text-base my-auto mx-auto pb-10 [--thread-content-margin:var(--thread-content-margin-xs,calc(var(--spacing)*4))] @w-sm\/main:[--thread-content-margin:var(--thread-content-margin-sm,calc(var(--spacing)*6))] @w-lg\/main:[--thread-content-margin:var(--thread-content-margin-lg,calc(var(--spacing)*16))] px-(--thread-content-margin)\">\n<div class=\"[--thread-content-max-width:40rem] @w-lg\/main:[--thread-content-max-width:48rem] mx-auto max-w-(--thread-content-max-width) flex-1 group\/turn-messages focus-visible:outline-hidden relative flex w-full min-w-0 flex-col agent-turn\">\n<div class=\"flex max-w-full flex-col gap-4 grow\">\n<div class=\"min-h-8 text-message relative flex w-full flex-col items-end gap-2 text-start break-words whitespace-normal outline-none keyboard-focused:focus-ring [.text-message+&amp;]:mt-1\" dir=\"auto\" tabindex=\"0\" data-message-author-role=\"assistant\" data-message-id=\"9ad765f1-c7b1-43ca-828a-5e672788006e\" data-message-model-slug=\"gpt-5-4-thinking\" data-turn-start-message=\"true\">\n<div class=\"flex w-full flex-col gap-1 empty:hidden\">\n<div class=\"markdown prose dark:prose-invert w-full wrap-break-word dark markdown-new-styling\">\n<p data-start=\"60\" data-end=\"425\">Nj\u00eb kostum q\u00eb kombinon fuqin\u00eb e stilit klasik me eleganc\u00ebn moderne urbane. Ky model grey me tekstur\u00eb premium \u00ebsht\u00eb krijuar p\u00ebr mashkullin q\u00eb k\u00ebrkon t\u00eb duket i sofistikuar, i rregullt dhe me prezenc\u00eb t\u00eb fort\u00eb n\u00eb \u00e7do ambient. Dizajni double-breasted me prerje elegante dhe struktur\u00eb t\u00eb past\u00ebr i jep outfit-it nj\u00eb pamje luksoze dhe shum\u00eb t\u00eb rafinuar.<\/p>\n<p data-start=\"427\" data-end=\"768\">Ngjyra gri me nuanc\u00eb premium e b\u00ebn k\u00ebt\u00eb kostum tep\u00ebr t\u00eb leht\u00eb p\u00ebr t\u2019u kombinuar, nd\u00ebrsa tekstura e materialit i shton thell\u00ebsi dhe karakter t\u00eb ve\u00e7ant\u00eb. I p\u00ebrshtatsh\u00ebm p\u00ebr evente, mbr\u00ebmje speciale, takime biznesi apo dalje elegante, ky kostum \u00ebsht\u00eb zgjedhja ideale p\u00ebr ata q\u00eb duan t\u00eb transmetojn\u00eb vet\u00ebbesim, klas dhe stil t\u00eb nivelit t\u00eb lart\u00eb.<\/p>\n<ul data-start=\"790\" data-end=\"1112\">\n<li data-section-id=\"99rnk4\" data-start=\"790\" data-end=\"829\">Kostum premium me tekstur\u00eb elegante<\/li>\n<li data-section-id=\"1fkst2n\" data-start=\"830\" data-end=\"863\">Dizajn double-breasted modern<\/li>\n<li data-section-id=\"jjkef0\" data-start=\"864\" data-end=\"915\">Ngjyr\u00eb gri sofisticuar dhe e leht\u00eb p\u00ebr kombinim<\/li>\n<li data-section-id=\"d9uqfz\" data-start=\"916\" data-end=\"955\">Prerje e rregullt dhe pamje luksoze<\/li>\n<li data-section-id=\"1edyigu\" data-start=\"956\" data-end=\"1002\">Ideal p\u00ebr evente formale dhe smart-elegant<\/li>\n<li data-section-id=\"954a3g\" data-start=\"1003\" data-end=\"1069\">Kombinohet n\u00eb m\u00ebnyr\u00eb perfekte me k\u00ebmish\u00eb t\u00eb zez\u00eb ose t\u00eb bardh\u00eb<\/li>\n<li data-section-id=\"1skweem\" data-start=\"1070\" data-end=\"1112\">Stil i fort\u00eb, modern dhe shum\u00eb premium<\/li>\n<\/ul>\n<p data-start=\"1114\" data-end=\"1375\" data-is-last-node=\"\" data-is-only-node=\"\">Ky nuk \u00ebsht\u00eb thjesht nj\u00eb kostum, \u00ebsht\u00eb prezenc\u00eb. Me prerje t\u00eb mpreht\u00eb, tekstur\u00eb premium dhe dizajn double-breasted, ky model \u00ebsht\u00eb krijuar p\u00ebr mashkullin q\u00eb do t\u00eb dominoj\u00eb pamjen me klas, vet\u00ebbesim dhe nivel tjet\u00ebr elegance.<\/p>\n<\/div>\n<\/div>\n<\/div>\n<\/div>\n<div class=\"z-0 flex min-h-[46px] justify-start\"><\/div>\n<div class=\"mt-3 w-full empty:hidden\">\n<div class=\"text-center\"><\/div>\n<\/div>\n<\/div>\n<\/div>\n<\/section>\n<\/div>\n<div class=\"pointer-events-none h-px w-px absolute bottom-0\" aria-hidden=\"true\" data-edge=\"true\"><\/div>","protected":false},"excerpt":{"rendered":"<p>Nj\u00eb kostum q\u00eb kombinon fuqin\u00eb e stilit klasik me eleganc\u00ebn moderne urbane. Ky model grey me tekstur\u00eb premium \u00ebsht\u00eb krijuar p\u00ebr mashkullin q\u00eb k\u00ebrkon t\u00eb duket i sofistikuar, i rregullt dhe me prezenc\u00eb t\u00eb fort\u00eb n\u00eb \u00e7do ambient. Dizajni double-breasted me prerje elegante dhe struktur\u00eb t\u00eb past\u00ebr i jep outfit-it nj\u00eb pamje luksoze dhe shum\u00eb [&hellip;]<\/p>","protected":false},"featured_media":16744,"comment_status":"open","ping_status":"closed","template":"","meta":[],"product_brand":[],"product_cat":[108],"product_tag":[80,673,668,57],"class_list":{"0":"post-16743","1":"product","2":"type-product","3":"status-publish","4":"has-post-thumbnail","6":"product_cat-suit","7":"product_tag-elegant","8":"product_tag-kostum","9":"product_tag-per-meshkuj","10":"product_tag-slimfit","12":"first","13":"instock","14":"taxable","15":"shipping-taxable","16":"purchasable","17":"product-type-variable"},"jetpack_sharing_enabled":true,"_links":{"self":[{"href":"https:\/\/urban-clothingstore.com\/en\/wp-json\/wp\/v2\/product\/16743","targetHints":{"allow":["GET"]}}],"collection":[{"href":"https:\/\/urban-clothingstore.com\/en\/wp-json\/wp\/v2\/product"}],"about":[{"href":"https:\/\/urban-clothingstore.com\/en\/wp-json\/wp\/v2\/types\/product"}],"replies":[{"embeddable":true,"href":"https:\/\/urban-clothingstore.com\/en\/wp-json\/wp\/v2\/comments?post=16743"}],"wp:featuredmedia":[{"embeddable":true,"href":"https:\/\/urban-clothingstore.com\/en\/wp-json\/wp\/v2\/media\/16744"}],"wp:attachment":[{"href":"https:\/\/urban-clothingstore.com\/en\/wp-json\/wp\/v2\/media?parent=16743"}],"wp:term":[{"taxonomy":"product_brand","embeddable":true,"href":"https:\/\/urban-clothingstore.com\/en\/wp-json\/wp\/v2\/product_brand?post=16743"},{"taxonomy":"product_cat","embeddable":true,"href":"https:\/\/urban-clothingstore.com\/en\/wp-json\/wp\/v2\/product_cat?post=16743"},{"taxonomy":"product_tag","embeddable":true,"href":"https:\/\/urban-clothingstore.com\/en\/wp-json\/wp\/v2\/product_tag?post=16743"}],"curies":[{"name":"wp","href":"https:\/\/api.w.org\/{rel}","templated":true}]}}