{"id":16829,"date":"2026-04-08T11:04:48","date_gmt":"2026-04-08T11:04:48","guid":{"rendered":"https:\/\/urban-clothingstore.com\/?post_type=product&#038;p=16829"},"modified":"2026-04-08T11:04:48","modified_gmt":"2026-04-08T11:04:48","slug":"essential-ribbed-polo-collection","status":"publish","type":"product","link":"https:\/\/urban-clothingstore.com\/en\/product\/essential-ribbed-polo-collection\/","title":{"rendered":"\u201cEssential Ribbed Polo Collection\u201d"},"content":{"rendered":"<div class=\"flex flex-col text-sm pb-25\">\n<section class=\"text-token-text-primary w-full focus:outline-none [--shadow-height:45px] has-data-writing-block:pointer-events-none has-data-writing-block:-mt-(--shadow-height) has-data-writing-block:pt-(--shadow-height) [&amp;:has([data-writing-block])&gt;*]:pointer-events-auto scroll-mt-[calc(var(--header-height)+min(200px,max(70px,20svh)))]\" dir=\"auto\" data-turn-id=\"request-WEB:cf18bc19-8214-4ba9-80bc-9d4bdcb14f35-1\" data-testid=\"conversation-turn-4\" data-scroll-anchor=\"true\" data-turn=\"assistant\">\n<div class=\"text-base my-auto mx-auto pb-10 [--thread-content-margin:var(--thread-content-margin-xs,calc(var(--spacing)*4))] @w-sm\/main:[--thread-content-margin:var(--thread-content-margin-sm,calc(var(--spacing)*6))] @w-lg\/main:[--thread-content-margin:var(--thread-content-margin-lg,calc(var(--spacing)*16))] px-(--thread-content-margin)\">\n<div class=\"[--thread-content-max-width:40rem] @w-lg\/main:[--thread-content-max-width:48rem] mx-auto max-w-(--thread-content-max-width) flex-1 group\/turn-messages focus-visible:outline-hidden relative flex w-full min-w-0 flex-col agent-turn\">\n<div class=\"flex max-w-full flex-col gap-4 grow\">\n<div class=\"min-h-8 text-message relative flex w-full flex-col items-end gap-2 text-start break-words whitespace-normal outline-none keyboard-focused:focus-ring [.text-message+&amp;]:mt-1\" dir=\"auto\" tabindex=\"0\" data-message-author-role=\"assistant\" data-message-id=\"116943d0-115c-4185-a768-bb9827d70975\" data-message-model-slug=\"gpt-5-3\" data-turn-start-message=\"true\">\n<div class=\"flex w-full flex-col gap-1 empty:hidden\">\n<div class=\"markdown prose dark:prose-invert w-full wrap-break-word dark markdown-new-styling\">\n<p data-start=\"67\" data-end=\"434\">Essential Ribbed Polo Collection p\u00ebrfaq\u00ebson nj\u00eb kombinim t\u00eb rafinuar mes dizajnit bashk\u00ebkohor dhe funksionalitetit t\u00eb p\u00ebrditsh\u00ebm. E krijuar p\u00ebr mashkullin modern q\u00eb vler\u00ebson eleganc\u00ebn e thjesht\u00eb, kjo linj\u00eb polo-sh karakterizohet nga tekstura ribbed e punuar me precizion, e cila shton thell\u00ebsi vizuale dhe nj\u00eb ndjesi premium n\u00eb prekje.<\/p>\n<p data-start=\"436\" data-end=\"810\">Prerja slim-fit \u00ebsht\u00eb projektuar p\u00ebr t\u00eb theksuar siluet\u00ebn n\u00eb m\u00ebnyr\u00eb natyrale, duke ofruar nj\u00eb balanc\u00eb optimale mes komoditetit dhe stilit t\u00eb strukturuar. Materialet cil\u00ebsore me p\u00ebrmbajtje elastike sigurojn\u00eb fleksibilitet, frym\u00ebmarrje dhe rezistenc\u00eb ndaj konsumit, duke e b\u00ebr\u00eb k\u00ebt\u00eb koleksion t\u00eb p\u00ebrshtatsh\u00ebm si p\u00ebr p\u00ebrdorim t\u00eb p\u00ebrditsh\u00ebm ashtu edhe p\u00ebr raste m\u00eb t\u00eb kuruara.<\/p>\n<p data-start=\"812\" data-end=\"1000\">Paleta e zgjedhur me kujdes \u2013 e zez\u00eb klasike, e bardh\u00eb e past\u00ebr, bezh\u00eb e ngroht\u00eb, blu navy dhe gri neutrale \u2013 garanton versatilitet maksimal dhe kombinim t\u00eb leht\u00eb me \u00e7do gard\u00ebrob\u00eb moderne.<\/p>\n<hr data-start=\"1002\" data-end=\"1005\" \/>\n<p data-start=\"1007\" data-end=\"1024\"><strong data-start=\"1007\" data-end=\"1024\">Key Features:<\/strong><\/p>\n<ul data-start=\"1025\" data-end=\"1701\" data-is-last-node=\"\" data-is-only-node=\"\">\n<li data-section-id=\"1r51x5j\" data-start=\"1025\" data-end=\"1115\"><strong data-start=\"1027\" data-end=\"1053\">Premium Ribbed Fabric:<\/strong> Tekstur\u00eb e rafinuar q\u00eb shton dimension dhe eleganc\u00eb vizuale<\/li>\n<li data-section-id=\"10bfgff\" data-start=\"1116\" data-end=\"1192\"><strong data-start=\"1118\" data-end=\"1141\">Slim-Fit Tailoring:<\/strong> Prerje moderne q\u00eb p\u00ebrshtatet natyrsh\u00ebm me trupin<\/li>\n<li data-section-id=\"kl6yzo\" data-start=\"1193\" data-end=\"1305\"><strong data-start=\"1195\" data-end=\"1229\">Breathable &amp; Stretch Material:<\/strong> Material i leht\u00eb, elastik dhe i rehatsh\u00ebm p\u00ebr p\u00ebrdorim gjat\u00eb gjith\u00eb dit\u00ebs<\/li>\n<li data-section-id=\"1sx61su\" data-start=\"1306\" data-end=\"1377\"><strong data-start=\"1308\" data-end=\"1330\">Versatile Styling:<\/strong> Ideale p\u00ebr kombinime casual dhe smart-casual<\/li>\n<li data-section-id=\"1n139xd\" data-start=\"1378\" data-end=\"1464\"><strong data-start=\"1380\" data-end=\"1406\">Refined Collar Design:<\/strong> Jak\u00eb e strukturuar p\u00ebr nj\u00eb pamje t\u00eb past\u00ebr dhe elegante<\/li>\n<li data-section-id=\"m7uno1\" data-start=\"1465\" data-end=\"1555\"><strong data-start=\"1467\" data-end=\"1500\">Durability &amp; Shape Retention:<\/strong> Ruajtje e form\u00ebs dhe cil\u00ebsis\u00eb edhe pas shum\u00eb larjeve<\/li>\n<li data-section-id=\"7y1563\" data-start=\"1556\" data-end=\"1630\"><strong data-start=\"1558\" data-end=\"1585\">Timeless Color Palette:<\/strong> Ngjyra klasike q\u00eb nuk dalin kurr\u00eb nga moda<\/li>\n<li data-section-id=\"11ruk9j\" data-start=\"1631\" data-end=\"1701\" data-is-last-node=\"\"><strong data-start=\"1633\" data-end=\"1653\">All-Season Wear:<\/strong> E p\u00ebrshtatshme p\u00ebr \u00e7do sezon dhe rast p\u00ebrdorimi<\/li>\n<\/ul>\n<\/div>\n<\/div>\n<\/div>\n<\/div>\n<\/div>\n<\/div>\n<\/section>\n<\/div>","protected":false},"excerpt":{"rendered":"<p>Essential Ribbed Polo Collection p\u00ebrfaq\u00ebson nj\u00eb kombinim t\u00eb rafinuar mes dizajnit bashk\u00ebkohor dhe funksionalitetit t\u00eb p\u00ebrditsh\u00ebm. E krijuar p\u00ebr mashkullin modern q\u00eb vler\u00ebson eleganc\u00ebn e thjesht\u00eb, kjo linj\u00eb polo-sh karakterizohet nga tekstura ribbed e punuar me precizion, e cila shton thell\u00ebsi vizuale dhe nj\u00eb ndjesi premium n\u00eb prekje. Prerja slim-fit \u00ebsht\u00eb projektuar p\u00ebr t\u00eb theksuar [&hellip;]<\/p>","protected":false},"featured_media":16830,"comment_status":"open","ping_status":"closed","template":"","meta":[],"product_brand":[],"product_cat":[21],"product_tag":[861,862,860,863],"class_list":{"0":"post-16829","1":"product","2":"type-product","3":"status-publish","4":"has-post-thumbnail","6":"product_cat-tshirts","7":"product_tag-elastik-dhe-i-rehatshem-per-perdorim-gjate-gjithe-dites","8":"product_tag-essential-ribbed-polo-collection","9":"product_tag-material-i-lehte","10":"product_tag-timeless-color-palette-ngjyra-klasike-qe-nuk-dalin-kurre-nga-moda","12":"first","13":"instock","14":"taxable","15":"shipping-taxable","16":"purchasable","17":"product-type-variable"},"jetpack_sharing_enabled":true,"_links":{"self":[{"href":"https:\/\/urban-clothingstore.com\/en\/wp-json\/wp\/v2\/product\/16829","targetHints":{"allow":["GET"]}}],"collection":[{"href":"https:\/\/urban-clothingstore.com\/en\/wp-json\/wp\/v2\/product"}],"about":[{"href":"https:\/\/urban-clothingstore.com\/en\/wp-json\/wp\/v2\/types\/product"}],"replies":[{"embeddable":true,"href":"https:\/\/urban-clothingstore.com\/en\/wp-json\/wp\/v2\/comments?post=16829"}],"wp:featuredmedia":[{"embeddable":true,"href":"https:\/\/urban-clothingstore.com\/en\/wp-json\/wp\/v2\/media\/16830"}],"wp:attachment":[{"href":"https:\/\/urban-clothingstore.com\/en\/wp-json\/wp\/v2\/media?parent=16829"}],"wp:term":[{"taxonomy":"product_brand","embeddable":true,"href":"https:\/\/urban-clothingstore.com\/en\/wp-json\/wp\/v2\/product_brand?post=16829"},{"taxonomy":"product_cat","embeddable":true,"href":"https:\/\/urban-clothingstore.com\/en\/wp-json\/wp\/v2\/product_cat?post=16829"},{"taxonomy":"product_tag","embeddable":true,"href":"https:\/\/urban-clothingstore.com\/en\/wp-json\/wp\/v2\/product_tag?post=16829"}],"curies":[{"name":"wp","href":"https:\/\/api.w.org\/{rel}","templated":true}]}}