{"id":16860,"date":"2026-04-08T11:33:42","date_gmt":"2026-04-08T11:33:42","guid":{"rendered":"https:\/\/urban-clothingstore.com\/?post_type=product&#038;p=16860"},"modified":"2026-04-16T10:09:24","modified_gmt":"2026-04-16T10:09:24","slug":"essential-zip-ribbed-polo-collection","status":"publish","type":"product","link":"https:\/\/urban-clothingstore.com\/en\/product\/essential-zip-ribbed-polo-collection\/","title":{"rendered":"Essential Zip Ribbed Polo Collection"},"content":{"rendered":"<div class=\"flex flex-col text-sm pb-25\">\n<section class=\"text-token-text-primary w-full focus:outline-none [--shadow-height:45px] has-data-writing-block:pointer-events-none has-data-writing-block:-mt-(--shadow-height) has-data-writing-block:pt-(--shadow-height) [&amp;:has([data-writing-block])&gt;*]:pointer-events-auto scroll-mt-[calc(var(--header-height)+min(200px,max(70px,20svh)))]\" dir=\"auto\" data-turn-id=\"request-WEB:cf18bc19-8214-4ba9-80bc-9d4bdcb14f35-2\" data-testid=\"conversation-turn-6\" data-scroll-anchor=\"true\" data-turn=\"assistant\">\n<div class=\"text-base my-auto mx-auto pb-10 [--thread-content-margin:var(--thread-content-margin-xs,calc(var(--spacing)*4))] @w-sm\/main:[--thread-content-margin:var(--thread-content-margin-sm,calc(var(--spacing)*6))] @w-lg\/main:[--thread-content-margin:var(--thread-content-margin-lg,calc(var(--spacing)*16))] px-(--thread-content-margin)\">\n<div class=\"[--thread-content-max-width:40rem] @w-lg\/main:[--thread-content-max-width:48rem] mx-auto max-w-(--thread-content-max-width) flex-1 group\/turn-messages focus-visible:outline-hidden relative flex w-full min-w-0 flex-col agent-turn\">\n<div class=\"flex max-w-full flex-col gap-4 grow\">\n<div class=\"min-h-8 text-message relative flex w-full flex-col items-end gap-2 text-start break-words whitespace-normal outline-none keyboard-focused:focus-ring [.text-message+&amp;]:mt-1\" dir=\"auto\" tabindex=\"0\" data-message-author-role=\"assistant\" data-message-id=\"54f582d4-18d6-4b8b-8c54-5d1a244b1788\" data-message-model-slug=\"gpt-5-3\" data-turn-start-message=\"true\">\n<div class=\"flex w-full flex-col gap-1 empty:hidden\">\n<div class=\"markdown prose dark:prose-invert w-full wrap-break-word dark markdown-new-styling\">\n<p data-start=\"76\" data-end=\"399\">Essential Zip Ribbed Polo Collection sjell nj\u00eb interpretim bashk\u00ebkohor t\u00eb polo-s klasike, duke integruar detaje moderne dhe nj\u00eb estetik\u00eb t\u00eb rafinuar. Ky koleksion dallohet p\u00ebr dizajnin me zinxhir minimalist n\u00eb pjes\u00ebn e jak\u00ebs, i cili i shton nj\u00eb prekje t\u00eb sofistikuar dhe funksionale veshjes.<\/p>\n<p data-start=\"401\" data-end=\"711\">I realizuar me tekstur\u00eb ribbed t\u00eb cil\u00ebsis\u00eb s\u00eb lart\u00eb, materiali ofron nj\u00eb kombinim optimal t\u00eb elasticitetit, frym\u00ebmarrjes dhe rehatis\u00eb gjat\u00eb gjith\u00eb dit\u00ebs. Prerja slim-fit \u00ebsht\u00eb projektuar p\u00ebr t\u00eb theksuar linjat natyrale t\u00eb trupit, duke krijuar nj\u00eb siluet\u00eb t\u00eb past\u00ebr dhe elegante pa komprometuar l\u00ebvizshm\u00ebrin\u00eb.<\/p>\n<p data-start=\"713\" data-end=\"963\">Paleta e ngjyrave \u2013 e bardh\u00eb, e zez\u00eb, kafe, olive dhe navy \u2013 \u00ebsht\u00eb zgjedhur me kujdes p\u00ebr t\u00eb reflektuar nj\u00eb stil modern, t\u00eb gjithansh\u00ebm dhe leht\u00ebsisht t\u00eb kombinuesh\u00ebm, duke e b\u00ebr\u00eb k\u00ebt\u00eb koleksion ideal si p\u00ebr veshje casual ashtu edhe p\u00ebr smart-casual.<\/p>\n<hr data-start=\"965\" data-end=\"968\" \/>\n<p data-start=\"970\" data-end=\"987\"><strong data-start=\"970\" data-end=\"987\">Key Features:<\/strong><\/p>\n<ul data-start=\"988\" data-end=\"1703\" data-is-last-node=\"\" data-is-only-node=\"\">\n<li data-section-id=\"1i3elli\" data-start=\"988\" data-end=\"1070\"><strong data-start=\"990\" data-end=\"1019\">Modern Zip Collar Design:<\/strong> Zinxhir elegant q\u00eb shton stil dhe funksionalitet<\/li>\n<li data-section-id=\"7ide81\" data-start=\"1071\" data-end=\"1164\"><strong data-start=\"1073\" data-end=\"1100\">Premium Ribbed Texture:<\/strong> Struktur\u00eb e punuar me kujdes p\u00ebr nj\u00eb pamje dhe ndjesi premium<\/li>\n<li data-section-id=\"1152xb1\" data-start=\"1165\" data-end=\"1254\"><strong data-start=\"1167\" data-end=\"1191\">Slim-Fit Silhouette:<\/strong> Prerje q\u00eb p\u00ebrshtatet natyrsh\u00ebm me trupin dhe thekson fizikun<\/li>\n<li data-section-id=\"1bvkuox\" data-start=\"1255\" data-end=\"1360\"><strong data-start=\"1257\" data-end=\"1289\">Breathable &amp; Stretch Fabric:<\/strong> Material i leht\u00eb, elastik dhe i rehatsh\u00ebm p\u00ebr p\u00ebrdorim t\u00eb p\u00ebrditsh\u00ebm<\/li>\n<li data-section-id=\"s0oopn\" data-start=\"1361\" data-end=\"1440\"><strong data-start=\"1363\" data-end=\"1385\">Versatile Styling:<\/strong> E p\u00ebrshtatshme p\u00ebr kombinime casual dhe smart-casual<\/li>\n<li data-section-id=\"1yqszf0\" data-start=\"1441\" data-end=\"1531\"><strong data-start=\"1443\" data-end=\"1463\">High Durability:<\/strong> Material rezistent q\u00eb ruan form\u00ebn dhe cil\u00ebsin\u00eb me kalimin e koh\u00ebs<\/li>\n<li data-section-id=\"1mi23cj\" data-start=\"1532\" data-end=\"1620\"><strong data-start=\"1534\" data-end=\"1556\">Refined Finishing:<\/strong> Detaje t\u00eb pastra dhe p\u00ebrfundime cil\u00ebsore p\u00ebr nj\u00eb look premium<\/li>\n<li data-section-id=\"12028eo\" data-start=\"1621\" data-end=\"1703\" data-is-last-node=\"\"><strong data-start=\"1623\" data-end=\"1652\">Timeless &amp; Modern Colors:<\/strong> Ngjyra neutrale dhe moderne p\u00ebr \u00e7do stil dhe sezon<\/li>\n<\/ul>\n<\/div>\n<\/div>\n<\/div>\n<\/div>\n<\/div>\n<\/div>\n<\/section>\n<\/div>","protected":false},"excerpt":{"rendered":"<p>Essential Zip Ribbed Polo Collection sjell nj\u00eb interpretim bashk\u00ebkohor t\u00eb polo-s klasike, duke integruar detaje moderne dhe nj\u00eb estetik\u00eb t\u00eb rafinuar. Ky koleksion dallohet p\u00ebr dizajnin me zinxhir minimalist n\u00eb pjes\u00ebn e jak\u00ebs, i cili i shton nj\u00eb prekje t\u00eb sofistikuar dhe funksionale veshjes. I realizuar me tekstur\u00eb ribbed t\u00eb cil\u00ebsis\u00eb s\u00eb lart\u00eb, materiali ofron [&hellip;]<\/p>","protected":false},"featured_media":16862,"comment_status":"open","ping_status":"closed","template":"","meta":[],"product_brand":[],"product_cat":[704],"product_tag":[313,297,536,668,57],"class_list":{"0":"post-16860","1":"product","2":"type-product","3":"status-publish","4":"has-post-thumbnail","6":"product_cat-premium-slim-fit-t-shirt","7":"product_tag-maice","8":"product_tag-me-jake","9":"product_tag-moderne","10":"product_tag-per-meshkuj","11":"product_tag-slimfit","13":"first","14":"instock","15":"taxable","16":"shipping-taxable","17":"purchasable","18":"product-type-variable"},"jetpack_sharing_enabled":true,"_links":{"self":[{"href":"https:\/\/urban-clothingstore.com\/en\/wp-json\/wp\/v2\/product\/16860","targetHints":{"allow":["GET"]}}],"collection":[{"href":"https:\/\/urban-clothingstore.com\/en\/wp-json\/wp\/v2\/product"}],"about":[{"href":"https:\/\/urban-clothingstore.com\/en\/wp-json\/wp\/v2\/types\/product"}],"replies":[{"embeddable":true,"href":"https:\/\/urban-clothingstore.com\/en\/wp-json\/wp\/v2\/comments?post=16860"}],"wp:featuredmedia":[{"embeddable":true,"href":"https:\/\/urban-clothingstore.com\/en\/wp-json\/wp\/v2\/media\/16862"}],"wp:attachment":[{"href":"https:\/\/urban-clothingstore.com\/en\/wp-json\/wp\/v2\/media?parent=16860"}],"wp:term":[{"taxonomy":"product_brand","embeddable":true,"href":"https:\/\/urban-clothingstore.com\/en\/wp-json\/wp\/v2\/product_brand?post=16860"},{"taxonomy":"product_cat","embeddable":true,"href":"https:\/\/urban-clothingstore.com\/en\/wp-json\/wp\/v2\/product_cat?post=16860"},{"taxonomy":"product_tag","embeddable":true,"href":"https:\/\/urban-clothingstore.com\/en\/wp-json\/wp\/v2\/product_tag?post=16860"}],"curies":[{"name":"wp","href":"https:\/\/api.w.org\/{rel}","templated":true}]}}