{"id":17093,"date":"2026-04-14T13:05:22","date_gmt":"2026-04-14T13:05:22","guid":{"rendered":"https:\/\/urban-clothingstore.com\/?post_type=product&#038;p=17093"},"modified":"2026-04-14T13:05:23","modified_gmt":"2026-04-14T13:05:23","slug":"polo-me-zinxhir-half-zip-me-teksture-stil-modern-minimalist","status":"publish","type":"product","link":"https:\/\/urban-clothingstore.com\/en\/product\/polo-me-zinxhir-half-zip-me-teksture-stil-modern-minimalist\/","title":{"rendered":"Polo me zinxhir (Half-Zip) me tekstur\u00eb \u2013 stil modern minimalist"},"content":{"rendered":"<p data-start=\"92\" data-end=\"423\">Kjo polo elegante me zinxhir gjysm\u00eb (half-zip) kombinon stilin modern me rehati maksimale. E punuar me material t\u00eb but\u00eb dhe me tekstur\u00eb t\u00eb leht\u00eb, ofron nj\u00eb pamje t\u00eb rafinuar dhe bashk\u00ebkohore. Dizajni me jak\u00eb klasike dhe zinxhir metalik e b\u00ebn t\u00eb p\u00ebrshtatshme si p\u00ebr veshje casual ashtu edhe p\u00ebr kombinime m\u00eb smart.<\/p>\n<p data-start=\"425\" data-end=\"659\">Disponohet n\u00eb ngjyra neutrale si e zez\u00eb dhe e bardh\u00eb, duke e b\u00ebr\u00eb t\u00eb leht\u00eb p\u00ebr t\u2019u kombinuar me pantallona klasike apo casual. Prerja komode dhe detajet e pastra e b\u00ebjn\u00eb nj\u00eb zgjedhje ideale p\u00ebr p\u00ebrditshm\u00ebri, dalje apo evente t\u00eb lehta.<\/p>\n<ul data-start=\"691\" data-end=\"885\">\n<li data-section-id=\"zqril3\" data-start=\"691\" data-end=\"730\">Dizajn modern me zinxhir (half-zip)<\/li>\n<li data-section-id=\"1p3ijiy\" data-start=\"731\" data-end=\"766\">Material i but\u00eb dhe i ajrossh\u00ebm<\/li>\n<li data-section-id=\"1oqkxva\" data-start=\"767\" data-end=\"809\">Tekstur\u00eb elegante p\u00ebr nj\u00eb look premium<\/li>\n<li data-section-id=\"onuvhj\" data-start=\"810\" data-end=\"841\">Prerje komode dhe fleksib\u00ebl<\/li>\n<li data-section-id=\"1ltts6t\" data-start=\"842\" data-end=\"885\">Leht\u00eb p\u00ebr kombinim me stile t\u00eb ndryshme<\/li>\n<\/ul>","protected":false},"excerpt":{"rendered":"<p>Kjo polo elegante me zinxhir gjysm\u00eb (half-zip) kombinon stilin modern me rehati maksimale. E punuar me material t\u00eb but\u00eb dhe me tekstur\u00eb t\u00eb leht\u00eb, ofron nj\u00eb pamje t\u00eb rafinuar dhe bashk\u00ebkohore. Dizajni me jak\u00eb klasike dhe zinxhir metalik e b\u00ebn t\u00eb p\u00ebrshtatshme si p\u00ebr veshje casual ashtu edhe p\u00ebr kombinime m\u00eb smart. Disponohet n\u00eb ngjyra [&hellip;]<\/p>","protected":false},"featured_media":17079,"comment_status":"open","ping_status":"closed","template":"","meta":[],"product_brand":[],"product_cat":[21],"product_tag":[335,313,297,668,367],"class_list":{"0":"post-17093","1":"product","2":"type-product","3":"status-publish","4":"has-post-thumbnail","6":"product_cat-tshirts","7":"product_tag-elegante","8":"product_tag-maice","9":"product_tag-me-jake","10":"product_tag-per-meshkuj","11":"product_tag-regularfit","13":"first","14":"instock","15":"taxable","16":"shipping-taxable","17":"purchasable","18":"product-type-variable"},"jetpack_sharing_enabled":true,"_links":{"self":[{"href":"https:\/\/urban-clothingstore.com\/en\/wp-json\/wp\/v2\/product\/17093","targetHints":{"allow":["GET"]}}],"collection":[{"href":"https:\/\/urban-clothingstore.com\/en\/wp-json\/wp\/v2\/product"}],"about":[{"href":"https:\/\/urban-clothingstore.com\/en\/wp-json\/wp\/v2\/types\/product"}],"replies":[{"embeddable":true,"href":"https:\/\/urban-clothingstore.com\/en\/wp-json\/wp\/v2\/comments?post=17093"}],"wp:featuredmedia":[{"embeddable":true,"href":"https:\/\/urban-clothingstore.com\/en\/wp-json\/wp\/v2\/media\/17079"}],"wp:attachment":[{"href":"https:\/\/urban-clothingstore.com\/en\/wp-json\/wp\/v2\/media?parent=17093"}],"wp:term":[{"taxonomy":"product_brand","embeddable":true,"href":"https:\/\/urban-clothingstore.com\/en\/wp-json\/wp\/v2\/product_brand?post=17093"},{"taxonomy":"product_cat","embeddable":true,"href":"https:\/\/urban-clothingstore.com\/en\/wp-json\/wp\/v2\/product_cat?post=17093"},{"taxonomy":"product_tag","embeddable":true,"href":"https:\/\/urban-clothingstore.com\/en\/wp-json\/wp\/v2\/product_tag?post=17093"}],"curies":[{"name":"wp","href":"https:\/\/api.w.org\/{rel}","templated":true}]}}