{"id":17210,"date":"2026-04-14T14:16:11","date_gmt":"2026-04-14T14:16:11","guid":{"rendered":"https:\/\/urban-clothingstore.com\/?post_type=product&#038;p=17210"},"modified":"2026-04-14T14:16:13","modified_gmt":"2026-04-14T14:16:13","slug":"kemishe-lino-linen-premium-stil-veror-elegant-dhe-i-fresket","status":"publish","type":"product","link":"https:\/\/urban-clothingstore.com\/en\/product\/kemishe-lino-linen-premium-stil-veror-elegant-dhe-i-fresket\/","title":{"rendered":"K\u00ebmish\u00eb lino (linen) premium \u2013 stil veror elegant dhe i fresk\u00ebt"},"content":{"rendered":"<p data-start=\"92\" data-end=\"391\">Kjo k\u00ebmish\u00eb lino \u00ebsht\u00eb kombinimi perfekt i eleganc\u00ebs dhe rehatis\u00eb p\u00ebr dit\u00ebt e ngrohta. E punuar nga material i leht\u00eb dhe i ajrossh\u00ebm, ajo ofron freski maksimale dhe nj\u00eb ndjesi natyrale n\u00eb trup. Dizajni minimalist me kopsa dhe prerje t\u00eb lirshme i jep nj\u00eb look modern dhe effortless.<\/p>\n<p data-start=\"393\" data-end=\"664\">Ideale p\u00ebr veshje casual, pushime, apo evente verore, kjo k\u00ebmish\u00eb p\u00ebrshtatet leht\u00ebsisht me pantallona lino, xhinse apo chino. Disponohet n\u00eb disa ngjyra elegante si e bardh\u00eb, gri, blu e hapur, navy, kafe, e zez\u00eb, vjollc\u00eb, jeshile ulliri dhe bezh\u00eb \u2013 p\u00ebr \u00e7do stil dhe shije.<\/p>\n<p data-start=\"666\" data-end=\"695\"><strong data-start=\"666\" data-end=\"695\">Karakteristikat kryesore:<\/strong><\/p>\n<ul data-start=\"696\" data-end=\"890\">\n<li data-section-id=\"14mule0\" data-start=\"696\" data-end=\"737\">Material lino i leht\u00eb dhe i ajrossh\u00ebm<\/li>\n<li data-section-id=\"ws75i9\" data-start=\"738\" data-end=\"771\">Prerje komode dhe stil modern<\/li>\n<li data-section-id=\"1phscug\" data-start=\"772\" data-end=\"806\">Dizajn klasik me kopsa p\u00ebrpara<\/li>\n<li data-section-id=\"m0t4ll\" data-start=\"807\" data-end=\"843\">Ideale p\u00ebr sezonin pranver\u00eb\/ver\u00eb<\/li>\n<li data-section-id=\"1a89k9t\" data-start=\"844\" data-end=\"890\">Ngjyra t\u00eb shumta p\u00ebr kombinime t\u00eb ndryshme<\/li>\n<\/ul>\n<p data-start=\"892\" data-end=\"930\" data-is-last-node=\"\" data-is-only-node=\"\">Nj\u00eb must-have p\u00ebr garderob\u00ebn verore \ud83d\udc4c<\/p>","protected":false},"excerpt":{"rendered":"<p>Kjo k\u00ebmish\u00eb lino \u00ebsht\u00eb kombinimi perfekt i eleganc\u00ebs dhe rehatis\u00eb p\u00ebr dit\u00ebt e ngrohta. E punuar nga material i leht\u00eb dhe i ajrossh\u00ebm, ajo ofron freski maksimale dhe nj\u00eb ndjesi natyrale n\u00eb trup. Dizajni minimalist me kopsa dhe prerje t\u00eb lirshme i jep nj\u00eb look modern dhe effortless. Ideale p\u00ebr veshje casual, pushime, apo evente [&hellip;]<\/p>","protected":false},"featured_media":17219,"comment_status":"open","ping_status":"closed","template":"","meta":[],"product_brand":[],"product_cat":[61],"product_tag":[335,374,897,668,367],"class_list":{"0":"post-17210","1":"product","2":"type-product","3":"status-publish","4":"has-post-thumbnail","6":"product_cat-shirt","7":"product_tag-elegante","8":"product_tag-kemishe","9":"product_tag-lino","10":"product_tag-per-meshkuj","11":"product_tag-regularfit","13":"first","14":"instock","15":"taxable","16":"shipping-taxable","17":"purchasable","18":"product-type-variable"},"jetpack_sharing_enabled":true,"_links":{"self":[{"href":"https:\/\/urban-clothingstore.com\/en\/wp-json\/wp\/v2\/product\/17210","targetHints":{"allow":["GET"]}}],"collection":[{"href":"https:\/\/urban-clothingstore.com\/en\/wp-json\/wp\/v2\/product"}],"about":[{"href":"https:\/\/urban-clothingstore.com\/en\/wp-json\/wp\/v2\/types\/product"}],"replies":[{"embeddable":true,"href":"https:\/\/urban-clothingstore.com\/en\/wp-json\/wp\/v2\/comments?post=17210"}],"wp:featuredmedia":[{"embeddable":true,"href":"https:\/\/urban-clothingstore.com\/en\/wp-json\/wp\/v2\/media\/17219"}],"wp:attachment":[{"href":"https:\/\/urban-clothingstore.com\/en\/wp-json\/wp\/v2\/media?parent=17210"}],"wp:term":[{"taxonomy":"product_brand","embeddable":true,"href":"https:\/\/urban-clothingstore.com\/en\/wp-json\/wp\/v2\/product_brand?post=17210"},{"taxonomy":"product_cat","embeddable":true,"href":"https:\/\/urban-clothingstore.com\/en\/wp-json\/wp\/v2\/product_cat?post=17210"},{"taxonomy":"product_tag","embeddable":true,"href":"https:\/\/urban-clothingstore.com\/en\/wp-json\/wp\/v2\/product_tag?post=17210"}],"curies":[{"name":"wp","href":"https:\/\/api.w.org\/{rel}","templated":true}]}}