{"id":17311,"date":"2026-04-14T15:09:51","date_gmt":"2026-04-14T15:09:51","guid":{"rendered":"https:\/\/urban-clothingstore.com\/?post_type=product&#038;p=17311"},"modified":"2026-04-15T08:25:10","modified_gmt":"2026-04-15T08:25:10","slug":"polo-ribbed-me-teksture-stil-modern-slim-fit","status":"publish","type":"product","link":"https:\/\/urban-clothingstore.com\/en\/product\/polo-ribbed-me-teksture-stil-modern-slim-fit\/","title":{"rendered":"Polo ribbed (me tekstur\u00eb) \u2013 stil modern slim fit"},"content":{"rendered":"<p data-start=\"77\" data-end=\"395\">Kjo polo me tekstur\u00eb (ribbed) \u00ebsht\u00eb nj\u00eb zgjedhje perfekte p\u00ebr nj\u00eb look modern dhe t\u00eb rafinuar. Dizajni slim fit thekson linjat e trupit, nd\u00ebrsa materiali elastik dhe i but\u00eb siguron rehati gjat\u00eb gjith\u00eb dit\u00ebs. Tekstura vertikale i jep nj\u00eb pamje m\u00eb premium dhe elegante, duke e dalluar nga polo klasike.<\/p>\n<p data-start=\"397\" data-end=\"551\">Ideale p\u00ebr dalje, evente casual apo kombinime smart, kjo polo p\u00ebrshtatet leht\u00ebsisht me pantallona klasike apo xhinse p\u00ebr nj\u00eb stil t\u00eb past\u00ebr dhe t\u00eb kuruar.<\/p>\n<p data-start=\"553\" data-end=\"580\"><strong data-start=\"553\" data-end=\"580\">Ngjyrat n\u00eb dispozicion:<\/strong><\/p>\n<ul data-start=\"581\" data-end=\"656\">\n<li data-section-id=\"v4uhwj\" data-start=\"581\" data-end=\"591\">E zez\u00eb<\/li>\n<li data-section-id=\"10q3dsr\" data-start=\"592\" data-end=\"610\">Jeshile ulliri<\/li>\n<li data-section-id=\"akg19\" data-start=\"611\" data-end=\"633\">Navy (blu e err\u00ebt)<\/li>\n<li data-section-id=\"xqd3yu\" data-start=\"634\" data-end=\"643\">Bezh\u00eb<\/li>\n<li data-section-id=\"t4v41n\" data-start=\"644\" data-end=\"656\">E bardh\u00eb<\/li>\n<\/ul>\n<p data-start=\"658\" data-end=\"687\"><strong data-start=\"658\" data-end=\"687\">Karakteristikat kryesore:<\/strong><\/p>\n<ul data-start=\"688\" data-end=\"857\">\n<li data-section-id=\"1d1ncsl\" data-start=\"688\" data-end=\"714\">Dizajn slim fit modern<\/li>\n<li data-section-id=\"16eu0dy\" data-start=\"715\" data-end=\"743\">Tekstur\u00eb ribbed elegante<\/li>\n<li data-section-id=\"1g7grbt\" data-start=\"744\" data-end=\"780\">Material elastik dhe i rehatsh\u00ebm<\/li>\n<li data-section-id=\"17vb001\" data-start=\"781\" data-end=\"814\">Pamje premium dhe minimaliste<\/li>\n<li data-section-id=\"u1cacw\" data-start=\"815\" data-end=\"857\">E p\u00ebrshtatshme p\u00ebr stil casual &amp; smart<\/li>\n<\/ul>\n<p data-start=\"859\" data-end=\"908\" data-is-last-node=\"\" data-is-only-node=\"\">Nj\u00eb polo q\u00eb kombinon thjesht\u00ebsin\u00eb me eleganc\u00ebn \ud83d\udd25<\/p>","protected":false},"excerpt":{"rendered":"<p>Kjo polo me tekstur\u00eb (ribbed) \u00ebsht\u00eb nj\u00eb zgjedhje perfekte p\u00ebr nj\u00eb look modern dhe t\u00eb rafinuar. Dizajni slim fit thekson linjat e trupit, nd\u00ebrsa materiali elastik dhe i but\u00eb siguron rehati gjat\u00eb gjith\u00eb dit\u00ebs. Tekstura vertikale i jep nj\u00eb pamje m\u00eb premium dhe elegante, duke e dalluar nga polo klasike. Ideale p\u00ebr dalje, evente casual [&hellip;]<\/p>","protected":false},"featured_media":17317,"comment_status":"open","ping_status":"closed","template":"","meta":[],"product_brand":[],"product_cat":[704],"product_tag":[335,313,297,536,668,57],"class_list":{"0":"post-17311","1":"product","2":"type-product","3":"status-publish","4":"has-post-thumbnail","6":"product_cat-premium-slim-fit-t-shirt","7":"product_tag-elegante","8":"product_tag-maice","9":"product_tag-me-jake","10":"product_tag-moderne","11":"product_tag-per-meshkuj","12":"product_tag-slimfit","14":"first","15":"instock","16":"sale","17":"taxable","18":"shipping-taxable","19":"purchasable","20":"product-type-variable"},"jetpack_sharing_enabled":true,"_links":{"self":[{"href":"https:\/\/urban-clothingstore.com\/en\/wp-json\/wp\/v2\/product\/17311","targetHints":{"allow":["GET"]}}],"collection":[{"href":"https:\/\/urban-clothingstore.com\/en\/wp-json\/wp\/v2\/product"}],"about":[{"href":"https:\/\/urban-clothingstore.com\/en\/wp-json\/wp\/v2\/types\/product"}],"replies":[{"embeddable":true,"href":"https:\/\/urban-clothingstore.com\/en\/wp-json\/wp\/v2\/comments?post=17311"}],"wp:featuredmedia":[{"embeddable":true,"href":"https:\/\/urban-clothingstore.com\/en\/wp-json\/wp\/v2\/media\/17317"}],"wp:attachment":[{"href":"https:\/\/urban-clothingstore.com\/en\/wp-json\/wp\/v2\/media?parent=17311"}],"wp:term":[{"taxonomy":"product_brand","embeddable":true,"href":"https:\/\/urban-clothingstore.com\/en\/wp-json\/wp\/v2\/product_brand?post=17311"},{"taxonomy":"product_cat","embeddable":true,"href":"https:\/\/urban-clothingstore.com\/en\/wp-json\/wp\/v2\/product_cat?post=17311"},{"taxonomy":"product_tag","embeddable":true,"href":"https:\/\/urban-clothingstore.com\/en\/wp-json\/wp\/v2\/product_tag?post=17311"}],"curies":[{"name":"wp","href":"https:\/\/api.w.org\/{rel}","templated":true}]}}