{"id":17680,"date":"2026-04-17T16:49:06","date_gmt":"2026-04-17T16:49:06","guid":{"rendered":"https:\/\/urban-clothingstore.com\/?post_type=product&#038;p=17680"},"modified":"2026-04-17T16:49:07","modified_gmt":"2026-04-17T16:49:07","slug":"koleksion-kostumesh-elegante-per-meshkuj","status":"publish","type":"product","link":"https:\/\/urban-clothingstore.com\/en\/product\/koleksion-kostumesh-elegante-per-meshkuj\/","title":{"rendered":"Koleksion Kostumesh Elegante p\u00ebr Meshkuj"},"content":{"rendered":"<p data-start=\"166\" data-end=\"490\">Ky koleksion p\u00ebrfaq\u00ebson balanc\u00ebn perfekte mes eleganc\u00ebs klasike dhe stilit modern. I p\u00ebrb\u00ebr\u00eb nga kostume n\u00eb nuanca t\u00eb ndryshme si gri, bezh\u00eb, blu navy, e zez\u00eb, jeshile e err\u00ebt dhe kafe, \u00e7do model \u00ebsht\u00eb i dizajnuar me prerje t\u00eb rafinuar p\u00ebr t\u00eb theksuar linjat mashkullore dhe p\u00ebr t\u00eb ofruar rehati maksimale.<\/p>\n<p data-start=\"492\" data-end=\"822\">K\u00ebmisha e bardh\u00eb e kombinuar krijon nj\u00eb baz\u00eb t\u00eb past\u00ebr dhe t\u00eb sofistikuar, nd\u00ebrsa detajet si rripi klasik dhe ora elegante kompletojn\u00eb nj\u00eb pamje t\u00eb kuruar deri n\u00eb detaj. K\u00ebto kostume jan\u00eb zgjedhja ideale p\u00ebr takime biznesi, evente formale dhe raste speciale, duke garantuar prezenc\u00eb t\u00eb fort\u00eb dhe stil t\u00eb dalluesh\u00ebm n\u00eb \u00e7do ambient.<\/p>","protected":false},"excerpt":{"rendered":"<p>Ky koleksion p\u00ebrfaq\u00ebson balanc\u00ebn perfekte mes eleganc\u00ebs klasike dhe stilit modern. I p\u00ebrb\u00ebr\u00eb nga kostume n\u00eb nuanca t\u00eb ndryshme si gri, bezh\u00eb, blu navy, e zez\u00eb, jeshile e err\u00ebt dhe kafe, \u00e7do model \u00ebsht\u00eb i dizajnuar me prerje t\u00eb rafinuar p\u00ebr t\u00eb theksuar linjat mashkullore dhe p\u00ebr t\u00eb ofruar rehati maksimale. K\u00ebmisha e bardh\u00eb e [&hellip;]<\/p>","protected":false},"featured_media":17685,"comment_status":"open","ping_status":"closed","template":"","meta":[],"product_brand":[],"product_cat":[108],"product_tag":[80,673,325,668,57],"class_list":{"0":"post-17680","1":"product","2":"type-product","3":"status-publish","4":"has-post-thumbnail","6":"product_cat-suit","7":"product_tag-elegant","8":"product_tag-kostum","9":"product_tag-modern","10":"product_tag-per-meshkuj","11":"product_tag-slimfit","13":"first","14":"instock","15":"taxable","16":"shipping-taxable","17":"purchasable","18":"product-type-variable"},"jetpack_sharing_enabled":true,"_links":{"self":[{"href":"https:\/\/urban-clothingstore.com\/en\/wp-json\/wp\/v2\/product\/17680","targetHints":{"allow":["GET"]}}],"collection":[{"href":"https:\/\/urban-clothingstore.com\/en\/wp-json\/wp\/v2\/product"}],"about":[{"href":"https:\/\/urban-clothingstore.com\/en\/wp-json\/wp\/v2\/types\/product"}],"replies":[{"embeddable":true,"href":"https:\/\/urban-clothingstore.com\/en\/wp-json\/wp\/v2\/comments?post=17680"}],"wp:featuredmedia":[{"embeddable":true,"href":"https:\/\/urban-clothingstore.com\/en\/wp-json\/wp\/v2\/media\/17685"}],"wp:attachment":[{"href":"https:\/\/urban-clothingstore.com\/en\/wp-json\/wp\/v2\/media?parent=17680"}],"wp:term":[{"taxonomy":"product_brand","embeddable":true,"href":"https:\/\/urban-clothingstore.com\/en\/wp-json\/wp\/v2\/product_brand?post=17680"},{"taxonomy":"product_cat","embeddable":true,"href":"https:\/\/urban-clothingstore.com\/en\/wp-json\/wp\/v2\/product_cat?post=17680"},{"taxonomy":"product_tag","embeddable":true,"href":"https:\/\/urban-clothingstore.com\/en\/wp-json\/wp\/v2\/product_tag?post=17680"}],"curies":[{"name":"wp","href":"https:\/\/api.w.org\/{rel}","templated":true}]}}