{"id":17738,"date":"2026-04-17T17:03:50","date_gmt":"2026-04-17T17:03:50","guid":{"rendered":"https:\/\/urban-clothingstore.com\/?post_type=product&#038;p=17738"},"modified":"2026-04-17T17:03:50","modified_gmt":"2026-04-17T17:03:50","slug":"koleksion-premium-kemishash-me-vija","status":"publish","type":"product","link":"https:\/\/urban-clothingstore.com\/en\/product\/koleksion-premium-kemishash-me-vija\/","title":{"rendered":"Koleksion Premium K\u00ebmishash me Vija"},"content":{"rendered":"<p data-start=\"98\" data-end=\"364\">Nj\u00eb koleksion i kuruar me fines\u00eb p\u00ebr mashkullin modern q\u00eb vler\u00ebson detajin dhe eleganc\u00ebn e rafinuar. K\u00ebto k\u00ebmisha me vija, t\u00eb realizuara me prerje perfekte dhe linja t\u00eb pastra, p\u00ebrfaq\u00ebsojn\u00eb harmonin\u00eb mes stilit bashk\u00ebkohor dhe luksit t\u00eb p\u00ebrjetsh\u00ebm.<\/p>\n<p data-start=\"366\" data-end=\"549\">T\u00eb disponueshme n\u00eb nuanca t\u00eb zgjedhura si: <strong data-start=\"409\" data-end=\"451\">Kafe | E zez\u00eb | Blu e \u00e7el\u00ebt | E bardh\u00eb<\/strong>, secila pjes\u00eb reflekton karakter dhe klas, duke ofruar nj\u00eb prezenc\u00eb t\u00eb dallueshme n\u00eb \u00e7do ambient.<\/p>\n<p data-start=\"551\" data-end=\"797\">Materialet cil\u00ebsore dhe p\u00ebrpunimi i kujdessh\u00ebm sigurojn\u00eb rehati maksimale dhe nj\u00eb ndjesi ekskluziviteti n\u00eb \u00e7do veshje. Ideale p\u00ebr kombinime smart-casual apo look-e elegante urbane, k\u00ebto k\u00ebmisha jan\u00eb simbol i stilit t\u00eb sofistikuar dhe vet\u00ebbesimit.<\/p>","protected":false},"excerpt":{"rendered":"<p>Nj\u00eb koleksion i kuruar me fines\u00eb p\u00ebr mashkullin modern q\u00eb vler\u00ebson detajin dhe eleganc\u00ebn e rafinuar. K\u00ebto k\u00ebmisha me vija, t\u00eb realizuara me prerje perfekte dhe linja t\u00eb pastra, p\u00ebrfaq\u00ebsojn\u00eb harmonin\u00eb mes stilit bashk\u00ebkohor dhe luksit t\u00eb p\u00ebrjetsh\u00ebm. T\u00eb disponueshme n\u00eb nuanca t\u00eb zgjedhura si: Kafe | E zez\u00eb | Blu e \u00e7el\u00ebt | E [&hellip;]<\/p>","protected":false},"featured_media":17739,"comment_status":"open","ping_status":"closed","template":"","meta":[],"product_brand":[],"product_cat":[61],"product_tag":[374,897,536,668,367],"class_list":{"0":"post-17738","1":"product","2":"type-product","3":"status-publish","4":"has-post-thumbnail","6":"product_cat-shirt","7":"product_tag-kemishe","8":"product_tag-lino","9":"product_tag-moderne","10":"product_tag-per-meshkuj","11":"product_tag-regularfit","13":"first","14":"instock","15":"taxable","16":"shipping-taxable","17":"purchasable","18":"product-type-variable"},"jetpack_sharing_enabled":true,"_links":{"self":[{"href":"https:\/\/urban-clothingstore.com\/en\/wp-json\/wp\/v2\/product\/17738","targetHints":{"allow":["GET"]}}],"collection":[{"href":"https:\/\/urban-clothingstore.com\/en\/wp-json\/wp\/v2\/product"}],"about":[{"href":"https:\/\/urban-clothingstore.com\/en\/wp-json\/wp\/v2\/types\/product"}],"replies":[{"embeddable":true,"href":"https:\/\/urban-clothingstore.com\/en\/wp-json\/wp\/v2\/comments?post=17738"}],"wp:featuredmedia":[{"embeddable":true,"href":"https:\/\/urban-clothingstore.com\/en\/wp-json\/wp\/v2\/media\/17739"}],"wp:attachment":[{"href":"https:\/\/urban-clothingstore.com\/en\/wp-json\/wp\/v2\/media?parent=17738"}],"wp:term":[{"taxonomy":"product_brand","embeddable":true,"href":"https:\/\/urban-clothingstore.com\/en\/wp-json\/wp\/v2\/product_brand?post=17738"},{"taxonomy":"product_cat","embeddable":true,"href":"https:\/\/urban-clothingstore.com\/en\/wp-json\/wp\/v2\/product_cat?post=17738"},{"taxonomy":"product_tag","embeddable":true,"href":"https:\/\/urban-clothingstore.com\/en\/wp-json\/wp\/v2\/product_tag?post=17738"}],"curies":[{"name":"wp","href":"https:\/\/api.w.org\/{rel}","templated":true}]}}