{"id":17800,"date":"2026-04-20T13:24:42","date_gmt":"2026-04-20T13:24:42","guid":{"rendered":"https:\/\/urban-clothingstore.com\/?post_type=product&#038;p=17800"},"modified":"2026-04-20T13:24:42","modified_gmt":"2026-04-20T13:24:42","slug":"kostum-elegant-per-meshkuj-3-pjesesh","status":"publish","type":"product","link":"https:\/\/urban-clothingstore.com\/en\/product\/kostum-elegant-per-meshkuj-3-pjesesh\/","title":{"rendered":"Kostum Elegant p\u00ebr Meshkuj \u2013 3 Pjes\u00ebsh"},"content":{"rendered":"<p data-start=\"78\" data-end=\"337\">Ky kostum modern dhe elegant p\u00ebr meshkuj p\u00ebrb\u00ebhet nga tre pjes\u00eb: xhaket\u00eb, jelek dhe pantallona, i dizajnuar p\u00ebr nj\u00eb pamje t\u00eb rafinuar dhe profesionale. Prerja <em data-start=\"255\" data-end=\"265\">slim fit<\/em> thekson linjat e trupit, duke ofruar nj\u00eb stil bashk\u00ebkohor dhe t\u00ebrheq\u00ebs.<\/p>\n<p data-start=\"339\" data-end=\"618\">I p\u00ebrshtatsh\u00ebm p\u00ebr evente formale, dasma, takime biznesi apo mbr\u00ebmje speciale, ky kostum vjen n\u00eb disa ngjyra klasike si kafe, e zez\u00eb, blu navy dhe antracit, p\u00ebr t\u2019iu p\u00ebrshtatur \u00e7do shijeje dhe rasti. Kombinohet leht\u00ebsisht me k\u00ebmish\u00eb dhe kravat\u00eb p\u00ebr nj\u00eb look t\u00eb plot\u00eb dhe elegant.<\/p>\n<p data-start=\"620\" data-end=\"649\"><strong data-start=\"620\" data-end=\"649\">Karakteristikat kryesore:<\/strong><\/p>\n<ul data-start=\"650\" data-end=\"882\">\n<li data-section-id=\"1ljt1ct\" data-start=\"650\" data-end=\"698\">Set 3 pjes\u00ebsh: xhaket\u00eb, jelek dhe pantallona<\/li>\n<li data-section-id=\"12rlngd\" data-start=\"699\" data-end=\"740\">Prerje slim fit p\u00ebr nj\u00eb pamje moderne<\/li>\n<li data-section-id=\"1y3ufih\" data-start=\"741\" data-end=\"791\">Material cil\u00ebsor dhe komod p\u00ebr veshje t\u00eb gjat\u00eb<\/li>\n<li data-section-id=\"9tfqib\" data-start=\"792\" data-end=\"833\">Dizajn elegant me detaje t\u00eb rafinuara<\/li>\n<li data-section-id=\"1fpssg\" data-start=\"834\" data-end=\"882\">I p\u00ebrshtatsh\u00ebm p\u00ebr raste formale dhe biznesi<\/li>\n<\/ul>\n<p data-start=\"884\" data-end=\"962\" data-is-last-node=\"\" data-is-only-node=\"\">Nj\u00eb zgjedhje ideale p\u00ebr \u00e7do mashkull q\u00eb k\u00ebrkon stil dhe klas n\u00eb \u00e7do paraqitje.<\/p>","protected":false},"excerpt":{"rendered":"<p>Ky kostum modern dhe elegant p\u00ebr meshkuj p\u00ebrb\u00ebhet nga tre pjes\u00eb: xhaket\u00eb, jelek dhe pantallona, i dizajnuar p\u00ebr nj\u00eb pamje t\u00eb rafinuar dhe profesionale. Prerja slim fit thekson linjat e trupit, duke ofruar nj\u00eb stil bashk\u00ebkohor dhe t\u00ebrheq\u00ebs. I p\u00ebrshtatsh\u00ebm p\u00ebr evente formale, dasma, takime biznesi apo mbr\u00ebmje speciale, ky kostum vjen n\u00eb disa ngjyra [&hellip;]<\/p>","protected":false},"featured_media":17797,"comment_status":"open","ping_status":"closed","template":"","meta":[],"product_brand":[],"product_cat":[108],"product_tag":[80,673,668,57],"class_list":{"0":"post-17800","1":"product","2":"type-product","3":"status-publish","4":"has-post-thumbnail","6":"product_cat-suit","7":"product_tag-elegant","8":"product_tag-kostum","9":"product_tag-per-meshkuj","10":"product_tag-slimfit","12":"first","13":"instock","14":"taxable","15":"shipping-taxable","16":"purchasable","17":"product-type-variable"},"jetpack_sharing_enabled":true,"_links":{"self":[{"href":"https:\/\/urban-clothingstore.com\/en\/wp-json\/wp\/v2\/product\/17800","targetHints":{"allow":["GET"]}}],"collection":[{"href":"https:\/\/urban-clothingstore.com\/en\/wp-json\/wp\/v2\/product"}],"about":[{"href":"https:\/\/urban-clothingstore.com\/en\/wp-json\/wp\/v2\/types\/product"}],"replies":[{"embeddable":true,"href":"https:\/\/urban-clothingstore.com\/en\/wp-json\/wp\/v2\/comments?post=17800"}],"wp:featuredmedia":[{"embeddable":true,"href":"https:\/\/urban-clothingstore.com\/en\/wp-json\/wp\/v2\/media\/17797"}],"wp:attachment":[{"href":"https:\/\/urban-clothingstore.com\/en\/wp-json\/wp\/v2\/media?parent=17800"}],"wp:term":[{"taxonomy":"product_brand","embeddable":true,"href":"https:\/\/urban-clothingstore.com\/en\/wp-json\/wp\/v2\/product_brand?post=17800"},{"taxonomy":"product_cat","embeddable":true,"href":"https:\/\/urban-clothingstore.com\/en\/wp-json\/wp\/v2\/product_cat?post=17800"},{"taxonomy":"product_tag","embeddable":true,"href":"https:\/\/urban-clothingstore.com\/en\/wp-json\/wp\/v2\/product_tag?post=17800"}],"curies":[{"name":"wp","href":"https:\/\/api.w.org\/{rel}","templated":true}]}}