{"id":17825,"date":"2026-04-20T14:38:33","date_gmt":"2026-04-20T14:38:33","guid":{"rendered":"https:\/\/urban-clothingstore.com\/?post_type=product&#038;p=17825"},"modified":"2026-04-20T14:38:33","modified_gmt":"2026-04-20T14:38:33","slug":"kostum-elegant-per-meshkuj-xhakete-dopio-double-breasted","status":"publish","type":"product","link":"https:\/\/urban-clothingstore.com\/en\/product\/kostum-elegant-per-meshkuj-xhakete-dopio-double-breasted\/","title":{"rendered":"Kostum Elegant p\u00ebr Meshkuj \u2013 Xhaket\u00eb Dopio (Double-Breasted)"},"content":{"rendered":"<p data-start=\"98\" data-end=\"430\">Ky kostum premium p\u00ebr meshkuj karakterizohet nga nj\u00eb dizajn modern me xhaket\u00eb dopio (double-breasted), q\u00eb i jep nj\u00eb pamje t\u00eb fuqishme dhe shum\u00eb elegante. Prerja <em data-start=\"277\" data-end=\"287\">slim fit<\/em> thekson fizikun, nd\u00ebrsa detajet minimaliste si shamit\u00eb n\u00eb xhep dhe linjat e pastra e b\u00ebjn\u00eb k\u00ebt\u00eb model ideal p\u00ebr stil klasik me prekje moderne.<\/p>\n<p data-start=\"432\" data-end=\"654\">I p\u00ebrshtatsh\u00ebm p\u00ebr evente formale, takime biznesi, dasma apo mbr\u00ebmje elegante, ky kostum ofron nj\u00eb kombinim perfekt t\u00eb stilit dhe komoditetit. Ngjyra e zez\u00eb e thell\u00eb e b\u00ebn nj\u00eb zgjedhje universale q\u00eb nuk del kurr\u00eb nga moda.<\/p>\n<ul data-start=\"686\" data-end=\"899\">\n<li data-section-id=\"yuia92\" data-start=\"686\" data-end=\"732\">Xhaket\u00eb dopio (double-breasted) me 6 kopsa<\/li>\n<li data-section-id=\"bwck54\" data-start=\"733\" data-end=\"777\">Prerje slim fit p\u00ebr nj\u00eb siluet\u00eb elegante<\/li>\n<li data-section-id=\"ggqvuf\" data-start=\"778\" data-end=\"814\">Material cil\u00ebsor dhe i rehatsh\u00ebm<\/li>\n<li data-section-id=\"czips4\" data-start=\"815\" data-end=\"850\">Detaje klasike me dizajn modern<\/li>\n<li data-section-id=\"1cz2glm\" data-start=\"851\" data-end=\"899\">Ideale p\u00ebr raste formale dhe evente speciale<\/li>\n<\/ul>\n<p data-start=\"901\" data-end=\"985\" data-is-last-node=\"\" data-is-only-node=\"\">Nj\u00eb zgjedhje perfekte p\u00ebr meshkujt q\u00eb k\u00ebrkojn\u00eb nj\u00eb stil t\u00eb sofistikuar dhe imponues.<\/p>","protected":false},"excerpt":{"rendered":"<p>Ky kostum premium p\u00ebr meshkuj karakterizohet nga nj\u00eb dizajn modern me xhaket\u00eb dopio (double-breasted), q\u00eb i jep nj\u00eb pamje t\u00eb fuqishme dhe shum\u00eb elegante. Prerja slim fit thekson fizikun, nd\u00ebrsa detajet minimaliste si shamit\u00eb n\u00eb xhep dhe linjat e pastra e b\u00ebjn\u00eb k\u00ebt\u00eb model ideal p\u00ebr stil klasik me prekje moderne. I p\u00ebrshtatsh\u00ebm p\u00ebr evente [&hellip;]<\/p>","protected":false},"featured_media":17826,"comment_status":"open","ping_status":"closed","template":"","meta":[],"product_brand":[],"product_cat":[108],"product_tag":[907,900,80,578,673],"class_list":{"0":"post-17825","1":"product","2":"type-product","3":"status-publish","4":"has-post-thumbnail","6":"product_cat-suit","7":"product_tag--e-pershtatshme-per-stil-smart-casual-dhe-elegant","8":"product_tag--prerje-e-lirshme-per-komoditet-maksimal","9":"product_tag-elegant","10":"product_tag-komfort-premium-stil-urban","11":"product_tag-kostum","13":"first","14":"instock","15":"taxable","16":"shipping-taxable","17":"purchasable","18":"product-type-variable"},"jetpack_sharing_enabled":true,"_links":{"self":[{"href":"https:\/\/urban-clothingstore.com\/en\/wp-json\/wp\/v2\/product\/17825","targetHints":{"allow":["GET"]}}],"collection":[{"href":"https:\/\/urban-clothingstore.com\/en\/wp-json\/wp\/v2\/product"}],"about":[{"href":"https:\/\/urban-clothingstore.com\/en\/wp-json\/wp\/v2\/types\/product"}],"replies":[{"embeddable":true,"href":"https:\/\/urban-clothingstore.com\/en\/wp-json\/wp\/v2\/comments?post=17825"}],"wp:featuredmedia":[{"embeddable":true,"href":"https:\/\/urban-clothingstore.com\/en\/wp-json\/wp\/v2\/media\/17826"}],"wp:attachment":[{"href":"https:\/\/urban-clothingstore.com\/en\/wp-json\/wp\/v2\/media?parent=17825"}],"wp:term":[{"taxonomy":"product_brand","embeddable":true,"href":"https:\/\/urban-clothingstore.com\/en\/wp-json\/wp\/v2\/product_brand?post=17825"},{"taxonomy":"product_cat","embeddable":true,"href":"https:\/\/urban-clothingstore.com\/en\/wp-json\/wp\/v2\/product_cat?post=17825"},{"taxonomy":"product_tag","embeddable":true,"href":"https:\/\/urban-clothingstore.com\/en\/wp-json\/wp\/v2\/product_tag?post=17825"}],"curies":[{"name":"wp","href":"https:\/\/api.w.org\/{rel}","templated":true}]}}