{"id":17946,"date":"2026-04-21T17:42:09","date_gmt":"2026-04-21T17:42:09","guid":{"rendered":"https:\/\/urban-clothingstore.com\/?post_type=product&#038;p=17946"},"modified":"2026-04-21T17:42:10","modified_gmt":"2026-04-21T17:42:10","slug":"maice-me-vija-per-meshkuj-slim-fit-material-premium-stil-modern-disponueshme-ne-disa-ngjyra","status":"publish","type":"product","link":"https:\/\/urban-clothingstore.com\/en\/product\/maice-me-vija-per-meshkuj-slim-fit-material-premium-stil-modern-disponueshme-ne-disa-ngjyra\/","title":{"rendered":"Maic\u00eb me Vija p\u00ebr Meshkuj \u2013 Slim Fit, Material Premium, Stil Modern (Disponueshme n\u00eb disa ngjyra)"},"content":{"rendered":"<section class=\"text-token-text-primary w-full focus:outline-none [--shadow-height:45px] has-data-writing-block:pointer-events-none has-data-writing-block:-mt-(--shadow-height) has-data-writing-block:pt-(--shadow-height) [&amp;:has([data-writing-block])&gt;*]:pointer-events-auto [content-visibility:auto] supports-[content-visibility:auto]:[contain-intrinsic-size:auto_100lvh] R6Vx5W_threadScrollVars scroll-mb-[calc(var(--scroll-root-safe-area-inset-bottom,0px)+var(--thread-response-height))] scroll-mt-[calc(var(--header-height)+min(200px,max(70px,20svh)))]\" dir=\"auto\" data-turn-id=\"request-WEB:a8590bbc-baea-4261-adf3-fb03b8abaf20-7\" data-testid=\"conversation-turn-16\" data-scroll-anchor=\"false\" data-turn=\"assistant\">\n<div class=\"text-base my-auto mx-auto pb-10 [--thread-content-margin:var(--thread-content-margin-xs,calc(var(--spacing)*4))] @w-sm\/main:[--thread-content-margin:var(--thread-content-margin-sm,calc(var(--spacing)*6))] @w-lg\/main:[--thread-content-margin:var(--thread-content-margin-lg,calc(var(--spacing)*16))] px-(--thread-content-margin)\">\n<div class=\"[--thread-content-max-width:40rem] @w-lg\/main:[--thread-content-max-width:48rem] mx-auto max-w-(--thread-content-max-width) flex-1 group\/turn-messages focus-visible:outline-hidden relative flex w-full min-w-0 flex-col agent-turn\">\n<div class=\"flex max-w-full flex-col gap-4 grow\">\n<div class=\"min-h-8 text-message relative flex w-full flex-col items-end gap-2 text-start break-words whitespace-normal outline-none keyboard-focused:focus-ring [.text-message+&amp;]:mt-1\" dir=\"auto\" tabindex=\"0\" data-message-author-role=\"assistant\" data-message-id=\"a41e8f51-75d7-458a-b479-dd4d1d3d9caf\" data-message-model-slug=\"gpt-5-3\" data-turn-start-message=\"true\">\n<div class=\"flex w-full flex-col gap-1 empty:hidden\">\n<div class=\"markdown prose dark:prose-invert w-full wrap-break-word dark markdown-new-styling\">\n<p data-start=\"114\" data-end=\"416\">Kjo maic\u00eb p\u00ebr meshkuj me dizajn me vija vertikale \u00ebsht\u00eb zgjedhja ideale p\u00ebr nj\u00eb stil modern dhe t\u00eb rafinuar n\u00eb p\u00ebrditshm\u00ebri. E dizajnuar me prerje slim fit, ajo p\u00ebrshtatet n\u00eb m\u00ebnyr\u00eb perfekte me trupin, duke theksuar linjat dhe duke ofruar nj\u00eb pamje t\u00eb past\u00ebr dhe elegante.<\/p>\n<p data-start=\"418\" data-end=\"763\">Materiali cil\u00ebsor siguron rehati maksimale dhe frym\u00ebmarrje t\u00eb mir\u00eb t\u00eb l\u00ebkur\u00ebs, duke e b\u00ebr\u00eb t\u00eb p\u00ebrshtatshme p\u00ebr p\u00ebrdorim gjat\u00eb gjith\u00eb dit\u00ebs. Dizajni me vija shton nj\u00eb element stilistik q\u00eb e dallon nga maicat klasike, nd\u00ebrsa ngjyrat e ndryshme (e zez\u00eb, e bardh\u00eb, kafe, baby blue dhe navy) ofrojn\u00eb mund\u00ebsi t\u00eb shumta kombinimi p\u00ebr \u00e7do stil dhe rast.<\/p>\n<p data-start=\"765\" data-end=\"907\">E p\u00ebrkryer p\u00ebr veshje casual, smart-casual apo dalje t\u00eb p\u00ebrditshme, kjo maic\u00eb \u00ebsht\u00eb nj\u00eb element esencial n\u00eb garderob\u00ebn e \u00e7do mashkulli modern.<\/p>\n<hr data-start=\"909\" data-end=\"912\" \/>\n<p data-start=\"914\" data-end=\"933\"><strong data-start=\"914\" data-end=\"931\">Key Features:<\/strong><\/p>\n<ul data-start=\"934\" data-end=\"1452\">\n<li data-section-id=\"189r7g9\" data-start=\"934\" data-end=\"1013\"><strong data-start=\"936\" data-end=\"956\">Prerje Slim Fit:<\/strong> P\u00ebrshtatje perfekte p\u00ebr nj\u00eb pamje moderne dhe elegante<\/li>\n<li data-section-id=\"1ecsxi4\" data-start=\"1014\" data-end=\"1093\"><strong data-start=\"1016\" data-end=\"1045\">Dizajn me Vija Vertikale:<\/strong> Shton stil dhe efekt vizual q\u00eb thekson trupin<\/li>\n<li data-section-id=\"410fzf\" data-start=\"1094\" data-end=\"1159\"><strong data-start=\"1096\" data-end=\"1117\">Material Premium:<\/strong> I but\u00eb, i rehatsh\u00ebm dhe i frym\u00ebmarrsh\u00ebm<\/li>\n<li data-section-id=\"oa0wca\" data-start=\"1160\" data-end=\"1234\"><strong data-start=\"1162\" data-end=\"1189\">Ngjyra t\u00eb Disponueshme:<\/strong> E zez\u00eb, e bardh\u00eb, kafe, baby blue dhe navy<\/li>\n<li data-section-id=\"1td6bw3\" data-start=\"1235\" data-end=\"1306\"><strong data-start=\"1237\" data-end=\"1267\">Jak\u00eb Rrethore (Crew Neck):<\/strong> Stil klasik dhe i leht\u00eb p\u00ebr kombinim<\/li>\n<li data-section-id=\"1qmqs92\" data-start=\"1307\" data-end=\"1378\"><strong data-start=\"1309\" data-end=\"1334\">Versatilitet i Lart\u00eb:<\/strong> Ideale p\u00ebr veshje casual dhe smart-casual<\/li>\n<li data-section-id=\"11bvila\" data-start=\"1379\" data-end=\"1452\"><strong data-start=\"1381\" data-end=\"1401\">Komoditet Ditor:<\/strong> E p\u00ebrshtatshme p\u00ebr p\u00ebrdorim t\u00eb gjat\u00eb gjat\u00eb dit\u00ebs<\/li>\n<\/ul>\n<p data-start=\"1454\" data-end=\"1528\" data-is-last-node=\"\" data-is-only-node=\"\">Zgjedhja perfekte p\u00ebr nj\u00eb look t\u00eb thjesht\u00eb, modern dhe gjithmon\u00eb n\u00eb trend.<\/p>\n<\/div>\n<\/div>\n<\/div>\n<\/div>\n<\/div>\n<\/div>\n<\/section>","protected":false},"excerpt":{"rendered":"<p>Kjo maic\u00eb p\u00ebr meshkuj me dizajn me vija vertikale \u00ebsht\u00eb zgjedhja ideale p\u00ebr nj\u00eb stil modern dhe t\u00eb rafinuar n\u00eb p\u00ebrditshm\u00ebri. E dizajnuar me prerje slim fit, ajo p\u00ebrshtatet n\u00eb m\u00ebnyr\u00eb perfekte me trupin, duke theksuar linjat dhe duke ofruar nj\u00eb pamje t\u00eb past\u00ebr dhe elegante. Materiali cil\u00ebsor siguron rehati maksimale dhe frym\u00ebmarrje t\u00eb mir\u00eb [&hellip;]<\/p>","protected":false},"featured_media":17947,"comment_status":"open","ping_status":"closed","template":"","meta":[],"product_brand":[],"product_cat":[21],"product_tag":[941,942,938,939,521,940],"class_list":{"0":"post-17946","1":"product","2":"type-product","3":"status-publish","4":"has-post-thumbnail","6":"product_cat-tshirts","7":"product_tag-dizajn-me-vija-vertikale-shton-stil-dhe-efekt-vizual-qe-thekson-trupin-material-premium-i-bute","8":"product_tag-i-rehatshem-dhe-i-frymemarrshem","9":"product_tag-maice-me-vija-per-meshkuj","10":"product_tag-material-premium","11":"product_tag-slim-fit","12":"product_tag-stil-modern","14":"first","15":"instock","16":"sale","17":"taxable","18":"shipping-taxable","19":"purchasable","20":"product-type-variable"},"jetpack_sharing_enabled":true,"_links":{"self":[{"href":"https:\/\/urban-clothingstore.com\/en\/wp-json\/wp\/v2\/product\/17946","targetHints":{"allow":["GET"]}}],"collection":[{"href":"https:\/\/urban-clothingstore.com\/en\/wp-json\/wp\/v2\/product"}],"about":[{"href":"https:\/\/urban-clothingstore.com\/en\/wp-json\/wp\/v2\/types\/product"}],"replies":[{"embeddable":true,"href":"https:\/\/urban-clothingstore.com\/en\/wp-json\/wp\/v2\/comments?post=17946"}],"wp:featuredmedia":[{"embeddable":true,"href":"https:\/\/urban-clothingstore.com\/en\/wp-json\/wp\/v2\/media\/17947"}],"wp:attachment":[{"href":"https:\/\/urban-clothingstore.com\/en\/wp-json\/wp\/v2\/media?parent=17946"}],"wp:term":[{"taxonomy":"product_brand","embeddable":true,"href":"https:\/\/urban-clothingstore.com\/en\/wp-json\/wp\/v2\/product_brand?post=17946"},{"taxonomy":"product_cat","embeddable":true,"href":"https:\/\/urban-clothingstore.com\/en\/wp-json\/wp\/v2\/product_cat?post=17946"},{"taxonomy":"product_tag","embeddable":true,"href":"https:\/\/urban-clothingstore.com\/en\/wp-json\/wp\/v2\/product_tag?post=17946"}],"curies":[{"name":"wp","href":"https:\/\/api.w.org\/{rel}","templated":true}]}}