{"id":17980,"date":"2026-04-23T17:10:24","date_gmt":"2026-04-23T17:10:24","guid":{"rendered":"https:\/\/urban-clothingstore.com\/?post_type=product&#038;p=17980"},"modified":"2026-04-23T17:10:24","modified_gmt":"2026-04-23T17:10:24","slug":"xhakete-elegante-blu-navy-per-meshkuj","status":"publish","type":"product","link":"https:\/\/urban-clothingstore.com\/en\/product\/xhakete-elegante-blu-navy-per-meshkuj\/","title":{"rendered":"Xhaket\u00eb elegante blu navy p\u00ebr meshkuj"},"content":{"rendered":"<section class=\"text-token-text-primary w-full focus:outline-none [--shadow-height:45px] has-data-writing-block:pointer-events-none has-data-writing-block:-mt-(--shadow-height) has-data-writing-block:pt-(--shadow-height) [&amp;:has([data-writing-block])&gt;*]:pointer-events-auto [content-visibility:auto] supports-[content-visibility:auto]:[contain-intrinsic-size:auto_100lvh] R6Vx5W_threadScrollVars scroll-mb-[calc(var(--scroll-root-safe-area-inset-bottom,0px)+var(--thread-response-height))] scroll-mt-[calc(var(--header-height)+min(200px,max(70px,20svh)))]\" dir=\"auto\" data-turn-id=\"request-WEB:6b361aca-d435-4488-8986-d57c5aecba50-0\" data-testid=\"conversation-turn-2\" data-scroll-anchor=\"false\" data-turn=\"assistant\">\n<div class=\"text-base my-auto mx-auto pb-10 [--thread-content-margin:var(--thread-content-margin-xs,calc(var(--spacing)*4))] @w-sm\/main:[--thread-content-margin:var(--thread-content-margin-sm,calc(var(--spacing)*6))] @w-lg\/main:[--thread-content-margin:var(--thread-content-margin-lg,calc(var(--spacing)*16))] px-(--thread-content-margin)\">\n<div class=\"[--thread-content-max-width:40rem] @w-lg\/main:[--thread-content-max-width:48rem] mx-auto max-w-(--thread-content-max-width) flex-1 group\/turn-messages focus-visible:outline-hidden relative flex w-full min-w-0 flex-col agent-turn\">\n<div class=\"flex max-w-full flex-col gap-4 grow\">\n<div class=\"min-h-8 text-message relative flex w-full flex-col items-end gap-2 text-start break-words whitespace-normal outline-none keyboard-focused:focus-ring [.text-message+&amp;]:mt-1\" dir=\"auto\" tabindex=\"0\" data-message-author-role=\"assistant\" data-message-id=\"b18d3593-1cf0-4f98-8a5a-7eb5398b6327\" data-message-model-slug=\"gpt-5-3\" data-turn-start-message=\"true\">\n<div class=\"flex w-full flex-col gap-1 empty:hidden\">\n<div class=\"markdown prose dark:prose-invert w-full wrap-break-word dark markdown-new-styling\">\n<p data-start=\"77\" data-end=\"589\" data-is-last-node=\"\" data-is-only-node=\"\">Kjo xhaket\u00eb elegante n\u00eb ngjyr\u00eb blu navy \u00ebsht\u00eb zgjedhja perfekte p\u00ebr nj\u00eb pamje moderne dhe t\u00eb sofistikuar. E dizajnuar me prerje slim fit, ajo thekson linjat e trupit dhe ofron nj\u00eb stil t\u00eb past\u00ebr e profesional. Kombinohet leht\u00ebsisht me nj\u00eb k\u00ebmish\u00eb t\u00eb zez\u00eb p\u00ebr nj\u00eb look minimalist dhe t\u00eb rafinuar, ideal p\u00ebr evente formale, takime biznesi apo dalje n\u00eb mbr\u00ebmje. Materiali cil\u00ebsor siguron rehati gjat\u00eb gjith\u00eb dit\u00ebs, nd\u00ebrsa detajet si xhepat klasik\u00eb dhe prerja precize i japin nj\u00eb p\u00ebrfundim premium.<\/p>\n<\/div>\n<\/div>\n<\/div>\n<\/div>\n<div class=\"z-0 flex min-h-[46px] justify-start\"><\/div>\n<div class=\"mt-3 w-full empty:hidden\">\n<div class=\"text-center\"><\/div>\n<\/div>\n<\/div>\n<\/div>\n<\/section>\n<div class=\"pointer-events-none -mt-px h-px translate-y-[calc(var(--scroll-root-safe-area-inset-bottom)-14*var(--spacing))]\" aria-hidden=\"true\"><\/div>","protected":false},"excerpt":{"rendered":"<p>Kjo xhaket\u00eb elegante n\u00eb ngjyr\u00eb blu navy \u00ebsht\u00eb zgjedhja perfekte p\u00ebr nj\u00eb pamje moderne dhe t\u00eb sofistikuar. E dizajnuar me prerje slim fit, ajo thekson linjat e trupit dhe ofron nj\u00eb stil t\u00eb past\u00ebr e profesional. Kombinohet leht\u00ebsisht me nj\u00eb k\u00ebmish\u00eb t\u00eb zez\u00eb p\u00ebr nj\u00eb look minimalist dhe t\u00eb rafinuar, ideal p\u00ebr evente formale, takime [&hellip;]<\/p>","protected":false},"featured_media":17979,"comment_status":"open","ping_status":"closed","template":"","meta":[],"product_brand":[],"product_cat":[701],"product_tag":[335,668,679,57,312],"class_list":{"0":"post-17980","1":"product","2":"type-product","3":"status-publish","4":"has-post-thumbnail","6":"product_cat-premium-elegant-sweater","7":"product_tag-elegante","8":"product_tag-per-meshkuj","9":"product_tag-premium","10":"product_tag-slimfit","11":"product_tag-xhakete","13":"first","14":"instock","15":"taxable","16":"shipping-taxable","17":"purchasable","18":"product-type-variable"},"jetpack_sharing_enabled":true,"_links":{"self":[{"href":"https:\/\/urban-clothingstore.com\/en\/wp-json\/wp\/v2\/product\/17980","targetHints":{"allow":["GET"]}}],"collection":[{"href":"https:\/\/urban-clothingstore.com\/en\/wp-json\/wp\/v2\/product"}],"about":[{"href":"https:\/\/urban-clothingstore.com\/en\/wp-json\/wp\/v2\/types\/product"}],"replies":[{"embeddable":true,"href":"https:\/\/urban-clothingstore.com\/en\/wp-json\/wp\/v2\/comments?post=17980"}],"wp:featuredmedia":[{"embeddable":true,"href":"https:\/\/urban-clothingstore.com\/en\/wp-json\/wp\/v2\/media\/17979"}],"wp:attachment":[{"href":"https:\/\/urban-clothingstore.com\/en\/wp-json\/wp\/v2\/media?parent=17980"}],"wp:term":[{"taxonomy":"product_brand","embeddable":true,"href":"https:\/\/urban-clothingstore.com\/en\/wp-json\/wp\/v2\/product_brand?post=17980"},{"taxonomy":"product_cat","embeddable":true,"href":"https:\/\/urban-clothingstore.com\/en\/wp-json\/wp\/v2\/product_cat?post=17980"},{"taxonomy":"product_tag","embeddable":true,"href":"https:\/\/urban-clothingstore.com\/en\/wp-json\/wp\/v2\/product_tag?post=17980"}],"curies":[{"name":"wp","href":"https:\/\/api.w.org\/{rel}","templated":true}]}}