{"id":17988,"date":"2026-04-23T17:16:33","date_gmt":"2026-04-23T17:16:33","guid":{"rendered":"https:\/\/urban-clothingstore.com\/?post_type=product&#038;p=17988"},"modified":"2026-04-23T17:16:33","modified_gmt":"2026-04-23T17:16:33","slug":"xhinse-premium-te-zeza-per-meshkuj-slim-fit-me-elasticitet","status":"publish","type":"product","link":"https:\/\/urban-clothingstore.com\/en\/product\/xhinse-premium-te-zeza-per-meshkuj-slim-fit-me-elasticitet\/","title":{"rendered":"Xhinse Premium t\u00eb Zeza p\u00ebr Meshkuj \u2013 Slim Fit me Elasticitet"},"content":{"rendered":"<p data-start=\"89\" data-end=\"406\">K\u00ebto xhinse premium p\u00ebr meshkuj n\u00eb ngjyr\u00eb t\u00eb zez\u00eb jan\u00eb t\u00eb dizajnuara p\u00ebr t\u00eb ofruar nj\u00eb balanc\u00eb perfekte mes eleganc\u00ebs bashk\u00ebkohore dhe funksionalitetit t\u00eb p\u00ebrditsh\u00ebm. Prerja slim fit siguron nj\u00eb p\u00ebrshtatje t\u00eb strukturuar dhe moderne, duke theksuar linjat natyrale t\u00eb trupit pa komprometuar rehatin\u00eb.<\/p>\n<p data-start=\"408\" data-end=\"708\">T\u00eb prodhuara nga material cil\u00ebsor me p\u00ebrmbajtje elastike, k\u00ebto xhinse garantojn\u00eb fleksibilitet optimal dhe komoditet gjat\u00eb gjith\u00eb dit\u00ebs. Finishi i leht\u00eb \u201cwashed\u201d dhe detajet diskrete i japin nj\u00eb pamje t\u00eb rafinuar, duke i b\u00ebr\u00eb t\u00eb p\u00ebrshtatshme si p\u00ebr kombinime casual, ashtu edhe p\u00ebr stil smart-casual.<\/p>\n<p data-start=\"710\" data-end=\"825\" data-is-last-node=\"\" data-is-only-node=\"\">Nj\u00eb zgjedhje ideale p\u00ebr meshkujt q\u00eb k\u00ebrkojn\u00eb stil t\u00eb past\u00ebr, cil\u00ebsi t\u00eb lart\u00eb dhe versatilitet n\u00eb garderob\u00ebn e tyre.<\/p>","protected":false},"excerpt":{"rendered":"<p>K\u00ebto xhinse premium p\u00ebr meshkuj n\u00eb ngjyr\u00eb t\u00eb zez\u00eb jan\u00eb t\u00eb dizajnuara p\u00ebr t\u00eb ofruar nj\u00eb balanc\u00eb perfekte mes eleganc\u00ebs bashk\u00ebkohore dhe funksionalitetit t\u00eb p\u00ebrditsh\u00ebm. Prerja slim fit siguron nj\u00eb p\u00ebrshtatje t\u00eb strukturuar dhe moderne, duke theksuar linjat natyrale t\u00eb trupit pa komprometuar rehatin\u00eb. T\u00eb prodhuara nga material cil\u00ebsor me p\u00ebrmbajtje elastike, k\u00ebto xhinse garantojn\u00eb [&hellip;]<\/p>","protected":false},"featured_media":17989,"comment_status":"open","ping_status":"closed","template":"","meta":[],"product_brand":[],"product_cat":[27],"product_tag":[298,679,57,379],"class_list":{"0":"post-17988","1":"product","2":"type-product","3":"status-publish","4":"has-post-thumbnail","6":"product_cat-jeans","7":"product_tag-klasike","8":"product_tag-premium","9":"product_tag-slimfit","10":"product_tag-xhinse","12":"first","13":"instock","14":"taxable","15":"shipping-taxable","16":"purchasable","17":"product-type-variable"},"jetpack_sharing_enabled":true,"_links":{"self":[{"href":"https:\/\/urban-clothingstore.com\/en\/wp-json\/wp\/v2\/product\/17988","targetHints":{"allow":["GET"]}}],"collection":[{"href":"https:\/\/urban-clothingstore.com\/en\/wp-json\/wp\/v2\/product"}],"about":[{"href":"https:\/\/urban-clothingstore.com\/en\/wp-json\/wp\/v2\/types\/product"}],"replies":[{"embeddable":true,"href":"https:\/\/urban-clothingstore.com\/en\/wp-json\/wp\/v2\/comments?post=17988"}],"wp:featuredmedia":[{"embeddable":true,"href":"https:\/\/urban-clothingstore.com\/en\/wp-json\/wp\/v2\/media\/17989"}],"wp:attachment":[{"href":"https:\/\/urban-clothingstore.com\/en\/wp-json\/wp\/v2\/media?parent=17988"}],"wp:term":[{"taxonomy":"product_brand","embeddable":true,"href":"https:\/\/urban-clothingstore.com\/en\/wp-json\/wp\/v2\/product_brand?post=17988"},{"taxonomy":"product_cat","embeddable":true,"href":"https:\/\/urban-clothingstore.com\/en\/wp-json\/wp\/v2\/product_cat?post=17988"},{"taxonomy":"product_tag","embeddable":true,"href":"https:\/\/urban-clothingstore.com\/en\/wp-json\/wp\/v2\/product_tag?post=17988"}],"curies":[{"name":"wp","href":"https:\/\/api.w.org\/{rel}","templated":true}]}}