{"id":18000,"date":"2026-04-24T10:51:09","date_gmt":"2026-04-24T10:51:09","guid":{"rendered":"https:\/\/urban-clothingstore.com\/?post_type=product&#038;p=18000"},"modified":"2026-04-24T10:51:09","modified_gmt":"2026-04-24T10:51:09","slug":"polo-moderne-me-zinxhir-per-meshkuj-stil-minimal-komoditet-i-perditshem","status":"publish","type":"product","link":"https:\/\/urban-clothingstore.com\/en\/product\/polo-moderne-me-zinxhir-per-meshkuj-stil-minimal-komoditet-i-perditshem\/","title":{"rendered":"Polo Moderne me Zinxhir p\u00ebr Meshkuj \u2013 Stil Minimal &#038; Komoditet i P\u00ebrditsh\u00ebm"},"content":{"rendered":"<section class=\"text-token-text-primary w-full focus:outline-none [--shadow-height:45px] has-data-writing-block:pointer-events-none has-data-writing-block:-mt-(--shadow-height) has-data-writing-block:pt-(--shadow-height) [&amp;:has([data-writing-block])&gt;*]:pointer-events-auto [content-visibility:auto] supports-[content-visibility:auto]:[contain-intrinsic-size:auto_100lvh] R6Vx5W_threadScrollVars scroll-mb-[calc(var(--scroll-root-safe-area-inset-bottom,0px)+var(--thread-response-height))] scroll-mt-[calc(var(--header-height)+min(200px,max(70px,20svh)))]\" dir=\"auto\" data-turn-id=\"request-WEB:2a6c1da6-e974-49b2-adc1-6107ec62a6f2-0\" data-testid=\"conversation-turn-2\" data-scroll-anchor=\"false\" data-turn=\"assistant\">\n<div class=\"text-base my-auto mx-auto pb-10 [--thread-content-margin:var(--thread-content-margin-xs,calc(var(--spacing)*4))] @w-sm\/main:[--thread-content-margin:var(--thread-content-margin-sm,calc(var(--spacing)*6))] @w-lg\/main:[--thread-content-margin:var(--thread-content-margin-lg,calc(var(--spacing)*16))] px-(--thread-content-margin)\">\n<div class=\"[--thread-content-max-width:40rem] @w-lg\/main:[--thread-content-max-width:48rem] mx-auto max-w-(--thread-content-max-width) flex-1 group\/turn-messages focus-visible:outline-hidden relative flex w-full min-w-0 flex-col agent-turn\">\n<div class=\"flex max-w-full flex-col gap-4 grow\">\n<div class=\"min-h-8 text-message relative flex w-full flex-col items-end gap-2 text-start break-words whitespace-normal outline-none keyboard-focused:focus-ring [.text-message+&amp;]:mt-1\" dir=\"auto\" tabindex=\"0\" data-message-author-role=\"assistant\" data-message-id=\"1ccc27ca-ed99-4b62-8086-362f13bcd83f\" data-message-model-slug=\"gpt-5-3\" data-turn-start-message=\"true\">\n<div class=\"flex w-full flex-col gap-1 empty:hidden\">\n<div class=\"markdown prose dark:prose-invert w-full wrap-break-word dark markdown-new-styling\">\n<p data-start=\"104\" data-end=\"417\">Kjo bluz\u00eb polo p\u00ebr meshkuj kombinon eleganc\u00ebn moderne me rehati maksimale. E dizajnuar me jak\u00eb klasike dhe mbyllje me zinxhir n\u00eb pjes\u00ebn e p\u00ebrparme, ajo ofron nj\u00eb pamje t\u00eb past\u00ebr dhe bashk\u00ebkohore q\u00eb p\u00ebrshtatet leht\u00ebsisht si p\u00ebr veshje casual, ashtu edhe p\u00ebr kombinime m\u00eb t\u00eb rregullta.<\/p>\n<p data-start=\"419\" data-end=\"700\">Materiali i but\u00eb dhe i ajrossh\u00ebm siguron komoditet gjat\u00eb gjith\u00eb dit\u00ebs, nd\u00ebrsa prerja e rregullt thekson linjat e trupit pa kufizuar l\u00ebvizjen. E disponueshme n\u00eb disa ngjyra elegante (e bardh\u00eb, e zez\u00eb, kafe, blu e err\u00ebt dhe jeshile), kjo polo \u00ebsht\u00eb nj\u00eb zgjedhje ideale p\u00ebr \u00e7do sezon.<\/p>\n<p data-start=\"702\" data-end=\"731\"><strong data-start=\"702\" data-end=\"731\">Karakteristikat kryesore:<\/strong><\/p>\n<ul data-start=\"732\" data-end=\"961\">\n<li data-section-id=\"t03117\" data-start=\"732\" data-end=\"760\">Dizajn modern me zinxhir<\/li>\n<li data-section-id=\"tbddcn\" data-start=\"761\" data-end=\"809\">Material cil\u00ebsor, i but\u00eb dhe i frym\u00ebmarrsh\u00ebm<\/li>\n<li data-section-id=\"1lw0ybc\" data-start=\"810\" data-end=\"845\">Prerje komode dhe stil i past\u00ebr<\/li>\n<li data-section-id=\"1fbweyu\" data-start=\"846\" data-end=\"908\">Leht\u00ebsisht e kombinueshme me xhinse apo pantallona klasike<\/li>\n<li data-section-id=\"3d1s6s\" data-start=\"909\" data-end=\"961\">E p\u00ebrshtatshme p\u00ebr p\u00ebrditshm\u00ebri dhe dalje casual<\/li>\n<\/ul>\n<p data-start=\"963\" data-end=\"1046\" data-is-last-node=\"\" data-is-only-node=\"\">Nj\u00eb element esencial n\u00eb gard\u00ebrob\u00ebn e \u00e7do mashkulli q\u00eb vler\u00ebson stilin dhe rehatin\u00eb.<\/p>\n<\/div>\n<\/div>\n<\/div>\n<\/div>\n<\/div>\n<\/div>\n<\/section>","protected":false},"excerpt":{"rendered":"<p>Kjo bluz\u00eb polo p\u00ebr meshkuj kombinon eleganc\u00ebn moderne me rehati maksimale. E dizajnuar me jak\u00eb klasike dhe mbyllje me zinxhir n\u00eb pjes\u00ebn e p\u00ebrparme, ajo ofron nj\u00eb pamje t\u00eb past\u00ebr dhe bashk\u00ebkohore q\u00eb p\u00ebrshtatet leht\u00ebsisht si p\u00ebr veshje casual, ashtu edhe p\u00ebr kombinime m\u00eb t\u00eb rregullta. Materiali i but\u00eb dhe i ajrossh\u00ebm siguron komoditet gjat\u00eb [&hellip;]<\/p>","protected":false},"featured_media":18001,"comment_status":"open","ping_status":"closed","template":"","meta":[],"product_brand":[],"product_cat":[21],"product_tag":[905,945,944,943],"class_list":{"0":"post-18000","1":"product","2":"type-product","3":"status-publish","4":"has-post-thumbnail","6":"product_cat-tshirts","7":"product_tag-i-bute-dhe-i-frymemarrshem","8":"product_tag-lehtesisht-e-kombinueshme-me-xhinse-apo-pantallona-klasike","9":"product_tag-material-cilesor","10":"product_tag-polo-moderne-me-zinxhir","12":"first","13":"instock","14":"taxable","15":"shipping-taxable","16":"purchasable","17":"product-type-variable"},"jetpack_sharing_enabled":true,"_links":{"self":[{"href":"https:\/\/urban-clothingstore.com\/en\/wp-json\/wp\/v2\/product\/18000","targetHints":{"allow":["GET"]}}],"collection":[{"href":"https:\/\/urban-clothingstore.com\/en\/wp-json\/wp\/v2\/product"}],"about":[{"href":"https:\/\/urban-clothingstore.com\/en\/wp-json\/wp\/v2\/types\/product"}],"replies":[{"embeddable":true,"href":"https:\/\/urban-clothingstore.com\/en\/wp-json\/wp\/v2\/comments?post=18000"}],"wp:featuredmedia":[{"embeddable":true,"href":"https:\/\/urban-clothingstore.com\/en\/wp-json\/wp\/v2\/media\/18001"}],"wp:attachment":[{"href":"https:\/\/urban-clothingstore.com\/en\/wp-json\/wp\/v2\/media?parent=18000"}],"wp:term":[{"taxonomy":"product_brand","embeddable":true,"href":"https:\/\/urban-clothingstore.com\/en\/wp-json\/wp\/v2\/product_brand?post=18000"},{"taxonomy":"product_cat","embeddable":true,"href":"https:\/\/urban-clothingstore.com\/en\/wp-json\/wp\/v2\/product_cat?post=18000"},{"taxonomy":"product_tag","embeddable":true,"href":"https:\/\/urban-clothingstore.com\/en\/wp-json\/wp\/v2\/product_tag?post=18000"}],"curies":[{"name":"wp","href":"https:\/\/api.w.org\/{rel}","templated":true}]}}