{"id":18031,"date":"2026-04-24T11:03:18","date_gmt":"2026-04-24T11:03:18","guid":{"rendered":"https:\/\/urban-clothingstore.com\/?post_type=product&#038;p=18031"},"modified":"2026-04-24T11:03:18","modified_gmt":"2026-04-24T11:03:18","slug":"polo-premium-me-zinxhir-dhe-teksture-vertikale-elegance-moderne-per-meshkuj","status":"publish","type":"product","link":"https:\/\/urban-clothingstore.com\/en\/product\/polo-premium-me-zinxhir-dhe-teksture-vertikale-elegance-moderne-per-meshkuj\/","title":{"rendered":"Polo Premium me Zinxhir dhe Tekstur\u00eb Vertikale \u2013 Eleganc\u00eb Moderne p\u00ebr Meshkuj"},"content":{"rendered":"<section class=\"text-token-text-primary w-full focus:outline-none [--shadow-height:45px] has-data-writing-block:pointer-events-none has-data-writing-block:-mt-(--shadow-height) has-data-writing-block:pt-(--shadow-height) [&amp;:has([data-writing-block])&gt;*]:pointer-events-auto [content-visibility:auto] supports-[content-visibility:auto]:[contain-intrinsic-size:auto_100lvh] R6Vx5W_threadScrollVars scroll-mb-[calc(var(--scroll-root-safe-area-inset-bottom,0px)+var(--thread-response-height))] scroll-mt-[calc(var(--header-height)+min(200px,max(70px,20svh)))]\" dir=\"auto\" data-turn-id=\"request-WEB:2a6c1da6-e974-49b2-adc1-6107ec62a6f2-1\" data-testid=\"conversation-turn-4\" data-scroll-anchor=\"false\" data-turn=\"assistant\">\n<div class=\"text-base my-auto mx-auto pb-10 [--thread-content-margin:var(--thread-content-margin-xs,calc(var(--spacing)*4))] @w-sm\/main:[--thread-content-margin:var(--thread-content-margin-sm,calc(var(--spacing)*6))] @w-lg\/main:[--thread-content-margin:var(--thread-content-margin-lg,calc(var(--spacing)*16))] px-(--thread-content-margin)\">\n<div class=\"[--thread-content-max-width:40rem] @w-lg\/main:[--thread-content-max-width:48rem] mx-auto max-w-(--thread-content-max-width) flex-1 group\/turn-messages focus-visible:outline-hidden relative flex w-full min-w-0 flex-col agent-turn\">\n<div class=\"flex max-w-full flex-col gap-4 grow\">\n<div class=\"min-h-8 text-message relative flex w-full flex-col items-end gap-2 text-start break-words whitespace-normal outline-none keyboard-focused:focus-ring [.text-message+&amp;]:mt-1\" dir=\"auto\" tabindex=\"0\" data-message-author-role=\"assistant\" data-message-id=\"9b3ff68e-5461-4dc9-8928-54ef02ae2011\" data-message-model-slug=\"gpt-5-3\" data-turn-start-message=\"true\">\n<div class=\"flex w-full flex-col gap-1 empty:hidden\">\n<div class=\"markdown prose dark:prose-invert w-full wrap-break-word dark markdown-new-styling\">\n<p data-start=\"106\" data-end=\"372\">Kjo bluz\u00eb polo premium \u00ebsht\u00eb zgjedhja perfekte p\u00ebr meshkujt q\u00eb k\u00ebrkojn\u00eb nj\u00eb stil t\u00eb rafinuar dhe modern. E dizajnuar me detaje teksture vertikale q\u00eb i japin nj\u00eb pamje m\u00eb elegante dhe unike, kjo polo dallon menj\u00ebher\u00eb nga modelet klasike.<\/p>\n<p data-start=\"374\" data-end=\"678\">Mbyllja me zinxhir n\u00eb pjes\u00ebn e p\u00ebrparme shton nj\u00eb prekje bashk\u00ebkohore, nd\u00ebrsa materiali i but\u00eb dhe cil\u00ebsor siguron rehati maksimale gjat\u00eb gjith\u00eb dit\u00ebs. Prerja e rregullt p\u00ebrshtatet bukur me trupin, duke ofruar nj\u00eb look t\u00eb past\u00ebr dhe t\u00eb kuruar \u2013 ideal si p\u00ebr evente casual ashtu edhe p\u00ebr dalje m\u00eb formale.<\/p>\n<p data-start=\"680\" data-end=\"843\">E disponueshme n\u00eb disa ngjyra t\u00eb sofistikuara si e zez\u00eb, bezh\u00eb, kafe, blu e err\u00ebt dhe jeshile ulliri, kjo polo \u00ebsht\u00eb nj\u00eb pjes\u00eb thelb\u00ebsore n\u00eb \u00e7do gard\u00ebrob\u00eb moderne.<\/p>\n<p data-start=\"845\" data-end=\"874\"><strong data-start=\"845\" data-end=\"874\">Karakteristikat kryesore:<\/strong><\/p>\n<ul data-start=\"875\" data-end=\"1088\">\n<li data-section-id=\"mbra24\" data-start=\"875\" data-end=\"915\">Dizajn elegant me tekstur\u00eb vertikale<\/li>\n<li data-section-id=\"1v4kk5x\" data-start=\"916\" data-end=\"946\">Mbyllje moderne me zinxhir<\/li>\n<li data-section-id=\"ov1yt\" data-start=\"947\" data-end=\"982\">Material i but\u00eb dhe i rehatsh\u00ebm<\/li>\n<li data-section-id=\"x4ixre\" data-start=\"983\" data-end=\"1025\">Prerje slim\/regular q\u00eb thekson fizikun<\/li>\n<li data-section-id=\"1ca0keh\" data-start=\"1026\" data-end=\"1088\">Leht\u00ebsisht e kombinueshme me pantallona klasike ose casual<\/li>\n<\/ul>\n<p data-start=\"1090\" data-end=\"1149\" data-is-last-node=\"\" data-is-only-node=\"\">Nj\u00eb kombinim perfekt i stilit dhe komoditetit p\u00ebr \u00e7do rast.<\/p>\n<\/div>\n<\/div>\n<\/div>\n<\/div>\n<\/div>\n<\/div>\n<\/section>","protected":false},"excerpt":{"rendered":"<p>Kjo bluz\u00eb polo premium \u00ebsht\u00eb zgjedhja perfekte p\u00ebr meshkujt q\u00eb k\u00ebrkojn\u00eb nj\u00eb stil t\u00eb rafinuar dhe modern. E dizajnuar me detaje teksture vertikale q\u00eb i japin nj\u00eb pamje m\u00eb elegante dhe unike, kjo polo dallon menj\u00ebher\u00eb nga modelet klasike. Mbyllja me zinxhir n\u00eb pjes\u00ebn e p\u00ebrparme shton nj\u00eb prekje bashk\u00ebkohore, nd\u00ebrsa materiali i but\u00eb dhe [&hellip;]<\/p>","protected":false},"featured_media":18032,"comment_status":"open","ping_status":"closed","template":"","meta":[],"product_brand":[],"product_cat":[21],"product_tag":[947,946,948],"class_list":{"0":"post-18031","1":"product","2":"type-product","3":"status-publish","4":"has-post-thumbnail","6":"product_cat-tshirts","7":"product_tag-material-i-bute-dhe-i-rehatshem","8":"product_tag-polo-premium-me-zinxhir-dhe-teksture-vertikale","9":"product_tag-prerje-slim-regular-qe-thekson-fizikun","11":"first","12":"instock","13":"taxable","14":"shipping-taxable","15":"purchasable","16":"product-type-variable"},"jetpack_sharing_enabled":true,"_links":{"self":[{"href":"https:\/\/urban-clothingstore.com\/en\/wp-json\/wp\/v2\/product\/18031","targetHints":{"allow":["GET"]}}],"collection":[{"href":"https:\/\/urban-clothingstore.com\/en\/wp-json\/wp\/v2\/product"}],"about":[{"href":"https:\/\/urban-clothingstore.com\/en\/wp-json\/wp\/v2\/types\/product"}],"replies":[{"embeddable":true,"href":"https:\/\/urban-clothingstore.com\/en\/wp-json\/wp\/v2\/comments?post=18031"}],"wp:featuredmedia":[{"embeddable":true,"href":"https:\/\/urban-clothingstore.com\/en\/wp-json\/wp\/v2\/media\/18032"}],"wp:attachment":[{"href":"https:\/\/urban-clothingstore.com\/en\/wp-json\/wp\/v2\/media?parent=18031"}],"wp:term":[{"taxonomy":"product_brand","embeddable":true,"href":"https:\/\/urban-clothingstore.com\/en\/wp-json\/wp\/v2\/product_brand?post=18031"},{"taxonomy":"product_cat","embeddable":true,"href":"https:\/\/urban-clothingstore.com\/en\/wp-json\/wp\/v2\/product_cat?post=18031"},{"taxonomy":"product_tag","embeddable":true,"href":"https:\/\/urban-clothingstore.com\/en\/wp-json\/wp\/v2\/product_tag?post=18031"}],"curies":[{"name":"wp","href":"https:\/\/api.w.org\/{rel}","templated":true}]}}