{"id":18284,"date":"2026-04-25T16:17:07","date_gmt":"2026-04-25T16:17:07","guid":{"rendered":"https:\/\/urban-clothingstore.com\/?post_type=product&#038;p=18284"},"modified":"2026-04-25T16:17:07","modified_gmt":"2026-04-25T16:17:07","slug":"set-premium-linen-me-dy-xhepa-relaxed-fit","status":"publish","type":"product","link":"https:\/\/urban-clothingstore.com\/en\/product\/set-premium-linen-me-dy-xhepa-relaxed-fit\/","title":{"rendered":"Set Premium Linen me Dy Xhepa \u2013 Relaxed Fit"},"content":{"rendered":"<p data-start=\"112\" data-end=\"356\">Set modern dhe i rafinuar, i projektuar p\u00ebr komoditet dhe stil maksimal n\u00eb p\u00ebrditshm\u00ebri. P\u00ebrb\u00ebhet nga k\u00ebmish\u00eb me dy xhepa funksional\u00eb dhe pantallona me bel elastik, duke ofruar nj\u00eb balanc\u00eb perfekte mes eleganc\u00ebs dhe casual-it.<\/p>\n<p data-start=\"358\" data-end=\"377\"><strong data-start=\"358\" data-end=\"375\">Key Features:<\/strong><\/p>\n<ul data-start=\"378\" data-end=\"751\">\n<li data-section-id=\"bgtamn\" data-start=\"378\" data-end=\"448\">Material i leht\u00eb dhe i frym\u00ebmarrsh\u00ebm (ideal p\u00ebr sezonin e ngroht\u00eb)<\/li>\n<li data-section-id=\"1wy75cl\" data-start=\"449\" data-end=\"501\">Prerje Relaxed Fit p\u00ebr rehati dhe liri l\u00ebvizjeje<\/li>\n<li data-section-id=\"1r5x1pv\" data-start=\"502\" data-end=\"555\">K\u00ebmish\u00eb me dy xhepa praktik\u00eb n\u00eb pjes\u00ebn e p\u00ebrparme<\/li>\n<li data-section-id=\"nnm1h6\" data-start=\"556\" data-end=\"621\">Pantallona me bel elastik dhe lidh\u00ebse p\u00ebr p\u00ebrshtatje perfekte<\/li>\n<li data-section-id=\"7sz94x\" data-start=\"622\" data-end=\"654\">Dizajn minimalist dhe modern<\/li>\n<li data-section-id=\"6it8ut\" data-start=\"655\" data-end=\"710\">Leht\u00eb p\u00ebr t\u2019u kombinuar me atlete ose k\u00ebpuc\u00eb casual<\/li>\n<li data-section-id=\"18jsls5\" data-start=\"711\" data-end=\"751\">I disponuesh\u00ebm n\u00eb disa ngjyra elegante<\/li>\n<\/ul>","protected":false},"excerpt":{"rendered":"<p>Set modern dhe i rafinuar, i projektuar p\u00ebr komoditet dhe stil maksimal n\u00eb p\u00ebrditshm\u00ebri. P\u00ebrb\u00ebhet nga k\u00ebmish\u00eb me dy xhepa funksional\u00eb dhe pantallona me bel elastik, duke ofruar nj\u00eb balanc\u00eb perfekte mes eleganc\u00ebs dhe casual-it. Key Features: Material i leht\u00eb dhe i frym\u00ebmarrsh\u00ebm (ideal p\u00ebr sezonin e ngroht\u00eb) Prerje Relaxed Fit p\u00ebr rehati dhe liri [&hellip;]<\/p>","protected":false},"featured_media":18288,"comment_status":"open","ping_status":"closed","template":"","meta":[],"product_brand":[],"product_cat":[77],"product_tag":[673,966,668,679,710,66],"class_list":{"0":"post-18284","1":"product","2":"type-product","3":"status-publish","4":"has-post-thumbnail","6":"product_cat-trucksuit","7":"product_tag-kostum","8":"product_tag-me-dy-xhepa","9":"product_tag-per-meshkuj","10":"product_tag-premium","11":"product_tag-relaxedfit","12":"product_tag-set","14":"first","15":"instock","16":"taxable","17":"shipping-taxable","18":"purchasable","19":"product-type-variable"},"jetpack_sharing_enabled":true,"_links":{"self":[{"href":"https:\/\/urban-clothingstore.com\/en\/wp-json\/wp\/v2\/product\/18284","targetHints":{"allow":["GET"]}}],"collection":[{"href":"https:\/\/urban-clothingstore.com\/en\/wp-json\/wp\/v2\/product"}],"about":[{"href":"https:\/\/urban-clothingstore.com\/en\/wp-json\/wp\/v2\/types\/product"}],"replies":[{"embeddable":true,"href":"https:\/\/urban-clothingstore.com\/en\/wp-json\/wp\/v2\/comments?post=18284"}],"wp:featuredmedia":[{"embeddable":true,"href":"https:\/\/urban-clothingstore.com\/en\/wp-json\/wp\/v2\/media\/18288"}],"wp:attachment":[{"href":"https:\/\/urban-clothingstore.com\/en\/wp-json\/wp\/v2\/media?parent=18284"}],"wp:term":[{"taxonomy":"product_brand","embeddable":true,"href":"https:\/\/urban-clothingstore.com\/en\/wp-json\/wp\/v2\/product_brand?post=18284"},{"taxonomy":"product_cat","embeddable":true,"href":"https:\/\/urban-clothingstore.com\/en\/wp-json\/wp\/v2\/product_cat?post=18284"},{"taxonomy":"product_tag","embeddable":true,"href":"https:\/\/urban-clothingstore.com\/en\/wp-json\/wp\/v2\/product_tag?post=18284"}],"curies":[{"name":"wp","href":"https:\/\/api.w.org\/{rel}","templated":true}]}}