{"id":18321,"date":"2026-04-25T17:11:42","date_gmt":"2026-04-25T17:11:42","guid":{"rendered":"https:\/\/urban-clothingstore.com\/?post_type=product&#038;p=18321"},"modified":"2026-04-25T17:11:43","modified_gmt":"2026-04-25T17:11:43","slug":"essential-minimal-tee-collection","status":"publish","type":"product","link":"https:\/\/urban-clothingstore.com\/en\/product\/essential-minimal-tee-collection\/","title":{"rendered":"Essential Minimal Tee Collection"},"content":{"rendered":"<p data-start=\"49\" data-end=\"323\">Koleksioni <em data-start=\"78\" data-end=\"101\">Essential Minimal Tee<\/em> p\u00ebrfaq\u00ebson balanc\u00ebn perfekte mes thjesht\u00ebsis\u00eb dhe stilit modern. I dizajnuar p\u00ebr mashkullin bashk\u00ebkohor, ky koleksion ofron bluza bazike premium q\u00eb p\u00ebrshtaten leht\u00ebsisht n\u00eb \u00e7do kombinim \u2013 nga casual deri tek smart-casual.<\/p>\n<p data-start=\"325\" data-end=\"585\">Me prerje t\u00eb past\u00ebr dhe materiale cil\u00ebsore, k\u00ebto t-shirt sigurojn\u00eb rehati maksimale gjat\u00eb gjith\u00eb dit\u00ebs duke ruajtur nj\u00eb pamje elegante dhe t\u00eb rafinuar. Ngjyrat neutrale dhe moderne e b\u00ebjn\u00eb k\u00ebt\u00eb koleksion nj\u00eb zgjedhje t\u00eb domosdoshme p\u00ebr garderob\u00ebn e p\u00ebrditshme.<\/p>\n<p data-start=\"587\" data-end=\"606\"><strong data-start=\"587\" data-end=\"604\">Key Features:<\/strong><\/p>\n<ul data-start=\"607\" data-end=\"855\">\n<li data-section-id=\"15c3vwu\" data-start=\"607\" data-end=\"669\">Material i but\u00eb dhe i frym\u00ebmarrsh\u00ebm (premium cotton blend)<\/li>\n<li data-section-id=\"1ohiu3a\" data-start=\"670\" data-end=\"710\">Prerje moderne q\u00eb p\u00ebrshtatet n\u00eb trup<\/li>\n<li data-section-id=\"1he5m92\" data-start=\"711\" data-end=\"739\">Qaf\u00eb klasike \u201ccrew neck\u201d<\/li>\n<li data-section-id=\"kis5za\" data-start=\"740\" data-end=\"776\">Leht\u00eb p\u00ebr kombinim me \u00e7do outfit<\/li>\n<li data-section-id=\"1rtve4p\" data-start=\"777\" data-end=\"815\">Ngjyra esenciale dhe t\u00eb p\u00ebrjetshme<\/li>\n<li data-section-id=\"1as5ap6\" data-start=\"816\" data-end=\"855\">Komfort maksimal p\u00ebr p\u00ebrdorim ditor<\/li>\n<\/ul>","protected":false},"excerpt":{"rendered":"<p>Koleksioni Essential Minimal Tee p\u00ebrfaq\u00ebson balanc\u00ebn perfekte mes thjesht\u00ebsis\u00eb dhe stilit modern. I dizajnuar p\u00ebr mashkullin bashk\u00ebkohor, ky koleksion ofron bluza bazike premium q\u00eb p\u00ebrshtaten leht\u00ebsisht n\u00eb \u00e7do kombinim \u2013 nga casual deri tek smart-casual. Me prerje t\u00eb past\u00ebr dhe materiale cil\u00ebsore, k\u00ebto t-shirt sigurojn\u00eb rehati maksimale gjat\u00eb gjith\u00eb dit\u00ebs duke ruajtur nj\u00eb pamje elegante [&hellip;]<\/p>","protected":false},"featured_media":18323,"comment_status":"open","ping_status":"closed","template":"","meta":[],"product_brand":[],"product_cat":[704,21],"product_tag":[967,969,968],"class_list":{"0":"post-18321","1":"product","2":"type-product","3":"status-publish","4":"has-post-thumbnail","6":"product_cat-premium-slim-fit-t-shirt","7":"product_cat-tshirts","8":"product_tag-essential-minimal-tee-collection","9":"product_tag-material-i-bute-dhe-i-frymemarrshem-premium-cotton-blend","10":"product_tag-ngjyra-esenciale-dhe-te-perjetshme-komfort-maksimal-per-perdorim-ditor","12":"first","13":"instock","14":"taxable","15":"shipping-taxable","16":"purchasable","17":"product-type-variable"},"jetpack_sharing_enabled":true,"_links":{"self":[{"href":"https:\/\/urban-clothingstore.com\/en\/wp-json\/wp\/v2\/product\/18321","targetHints":{"allow":["GET"]}}],"collection":[{"href":"https:\/\/urban-clothingstore.com\/en\/wp-json\/wp\/v2\/product"}],"about":[{"href":"https:\/\/urban-clothingstore.com\/en\/wp-json\/wp\/v2\/types\/product"}],"replies":[{"embeddable":true,"href":"https:\/\/urban-clothingstore.com\/en\/wp-json\/wp\/v2\/comments?post=18321"}],"wp:featuredmedia":[{"embeddable":true,"href":"https:\/\/urban-clothingstore.com\/en\/wp-json\/wp\/v2\/media\/18323"}],"wp:attachment":[{"href":"https:\/\/urban-clothingstore.com\/en\/wp-json\/wp\/v2\/media?parent=18321"}],"wp:term":[{"taxonomy":"product_brand","embeddable":true,"href":"https:\/\/urban-clothingstore.com\/en\/wp-json\/wp\/v2\/product_brand?post=18321"},{"taxonomy":"product_cat","embeddable":true,"href":"https:\/\/urban-clothingstore.com\/en\/wp-json\/wp\/v2\/product_cat?post=18321"},{"taxonomy":"product_tag","embeddable":true,"href":"https:\/\/urban-clothingstore.com\/en\/wp-json\/wp\/v2\/product_tag?post=18321"}],"curies":[{"name":"wp","href":"https:\/\/api.w.org\/{rel}","templated":true}]}}