{"id":18378,"date":"2026-04-26T12:25:27","date_gmt":"2026-04-26T12:25:27","guid":{"rendered":"https:\/\/urban-clothingstore.com\/?post_type=product&#038;p=18378"},"modified":"2026-04-26T12:25:27","modified_gmt":"2026-04-26T12:25:27","slug":"sako-elegante-e-zeze-dopiopete-per-meshkuj","status":"publish","type":"product","link":"https:\/\/urban-clothingstore.com\/en\/product\/sako-elegante-e-zeze-dopiopete-per-meshkuj\/","title":{"rendered":"Sako Elegante e Zez\u00eb Dopiopet\u00eb p\u00ebr Meshkuj"},"content":{"rendered":"<section class=\"text-token-text-primary w-full focus:outline-none [--shadow-height:45px] has-data-writing-block:pointer-events-none has-data-writing-block:-mt-(--shadow-height) has-data-writing-block:pt-(--shadow-height) [&amp;:has([data-writing-block])&gt;*]:pointer-events-auto [content-visibility:auto] supports-[content-visibility:auto]:[contain-intrinsic-size:auto_100lvh] R6Vx5W_threadScrollVars scroll-mb-[calc(var(--scroll-root-safe-area-inset-bottom,0px)+var(--thread-response-height))] scroll-mt-[calc(var(--header-height)+min(200px,max(70px,20svh)))]\" dir=\"auto\" data-turn-id=\"request-WEB:744503ec-a92d-4456-8848-95cd174ced4e-1\" data-testid=\"conversation-turn-4\" data-scroll-anchor=\"false\" data-turn=\"assistant\">\n<div class=\"text-base my-auto mx-auto pb-10 [--thread-content-margin:var(--thread-content-margin-xs,calc(var(--spacing)*4))] @w-sm\/main:[--thread-content-margin:var(--thread-content-margin-sm,calc(var(--spacing)*6))] @w-lg\/main:[--thread-content-margin:var(--thread-content-margin-lg,calc(var(--spacing)*16))] px-(--thread-content-margin)\">\n<div class=\"[--thread-content-max-width:40rem] @w-lg\/main:[--thread-content-max-width:48rem] mx-auto max-w-(--thread-content-max-width) flex-1 group\/turn-messages focus-visible:outline-hidden relative flex w-full min-w-0 flex-col agent-turn\">\n<div class=\"flex max-w-full flex-col gap-4 grow\">\n<div class=\"min-h-8 text-message relative flex w-full flex-col items-end gap-2 text-start break-words whitespace-normal outline-none keyboard-focused:focus-ring [.text-message+&amp;]:mt-1\" dir=\"auto\" tabindex=\"0\" data-message-author-role=\"assistant\" data-message-id=\"ae01acc2-7769-44df-9442-572b4ea924e6\" data-message-model-slug=\"gpt-5-3\" data-turn-start-message=\"true\">\n<div class=\"flex w-full flex-col gap-1 empty:hidden\">\n<div class=\"markdown prose dark:prose-invert w-full wrap-break-word dark markdown-new-styling\"><\/div>\n<\/div>\n<\/div>\n<\/div>\n<div class=\"z-0 flex min-h-[46px] justify-start\">\n<section class=\"text-token-text-primary w-full focus:outline-none [--shadow-height:45px] has-data-writing-block:pointer-events-none has-data-writing-block:-mt-(--shadow-height) has-data-writing-block:pt-(--shadow-height) [&amp;:has([data-writing-block])&gt;*]:pointer-events-auto [content-visibility:auto] supports-[content-visibility:auto]:[contain-intrinsic-size:auto_100lvh] R6Vx5W_threadScrollVars scroll-mb-[calc(var(--scroll-root-safe-area-inset-bottom,0px)+var(--thread-response-height))] scroll-mt-[calc(var(--header-height)+min(200px,max(70px,20svh)))]\" dir=\"auto\" data-turn-id=\"request-WEB:744503ec-a92d-4456-8848-95cd174ced4e-2\" data-testid=\"conversation-turn-6\" data-scroll-anchor=\"false\" data-turn=\"assistant\">\n<div class=\"text-base my-auto mx-auto pb-10 [--thread-content-margin:var(--thread-content-margin-xs,calc(var(--spacing)*4))] @w-sm\/main:[--thread-content-margin:var(--thread-content-margin-sm,calc(var(--spacing)*6))] @w-lg\/main:[--thread-content-margin:var(--thread-content-margin-lg,calc(var(--spacing)*16))] px-(--thread-content-margin)\">\n<div class=\"[--thread-content-max-width:40rem] @w-lg\/main:[--thread-content-max-width:48rem] mx-auto max-w-(--thread-content-max-width) flex-1 group\/turn-messages focus-visible:outline-hidden relative flex w-full min-w-0 flex-col agent-turn\">\n<div class=\"flex max-w-full flex-col gap-4 grow\">\n<div class=\"min-h-8 text-message relative flex w-full flex-col items-end gap-2 text-start break-words whitespace-normal outline-none keyboard-focused:focus-ring [.text-message+&amp;]:mt-1\" dir=\"auto\" tabindex=\"0\" data-message-author-role=\"assistant\" data-message-id=\"e9456e8a-3a65-4cec-ae3f-9bfac998de65\" data-message-model-slug=\"gpt-5-3\" data-turn-start-message=\"true\">\n<div class=\"flex w-full flex-col gap-1 empty:hidden\">\n<div class=\"markdown prose dark:prose-invert w-full wrap-break-word dark markdown-new-styling\">\n<p data-start=\"59\" data-end=\"410\">Kjo sako premium n\u00eb ngjyr\u00eb t\u00eb zez\u00eb p\u00ebrfaq\u00ebson kombinimin perfekt mes eleganc\u00ebs klasike dhe stilit modern urban. E dizajnuar p\u00ebr meshkuj q\u00eb k\u00ebrkojn\u00eb t\u00eb duken t\u00eb kuruar dhe me prezenc\u00eb t\u00eb fort\u00eb, kjo sako dopiopet\u00eb (double-breasted) ofron nj\u00eb siluet\u00eb t\u00eb strukturuar q\u00eb thekson linjat natyrale t\u00eb trupit dhe krijon nj\u00eb pamje t\u00eb rafinuar.<\/p>\n<p data-start=\"412\" data-end=\"800\">Prerja e saj \u00ebsht\u00eb menduar p\u00ebr t\u00eb ofruar balanc\u00ebn ideale midis rehatis\u00eb dhe stilit, duke e b\u00ebr\u00eb t\u00eb p\u00ebrshtatshme si p\u00ebr p\u00ebrdorim t\u00eb p\u00ebrditsh\u00ebm n\u00eb ambiente profesionale, ashtu edhe p\u00ebr evente speciale apo dalje n\u00eb mbr\u00ebmje. Ngjyra e zez\u00eb klasike e b\u00ebn leht\u00ebsisht t\u00eb kombinueshme me pjes\u00eb t\u00eb ndryshme garderobe, nga k\u00ebmisha elegante deri tek bluza m\u00eb casual si golfet apo t-shirt minimaliste.<\/p>\n<p data-start=\"802\" data-end=\"1125\">Materiali cil\u00ebsor dhe p\u00ebrpunimi i kujdessh\u00ebm garantojn\u00eb q\u00ebndrueshm\u00ebri dhe nj\u00eb ndjesi komode gjat\u00eb gjith\u00eb dit\u00ebs, nd\u00ebrsa detajet e dizajnit si kopsat e dyfishta dhe xhepat e punuar me fines\u00eb i japin nj\u00eb prekje luksi dhe sofistikimi. Kjo sako \u00ebsht\u00eb zgjedhja ideale p\u00ebr meshkuj q\u00eb duan t\u00eb dallohen me stil t\u00eb past\u00ebr dhe modern.<\/p>\n<p data-start=\"1127\" data-end=\"1146\"><strong data-start=\"1127\" data-end=\"1144\">Key Features:<\/strong><\/p>\n<ul data-start=\"1147\" data-end=\"1606\" data-is-last-node=\"\" data-is-only-node=\"\">\n<li data-section-id=\"15hhat9\" data-start=\"1147\" data-end=\"1220\">Dizajn dopiopet\u00eb (double-breasted) p\u00ebr nj\u00eb pamje klasike dhe elegante<\/li>\n<li data-section-id=\"9jxkta\" data-start=\"1221\" data-end=\"1271\">Ngjyr\u00eb e zez\u00eb universale, e leht\u00eb p\u00ebr kombinim<\/li>\n<li data-section-id=\"pgkvlh\" data-start=\"1272\" data-end=\"1328\">Material cil\u00ebsor p\u00ebr rehati dhe q\u00ebndrueshm\u00ebri<\/li>\n<li data-section-id=\"v322lr\" data-start=\"1379\" data-end=\"1427\">Kopsa t\u00eb dyfishta q\u00eb shtojn\u00eb stil dhe fines\u00eb<\/li>\n<li data-section-id=\"pchd7\" data-start=\"1428\" data-end=\"1476\">Xhepa funksional\u00eb dhe t\u00eb dizajnuar me kujdes<\/li>\n<li data-section-id=\"1fbqu0c\" data-start=\"1477\" data-end=\"1541\">E p\u00ebrshtatshme p\u00ebr evente formale, biznes dhe dalje elegante<\/li>\n<li data-section-id=\"obu94r\" data-start=\"1542\" data-end=\"1606\" data-is-last-node=\"\">Kombinohet leht\u00ebsisht me stile t\u00eb ndryshme (klasik dhe modern)<\/li>\n<\/ul>\n<\/div>\n<\/div>\n<\/div>\n<\/div>\n<\/div>\n<\/div>\n<\/section>\n<\/div>\n<\/div>\n<\/div>\n<\/section>","protected":false},"excerpt":{"rendered":"<p>Kjo sako premium n\u00eb ngjyr\u00eb t\u00eb zez\u00eb p\u00ebrfaq\u00ebson kombinimin perfekt mes eleganc\u00ebs klasike dhe stilit modern urban. E dizajnuar p\u00ebr meshkuj q\u00eb k\u00ebrkojn\u00eb t\u00eb duken t\u00eb kuruar dhe me prezenc\u00eb t\u00eb fort\u00eb, kjo sako dopiopet\u00eb (double-breasted) ofron nj\u00eb siluet\u00eb t\u00eb strukturuar q\u00eb thekson linjat natyrale t\u00eb trupit dhe krijon nj\u00eb pamje t\u00eb rafinuar. Prerja e [&hellip;]<\/p>","protected":false},"featured_media":18379,"comment_status":"open","ping_status":"closed","template":"","meta":[],"product_brand":[],"product_cat":[701],"product_tag":[973,971,972,970],"class_list":{"0":"post-18378","1":"product","2":"type-product","3":"status-publish","4":"has-post-thumbnail","6":"product_cat-premium-elegant-sweater","7":"product_tag-biznes-dhe-dalje-elegante","8":"product_tag-dizajn-dopiopete-double-breasted-per-nje-pamje-klasike-dhe-elegante","9":"product_tag-e-pershtatshme-per-evente-formale","10":"product_tag-sako-elegante-e-zeze","12":"first","13":"instock","14":"taxable","15":"shipping-taxable","16":"purchasable","17":"product-type-variable"},"jetpack_sharing_enabled":true,"_links":{"self":[{"href":"https:\/\/urban-clothingstore.com\/en\/wp-json\/wp\/v2\/product\/18378","targetHints":{"allow":["GET"]}}],"collection":[{"href":"https:\/\/urban-clothingstore.com\/en\/wp-json\/wp\/v2\/product"}],"about":[{"href":"https:\/\/urban-clothingstore.com\/en\/wp-json\/wp\/v2\/types\/product"}],"replies":[{"embeddable":true,"href":"https:\/\/urban-clothingstore.com\/en\/wp-json\/wp\/v2\/comments?post=18378"}],"wp:featuredmedia":[{"embeddable":true,"href":"https:\/\/urban-clothingstore.com\/en\/wp-json\/wp\/v2\/media\/18379"}],"wp:attachment":[{"href":"https:\/\/urban-clothingstore.com\/en\/wp-json\/wp\/v2\/media?parent=18378"}],"wp:term":[{"taxonomy":"product_brand","embeddable":true,"href":"https:\/\/urban-clothingstore.com\/en\/wp-json\/wp\/v2\/product_brand?post=18378"},{"taxonomy":"product_cat","embeddable":true,"href":"https:\/\/urban-clothingstore.com\/en\/wp-json\/wp\/v2\/product_cat?post=18378"},{"taxonomy":"product_tag","embeddable":true,"href":"https:\/\/urban-clothingstore.com\/en\/wp-json\/wp\/v2\/product_tag?post=18378"}],"curies":[{"name":"wp","href":"https:\/\/api.w.org\/{rel}","templated":true}]}}