{"id":18406,"date":"2026-04-26T13:15:52","date_gmt":"2026-04-26T13:15:52","guid":{"rendered":"https:\/\/urban-clothingstore.com\/?post_type=product&#038;p=18406"},"modified":"2026-04-26T13:15:52","modified_gmt":"2026-04-26T13:15:52","slug":"kemishe-lino-bezhe-per-meshkuj-stil-minimalist-dhe-elegant-veror","status":"publish","type":"product","link":"https:\/\/urban-clothingstore.com\/en\/product\/kemishe-lino-bezhe-per-meshkuj-stil-minimalist-dhe-elegant-veror\/","title":{"rendered":"K\u00ebmish\u00eb lino bezh\u00eb p\u00ebr meshkuj \u2013 stil minimalist dhe elegant veror"},"content":{"rendered":"<section class=\"text-token-text-primary w-full focus:outline-none [--shadow-height:45px] has-data-writing-block:pointer-events-none has-data-writing-block:-mt-(--shadow-height) has-data-writing-block:pt-(--shadow-height) [&amp;:has([data-writing-block])&gt;*]:pointer-events-auto [content-visibility:auto] supports-[content-visibility:auto]:[contain-intrinsic-size:auto_100lvh] R6Vx5W_threadScrollVars scroll-mb-[calc(var(--scroll-root-safe-area-inset-bottom,0px)+var(--thread-response-height))] scroll-mt-[calc(var(--header-height)+min(200px,max(70px,20svh)))]\" dir=\"auto\" data-turn-id=\"request-WEB:50676bff-9d03-4915-bb9c-970aff875813-2\" data-testid=\"conversation-turn-6\" data-scroll-anchor=\"false\" data-turn=\"assistant\">\n<div class=\"text-base my-auto mx-auto pb-10 [--thread-content-margin:var(--thread-content-margin-xs,calc(var(--spacing)*4))] @w-sm\/main:[--thread-content-margin:var(--thread-content-margin-sm,calc(var(--spacing)*6))] @w-lg\/main:[--thread-content-margin:var(--thread-content-margin-lg,calc(var(--spacing)*16))] px-(--thread-content-margin)\">\n<div class=\"[--thread-content-max-width:40rem] @w-lg\/main:[--thread-content-max-width:48rem] mx-auto max-w-(--thread-content-max-width) flex-1 group\/turn-messages focus-visible:outline-hidden relative flex w-full min-w-0 flex-col agent-turn\">\n<div class=\"flex max-w-full flex-col gap-4 grow\">\n<div class=\"min-h-8 text-message relative flex w-full flex-col items-end gap-2 text-start break-words whitespace-normal outline-none keyboard-focused:focus-ring [.text-message+&amp;]:mt-1\" dir=\"auto\" tabindex=\"0\" data-message-author-role=\"assistant\" data-message-id=\"f497fd32-1af9-4d3f-b2fb-5c6072e303d1\" data-message-model-slug=\"gpt-5-3\" data-turn-start-message=\"true\">\n<div class=\"flex w-full flex-col gap-1 empty:hidden\">\n<div class=\"markdown prose dark:prose-invert w-full wrap-break-word dark markdown-new-styling\">\n<p data-start=\"83\" data-end=\"432\">Kjo k\u00ebmish\u00eb lino n\u00eb ngjyr\u00eb bezh\u00eb \u00ebsht\u00eb nj\u00eb zgjedhje ideale p\u00ebr meshkujt q\u00eb preferojn\u00eb nj\u00eb stil t\u00eb past\u00ebr, natyral dhe t\u00eb sofistikuar gjat\u00eb sezonit veror. E realizuar nga material lino cil\u00ebsor, kjo k\u00ebmish\u00eb ofron nj\u00eb ndjesi t\u00eb jasht\u00ebzakonshme freskie dhe rehatie, duke e b\u00ebr\u00eb perfekte p\u00ebr dit\u00ebt e nxehta dhe aktivitetet e p\u00ebrditshme.<\/p>\n<p data-start=\"434\" data-end=\"808\">Ngjyra bezh\u00eb neutrale i jep nj\u00eb pamje elegante dhe leht\u00ebsisht t\u00eb kombinueshme me \u00e7do pjes\u00eb t\u00eb garderob\u00ebs. Dizajni me jak\u00eb klasike dhe kopsa p\u00ebrpara ruan nj\u00eb stil timeless, nd\u00ebrsa prerja e lirshme siguron liri l\u00ebvizjeje dhe komoditet maksimal. M\u00ebng\u00ebt e gjata mund t\u00eb palosen p\u00ebr nj\u00eb look m\u00eb casual dhe modern, duke e b\u00ebr\u00eb k\u00ebt\u00eb k\u00ebmish\u00eb shum\u00eb funksionale p\u00ebr stile t\u00eb ndryshme.<\/p>\n<p data-start=\"810\" data-end=\"1046\">Kjo k\u00ebmish\u00eb \u00ebsht\u00eb perfekte p\u00ebr pushime verore, dalje n\u00eb mbr\u00ebmje, evente casual apo edhe p\u00ebr nj\u00eb paraqitje smart-casual gjat\u00eb dit\u00ebs. Kombinohet leht\u00ebsisht me pantallona lino, chino apo edhe me xhinse p\u00ebr nj\u00eb stil t\u00eb balancuar dhe modern.<\/p>\n<p data-start=\"1048\" data-end=\"1065\"><strong data-start=\"1048\" data-end=\"1065\">Key Features:<\/strong><\/p>\n<ul data-start=\"1066\" data-end=\"1536\">\n<li data-section-id=\"18o8y96\" data-start=\"1066\" data-end=\"1133\">Material lino premium \u2013 i leht\u00eb, i ajrossh\u00ebm dhe ideal p\u00ebr ver\u00eb<\/li>\n<li data-section-id=\"5c7uln\" data-start=\"1134\" data-end=\"1200\">Ngjyr\u00eb bezh\u00eb neutrale \u2013 elegante dhe leht\u00ebsisht e kombinueshme<\/li>\n<li data-section-id=\"18m6y3p\" data-start=\"1201\" data-end=\"1251\">Prerje e lirshme \u2013 rehati dhe stil i relaksuar<\/li>\n<li data-section-id=\"191pclo\" data-start=\"1252\" data-end=\"1300\">Dizajn me kopsa p\u00ebrpara \u2013 klasik dhe praktik<\/li>\n<li data-section-id=\"1qkmsps\" data-start=\"1301\" data-end=\"1361\">Jak\u00eb tradicionale \u2013 p\u00ebr nj\u00eb pamje t\u00eb past\u00ebr dhe elegante<\/li>\n<li data-section-id=\"toain6\" data-start=\"1362\" data-end=\"1419\">M\u00ebng\u00eb t\u00eb gjata t\u00eb palosshme \u2013 fleksibilitet n\u00eb stilim<\/li>\n<li data-section-id=\"1ymfiid\" data-start=\"1420\" data-end=\"1483\">I p\u00ebrshtatsh\u00ebm p\u00ebr shum\u00eb raste \u2013 nga casual n\u00eb smart-casual<\/li>\n<li data-section-id=\"191vxzm\" data-start=\"1484\" data-end=\"1536\">Leht\u00eb p\u00ebr mir\u00ebmbajtje dhe p\u00ebrdorim t\u00eb p\u00ebrditsh\u00ebm<\/li>\n<\/ul>\n<p data-start=\"1538\" data-end=\"1678\" data-is-last-node=\"\" data-is-only-node=\"\">Nj\u00eb element i domosdosh\u00ebm p\u00ebr \u00e7do garderob\u00eb verore, kjo k\u00ebmish\u00eb p\u00ebrfaq\u00ebson kombinimin perfekt t\u00eb stilit minimalist dhe komoditetit maksimal.<\/p>\n<\/div>\n<\/div>\n<\/div>\n<\/div>\n<\/div>\n<\/div>\n<\/section>","protected":false},"excerpt":{"rendered":"<p>Kjo k\u00ebmish\u00eb lino n\u00eb ngjyr\u00eb bezh\u00eb \u00ebsht\u00eb nj\u00eb zgjedhje ideale p\u00ebr meshkujt q\u00eb preferojn\u00eb nj\u00eb stil t\u00eb past\u00ebr, natyral dhe t\u00eb sofistikuar gjat\u00eb sezonit veror. E realizuar nga material lino cil\u00ebsor, kjo k\u00ebmish\u00eb ofron nj\u00eb ndjesi t\u00eb jasht\u00ebzakonshme freskie dhe rehatie, duke e b\u00ebr\u00eb perfekte p\u00ebr dit\u00ebt e nxehta dhe aktivitetet e p\u00ebrditshme. Ngjyra bezh\u00eb [&hellip;]<\/p>","protected":false},"featured_media":18412,"comment_status":"open","ping_status":"closed","template":"","meta":[],"product_brand":[],"product_cat":[61],"product_tag":[984,981,983,982],"class_list":{"0":"post-18406","1":"product","2":"type-product","3":"status-publish","4":"has-post-thumbnail","6":"product_cat-shirt","7":"product_tag-i-ajrosshem-dhe-ideal-per-vere","8":"product_tag-kemishe-lino-bezhe-per-meshkuj","9":"product_tag-material-lino-premium-i-lehte","10":"product_tag-stil-minimalist-dhe-elegant-veror","12":"first","13":"instock","14":"taxable","15":"shipping-taxable","16":"purchasable","17":"product-type-variable"},"jetpack_sharing_enabled":true,"_links":{"self":[{"href":"https:\/\/urban-clothingstore.com\/en\/wp-json\/wp\/v2\/product\/18406","targetHints":{"allow":["GET"]}}],"collection":[{"href":"https:\/\/urban-clothingstore.com\/en\/wp-json\/wp\/v2\/product"}],"about":[{"href":"https:\/\/urban-clothingstore.com\/en\/wp-json\/wp\/v2\/types\/product"}],"replies":[{"embeddable":true,"href":"https:\/\/urban-clothingstore.com\/en\/wp-json\/wp\/v2\/comments?post=18406"}],"wp:featuredmedia":[{"embeddable":true,"href":"https:\/\/urban-clothingstore.com\/en\/wp-json\/wp\/v2\/media\/18412"}],"wp:attachment":[{"href":"https:\/\/urban-clothingstore.com\/en\/wp-json\/wp\/v2\/media?parent=18406"}],"wp:term":[{"taxonomy":"product_brand","embeddable":true,"href":"https:\/\/urban-clothingstore.com\/en\/wp-json\/wp\/v2\/product_brand?post=18406"},{"taxonomy":"product_cat","embeddable":true,"href":"https:\/\/urban-clothingstore.com\/en\/wp-json\/wp\/v2\/product_cat?post=18406"},{"taxonomy":"product_tag","embeddable":true,"href":"https:\/\/urban-clothingstore.com\/en\/wp-json\/wp\/v2\/product_tag?post=18406"}],"curies":[{"name":"wp","href":"https:\/\/api.w.org\/{rel}","templated":true}]}}