{"id":18413,"date":"2026-04-26T13:21:12","date_gmt":"2026-04-26T13:21:12","guid":{"rendered":"https:\/\/urban-clothingstore.com\/?post_type=product&#038;p=18413"},"modified":"2026-04-26T13:21:12","modified_gmt":"2026-04-26T13:21:12","slug":"sako-elegante-blu-navy-per-meshkuj-stil-modern-dhe-i-rafinuar","status":"publish","type":"product","link":"https:\/\/urban-clothingstore.com\/en\/product\/sako-elegante-blu-navy-per-meshkuj-stil-modern-dhe-i-rafinuar\/","title":{"rendered":"Sako elegante blu navy p\u00ebr meshkuj \u2013 stil modern dhe i rafinuar"},"content":{"rendered":"<section class=\"text-token-text-primary w-full focus:outline-none [--shadow-height:45px] has-data-writing-block:pointer-events-none has-data-writing-block:-mt-(--shadow-height) has-data-writing-block:pt-(--shadow-height) [&amp;:has([data-writing-block])&gt;*]:pointer-events-auto [content-visibility:auto] supports-[content-visibility:auto]:[contain-intrinsic-size:auto_100lvh] R6Vx5W_threadScrollVars scroll-mb-[calc(var(--scroll-root-safe-area-inset-bottom,0px)+var(--thread-response-height))] scroll-mt-[calc(var(--header-height)+min(200px,max(70px,20svh)))]\" dir=\"auto\" data-turn-id=\"request-WEB:50676bff-9d03-4915-bb9c-970aff875813-4\" data-testid=\"conversation-turn-10\" data-scroll-anchor=\"false\" data-turn=\"assistant\">\n<div class=\"text-base my-auto mx-auto pb-10 [--thread-content-margin:var(--thread-content-margin-xs,calc(var(--spacing)*4))] @w-sm\/main:[--thread-content-margin:var(--thread-content-margin-sm,calc(var(--spacing)*6))] @w-lg\/main:[--thread-content-margin:var(--thread-content-margin-lg,calc(var(--spacing)*16))] px-(--thread-content-margin)\">\n<div class=\"[--thread-content-max-width:40rem] @w-lg\/main:[--thread-content-max-width:48rem] mx-auto max-w-(--thread-content-max-width) flex-1 group\/turn-messages focus-visible:outline-hidden relative flex w-full min-w-0 flex-col agent-turn\">\n<div class=\"flex max-w-full flex-col gap-4 grow\">\n<div class=\"min-h-8 text-message relative flex w-full flex-col items-end gap-2 text-start break-words whitespace-normal outline-none keyboard-focused:focus-ring [.text-message+&amp;]:mt-1\" dir=\"auto\" tabindex=\"0\" data-message-author-role=\"assistant\" data-message-id=\"72f4d044-cbfa-42ce-b4d9-1b083cfc1e93\" data-message-model-slug=\"gpt-5-3\" data-turn-start-message=\"true\">\n<div class=\"flex w-full flex-col gap-1 empty:hidden\">\n<div class=\"markdown prose dark:prose-invert w-full wrap-break-word dark markdown-new-styling\">\n<p data-start=\"80\" data-end=\"353\">Kjo sako blu navy p\u00ebr meshkuj \u00ebsht\u00eb nj\u00eb zgjedhje ideale p\u00ebr nj\u00eb paraqitje elegante dhe moderne n\u00eb \u00e7do rast. E dizajnuar me prerje slim fit, ajo p\u00ebrshtatet bukur me trupin duke theksuar linjat mashkullore dhe duke ofruar nj\u00eb look t\u00eb past\u00ebr dhe profesional.<\/p>\n<p data-start=\"355\" data-end=\"656\">Ngjyra blu navy \u00ebsht\u00eb klasike dhe shum\u00eb e leht\u00eb p\u00ebr t\u2019u kombinuar, duke e b\u00ebr\u00eb k\u00ebt\u00eb sako t\u00eb p\u00ebrshtatshme si p\u00ebr evente formale ashtu edhe p\u00ebr kombinime smart-casual. Mund t\u00eb vishet me pantallona t\u00eb nj\u00ebjta p\u00ebr nj\u00eb look komplet kostumi, ose me chino\/xhinse p\u00ebr nj\u00eb stil m\u00eb t\u00eb relaksuar por ende elegant.<\/p>\n<p data-start=\"658\" data-end=\"889\">Materiali cil\u00ebsor siguron rehati gjat\u00eb gjith\u00eb dit\u00ebs, nd\u00ebrsa detajet si jaka klasike, mbyllja me kopsa dhe prerja e rregullt i japin nj\u00eb pamje premium. Kjo sako \u00ebsht\u00eb perfekte p\u00ebr takime biznesi, evente zyrtare apo dalje n\u00eb mbr\u00ebmje.<\/p>\n<p data-start=\"891\" data-end=\"908\"><strong data-start=\"891\" data-end=\"908\">Key Features:<\/strong><\/p>\n<ul data-start=\"909\" data-end=\"1248\">\n<li data-section-id=\"1rjgmi4\" data-start=\"909\" data-end=\"962\">Ngjyr\u00eb blu navy \u2013 elegante dhe gjithmon\u00eb n\u00eb trend<\/li>\n<li data-section-id=\"yspeb3\" data-start=\"963\" data-end=\"1014\">Prerje slim fit \u2013 p\u00ebrshtatje perfekte me trupin<\/li>\n<li data-section-id=\"1h5emfh\" data-start=\"1015\" data-end=\"1062\">Material cil\u00ebsor \u2013 rehati dhe q\u00ebndrueshm\u00ebri<\/li>\n<li data-section-id=\"zxxp23\" data-start=\"1063\" data-end=\"1097\">Dizajn klasik me jak\u00eb elegante<\/li>\n<li data-section-id=\"f04ni1\" data-start=\"1098\" data-end=\"1150\">Mbyllje me kopsa \u2013 stil i past\u00ebr dhe profesional<\/li>\n<li data-section-id=\"g54mb3\" data-start=\"1151\" data-end=\"1202\">Leht\u00eb p\u00ebr kombinim \u2013 nga formal n\u00eb smart-casual<\/li>\n<li data-section-id=\"1e676pa\" data-start=\"1203\" data-end=\"1248\">E p\u00ebrshtatshme p\u00ebr evente, pun\u00eb dhe dalje<\/li>\n<\/ul>\n<p data-start=\"1250\" data-end=\"1350\" data-is-last-node=\"\" data-is-only-node=\"\">Nj\u00eb element thelb\u00ebsor n\u00eb garderob\u00ebn e \u00e7do mashkulli modern q\u00eb k\u00ebrkon stil dhe klas n\u00eb \u00e7do paraqitje.<\/p>\n<\/div>\n<\/div>\n<\/div>\n<\/div>\n<\/div>\n<\/div>\n<\/section>","protected":false},"excerpt":{"rendered":"<p>Kjo sako blu navy p\u00ebr meshkuj \u00ebsht\u00eb nj\u00eb zgjedhje ideale p\u00ebr nj\u00eb paraqitje elegante dhe moderne n\u00eb \u00e7do rast. E dizajnuar me prerje slim fit, ajo p\u00ebrshtatet bukur me trupin duke theksuar linjat mashkullore dhe duke ofruar nj\u00eb look t\u00eb past\u00ebr dhe profesional. Ngjyra blu navy \u00ebsht\u00eb klasike dhe shum\u00eb e leht\u00eb p\u00ebr t\u2019u kombinuar, [&hellip;]<\/p>","protected":false},"featured_media":18414,"comment_status":"open","ping_status":"closed","template":"","meta":[],"product_brand":[],"product_cat":[701],"product_tag":[988,987,985,986],"class_list":{"0":"post-18413","1":"product","2":"type-product","3":"status-publish","4":"has-post-thumbnail","6":"product_cat-premium-elegant-sweater","7":"product_tag-mbyllje-me-kopsa-stil-i-paster-dhe-profesional","8":"product_tag-ngjyre-blu-navy-elegante-dhe-gjithmone-ne-trend","9":"product_tag-sako-elegante-blu-navy-per-meshkuj","10":"product_tag-stil-modern-dhe-i-rafinuar","12":"first","13":"instock","14":"taxable","15":"shipping-taxable","16":"purchasable","17":"product-type-variable"},"jetpack_sharing_enabled":true,"_links":{"self":[{"href":"https:\/\/urban-clothingstore.com\/en\/wp-json\/wp\/v2\/product\/18413","targetHints":{"allow":["GET"]}}],"collection":[{"href":"https:\/\/urban-clothingstore.com\/en\/wp-json\/wp\/v2\/product"}],"about":[{"href":"https:\/\/urban-clothingstore.com\/en\/wp-json\/wp\/v2\/types\/product"}],"replies":[{"embeddable":true,"href":"https:\/\/urban-clothingstore.com\/en\/wp-json\/wp\/v2\/comments?post=18413"}],"wp:featuredmedia":[{"embeddable":true,"href":"https:\/\/urban-clothingstore.com\/en\/wp-json\/wp\/v2\/media\/18414"}],"wp:attachment":[{"href":"https:\/\/urban-clothingstore.com\/en\/wp-json\/wp\/v2\/media?parent=18413"}],"wp:term":[{"taxonomy":"product_brand","embeddable":true,"href":"https:\/\/urban-clothingstore.com\/en\/wp-json\/wp\/v2\/product_brand?post=18413"},{"taxonomy":"product_cat","embeddable":true,"href":"https:\/\/urban-clothingstore.com\/en\/wp-json\/wp\/v2\/product_cat?post=18413"},{"taxonomy":"product_tag","embeddable":true,"href":"https:\/\/urban-clothingstore.com\/en\/wp-json\/wp\/v2\/product_tag?post=18413"}],"curies":[{"name":"wp","href":"https:\/\/api.w.org\/{rel}","templated":true}]}}