{"id":18421,"date":"2026-04-26T13:27:01","date_gmt":"2026-04-26T13:27:01","guid":{"rendered":"https:\/\/urban-clothingstore.com\/?post_type=product&#038;p=18421"},"modified":"2026-04-26T13:27:02","modified_gmt":"2026-04-26T13:27:02","slug":"sako-elegante-e-zeze-per-meshkuj-stil-modern-dhe-luksoz","status":"publish","type":"product","link":"https:\/\/urban-clothingstore.com\/en\/product\/sako-elegante-e-zeze-per-meshkuj-stil-modern-dhe-luksoz\/","title":{"rendered":"Sako elegante e zez\u00eb p\u00ebr meshkuj \u2013 stil modern dhe luksoz"},"content":{"rendered":"<section class=\"text-token-text-primary w-full focus:outline-none [--shadow-height:45px] has-data-writing-block:pointer-events-none has-data-writing-block:-mt-(--shadow-height) has-data-writing-block:pt-(--shadow-height) [&amp;:has([data-writing-block])&gt;*]:pointer-events-auto [content-visibility:auto] supports-[content-visibility:auto]:[contain-intrinsic-size:auto_100lvh] R6Vx5W_threadScrollVars scroll-mb-[calc(var(--scroll-root-safe-area-inset-bottom,0px)+var(--thread-response-height))] scroll-mt-[calc(var(--header-height)+min(200px,max(70px,20svh)))]\" dir=\"auto\" data-turn-id=\"request-WEB:50676bff-9d03-4915-bb9c-970aff875813-5\" data-testid=\"conversation-turn-12\" data-scroll-anchor=\"false\" data-turn=\"assistant\">\n<div class=\"text-base my-auto mx-auto pb-10 [--thread-content-margin:var(--thread-content-margin-xs,calc(var(--spacing)*4))] @w-sm\/main:[--thread-content-margin:var(--thread-content-margin-sm,calc(var(--spacing)*6))] @w-lg\/main:[--thread-content-margin:var(--thread-content-margin-lg,calc(var(--spacing)*16))] px-(--thread-content-margin)\">\n<div class=\"[--thread-content-max-width:40rem] @w-lg\/main:[--thread-content-max-width:48rem] mx-auto max-w-(--thread-content-max-width) flex-1 group\/turn-messages focus-visible:outline-hidden relative flex w-full min-w-0 flex-col agent-turn\">\n<div class=\"flex max-w-full flex-col gap-4 grow\">\n<div class=\"min-h-8 text-message relative flex w-full flex-col items-end gap-2 text-start break-words whitespace-normal outline-none keyboard-focused:focus-ring [.text-message+&amp;]:mt-1\" dir=\"auto\" tabindex=\"0\" data-message-author-role=\"assistant\" data-message-id=\"849e2f17-bea4-4d82-afca-0afb4feaec83\" data-message-model-slug=\"gpt-5-3\" data-turn-start-message=\"true\">\n<div class=\"flex w-full flex-col gap-1 empty:hidden\">\n<div class=\"markdown prose dark:prose-invert w-full wrap-break-word dark markdown-new-styling\">\n<p data-start=\"74\" data-end=\"502\">Kjo sako e zez\u00eb p\u00ebr meshkuj \u00ebsht\u00eb simbol i eleganc\u00ebs s\u00eb p\u00ebrjetshme dhe stilit t\u00eb sofistikuar. Me nj\u00eb dizajn modern dhe prerje slim fit, ajo thekson linjat e trupit duke krijuar nj\u00eb paraqitje t\u00eb past\u00ebr, t\u00eb rregullt dhe shum\u00eb t\u00ebrheq\u00ebse. Ngjyra e zez\u00eb klasike e b\u00ebn k\u00ebt\u00eb sako nj\u00eb element esencial n\u00eb garderob\u00ebn e \u00e7do mashkulli, e p\u00ebrshtatshme p\u00ebr \u00e7do rast \u2013 nga eventet formale deri te daljet elegante n\u00eb mbr\u00ebmje.<\/p>\n<p data-start=\"504\" data-end=\"775\">E kombinuar leht\u00ebsisht me k\u00ebmish\u00eb t\u00eb zez\u00eb p\u00ebr nj\u00eb look total black apo me ngjyra t\u00eb tjera p\u00ebr kontrast, kjo sako ofron fleksibilitet maksimal n\u00eb stilim. Materiali cil\u00ebsor siguron rehati gjat\u00eb gjith\u00eb dit\u00ebs, nd\u00ebrsa detajet minimaliste i japin nj\u00eb pamje premium dhe moderne.<\/p>\n<p data-start=\"777\" data-end=\"894\">Ideale p\u00ebr takime biznesi, evente zyrtare, darka apo dalje luksoze, kjo sako reflekton vet\u00ebbesim dhe klas n\u00eb \u00e7do hap.<\/p>\n<p data-start=\"896\" data-end=\"913\"><strong data-start=\"896\" data-end=\"913\">Key Features:<\/strong><\/p>\n<ul data-start=\"914\" data-end=\"1317\">\n<li data-section-id=\"1xm408e\" data-start=\"914\" data-end=\"973\">Ngjyr\u00eb e zez\u00eb klasike \u2013 elegante dhe gjithmon\u00eb n\u00eb trend<\/li>\n<li data-section-id=\"1ddojsi\" data-start=\"974\" data-end=\"1031\">Prerje slim fit \u2013 p\u00ebrshtatje perfekte dhe look modern<\/li>\n<li data-section-id=\"1h5emfh\" data-start=\"1032\" data-end=\"1079\">Material cil\u00ebsor \u2013 rehati dhe q\u00ebndrueshm\u00ebri<\/li>\n<li data-section-id=\"jnf8kl\" data-start=\"1080\" data-end=\"1130\">Dizajn minimalist \u2013 pamje e past\u00ebr dhe luksoze<\/li>\n<li data-section-id=\"1ggvl99\" data-start=\"1131\" data-end=\"1165\">Jak\u00eb klasike \u2013 stil i rafinuar<\/li>\n<li data-section-id=\"119r1mz\" data-start=\"1166\" data-end=\"1208\">Mbyllje me kopsa \u2013 praktik dhe elegant<\/li>\n<li data-section-id=\"g54mb3\" data-start=\"1209\" data-end=\"1260\">Leht\u00eb p\u00ebr kombinim \u2013 nga formal n\u00eb smart-casual<\/li>\n<li data-section-id=\"1gycdq7\" data-start=\"1261\" data-end=\"1317\">E p\u00ebrshtatshme p\u00ebr evente, pun\u00eb dhe dalje n\u00eb mbr\u00ebmje<\/li>\n<\/ul>\n<p data-start=\"1319\" data-end=\"1406\" data-is-last-node=\"\" data-is-only-node=\"\">Nj\u00eb zgjedhje perfekte p\u00ebr mashkullin modern q\u00eb k\u00ebrkon t\u00eb dallohet me stil dhe eleganc\u00eb.<\/p>\n<\/div>\n<\/div>\n<\/div>\n<\/div>\n<\/div>\n<\/div>\n<\/section>","protected":false},"excerpt":{"rendered":"<p>Kjo sako e zez\u00eb p\u00ebr meshkuj \u00ebsht\u00eb simbol i eleganc\u00ebs s\u00eb p\u00ebrjetshme dhe stilit t\u00eb sofistikuar. Me nj\u00eb dizajn modern dhe prerje slim fit, ajo thekson linjat e trupit duke krijuar nj\u00eb paraqitje t\u00eb past\u00ebr, t\u00eb rregullt dhe shum\u00eb t\u00ebrheq\u00ebse. Ngjyra e zez\u00eb klasike e b\u00ebn k\u00ebt\u00eb sako nj\u00eb element esencial n\u00eb garderob\u00ebn e \u00e7do [&hellip;]<\/p>","protected":false},"featured_media":18422,"comment_status":"open","ping_status":"closed","template":"","meta":[],"product_brand":[],"product_cat":[701],"product_tag":[991,990,989],"class_list":{"0":"post-18421","1":"product","2":"type-product","3":"status-publish","4":"has-post-thumbnail","6":"product_cat-premium-elegant-sweater","7":"product_tag-lehte-per-kombinim-nga-formal-ne-smart-casual","8":"product_tag-material-cilesor-rehati-dhe-qendrueshmeri","9":"product_tag-sako-elegante-e-zeze-per-meshkuj","11":"first","12":"instock","13":"taxable","14":"shipping-taxable","15":"purchasable","16":"product-type-variable"},"jetpack_sharing_enabled":true,"_links":{"self":[{"href":"https:\/\/urban-clothingstore.com\/en\/wp-json\/wp\/v2\/product\/18421","targetHints":{"allow":["GET"]}}],"collection":[{"href":"https:\/\/urban-clothingstore.com\/en\/wp-json\/wp\/v2\/product"}],"about":[{"href":"https:\/\/urban-clothingstore.com\/en\/wp-json\/wp\/v2\/types\/product"}],"replies":[{"embeddable":true,"href":"https:\/\/urban-clothingstore.com\/en\/wp-json\/wp\/v2\/comments?post=18421"}],"wp:featuredmedia":[{"embeddable":true,"href":"https:\/\/urban-clothingstore.com\/en\/wp-json\/wp\/v2\/media\/18422"}],"wp:attachment":[{"href":"https:\/\/urban-clothingstore.com\/en\/wp-json\/wp\/v2\/media?parent=18421"}],"wp:term":[{"taxonomy":"product_brand","embeddable":true,"href":"https:\/\/urban-clothingstore.com\/en\/wp-json\/wp\/v2\/product_brand?post=18421"},{"taxonomy":"product_cat","embeddable":true,"href":"https:\/\/urban-clothingstore.com\/en\/wp-json\/wp\/v2\/product_cat?post=18421"},{"taxonomy":"product_tag","embeddable":true,"href":"https:\/\/urban-clothingstore.com\/en\/wp-json\/wp\/v2\/product_tag?post=18421"}],"curies":[{"name":"wp","href":"https:\/\/api.w.org\/{rel}","templated":true}]}}