{"id":18437,"date":"2026-04-26T13:40:03","date_gmt":"2026-04-26T13:40:03","guid":{"rendered":"https:\/\/urban-clothingstore.com\/?post_type=product&#038;p=18437"},"modified":"2026-04-26T13:40:03","modified_gmt":"2026-04-26T13:40:03","slug":"sako-elegante-camel-per-meshkuj-stil-klasik-dhe-modern","status":"publish","type":"product","link":"https:\/\/urban-clothingstore.com\/en\/product\/sako-elegante-camel-per-meshkuj-stil-klasik-dhe-modern\/","title":{"rendered":"Sako elegante Camel p\u00ebr meshkuj \u2013 stil klasik dhe modern"},"content":{"rendered":"<div class=\"relative basis-auto flex-col -mb-(--composer-overlap-px) pb-(--composer-overlap-px) [--composer-overlap-px:28px] grow flex\">\n<div class=\"flex flex-col text-sm\">\n<section class=\"text-token-text-primary w-full focus:outline-none [--shadow-height:45px] has-data-writing-block:pointer-events-none has-data-writing-block:-mt-(--shadow-height) has-data-writing-block:pt-(--shadow-height) [&amp;:has([data-writing-block])&gt;*]:pointer-events-auto [content-visibility:auto] supports-[content-visibility:auto]:[contain-intrinsic-size:auto_100lvh] R6Vx5W_threadScrollVars scroll-mb-[calc(var(--scroll-root-safe-area-inset-bottom,0px)+var(--thread-response-height))] scroll-mt-[calc(var(--header-height)+min(200px,max(70px,20svh)))]\" dir=\"auto\" data-turn-id=\"request-WEB:50676bff-9d03-4915-bb9c-970aff875813-7\" data-testid=\"conversation-turn-16\" data-scroll-anchor=\"false\" data-turn=\"assistant\">\n<div class=\"text-base my-auto mx-auto pb-10 [--thread-content-margin:var(--thread-content-margin-xs,calc(var(--spacing)*4))] @w-sm\/main:[--thread-content-margin:var(--thread-content-margin-sm,calc(var(--spacing)*6))] @w-lg\/main:[--thread-content-margin:var(--thread-content-margin-lg,calc(var(--spacing)*16))] px-(--thread-content-margin)\">\n<div class=\"[--thread-content-max-width:40rem] @w-lg\/main:[--thread-content-max-width:48rem] mx-auto max-w-(--thread-content-max-width) flex-1 group\/turn-messages focus-visible:outline-hidden relative flex w-full min-w-0 flex-col agent-turn\">\n<div class=\"flex max-w-full flex-col gap-4 grow\">\n<div class=\"min-h-8 text-message relative flex w-full flex-col items-end gap-2 text-start break-words whitespace-normal outline-none keyboard-focused:focus-ring [.text-message+&amp;]:mt-1\" dir=\"auto\" tabindex=\"0\" data-message-author-role=\"assistant\" data-message-id=\"e7f35234-7200-44cf-9661-9ede9adaf7c1\" data-message-model-slug=\"gpt-5-3\" data-turn-start-message=\"true\">\n<div class=\"flex w-full flex-col gap-1 empty:hidden\">\n<div class=\"markdown prose dark:prose-invert w-full wrap-break-word dark markdown-new-styling\">\n<p data-start=\"73\" data-end=\"363\">Kjo sako camel p\u00ebr meshkuj \u00ebsht\u00eb nj\u00eb zgjedhje perfekte p\u00ebr nj\u00eb stil t\u00eb past\u00ebr, elegant dhe shum\u00eb t\u00eb kombinuesh\u00ebm. Ngjyra bezh\u00eb i jep nj\u00eb pamje t\u00eb ngroht\u00eb dhe t\u00eb rafinuar, duke e b\u00ebr\u00eb ideale p\u00ebr sezonet pranver\u00eb-ver\u00eb, por edhe p\u00ebr kombinime smart-casual gjat\u00eb gjith\u00eb vitit.<\/p>\n<p data-start=\"365\" data-end=\"661\">E dizajnuar me prerje slim fit, kjo sako p\u00ebrshtatet bukur me trupin duke krijuar nj\u00eb siluet\u00eb moderne dhe t\u00eb rregullt. Materiali cil\u00ebsor siguron rehati dhe fleksibilitet gjat\u00eb gjith\u00eb dit\u00ebs, nd\u00ebrsa detajet klasike si jaka elegante, xhepat minimalist\u00eb dhe mbyllja me kopsa i japin nj\u00eb pamje premium.<\/p>\n<p data-start=\"663\" data-end=\"914\">Kjo sako kombinohet leht\u00ebsisht me k\u00ebmish\u00eb t\u00eb bardh\u00eb p\u00ebr nj\u00eb look klasik dhe t\u00eb past\u00ebr, ose me ngjyra t\u00eb tjera p\u00ebr nj\u00eb stil m\u00eb casual dhe modern. Ideale p\u00ebr evente, takime biznesi, dalje n\u00eb mbr\u00ebmje apo raste speciale ku k\u00ebrkohet nj\u00eb paraqitje e kuruar.<\/p>\n<p data-start=\"916\" data-end=\"933\"><strong data-start=\"916\" data-end=\"933\">Key Features:<\/strong><\/p>\n<ul data-start=\"934\" data-end=\"1320\">\n<li data-section-id=\"1hha44n\" data-start=\"934\" data-end=\"1001\">Ngjyr\u00eb camel \u2013 elegante, neutrale dhe leht\u00ebsisht e kombinueshme<\/li>\n<li data-section-id=\"1ddojsi\" data-start=\"1002\" data-end=\"1059\">Prerje slim fit \u2013 p\u00ebrshtatje perfekte dhe look modern<\/li>\n<li data-section-id=\"1h5emfh\" data-start=\"1060\" data-end=\"1107\">Material cil\u00ebsor \u2013 rehati dhe q\u00ebndrueshm\u00ebri<\/li>\n<li data-section-id=\"1f8vvux\" data-start=\"1108\" data-end=\"1140\">Dizajn klasik dhe minimalist<\/li>\n<li data-section-id=\"1y1sfdz\" data-start=\"1141\" data-end=\"1177\">Jak\u00eb elegante \u2013 pamje e rafinuar<\/li>\n<li data-section-id=\"1g4iwqr\" data-start=\"1178\" data-end=\"1220\">Xhepa funksional\u00eb \u2013 praktik dhe stilik<\/li>\n<li data-section-id=\"f04ni1\" data-start=\"1221\" data-end=\"1273\">Mbyllje me kopsa \u2013 stil i past\u00ebr dhe profesional<\/li>\n<li data-section-id=\"1apywvf\" data-start=\"1274\" data-end=\"1320\">E p\u00ebrshtatshme p\u00ebr formal dhe smart-casual<\/li>\n<\/ul>\n<p data-start=\"1322\" data-end=\"1428\" data-is-last-node=\"\" data-is-only-node=\"\">Nj\u00eb element esencial p\u00ebr garderob\u00ebn e \u00e7do mashkulli q\u00eb k\u00ebrkon stil t\u00eb balancuar mes klasikes dhe modernes.<\/p>\n<\/div>\n<\/div>\n<\/div>\n<\/div>\n<\/div>\n<\/div>\n<\/section>\n<\/div>\n<\/div>","protected":false},"excerpt":{"rendered":"<p>Kjo sako camel p\u00ebr meshkuj \u00ebsht\u00eb nj\u00eb zgjedhje perfekte p\u00ebr nj\u00eb stil t\u00eb past\u00ebr, elegant dhe shum\u00eb t\u00eb kombinuesh\u00ebm. Ngjyra bezh\u00eb i jep nj\u00eb pamje t\u00eb ngroht\u00eb dhe t\u00eb rafinuar, duke e b\u00ebr\u00eb ideale p\u00ebr sezonet pranver\u00eb-ver\u00eb, por edhe p\u00ebr kombinime smart-casual gjat\u00eb gjith\u00eb vitit. E dizajnuar me prerje slim fit, kjo sako p\u00ebrshtatet bukur [&hellip;]<\/p>","protected":false},"featured_media":18444,"comment_status":"open","ping_status":"closed","template":"","meta":[],"product_brand":[],"product_cat":[701],"product_tag":[995,990,994],"class_list":{"0":"post-18437","1":"product","2":"type-product","3":"status-publish","4":"has-post-thumbnail","6":"product_cat-premium-elegant-sweater","7":"product_tag-e-pershtatshme-per-formal-dhe-smart-casual","8":"product_tag-material-cilesor-rehati-dhe-qendrueshmeri","9":"product_tag-sako-elegante-camel","11":"first","12":"instock","13":"taxable","14":"shipping-taxable","15":"purchasable","16":"product-type-variable"},"jetpack_sharing_enabled":true,"_links":{"self":[{"href":"https:\/\/urban-clothingstore.com\/en\/wp-json\/wp\/v2\/product\/18437","targetHints":{"allow":["GET"]}}],"collection":[{"href":"https:\/\/urban-clothingstore.com\/en\/wp-json\/wp\/v2\/product"}],"about":[{"href":"https:\/\/urban-clothingstore.com\/en\/wp-json\/wp\/v2\/types\/product"}],"replies":[{"embeddable":true,"href":"https:\/\/urban-clothingstore.com\/en\/wp-json\/wp\/v2\/comments?post=18437"}],"wp:featuredmedia":[{"embeddable":true,"href":"https:\/\/urban-clothingstore.com\/en\/wp-json\/wp\/v2\/media\/18444"}],"wp:attachment":[{"href":"https:\/\/urban-clothingstore.com\/en\/wp-json\/wp\/v2\/media?parent=18437"}],"wp:term":[{"taxonomy":"product_brand","embeddable":true,"href":"https:\/\/urban-clothingstore.com\/en\/wp-json\/wp\/v2\/product_brand?post=18437"},{"taxonomy":"product_cat","embeddable":true,"href":"https:\/\/urban-clothingstore.com\/en\/wp-json\/wp\/v2\/product_cat?post=18437"},{"taxonomy":"product_tag","embeddable":true,"href":"https:\/\/urban-clothingstore.com\/en\/wp-json\/wp\/v2\/product_tag?post=18437"}],"curies":[{"name":"wp","href":"https:\/\/api.w.org\/{rel}","templated":true}]}}