{"id":18461,"date":"2026-04-26T13:58:44","date_gmt":"2026-04-26T13:58:44","guid":{"rendered":"https:\/\/urban-clothingstore.com\/?post_type=product&#038;p=18461"},"modified":"2026-04-26T13:58:45","modified_gmt":"2026-04-26T13:58:45","slug":"kostum-elegant-kafe-per-meshkuj-stil-modern-dhe-luksoz","status":"publish","type":"product","link":"https:\/\/urban-clothingstore.com\/en\/product\/kostum-elegant-kafe-per-meshkuj-stil-modern-dhe-luksoz\/","title":{"rendered":"Kostum elegant kafe p\u00ebr meshkuj \u2013 stil modern dhe luksoz"},"content":{"rendered":"<section class=\"text-token-text-primary w-full focus:outline-none [--shadow-height:45px] has-data-writing-block:pointer-events-none has-data-writing-block:-mt-(--shadow-height) has-data-writing-block:pt-(--shadow-height) [&amp;:has([data-writing-block])&gt;*]:pointer-events-auto [content-visibility:auto] supports-[content-visibility:auto]:[contain-intrinsic-size:auto_100lvh] R6Vx5W_threadScrollVars scroll-mb-[calc(var(--scroll-root-safe-area-inset-bottom,0px)+var(--thread-response-height))] scroll-mt-[calc(var(--header-height)+min(200px,max(70px,20svh)))]\" dir=\"auto\" data-turn-id=\"request-WEB:50676bff-9d03-4915-bb9c-970aff875813-10\" data-testid=\"conversation-turn-22\" data-scroll-anchor=\"false\" data-turn=\"assistant\">\n<div class=\"text-base my-auto mx-auto pb-10 [--thread-content-margin:var(--thread-content-margin-xs,calc(var(--spacing)*4))] @w-sm\/main:[--thread-content-margin:var(--thread-content-margin-sm,calc(var(--spacing)*6))] @w-lg\/main:[--thread-content-margin:var(--thread-content-margin-lg,calc(var(--spacing)*16))] px-(--thread-content-margin)\">\n<div class=\"[--thread-content-max-width:40rem] @w-lg\/main:[--thread-content-max-width:48rem] mx-auto max-w-(--thread-content-max-width) flex-1 group\/turn-messages focus-visible:outline-hidden relative flex w-full min-w-0 flex-col agent-turn\">\n<div class=\"flex max-w-full flex-col gap-4 grow\">\n<div class=\"min-h-8 text-message relative flex w-full flex-col items-end gap-2 text-start break-words whitespace-normal outline-none keyboard-focused:focus-ring [.text-message+&amp;]:mt-1\" dir=\"auto\" tabindex=\"0\" data-message-author-role=\"assistant\" data-message-id=\"f74376b8-f55b-4249-98c6-32461c35f794\" data-message-model-slug=\"gpt-5-3\" data-turn-start-message=\"true\">\n<div class=\"flex w-full flex-col gap-1 empty:hidden\">\n<div class=\"markdown prose dark:prose-invert w-full wrap-break-word dark markdown-new-styling\">\n<p data-start=\"73\" data-end=\"350\">Ky kostum kafe p\u00ebr meshkuj \u00ebsht\u00eb nj\u00eb zgjedhje perfekte p\u00ebr ata q\u00eb k\u00ebrkojn\u00eb nj\u00eb stil t\u00eb ve\u00e7ant\u00eb, elegant dhe plot karakter. Ngjyra kafe i jep nj\u00eb pamje t\u00eb ngroht\u00eb dhe t\u00eb sofistikuar, duke e b\u00ebr\u00eb nj\u00eb alternativ\u00eb ideale ndaj ngjyrave klasike si e zeza apo bluja.<\/p>\n<p data-start=\"352\" data-end=\"638\">I dizajnuar me prerje slim fit, ky kostum p\u00ebrshtatet n\u00eb m\u00ebnyr\u00eb perfekte me trupin duke krijuar nj\u00eb siluet\u00eb moderne dhe shum\u00eb t\u00eb rregullt. Xhaketa ka nj\u00eb dizajn minimalist me jak\u00eb klasike dhe mbyllje me kopsa, nd\u00ebrsa pantallonat jan\u00eb t\u00eb strukturuara p\u00ebr nj\u00eb pamje t\u00eb past\u00ebr dhe elegante.<\/p>\n<p data-start=\"640\" data-end=\"868\">Materiali cil\u00ebsor siguron rehati gjat\u00eb gjith\u00eb dit\u00ebs dhe nj\u00eb ndjesi premium n\u00eb veshje. Ky kostum mund t\u00eb kombinohet me k\u00ebmish\u00eb t\u00eb zez\u00eb p\u00ebr nj\u00eb look t\u00eb guximsh\u00ebm dhe modern, ose me ngjyra m\u00eb t\u00eb hapura p\u00ebr nj\u00eb stil m\u00eb t\u00eb balancuar.<\/p>\n<p data-start=\"870\" data-end=\"988\">I p\u00ebrshtatsh\u00ebm p\u00ebr evente formale, takime biznesi, darka apo raste speciale ku d\u00ebshiron t\u00eb dallohesh me stil dhe klas.<\/p>\n<p data-start=\"990\" data-end=\"1007\"><strong data-start=\"990\" data-end=\"1007\">Key Features:<\/strong><\/p>\n<ul data-start=\"1008\" data-end=\"1384\">\n<li data-section-id=\"1vawz23\" data-start=\"1008\" data-end=\"1055\">Ngjyr\u00eb kafe \u2013 elegante, e ngroht\u00eb dhe unike<\/li>\n<li data-section-id=\"ok961b\" data-start=\"1056\" data-end=\"1094\">Set i plot\u00eb (xhaket\u00eb + pantallona)<\/li>\n<li data-section-id=\"1lh7662\" data-start=\"1095\" data-end=\"1143\">Prerje slim fit \u2013 look modern dhe i rregullt<\/li>\n<li data-section-id=\"1h5emfh\" data-start=\"1144\" data-end=\"1191\">Material cil\u00ebsor \u2013 rehati dhe q\u00ebndrueshm\u00ebri<\/li>\n<li data-section-id=\"rfo9k1\" data-start=\"1192\" data-end=\"1235\">Xhaket\u00eb me dizajn klasik dhe minimalist<\/li>\n<li data-section-id=\"pfof4l\" data-start=\"1236\" data-end=\"1282\">Pantallona t\u00eb strukturuara \u2013 stil i past\u00ebr<\/li>\n<li data-section-id=\"135tjuv\" data-start=\"1283\" data-end=\"1337\">E p\u00ebrshtatshme p\u00ebr evente formale dhe smart-casual<\/li>\n<li data-section-id=\"1goi635\" data-start=\"1338\" data-end=\"1384\">Leht\u00eb p\u00ebr kombinim me k\u00ebmisha dhe aksesor\u00eb<\/li>\n<\/ul>\n<p data-start=\"1386\" data-end=\"1483\" data-is-last-node=\"\" data-is-only-node=\"\">Nj\u00eb zgjedhje ideale p\u00ebr mashkullin q\u00eb d\u00ebshiron t\u00eb shfaq\u00eb stil unik dhe eleganc\u00eb n\u00eb \u00e7do paraqitje.<\/p>\n<\/div>\n<\/div>\n<\/div>\n<\/div>\n<div class=\"z-0 flex min-h-[46px] justify-start\"><\/div>\n<div class=\"mt-3 w-full empty:hidden\">\n<div class=\"text-center\"><\/div>\n<\/div>\n<\/div>\n<\/div>\n<\/section>\n<div class=\"pointer-events-none -mt-px h-px translate-y-[calc(var(--scroll-root-safe-area-inset-bottom)-14*var(--spacing))]\" aria-hidden=\"true\"><\/div>\n<div class=\"pointer-events-none translate-y-(--scroll-root-safe-area-inset-bottom) R6Vx5W_threadScrollVars min-h-(--gutter-remaining-height,0px) group-data-stream-active\/scroll-root:h-[calc(var(--thread-response-height)-16*var(--spacing))]\"><\/div>","protected":false},"excerpt":{"rendered":"<p>Ky kostum kafe p\u00ebr meshkuj \u00ebsht\u00eb nj\u00eb zgjedhje perfekte p\u00ebr ata q\u00eb k\u00ebrkojn\u00eb nj\u00eb stil t\u00eb ve\u00e7ant\u00eb, elegant dhe plot karakter. Ngjyra kafe i jep nj\u00eb pamje t\u00eb ngroht\u00eb dhe t\u00eb sofistikuar, duke e b\u00ebr\u00eb nj\u00eb alternativ\u00eb ideale ndaj ngjyrave klasike si e zeza apo bluja. I dizajnuar me prerje slim fit, ky kostum p\u00ebrshtatet [&hellip;]<\/p>","protected":false},"featured_media":18462,"comment_status":"open","ping_status":"closed","template":"","meta":[],"product_brand":[],"product_cat":[108],"product_tag":[80,673,668,679],"class_list":{"0":"post-18461","1":"product","2":"type-product","3":"status-publish","4":"has-post-thumbnail","6":"product_cat-suit","7":"product_tag-elegant","8":"product_tag-kostum","9":"product_tag-per-meshkuj","10":"product_tag-premium","12":"first","13":"instock","14":"taxable","15":"shipping-taxable","16":"purchasable","17":"product-type-variable"},"jetpack_sharing_enabled":true,"_links":{"self":[{"href":"https:\/\/urban-clothingstore.com\/en\/wp-json\/wp\/v2\/product\/18461","targetHints":{"allow":["GET"]}}],"collection":[{"href":"https:\/\/urban-clothingstore.com\/en\/wp-json\/wp\/v2\/product"}],"about":[{"href":"https:\/\/urban-clothingstore.com\/en\/wp-json\/wp\/v2\/types\/product"}],"replies":[{"embeddable":true,"href":"https:\/\/urban-clothingstore.com\/en\/wp-json\/wp\/v2\/comments?post=18461"}],"wp:featuredmedia":[{"embeddable":true,"href":"https:\/\/urban-clothingstore.com\/en\/wp-json\/wp\/v2\/media\/18462"}],"wp:attachment":[{"href":"https:\/\/urban-clothingstore.com\/en\/wp-json\/wp\/v2\/media?parent=18461"}],"wp:term":[{"taxonomy":"product_brand","embeddable":true,"href":"https:\/\/urban-clothingstore.com\/en\/wp-json\/wp\/v2\/product_brand?post=18461"},{"taxonomy":"product_cat","embeddable":true,"href":"https:\/\/urban-clothingstore.com\/en\/wp-json\/wp\/v2\/product_cat?post=18461"},{"taxonomy":"product_tag","embeddable":true,"href":"https:\/\/urban-clothingstore.com\/en\/wp-json\/wp\/v2\/product_tag?post=18461"}],"curies":[{"name":"wp","href":"https:\/\/api.w.org\/{rel}","templated":true}]}}