{"id":18849,"date":"2026-04-29T15:10:02","date_gmt":"2026-04-29T15:10:02","guid":{"rendered":"https:\/\/urban-clothingstore.com\/?post_type=product&#038;p=18849"},"modified":"2026-04-29T15:10:02","modified_gmt":"2026-04-29T15:10:02","slug":"set-veror-premium-per-meshkuj-t-shirt-pantallona-stil-modern-komfort-maksimal","status":"publish","type":"product","link":"https:\/\/urban-clothingstore.com\/en\/product\/set-veror-premium-per-meshkuj-t-shirt-pantallona-stil-modern-komfort-maksimal\/","title":{"rendered":"Set Veror Premium p\u00ebr Meshkuj (T-Shirt + Pantallona) \u2013 Stil Modern &#038; Komfort Maksimal"},"content":{"rendered":"<section class=\"text-token-text-primary w-full focus:outline-none [--shadow-height:45px] has-data-writing-block:pointer-events-none has-data-writing-block:-mt-(--shadow-height) has-data-writing-block:pt-(--shadow-height) [&amp;:has([data-writing-block])&gt;*]:pointer-events-auto [content-visibility:auto] supports-[content-visibility:auto]:[contain-intrinsic-size:auto_100lvh] R6Vx5W_threadScrollVars scroll-mb-[calc(var(--scroll-root-safe-area-inset-bottom,0px)+var(--thread-response-height))] scroll-mt-[calc(var(--header-height)+min(200px,max(70px,20svh)))]\" dir=\"auto\" data-turn-id=\"request-WEB:c2e95012-f13c-42b8-b5a6-81806aae6210-4\" data-testid=\"conversation-turn-10\" data-scroll-anchor=\"false\" data-turn=\"assistant\">\n<div class=\"text-base my-auto mx-auto pb-10 [--thread-content-margin:var(--thread-content-margin-xs,calc(var(--spacing)*4))] @w-sm\/main:[--thread-content-margin:var(--thread-content-margin-sm,calc(var(--spacing)*6))] @w-lg\/main:[--thread-content-margin:var(--thread-content-margin-lg,calc(var(--spacing)*16))] px-(--thread-content-margin)\">\n<div class=\"[--thread-content-max-width:40rem] @w-lg\/main:[--thread-content-max-width:48rem] mx-auto max-w-(--thread-content-max-width) flex-1 group\/turn-messages focus-visible:outline-hidden relative flex w-full min-w-0 flex-col agent-turn\">\n<div class=\"flex max-w-full flex-col gap-4 grow\">\n<div class=\"min-h-8 text-message relative flex w-full flex-col items-end gap-2 text-start break-words whitespace-normal outline-none keyboard-focused:focus-ring [.text-message+&amp;]:mt-1\" dir=\"auto\" tabindex=\"0\" data-message-author-role=\"assistant\" data-message-id=\"5abd081b-6ec4-450a-bc0b-9968430b8720\" data-message-model-slug=\"gpt-5-3\" data-turn-start-message=\"true\">\n<div class=\"flex w-full flex-col gap-1 empty:hidden\">\n<div class=\"markdown prose dark:prose-invert w-full wrap-break-word dark markdown-new-styling\">\n<p data-start=\"102\" data-end=\"366\">Ky set modern p\u00ebr meshkuj \u00ebsht\u00eb zgjedhja perfekte p\u00ebr nj\u00eb stil t\u00eb past\u00ebr, minimal dhe shum\u00eb komod gjat\u00eb dit\u00ebve t\u00eb ngrohta. P\u00ebrb\u00ebhet nga nj\u00eb T-shirt me prerje relaxed dhe pantallona me bel elastik, duke ofruar rehati maksimale dhe liri n\u00eb l\u00ebvizje.<\/p>\n<p data-start=\"368\" data-end=\"581\">Materiali i leht\u00eb dhe cil\u00ebsor e b\u00ebn k\u00ebt\u00eb set ideal p\u00ebr p\u00ebrdorim t\u00eb p\u00ebrditsh\u00ebm, sh\u00ebtitje, udh\u00ebtime apo dalje casual. Dizajni i thjesht\u00eb dhe elegant kombinohet leht\u00ebsisht me atlete p\u00ebr nj\u00eb look modern dhe t\u00eb kuruar.<\/p>\n<p data-start=\"583\" data-end=\"603\"><strong data-start=\"583\" data-end=\"603\">Karakteristikat:<\/strong><\/p>\n<ul data-start=\"604\" data-end=\"838\">\n<li data-section-id=\"mhc19u\" data-start=\"604\" data-end=\"643\">Set 2 pjes\u00ebsh: T-shirt + pantallona<\/li>\n<li data-section-id=\"65bwg4\" data-start=\"644\" data-end=\"682\">Material i leht\u00eb dhe q\u00eb merr frym\u00eb<\/li>\n<li data-section-id=\"1egho6b\" data-start=\"683\" data-end=\"722\">Prerje relaxed p\u00ebr rehati maksimale<\/li>\n<li data-section-id=\"15lma71\" data-start=\"723\" data-end=\"767\">Pantallona me llastik dhe lidh\u00ebse n\u00eb bel<\/li>\n<li data-section-id=\"mskceo\" data-start=\"768\" data-end=\"793\">Stil minimal &amp; modern<\/li>\n<li data-section-id=\"1l5g3lf\" data-start=\"794\" data-end=\"838\">I p\u00ebrshtatsh\u00ebm p\u00ebr ver\u00eb dhe p\u00ebrditshm\u00ebri<\/li>\n<\/ul>\n<p data-start=\"840\" data-end=\"922\" data-is-last-node=\"\" data-is-only-node=\"\"><strong data-start=\"840\" data-end=\"852\">Ngjyrat:<\/strong><br data-start=\"852\" data-end=\"855\" \/>E zez\u00eb | E bardh\u00eb | Blu e err\u00ebt | Kafe | Antracit | Jeshile (Olive)<\/p>\n<\/div>\n<\/div>\n<\/div>\n<\/div>\n<\/div>\n<\/div>\n<\/section>","protected":false},"excerpt":{"rendered":"<p>Ky set modern p\u00ebr meshkuj \u00ebsht\u00eb zgjedhja perfekte p\u00ebr nj\u00eb stil t\u00eb past\u00ebr, minimal dhe shum\u00eb komod gjat\u00eb dit\u00ebve t\u00eb ngrohta. P\u00ebrb\u00ebhet nga nj\u00eb T-shirt me prerje relaxed dhe pantallona me bel elastik, duke ofruar rehati maksimale dhe liri n\u00eb l\u00ebvizje. Materiali i leht\u00eb dhe cil\u00ebsor e b\u00ebn k\u00ebt\u00eb set ideal p\u00ebr p\u00ebrdorim t\u00eb p\u00ebrditsh\u00ebm, [&hellip;]<\/p>","protected":false},"featured_media":18850,"comment_status":"open","ping_status":"closed","template":"","meta":[],"product_brand":[],"product_cat":[77],"product_tag":[1010,1008,1009],"class_list":{"0":"post-18849","1":"product","2":"type-product","3":"status-publish","4":"has-post-thumbnail","6":"product_cat-trucksuit","7":"product_tag-prerje-relaxed-per-rehati-maksimale","8":"product_tag-set-veror-premium-per-meshkuj","9":"product_tag-stil-modern-komfort-maksimal","11":"first","12":"instock","13":"taxable","14":"shipping-taxable","15":"purchasable","16":"product-type-variable"},"jetpack_sharing_enabled":true,"_links":{"self":[{"href":"https:\/\/urban-clothingstore.com\/en\/wp-json\/wp\/v2\/product\/18849","targetHints":{"allow":["GET"]}}],"collection":[{"href":"https:\/\/urban-clothingstore.com\/en\/wp-json\/wp\/v2\/product"}],"about":[{"href":"https:\/\/urban-clothingstore.com\/en\/wp-json\/wp\/v2\/types\/product"}],"replies":[{"embeddable":true,"href":"https:\/\/urban-clothingstore.com\/en\/wp-json\/wp\/v2\/comments?post=18849"}],"wp:featuredmedia":[{"embeddable":true,"href":"https:\/\/urban-clothingstore.com\/en\/wp-json\/wp\/v2\/media\/18850"}],"wp:attachment":[{"href":"https:\/\/urban-clothingstore.com\/en\/wp-json\/wp\/v2\/media?parent=18849"}],"wp:term":[{"taxonomy":"product_brand","embeddable":true,"href":"https:\/\/urban-clothingstore.com\/en\/wp-json\/wp\/v2\/product_brand?post=18849"},{"taxonomy":"product_cat","embeddable":true,"href":"https:\/\/urban-clothingstore.com\/en\/wp-json\/wp\/v2\/product_cat?post=18849"},{"taxonomy":"product_tag","embeddable":true,"href":"https:\/\/urban-clothingstore.com\/en\/wp-json\/wp\/v2\/product_tag?post=18849"}],"curies":[{"name":"wp","href":"https:\/\/api.w.org\/{rel}","templated":true}]}}