{"id":18886,"date":"2026-04-29T15:28:03","date_gmt":"2026-04-29T15:28:03","guid":{"rendered":"https:\/\/urban-clothingstore.com\/?post_type=product&#038;p=18886"},"modified":"2026-04-29T15:28:03","modified_gmt":"2026-04-29T15:28:03","slug":"set-polo-premium-per-meshkuj-bluze-me-zinxhir-pantallona-stil-sportiv-elegant","status":"publish","type":"product","link":"https:\/\/urban-clothingstore.com\/en\/product\/set-polo-premium-per-meshkuj-bluze-me-zinxhir-pantallona-stil-sportiv-elegant\/","title":{"rendered":"Set Polo Premium p\u00ebr Meshkuj (Bluz\u00eb me Zinxhir + Pantallona) \u2013 Stil Sportiv &#038; Elegant"},"content":{"rendered":"<section class=\"text-token-text-primary w-full focus:outline-none [--shadow-height:45px] has-data-writing-block:pointer-events-none has-data-writing-block:-mt-(--shadow-height) has-data-writing-block:pt-(--shadow-height) [&amp;:has([data-writing-block])&gt;*]:pointer-events-auto [content-visibility:auto] supports-[content-visibility:auto]:[contain-intrinsic-size:auto_100lvh] R6Vx5W_threadScrollVars scroll-mb-[calc(var(--scroll-root-safe-area-inset-bottom,0px)+var(--thread-response-height))] scroll-mt-[calc(var(--header-height)+min(200px,max(70px,20svh)))]\" dir=\"auto\" data-turn-id=\"request-WEB:c2e95012-f13c-42b8-b5a6-81806aae6210-5\" data-testid=\"conversation-turn-12\" data-scroll-anchor=\"false\" data-turn=\"assistant\">\n<div class=\"text-base my-auto mx-auto pb-10 [--thread-content-margin:var(--thread-content-margin-xs,calc(var(--spacing)*4))] @w-sm\/main:[--thread-content-margin:var(--thread-content-margin-sm,calc(var(--spacing)*6))] @w-lg\/main:[--thread-content-margin:var(--thread-content-margin-lg,calc(var(--spacing)*16))] px-(--thread-content-margin)\">\n<div class=\"[--thread-content-max-width:40rem] @w-lg\/main:[--thread-content-max-width:48rem] mx-auto max-w-(--thread-content-max-width) flex-1 group\/turn-messages focus-visible:outline-hidden relative flex w-full min-w-0 flex-col agent-turn\">\n<div class=\"flex max-w-full flex-col gap-4 grow\">\n<div class=\"min-h-8 text-message relative flex w-full flex-col items-end gap-2 text-start break-words whitespace-normal outline-none keyboard-focused:focus-ring [.text-message+&amp;]:mt-1\" dir=\"auto\" tabindex=\"0\" data-message-author-role=\"assistant\" data-message-id=\"05733a07-dc9a-4562-851b-ef549ff5eccb\" data-message-model-slug=\"gpt-5-3\" data-turn-start-message=\"true\">\n<div class=\"flex w-full flex-col gap-1 empty:hidden\">\n<div class=\"markdown prose dark:prose-invert w-full wrap-break-word dark markdown-new-styling\">\n<p data-start=\"102\" data-end=\"403\">Ky set modern p\u00ebr meshkuj kombinon stilin sportiv me eleganc\u00ebn minimale, duke krijuar nj\u00eb look perfekt p\u00ebr p\u00ebrditshm\u00ebri dhe dalje casual. P\u00ebrb\u00ebhet nga nj\u00eb bluz\u00eb polo me zinxhir n\u00eb pjes\u00ebn e jak\u00ebs dhe pantallona me prerje t\u00eb rehatshme, q\u00eb ofrojn\u00eb komoditet maksimal gjat\u00eb gjith\u00eb dit\u00ebs.<\/p>\n<p data-start=\"405\" data-end=\"599\">Materiali cil\u00ebsor dhe i leht\u00eb siguron freski dhe rehati, nd\u00ebrsa dizajni i past\u00ebr dhe detajet moderne e b\u00ebjn\u00eb k\u00ebt\u00eb set shum\u00eb t\u00eb leht\u00eb p\u00ebr t\u2019u kombinuar me atlete p\u00ebr nj\u00eb stil t\u00eb kuruar dhe trend.<\/p>\n<p data-start=\"601\" data-end=\"621\"><strong data-start=\"601\" data-end=\"621\">Karakteristikat:<\/strong><\/p>\n<ul data-start=\"622\" data-end=\"857\">\n<li data-section-id=\"o3lu8t\" data-start=\"622\" data-end=\"669\">Set 2 pjes\u00ebsh: Polo me zinxhir + pantallona<\/li>\n<li data-section-id=\"65bwg4\" data-start=\"670\" data-end=\"708\">Material i leht\u00eb dhe q\u00eb merr frym\u00eb<\/li>\n<li data-section-id=\"1egho6b\" data-start=\"709\" data-end=\"748\">Prerje relaxed p\u00ebr rehati maksimale<\/li>\n<li data-section-id=\"15lma71\" data-start=\"749\" data-end=\"793\">Pantallona me llastik dhe lidh\u00ebse n\u00eb bel<\/li>\n<li data-section-id=\"55hhvq\" data-start=\"794\" data-end=\"819\">Stil sportiv &amp; modern<\/li>\n<li data-section-id=\"1wnjwjc\" data-start=\"820\" data-end=\"857\">Ideale p\u00ebr p\u00ebrditshm\u00ebri dhe dalje<\/li>\n<\/ul>\n<p data-start=\"859\" data-end=\"923\" data-is-last-node=\"\" data-is-only-node=\"\"><strong data-start=\"859\" data-end=\"871\">Ngjyrat:<\/strong><br data-start=\"871\" data-end=\"874\" \/>E zez\u00eb | E bardh\u00eb | Blu e err\u00ebt | Kafe | Antracit | Bezh |<\/p>\n<\/div>\n<\/div>\n<\/div>\n<\/div>\n<\/div>\n<\/div>\n<\/section>","protected":false},"excerpt":{"rendered":"<p>Ky set modern p\u00ebr meshkuj kombinon stilin sportiv me eleganc\u00ebn minimale, duke krijuar nj\u00eb look perfekt p\u00ebr p\u00ebrditshm\u00ebri dhe dalje casual. P\u00ebrb\u00ebhet nga nj\u00eb bluz\u00eb polo me zinxhir n\u00eb pjes\u00ebn e jak\u00ebs dhe pantallona me prerje t\u00eb rehatshme, q\u00eb ofrojn\u00eb komoditet maksimal gjat\u00eb gjith\u00eb dit\u00ebs. Materiali cil\u00ebsor dhe i leht\u00eb siguron freski dhe rehati, nd\u00ebrsa [&hellip;]<\/p>","protected":false},"featured_media":18887,"comment_status":"open","ping_status":"closed","template":"","meta":[],"product_brand":[],"product_cat":[77],"product_tag":[1014,1013,1011,1012],"class_list":{"0":"post-18886","1":"product","2":"type-product","3":"status-publish","4":"has-post-thumbnail","6":"product_cat-trucksuit","7":"product_tag-ideale-per-perditshmeri-dhe-dalje","8":"product_tag-material-i-lehte-dhe-qe-merr-fryme","9":"product_tag-set-polo-premium-per-meshkuj-bluze-me-zinxhir-pantallona","10":"product_tag-stil-sportiv-elegant","12":"first","13":"instock","14":"taxable","15":"shipping-taxable","16":"purchasable","17":"product-type-variable"},"jetpack_sharing_enabled":true,"_links":{"self":[{"href":"https:\/\/urban-clothingstore.com\/en\/wp-json\/wp\/v2\/product\/18886","targetHints":{"allow":["GET"]}}],"collection":[{"href":"https:\/\/urban-clothingstore.com\/en\/wp-json\/wp\/v2\/product"}],"about":[{"href":"https:\/\/urban-clothingstore.com\/en\/wp-json\/wp\/v2\/types\/product"}],"replies":[{"embeddable":true,"href":"https:\/\/urban-clothingstore.com\/en\/wp-json\/wp\/v2\/comments?post=18886"}],"wp:featuredmedia":[{"embeddable":true,"href":"https:\/\/urban-clothingstore.com\/en\/wp-json\/wp\/v2\/media\/18887"}],"wp:attachment":[{"href":"https:\/\/urban-clothingstore.com\/en\/wp-json\/wp\/v2\/media?parent=18886"}],"wp:term":[{"taxonomy":"product_brand","embeddable":true,"href":"https:\/\/urban-clothingstore.com\/en\/wp-json\/wp\/v2\/product_brand?post=18886"},{"taxonomy":"product_cat","embeddable":true,"href":"https:\/\/urban-clothingstore.com\/en\/wp-json\/wp\/v2\/product_cat?post=18886"},{"taxonomy":"product_tag","embeddable":true,"href":"https:\/\/urban-clothingstore.com\/en\/wp-json\/wp\/v2\/product_tag?post=18886"}],"curies":[{"name":"wp","href":"https:\/\/api.w.org\/{rel}","templated":true}]}}