{"id":18930,"date":"2026-04-29T15:41:01","date_gmt":"2026-04-29T15:41:01","guid":{"rendered":"https:\/\/urban-clothingstore.com\/?post_type=product&#038;p=18930"},"modified":"2026-04-29T15:41:01","modified_gmt":"2026-04-29T15:41:01","slug":"set-veror-premium-per-meshkuj-kemishe-pantallona-stil-elegant-casual","status":"publish","type":"product","link":"https:\/\/urban-clothingstore.com\/en\/product\/set-veror-premium-per-meshkuj-kemishe-pantallona-stil-elegant-casual\/","title":{"rendered":"Set Veror Premium p\u00ebr Meshkuj (K\u00ebmish\u00eb + Pantallona) \u2013 Stil Elegant &#038; Casual"},"content":{"rendered":"<section class=\"text-token-text-primary w-full focus:outline-none [--shadow-height:45px] has-data-writing-block:pointer-events-none has-data-writing-block:-mt-(--shadow-height) has-data-writing-block:pt-(--shadow-height) [&amp;:has([data-writing-block])&gt;*]:pointer-events-auto [content-visibility:auto] supports-[content-visibility:auto]:[contain-intrinsic-size:auto_100lvh] R6Vx5W_threadScrollVars scroll-mb-[calc(var(--scroll-root-safe-area-inset-bottom,0px)+var(--thread-response-height))] scroll-mt-[calc(var(--header-height)+min(200px,max(70px,20svh)))]\" dir=\"auto\" data-turn-id=\"request-WEB:c2e95012-f13c-42b8-b5a6-81806aae6210-6\" data-testid=\"conversation-turn-14\" data-scroll-anchor=\"false\" data-turn=\"assistant\">\n<div class=\"text-base my-auto mx-auto pb-10 [--thread-content-margin:var(--thread-content-margin-xs,calc(var(--spacing)*4))] @w-sm\/main:[--thread-content-margin:var(--thread-content-margin-sm,calc(var(--spacing)*6))] @w-lg\/main:[--thread-content-margin:var(--thread-content-margin-lg,calc(var(--spacing)*16))] px-(--thread-content-margin)\">\n<div class=\"[--thread-content-max-width:40rem] @w-lg\/main:[--thread-content-max-width:48rem] mx-auto max-w-(--thread-content-max-width) flex-1 group\/turn-messages focus-visible:outline-hidden relative flex w-full min-w-0 flex-col agent-turn\">\n<div class=\"flex max-w-full flex-col gap-4 grow\">\n<div class=\"min-h-8 text-message relative flex w-full flex-col items-end gap-2 text-start break-words whitespace-normal outline-none keyboard-focused:focus-ring [.text-message+&amp;]:mt-1\" dir=\"auto\" tabindex=\"0\" data-message-author-role=\"assistant\" data-message-id=\"618f7ae9-6d56-4bdf-ace7-d612871022cb\" data-message-model-slug=\"gpt-5-3\" data-turn-start-message=\"true\">\n<div class=\"flex w-full flex-col gap-1 empty:hidden\">\n<div class=\"markdown prose dark:prose-invert w-full wrap-break-word dark markdown-new-styling\">\n<p data-start=\"93\" data-end=\"389\">Ky set modern p\u00ebr meshkuj \u00ebsht\u00eb kombinimi perfekt i eleganc\u00ebs dhe rehatis\u00eb, ideal p\u00ebr dit\u00ebt e ngrohta dhe daljet me stil. P\u00ebrb\u00ebhet nga nj\u00eb k\u00ebmish\u00eb me m\u00ebng\u00eb t\u00eb gjata dhe jak\u00eb klasike me kopsa, e kombinuar me pantallona t\u00eb lehta me bel elastik dhe lidh\u00ebse p\u00ebr p\u00ebrshtatje perfekte.<\/p>\n<p data-start=\"391\" data-end=\"580\">Materiali i holl\u00eb dhe q\u00eb merr frym\u00eb e b\u00ebn k\u00ebt\u00eb set shum\u00eb komod p\u00ebr p\u00ebrdorim gjat\u00eb gjith\u00eb dit\u00ebs, nd\u00ebrsa dizajni minimalist me xhepa n\u00eb pjes\u00ebn e sip\u00ebrme i jep nj\u00eb pamje moderne dhe t\u00eb kuruar.<\/p>\n<p data-start=\"582\" data-end=\"602\"><strong data-start=\"582\" data-end=\"602\">Karakteristikat:<\/strong><\/p>\n<ul data-start=\"603\" data-end=\"858\">\n<li data-section-id=\"acyijv\" data-start=\"603\" data-end=\"642\">Set 2 pjes\u00ebsh: K\u00ebmish\u00eb + pantallona<\/li>\n<li data-section-id=\"920174\" data-start=\"643\" data-end=\"693\">Material i leht\u00eb dhe freskues (ideal p\u00ebr ver\u00eb)<\/li>\n<li data-section-id=\"euiy6r\" data-start=\"694\" data-end=\"732\">K\u00ebmish\u00eb me kopsa dhe xhepa frontal<\/li>\n<li data-section-id=\"15lma71\" data-start=\"733\" data-end=\"777\">Pantallona me llastik dhe lidh\u00ebse n\u00eb bel<\/li>\n<li data-section-id=\"p91e3\" data-start=\"778\" data-end=\"819\">Prerje relaxed p\u00ebr komoditet maksimal<\/li>\n<li data-section-id=\"f4w59k\" data-start=\"820\" data-end=\"858\">Stil elegant &amp; casual nj\u00ebkoh\u00ebsisht<\/li>\n<\/ul>\n<p data-start=\"860\" data-end=\"932\"><strong data-start=\"860\" data-end=\"872\">Ngjyrat:<\/strong><br data-start=\"872\" data-end=\"875\" \/>Bezh\u00eb | E zez\u00eb | Blu e err\u00ebt | Kafe | Jeshile ushtarake<\/p>\n<p data-start=\"934\" data-end=\"1003\" data-is-last-node=\"\" data-is-only-node=\"\">Perfekt p\u00ebr p\u00ebrditshm\u00ebri, pushime, apo dalje me stil pa shum\u00eb mundim.<\/p>\n<\/div>\n<\/div>\n<\/div>\n<\/div>\n<\/div>\n<\/div>\n<\/section>","protected":false},"excerpt":{"rendered":"<p>Ky set modern p\u00ebr meshkuj \u00ebsht\u00eb kombinimi perfekt i eleganc\u00ebs dhe rehatis\u00eb, ideal p\u00ebr dit\u00ebt e ngrohta dhe daljet me stil. P\u00ebrb\u00ebhet nga nj\u00eb k\u00ebmish\u00eb me m\u00ebng\u00eb t\u00eb gjata dhe jak\u00eb klasike me kopsa, e kombinuar me pantallona t\u00eb lehta me bel elastik dhe lidh\u00ebse p\u00ebr p\u00ebrshtatje perfekte. Materiali i holl\u00eb dhe q\u00eb merr frym\u00eb [&hellip;]<\/p>","protected":false},"featured_media":18931,"comment_status":"open","ping_status":"closed","template":"","meta":[],"product_brand":[],"product_cat":[77],"product_tag":[1015],"class_list":{"0":"post-18930","1":"product","2":"type-product","3":"status-publish","4":"has-post-thumbnail","6":"product_cat-trucksuit","7":"product_tag-set-veror-premium-per-meshkuj-kemishe-pantallona","9":"first","10":"instock","11":"taxable","12":"shipping-taxable","13":"purchasable","14":"product-type-variable"},"jetpack_sharing_enabled":true,"_links":{"self":[{"href":"https:\/\/urban-clothingstore.com\/en\/wp-json\/wp\/v2\/product\/18930","targetHints":{"allow":["GET"]}}],"collection":[{"href":"https:\/\/urban-clothingstore.com\/en\/wp-json\/wp\/v2\/product"}],"about":[{"href":"https:\/\/urban-clothingstore.com\/en\/wp-json\/wp\/v2\/types\/product"}],"replies":[{"embeddable":true,"href":"https:\/\/urban-clothingstore.com\/en\/wp-json\/wp\/v2\/comments?post=18930"}],"wp:featuredmedia":[{"embeddable":true,"href":"https:\/\/urban-clothingstore.com\/en\/wp-json\/wp\/v2\/media\/18931"}],"wp:attachment":[{"href":"https:\/\/urban-clothingstore.com\/en\/wp-json\/wp\/v2\/media?parent=18930"}],"wp:term":[{"taxonomy":"product_brand","embeddable":true,"href":"https:\/\/urban-clothingstore.com\/en\/wp-json\/wp\/v2\/product_brand?post=18930"},{"taxonomy":"product_cat","embeddable":true,"href":"https:\/\/urban-clothingstore.com\/en\/wp-json\/wp\/v2\/product_cat?post=18930"},{"taxonomy":"product_tag","embeddable":true,"href":"https:\/\/urban-clothingstore.com\/en\/wp-json\/wp\/v2\/product_tag?post=18930"}],"curies":[{"name":"wp","href":"https:\/\/api.w.org\/{rel}","templated":true}]}}