{"id":18961,"date":"2026-04-29T16:06:11","date_gmt":"2026-04-29T16:06:11","guid":{"rendered":"https:\/\/urban-clothingstore.com\/?post_type=product&#038;p=18961"},"modified":"2026-04-29T16:06:12","modified_gmt":"2026-04-29T16:06:12","slug":"kemishe-elegante-me-vija-per-meshkuj-slim-fit-stil-modern","status":"publish","type":"product","link":"https:\/\/urban-clothingstore.com\/en\/product\/kemishe-elegante-me-vija-per-meshkuj-slim-fit-stil-modern\/","title":{"rendered":"K\u00ebmish\u00eb Elegante me Vija p\u00ebr Meshkuj \u2013 Slim Fit &#038; Stil Modern"},"content":{"rendered":"<section class=\"text-token-text-primary w-full focus:outline-none [--shadow-height:45px] has-data-writing-block:pointer-events-none has-data-writing-block:-mt-(--shadow-height) has-data-writing-block:pt-(--shadow-height) [&amp;:has([data-writing-block])&gt;*]:pointer-events-auto [content-visibility:auto] supports-[content-visibility:auto]:[contain-intrinsic-size:auto_100lvh] R6Vx5W_threadScrollVars scroll-mb-[calc(var(--scroll-root-safe-area-inset-bottom,0px)+var(--thread-response-height))] scroll-mt-[calc(var(--header-height)+min(200px,max(70px,20svh)))]\" dir=\"auto\" data-turn-id=\"request-WEB:c2e95012-f13c-42b8-b5a6-81806aae6210-7\" data-testid=\"conversation-turn-16\" data-scroll-anchor=\"false\" data-turn=\"assistant\">\n<div class=\"text-base my-auto mx-auto pb-10 [--thread-content-margin:var(--thread-content-margin-xs,calc(var(--spacing)*4))] @w-sm\/main:[--thread-content-margin:var(--thread-content-margin-sm,calc(var(--spacing)*6))] @w-lg\/main:[--thread-content-margin:var(--thread-content-margin-lg,calc(var(--spacing)*16))] px-(--thread-content-margin)\">\n<div class=\"[--thread-content-max-width:40rem] @w-lg\/main:[--thread-content-max-width:48rem] mx-auto max-w-(--thread-content-max-width) flex-1 group\/turn-messages focus-visible:outline-hidden relative flex w-full min-w-0 flex-col agent-turn\">\n<div class=\"flex max-w-full flex-col gap-4 grow\">\n<div class=\"min-h-8 text-message relative flex w-full flex-col items-end gap-2 text-start break-words whitespace-normal outline-none keyboard-focused:focus-ring [.text-message+&amp;]:mt-1\" dir=\"auto\" tabindex=\"0\" data-message-author-role=\"assistant\" data-message-id=\"abad28dc-68b6-443b-a73b-497842ec8d40\" data-message-model-slug=\"gpt-5-3\" data-turn-start-message=\"true\">\n<div class=\"flex w-full flex-col gap-1 empty:hidden\">\n<div class=\"markdown prose dark:prose-invert w-full wrap-break-word dark markdown-new-styling\">\n<p data-start=\"78\" data-end=\"313\">Kjo k\u00ebmish\u00eb me vija vertikale \u00ebsht\u00eb zgjedhja perfekte p\u00ebr meshkujt q\u00eb duan t\u00eb duken elegant dhe modern n\u00eb \u00e7do rast. Dizajni slim fit thekson linjat e trupit, nd\u00ebrsa materiali cil\u00ebsor siguron rehati gjat\u00eb gjith\u00eb dit\u00ebs.<\/p>\n<p data-start=\"315\" data-end=\"487\">Vijat vertikale jo vet\u00ebm q\u00eb japin nj\u00eb stil t\u00eb rafinuar, por edhe krijojn\u00eb efekt vizual m\u00eb t\u00eb gjat\u00eb dhe m\u00eb elegant. Ideale p\u00ebr pun\u00eb, takime, evente apo dalje casual me stil.<\/p>\n<p data-start=\"489\" data-end=\"509\"><strong data-start=\"489\" data-end=\"509\">Karakteristikat:<\/strong><\/p>\n<ul data-start=\"510\" data-end=\"750\">\n<li data-section-id=\"plvswz\" data-start=\"510\" data-end=\"546\">Dizajn me vija vertikale moderne<\/li>\n<li data-section-id=\"u8ursc\" data-start=\"547\" data-end=\"593\">Prerje Slim Fit (p\u00ebrshtatet bukur n\u00eb trup)<\/li>\n<li data-section-id=\"1dgsgxr\" data-start=\"594\" data-end=\"624\">Material i leht\u00eb dhe komod<\/li>\n<li data-section-id=\"rehm5b\" data-start=\"625\" data-end=\"650\">Jak\u00eb klasike me kopsa<\/li>\n<li data-section-id=\"iueg8f\" data-start=\"651\" data-end=\"694\">M\u00ebng\u00eb t\u00eb gjata \u2013 perfekte p\u00ebr \u00e7do sezon<\/li>\n<li data-section-id=\"w90tq7\" data-start=\"695\" data-end=\"750\">Leht\u00eb p\u00ebr kombinim me pantallona klasike ose xhinse<\/li>\n<\/ul>\n<p data-start=\"752\" data-end=\"894\"><strong data-start=\"752\" data-end=\"779\">Ngjyrat e disponueshme:<\/strong><br data-start=\"779\" data-end=\"782\" \/>Bordo | E zez\u00eb | E kuqe | Blu e hapur | Jeshile | Blu e err\u00ebt | Blu mesatare | Blu klasike | E verdh\u00eb<\/p>\n<p data-start=\"896\" data-end=\"967\" data-is-last-node=\"\" data-is-only-node=\"\">Zgjedhja ideale p\u00ebr nj\u00eb look t\u00eb past\u00ebr, elegant dhe gjithmon\u00eb n\u00eb trend.<\/p>\n<\/div>\n<\/div>\n<\/div>\n<\/div>\n<\/div>\n<\/div>\n<\/section>","protected":false},"excerpt":{"rendered":"<p>Kjo k\u00ebmish\u00eb me vija vertikale \u00ebsht\u00eb zgjedhja perfekte p\u00ebr meshkujt q\u00eb duan t\u00eb duken elegant dhe modern n\u00eb \u00e7do rast. Dizajni slim fit thekson linjat e trupit, nd\u00ebrsa materiali cil\u00ebsor siguron rehati gjat\u00eb gjith\u00eb dit\u00ebs. Vijat vertikale jo vet\u00ebm q\u00eb japin nj\u00eb stil t\u00eb rafinuar, por edhe krijojn\u00eb efekt vizual m\u00eb t\u00eb gjat\u00eb dhe m\u00eb [&hellip;]<\/p>","protected":false},"featured_media":18962,"comment_status":"open","ping_status":"closed","template":"","meta":[],"product_brand":[],"product_cat":[705],"product_tag":[1019,1016,1017,1020,1018],"class_list":{"0":"post-18961","1":"product","2":"type-product","3":"status-publish","4":"has-post-thumbnail","6":"product_cat-slim-fit-elegant-shirt","7":"product_tag-elegant-dhe-gjithmone-ne-trend","8":"product_tag-kemishe-elegante-me-vija-per-meshkuj-slim-fit-stil-modern","9":"product_tag-material-i-lehte-dhe-komod","10":"product_tag-prerje-slim-fit-pershtatet-bukur-ne-trup","11":"product_tag-zgjedhja-ideale-per-nje-look-te-paster","13":"first","14":"instock","15":"taxable","16":"shipping-taxable","17":"purchasable","18":"product-type-variable"},"jetpack_sharing_enabled":true,"_links":{"self":[{"href":"https:\/\/urban-clothingstore.com\/en\/wp-json\/wp\/v2\/product\/18961","targetHints":{"allow":["GET"]}}],"collection":[{"href":"https:\/\/urban-clothingstore.com\/en\/wp-json\/wp\/v2\/product"}],"about":[{"href":"https:\/\/urban-clothingstore.com\/en\/wp-json\/wp\/v2\/types\/product"}],"replies":[{"embeddable":true,"href":"https:\/\/urban-clothingstore.com\/en\/wp-json\/wp\/v2\/comments?post=18961"}],"wp:featuredmedia":[{"embeddable":true,"href":"https:\/\/urban-clothingstore.com\/en\/wp-json\/wp\/v2\/media\/18962"}],"wp:attachment":[{"href":"https:\/\/urban-clothingstore.com\/en\/wp-json\/wp\/v2\/media?parent=18961"}],"wp:term":[{"taxonomy":"product_brand","embeddable":true,"href":"https:\/\/urban-clothingstore.com\/en\/wp-json\/wp\/v2\/product_brand?post=18961"},{"taxonomy":"product_cat","embeddable":true,"href":"https:\/\/urban-clothingstore.com\/en\/wp-json\/wp\/v2\/product_cat?post=18961"},{"taxonomy":"product_tag","embeddable":true,"href":"https:\/\/urban-clothingstore.com\/en\/wp-json\/wp\/v2\/product_tag?post=18961"}],"curies":[{"name":"wp","href":"https:\/\/api.w.org\/{rel}","templated":true}]}}