{"id":19017,"date":"2026-04-29T16:13:16","date_gmt":"2026-04-29T16:13:16","guid":{"rendered":"https:\/\/urban-clothingstore.com\/?post_type=product&#038;p=19017"},"modified":"2026-04-29T16:13:17","modified_gmt":"2026-04-29T16:13:17","slug":"xhinse-per-meshkuj-stil-modern-komoditet-maksimal","status":"publish","type":"product","link":"https:\/\/urban-clothingstore.com\/en\/product\/xhinse-per-meshkuj-stil-modern-komoditet-maksimal\/","title":{"rendered":"Xhinse p\u00ebr Meshkuj \u2013 Stil Modern &#038; Komoditet Maksimal"},"content":{"rendered":"<section class=\"text-token-text-primary w-full focus:outline-none [--shadow-height:45px] has-data-writing-block:pointer-events-none has-data-writing-block:-mt-(--shadow-height) has-data-writing-block:pt-(--shadow-height) [&amp;:has([data-writing-block])&gt;*]:pointer-events-auto [content-visibility:auto] supports-[content-visibility:auto]:[contain-intrinsic-size:auto_100lvh] R6Vx5W_threadScrollVars scroll-mb-[calc(var(--scroll-root-safe-area-inset-bottom,0px)+var(--thread-response-height))] scroll-mt-[calc(var(--header-height)+min(200px,max(70px,20svh)))]\" dir=\"auto\" data-turn-id=\"request-WEB:c2e95012-f13c-42b8-b5a6-81806aae6210-8\" data-testid=\"conversation-turn-18\" data-scroll-anchor=\"false\" data-turn=\"assistant\">\n<div class=\"text-base my-auto mx-auto pb-10 [--thread-content-margin:var(--thread-content-margin-xs,calc(var(--spacing)*4))] @w-sm\/main:[--thread-content-margin:var(--thread-content-margin-sm,calc(var(--spacing)*6))] @w-lg\/main:[--thread-content-margin:var(--thread-content-margin-lg,calc(var(--spacing)*16))] px-(--thread-content-margin)\">\n<div class=\"[--thread-content-max-width:40rem] @w-lg\/main:[--thread-content-max-width:48rem] mx-auto max-w-(--thread-content-max-width) flex-1 group\/turn-messages focus-visible:outline-hidden relative flex w-full min-w-0 flex-col agent-turn\">\n<div class=\"flex max-w-full flex-col gap-4 grow\">\n<div class=\"min-h-8 text-message relative flex w-full flex-col items-end gap-2 text-start break-words whitespace-normal outline-none keyboard-focused:focus-ring [.text-message+&amp;]:mt-1\" dir=\"auto\" tabindex=\"0\" data-message-author-role=\"assistant\" data-message-id=\"955631c9-fba7-4d86-82e8-635e7748ea50\" data-message-model-slug=\"gpt-5-3\" data-turn-start-message=\"true\">\n<div class=\"flex w-full flex-col gap-1 empty:hidden\">\n<div class=\"markdown prose dark:prose-invert w-full wrap-break-word dark markdown-new-styling\">\n<p data-start=\"70\" data-end=\"318\">K\u00ebto xhinse p\u00ebr meshkuj jan\u00eb kombinimi perfekt i stilit casual dhe rehatis\u00eb s\u00eb p\u00ebrditshme. Me nj\u00eb dizajn minimalist dhe ngjyr\u00eb blu t\u00eb hapur moderne, ato jan\u00eb ideale p\u00ebr \u00e7do rast \u2013 nga daljet e p\u00ebrditshme deri te takimet informale.<\/p>\n<p data-start=\"320\" data-end=\"554\">Prerja e rregullt (regular fit) siguron liri l\u00ebvizjeje, nd\u00ebrsa materiali cil\u00ebsor denim garanton q\u00ebndrueshm\u00ebri dhe komoditet gjat\u00eb gjith\u00eb dit\u00ebs. Leht\u00ebsisht t\u00eb kombinueshme me bluza, k\u00ebmisha apo atlete p\u00ebr nj\u00eb look t\u00eb past\u00ebr dhe modern.<\/p>\n<p data-start=\"556\" data-end=\"576\"><strong data-start=\"556\" data-end=\"576\">Karakteristikat:<\/strong><\/p>\n<ul data-start=\"577\" data-end=\"812\">\n<li data-section-id=\"p29nm7\" data-start=\"577\" data-end=\"612\">Denim cil\u00ebsor dhe i q\u00ebndruesh\u00ebm<\/li>\n<li data-section-id=\"1off05d\" data-start=\"613\" data-end=\"656\">Prerje Relaxed Fit p\u00ebr rehati maksimale<\/li>\n<li data-section-id=\"1e3hpd5\" data-start=\"657\" data-end=\"699\">Ngjyr\u00eb blu e hapur (light wash) trendy<\/li>\n<li data-section-id=\"1uune0x\" data-start=\"700\" data-end=\"737\">Xhepa funksional\u00eb para dhe mbrapa<\/li>\n<li data-section-id=\"1021ymi\" data-start=\"738\" data-end=\"770\">Mbyllje me zinxhir dhe kops\u00eb<\/li>\n<li data-section-id=\"fulo41\" data-start=\"771\" data-end=\"812\">Ideale p\u00ebr stil casual &amp; smart-casual<\/li>\n<\/ul>\n<p data-start=\"814\" data-end=\"955\" data-is-last-node=\"\" data-is-only-node=\"\"><strong data-start=\"814\" data-end=\"836\">Pse t\u2019i zgjedh\u00ebsh?<\/strong><br data-start=\"836\" data-end=\"839\" \/>Sepse jan\u00eb t\u00eb rehatshme, moderne dhe shum\u00eb t\u00eb lehta p\u00ebr t\u2019u kombinuar \u2013 nj\u00eb must-have n\u00eb garderob\u00ebn e \u00e7do mashkulli.<\/p>\n<\/div>\n<\/div>\n<\/div>\n<\/div>\n<div class=\"z-0 flex min-h-[46px] justify-start\"><\/div>\n<div class=\"mt-3 w-full empty:hidden\">\n<div class=\"text-center\"><\/div>\n<\/div>\n<\/div>\n<\/div>\n<\/section>\n<div class=\"pointer-events-none -mt-px h-px translate-y-[calc(var(--scroll-root-safe-area-inset-bottom)-14*var(--spacing))]\" aria-hidden=\"true\"><\/div>","protected":false},"excerpt":{"rendered":"<p>K\u00ebto xhinse p\u00ebr meshkuj jan\u00eb kombinimi perfekt i stilit casual dhe rehatis\u00eb s\u00eb p\u00ebrditshme. Me nj\u00eb dizajn minimalist dhe ngjyr\u00eb blu t\u00eb hapur moderne, ato jan\u00eb ideale p\u00ebr \u00e7do rast \u2013 nga daljet e p\u00ebrditshme deri te takimet informale. Prerja e rregullt (regular fit) siguron liri l\u00ebvizjeje, nd\u00ebrsa materiali cil\u00ebsor denim garanton q\u00ebndrueshm\u00ebri dhe komoditet [&hellip;]<\/p>","protected":false},"featured_media":19018,"comment_status":"open","ping_status":"closed","template":"","meta":[],"product_brand":[],"product_cat":[27],"product_tag":[1022,1023,1024,1021],"class_list":{"0":"post-19017","1":"product","2":"type-product","3":"status-publish","4":"has-post-thumbnail","6":"product_cat-jeans","7":"product_tag-denim-cilesor-dhe-i-qendrueshem","8":"product_tag-ideale-per-stil-casual-smart-casual","9":"product_tag-ngjyre-blu-e-hapur-light-wash-trendy","10":"product_tag-stil-modern-komoditet-maksimal","12":"first","13":"instock","14":"taxable","15":"shipping-taxable","16":"purchasable","17":"product-type-variable"},"jetpack_sharing_enabled":true,"_links":{"self":[{"href":"https:\/\/urban-clothingstore.com\/en\/wp-json\/wp\/v2\/product\/19017","targetHints":{"allow":["GET"]}}],"collection":[{"href":"https:\/\/urban-clothingstore.com\/en\/wp-json\/wp\/v2\/product"}],"about":[{"href":"https:\/\/urban-clothingstore.com\/en\/wp-json\/wp\/v2\/types\/product"}],"replies":[{"embeddable":true,"href":"https:\/\/urban-clothingstore.com\/en\/wp-json\/wp\/v2\/comments?post=19017"}],"wp:featuredmedia":[{"embeddable":true,"href":"https:\/\/urban-clothingstore.com\/en\/wp-json\/wp\/v2\/media\/19018"}],"wp:attachment":[{"href":"https:\/\/urban-clothingstore.com\/en\/wp-json\/wp\/v2\/media?parent=19017"}],"wp:term":[{"taxonomy":"product_brand","embeddable":true,"href":"https:\/\/urban-clothingstore.com\/en\/wp-json\/wp\/v2\/product_brand?post=19017"},{"taxonomy":"product_cat","embeddable":true,"href":"https:\/\/urban-clothingstore.com\/en\/wp-json\/wp\/v2\/product_cat?post=19017"},{"taxonomy":"product_tag","embeddable":true,"href":"https:\/\/urban-clothingstore.com\/en\/wp-json\/wp\/v2\/product_tag?post=19017"}],"curies":[{"name":"wp","href":"https:\/\/api.w.org\/{rel}","templated":true}]}}