{"id":19027,"date":"2026-04-29T16:36:10","date_gmt":"2026-04-29T16:36:10","guid":{"rendered":"https:\/\/urban-clothingstore.com\/?post_type=product&#038;p=19027"},"modified":"2026-04-29T16:36:10","modified_gmt":"2026-04-29T16:36:10","slug":"xhinse-blu-per-meshkuj-stil-klasik-komfort-i-perditshem","status":"publish","type":"product","link":"https:\/\/urban-clothingstore.com\/en\/product\/xhinse-blu-per-meshkuj-stil-klasik-komfort-i-perditshem\/","title":{"rendered":"Xhinse Blu p\u00ebr Meshkuj \u2013 Stil Klasik &#038; Komfort i P\u00ebrditsh\u00ebm"},"content":{"rendered":"<section class=\"text-token-text-primary w-full focus:outline-none [--shadow-height:45px] has-data-writing-block:pointer-events-none has-data-writing-block:-mt-(--shadow-height) has-data-writing-block:pt-(--shadow-height) [&amp;:has([data-writing-block])&gt;*]:pointer-events-auto [content-visibility:auto] supports-[content-visibility:auto]:[contain-intrinsic-size:auto_100lvh] R6Vx5W_threadScrollVars scroll-mb-[calc(var(--scroll-root-safe-area-inset-bottom,0px)+var(--thread-response-height))] scroll-mt-[calc(var(--header-height)+min(200px,max(70px,20svh)))]\" dir=\"auto\" data-turn-id=\"request-WEB:c2e95012-f13c-42b8-b5a6-81806aae6210-9\" data-testid=\"conversation-turn-20\" data-scroll-anchor=\"false\" data-turn=\"assistant\">\n<div class=\"text-base my-auto mx-auto pb-10 [--thread-content-margin:var(--thread-content-margin-xs,calc(var(--spacing)*4))] @w-sm\/main:[--thread-content-margin:var(--thread-content-margin-sm,calc(var(--spacing)*6))] @w-lg\/main:[--thread-content-margin:var(--thread-content-margin-lg,calc(var(--spacing)*16))] px-(--thread-content-margin)\">\n<div class=\"[--thread-content-max-width:40rem] @w-lg\/main:[--thread-content-max-width:48rem] mx-auto max-w-(--thread-content-max-width) flex-1 group\/turn-messages focus-visible:outline-hidden relative flex w-full min-w-0 flex-col agent-turn\">\n<div class=\"flex max-w-full flex-col gap-4 grow\">\n<div class=\"min-h-8 text-message relative flex w-full flex-col items-end gap-2 text-start break-words whitespace-normal outline-none keyboard-focused:focus-ring [.text-message+&amp;]:mt-1\" dir=\"auto\" tabindex=\"0\" data-message-author-role=\"assistant\" data-message-id=\"d5f1bba4-ec5e-4c7f-85a3-63fb4ce99b83\" data-message-model-slug=\"gpt-5-3\" data-turn-start-message=\"true\">\n<div class=\"flex w-full flex-col gap-1 empty:hidden\">\n<div class=\"markdown prose dark:prose-invert w-full wrap-break-word dark markdown-new-styling\">\n<p data-start=\"76\" data-end=\"320\">K\u00ebto xhinse blu p\u00ebr meshkuj jan\u00eb zgjedhja ideale p\u00ebr nj\u00eb look t\u00eb past\u00ebr dhe modern. Me nj\u00eb ngjyr\u00eb blu klasike dhe dizajn t\u00eb thjesht\u00eb, ato p\u00ebrshtaten leht\u00ebsisht me \u00e7do veshje \u2013 nga stil casual deri te kombinime m\u00eb t\u00eb rregullta.<\/p>\n<p data-start=\"322\" data-end=\"460\">Materiali denim cil\u00ebsor ofron rehati dhe q\u00ebndrueshm\u00ebri, nd\u00ebrsa prerja e rregullt siguron nj\u00eb pamje natyrale dhe komode gjat\u00eb gjith\u00eb dit\u00ebs.<\/p>\n<p data-start=\"462\" data-end=\"482\"><strong data-start=\"462\" data-end=\"482\">Karakteristikat:<\/strong><\/p>\n<ul data-start=\"483\" data-end=\"681\">\n<li data-section-id=\"1tvp49l\" data-start=\"483\" data-end=\"516\">Denim i fort\u00eb dhe i rehatsh\u00ebm<\/li>\n<li data-section-id=\"1wh0wv1\" data-start=\"517\" data-end=\"555\">Ngjyr\u00eb blu klasike (mid\/dark wash)<\/li>\n<li data-section-id=\"11ectv7\" data-start=\"556\" data-end=\"578\">Prerje Relaxed Fit<\/li>\n<li data-section-id=\"16pwhlr\" data-start=\"579\" data-end=\"613\">Xhepa praktik\u00eb para dhe mbrapa<\/li>\n<li data-section-id=\"1021ymi\" data-start=\"614\" data-end=\"646\">Mbyllje me zinxhir dhe kops\u00eb<\/li>\n<li data-section-id=\"zbtztd\" data-start=\"647\" data-end=\"681\">Leht\u00eb p\u00ebr kombinim me \u00e7do stil<\/li>\n<\/ul>\n<p data-start=\"683\" data-end=\"812\"><strong data-start=\"683\" data-end=\"704\">Ide p\u00ebr kombinim:<\/strong><br data-start=\"704\" data-end=\"707\" \/>Perfekte me nj\u00eb t-shirt t\u00eb bardh\u00eb dhe atlete p\u00ebr nj\u00eb look casual, ose me k\u00ebmish\u00eb p\u00ebr nj\u00eb stil m\u00eb elegant.<\/p>\n<p data-start=\"814\" data-end=\"894\" data-is-last-node=\"\" data-is-only-node=\"\"><strong data-start=\"814\" data-end=\"835\">Zgjedhja perfekte<\/strong> p\u00ebr p\u00ebrditshm\u00ebri \u2013 e thjesht\u00eb, stil dhe gjithmon\u00eb n\u00eb mod\u00eb.<\/p>\n<\/div>\n<\/div>\n<\/div>\n<\/div>\n<\/div>\n<\/div>\n<\/section>","protected":false},"excerpt":{"rendered":"<p>K\u00ebto xhinse blu p\u00ebr meshkuj jan\u00eb zgjedhja ideale p\u00ebr nj\u00eb look t\u00eb past\u00ebr dhe modern. Me nj\u00eb ngjyr\u00eb blu klasike dhe dizajn t\u00eb thjesht\u00eb, ato p\u00ebrshtaten leht\u00ebsisht me \u00e7do veshje \u2013 nga stil casual deri te kombinime m\u00eb t\u00eb rregullta. Materiali denim cil\u00ebsor ofron rehati dhe q\u00ebndrueshm\u00ebri, nd\u00ebrsa prerja e rregullt siguron nj\u00eb pamje natyrale [&hellip;]<\/p>","protected":false},"featured_media":19028,"comment_status":"open","ping_status":"closed","template":"","meta":[],"product_brand":[],"product_cat":[709,27],"product_tag":[],"class_list":{"0":"post-19027","1":"product","2":"type-product","3":"status-publish","4":"has-post-thumbnail","6":"product_cat-baggy-jeans","7":"product_cat-jeans","9":"first","10":"instock","11":"taxable","12":"shipping-taxable","13":"purchasable","14":"product-type-variable"},"jetpack_sharing_enabled":true,"_links":{"self":[{"href":"https:\/\/urban-clothingstore.com\/en\/wp-json\/wp\/v2\/product\/19027","targetHints":{"allow":["GET"]}}],"collection":[{"href":"https:\/\/urban-clothingstore.com\/en\/wp-json\/wp\/v2\/product"}],"about":[{"href":"https:\/\/urban-clothingstore.com\/en\/wp-json\/wp\/v2\/types\/product"}],"replies":[{"embeddable":true,"href":"https:\/\/urban-clothingstore.com\/en\/wp-json\/wp\/v2\/comments?post=19027"}],"wp:featuredmedia":[{"embeddable":true,"href":"https:\/\/urban-clothingstore.com\/en\/wp-json\/wp\/v2\/media\/19028"}],"wp:attachment":[{"href":"https:\/\/urban-clothingstore.com\/en\/wp-json\/wp\/v2\/media?parent=19027"}],"wp:term":[{"taxonomy":"product_brand","embeddable":true,"href":"https:\/\/urban-clothingstore.com\/en\/wp-json\/wp\/v2\/product_brand?post=19027"},{"taxonomy":"product_cat","embeddable":true,"href":"https:\/\/urban-clothingstore.com\/en\/wp-json\/wp\/v2\/product_cat?post=19027"},{"taxonomy":"product_tag","embeddable":true,"href":"https:\/\/urban-clothingstore.com\/en\/wp-json\/wp\/v2\/product_tag?post=19027"}],"curies":[{"name":"wp","href":"https:\/\/api.w.org\/{rel}","templated":true}]}}