{"id":19053,"date":"2026-05-01T11:57:56","date_gmt":"2026-05-01T11:57:56","guid":{"rendered":"https:\/\/urban-clothingstore.com\/?post_type=product&#038;p=19053"},"modified":"2026-05-01T11:57:56","modified_gmt":"2026-05-01T11:57:56","slug":"kemishe-premium-black-relaxed-fit","status":"publish","type":"product","link":"https:\/\/urban-clothingstore.com\/en\/product\/kemishe-premium-black-relaxed-fit\/","title":{"rendered":"K\u00ebmish\u00eb Premium Black Relaxed Fit"},"content":{"rendered":"<p data-start=\"50\" data-end=\"285\">K\u00ebmish\u00eb elegante n\u00eb ngjyr\u00eb t\u00eb zez\u00eb, e dizajnuar p\u00ebr nj\u00eb stil modern, urban dhe premium. Me prerje <strong data-start=\"166\" data-end=\"181\">relaxed fit<\/strong>, material t\u00eb leht\u00eb dhe tekstur\u00eb t\u00eb but\u00eb, kjo k\u00ebmish\u00eb ofron rehati maksimale dhe pamje shum\u00eb t\u00eb ve\u00e7ant\u00eb.<\/p>\n<p data-start=\"287\" data-end=\"525\">Detaji \u201cLimited Edition\u201d n\u00eb gjoks i jep nj\u00eb prekje ekskluzive, nd\u00ebrsa ngjyra e zez\u00eb e b\u00ebn shum\u00eb t\u00eb leht\u00eb p\u00ebr kombinim me xhinse, pantolla t\u00eb zeza apo veshje casual-elegante. Ideale p\u00ebr dalje, evente dhe p\u00ebr nj\u00eb look t\u00eb past\u00ebr me karakter.<\/p>\n<p data-start=\"527\" data-end=\"540\"><strong data-start=\"527\" data-end=\"538\">Detaje:<\/strong><\/p>\n<ul data-start=\"541\" data-end=\"726\" data-is-last-node=\"\" data-is-only-node=\"\">\n<li data-section-id=\"wk95qy\" data-start=\"541\" data-end=\"559\">Ngjyr\u00eb: E zez\u00eb<\/li>\n<li data-section-id=\"16waqvk\" data-start=\"560\" data-end=\"583\">Prerje: Relaxed Fit<\/li>\n<li data-section-id=\"l4c1xd\" data-start=\"584\" data-end=\"607\">Stil: Urban Premium<\/li>\n<li data-section-id=\"1dgsgxr\" data-start=\"608\" data-end=\"638\">Material i leht\u00eb dhe komod<\/li>\n<li data-section-id=\"yn17t4\" data-start=\"639\" data-end=\"675\">Detaj \u201cLimited Edition\u201d n\u00eb gjoks<\/li>\n<li data-section-id=\"1vnak18\" data-start=\"676\" data-end=\"726\" data-is-last-node=\"\">Kombinohet leht\u00eb me xhinse ose Pantolla elegante<\/li>\n<\/ul>","protected":false},"excerpt":{"rendered":"<p>K\u00ebmish\u00eb elegante n\u00eb ngjyr\u00eb t\u00eb zez\u00eb, e dizajnuar p\u00ebr nj\u00eb stil modern, urban dhe premium. Me prerje relaxed fit, material t\u00eb leht\u00eb dhe tekstur\u00eb t\u00eb but\u00eb, kjo k\u00ebmish\u00eb ofron rehati maksimale dhe pamje shum\u00eb t\u00eb ve\u00e7ant\u00eb. Detaji \u201cLimited Edition\u201d n\u00eb gjoks i jep nj\u00eb prekje ekskluzive, nd\u00ebrsa ngjyra e zez\u00eb e b\u00ebn shum\u00eb t\u00eb leht\u00eb [&hellip;]<\/p>","protected":false},"featured_media":19054,"comment_status":"open","ping_status":"closed","template":"","meta":[],"product_brand":[],"product_cat":[61],"product_tag":[1025,1017,1026],"class_list":{"0":"post-19053","1":"product","2":"type-product","3":"status-publish","4":"has-post-thumbnail","6":"product_cat-shirt","7":"product_tag-kemishe-premium-black-relaxed-fit","8":"product_tag-material-i-lehte-dhe-komod","9":"product_tag-prerje-relaxed-fit","11":"first","12":"instock","13":"taxable","14":"shipping-taxable","15":"purchasable","16":"product-type-variable"},"jetpack_sharing_enabled":true,"_links":{"self":[{"href":"https:\/\/urban-clothingstore.com\/en\/wp-json\/wp\/v2\/product\/19053","targetHints":{"allow":["GET"]}}],"collection":[{"href":"https:\/\/urban-clothingstore.com\/en\/wp-json\/wp\/v2\/product"}],"about":[{"href":"https:\/\/urban-clothingstore.com\/en\/wp-json\/wp\/v2\/types\/product"}],"replies":[{"embeddable":true,"href":"https:\/\/urban-clothingstore.com\/en\/wp-json\/wp\/v2\/comments?post=19053"}],"wp:featuredmedia":[{"embeddable":true,"href":"https:\/\/urban-clothingstore.com\/en\/wp-json\/wp\/v2\/media\/19054"}],"wp:attachment":[{"href":"https:\/\/urban-clothingstore.com\/en\/wp-json\/wp\/v2\/media?parent=19053"}],"wp:term":[{"taxonomy":"product_brand","embeddable":true,"href":"https:\/\/urban-clothingstore.com\/en\/wp-json\/wp\/v2\/product_brand?post=19053"},{"taxonomy":"product_cat","embeddable":true,"href":"https:\/\/urban-clothingstore.com\/en\/wp-json\/wp\/v2\/product_cat?post=19053"},{"taxonomy":"product_tag","embeddable":true,"href":"https:\/\/urban-clothingstore.com\/en\/wp-json\/wp\/v2\/product_tag?post=19053"}],"curies":[{"name":"wp","href":"https:\/\/api.w.org\/{rel}","templated":true}]}}