{"id":19061,"date":"2026-05-01T12:03:36","date_gmt":"2026-05-01T12:03:36","guid":{"rendered":"https:\/\/urban-clothingstore.com\/?post_type=product&#038;p=19061"},"modified":"2026-05-01T12:03:36","modified_gmt":"2026-05-01T12:03:36","slug":"kemishe-premium-mandarin-collar-slim-fit","status":"publish","type":"product","link":"https:\/\/urban-clothingstore.com\/en\/product\/kemishe-premium-mandarin-collar-slim-fit\/","title":{"rendered":"K\u00ebmish\u00eb Premium Mandarin Collar Slim Fit"},"content":{"rendered":"<section class=\"text-token-text-primary w-full focus:outline-none [--shadow-height:45px] has-data-writing-block:pointer-events-none has-data-writing-block:-mt-(--shadow-height) has-data-writing-block:pt-(--shadow-height) [&amp;:has([data-writing-block])&gt;*]:pointer-events-auto [content-visibility:auto] supports-[content-visibility:auto]:[contain-intrinsic-size:auto_100lvh] R6Vx5W_threadScrollVars scroll-mb-[calc(var(--scroll-root-safe-area-inset-bottom,0px)+var(--thread-response-height))] scroll-mt-[calc(var(--header-height)+min(200px,max(70px,20svh)))]\" dir=\"auto\" data-turn-id=\"request-WEB:3eedc59e-06ba-459c-a45c-c01563d3bc22-1\" data-testid=\"conversation-turn-4\" data-scroll-anchor=\"false\" data-turn=\"assistant\">\n<div class=\"text-base my-auto mx-auto pb-10 [--thread-content-margin:var(--thread-content-margin-xs,calc(var(--spacing)*4))] @w-sm\/main:[--thread-content-margin:var(--thread-content-margin-sm,calc(var(--spacing)*6))] @w-lg\/main:[--thread-content-margin:var(--thread-content-margin-lg,calc(var(--spacing)*16))] px-(--thread-content-margin)\">\n<div class=\"[--thread-content-max-width:40rem] @w-lg\/main:[--thread-content-max-width:48rem] mx-auto max-w-(--thread-content-max-width) flex-1 group\/turn-messages focus-visible:outline-hidden relative flex w-full min-w-0 flex-col agent-turn\">\n<div class=\"flex max-w-full flex-col gap-4 grow\">\n<div class=\"min-h-8 text-message relative flex w-full flex-col items-end gap-2 text-start break-words whitespace-normal outline-none keyboard-focused:focus-ring [.text-message+&amp;]:mt-1\" dir=\"auto\" tabindex=\"0\" data-message-author-role=\"assistant\" data-message-id=\"9d310b52-4d77-4aaa-87e1-b20371c0ec9d\" data-message-model-slug=\"gpt-5-5-thinking\" data-turn-start-message=\"true\">\n<div class=\"flex w-full flex-col gap-1 empty:hidden\">\n<div class=\"markdown prose dark:prose-invert w-full wrap-break-word light markdown-new-styling\">\n<p data-start=\"57\" data-end=\"309\">K\u00ebmish\u00eb elegante me <strong data-start=\"95\" data-end=\"112\">jak\u00eb mandarin<\/strong> dhe kopsa t\u00eb mbuluara, e dizajnuar p\u00ebr nj\u00eb pamje moderne, t\u00eb past\u00ebr dhe shum\u00eb premium. Prerja <strong data-start=\"207\" data-end=\"219\">slim fit<\/strong> e thekson trupin bukur, nd\u00ebrsa materiali i l\u00ebmuar dhe komod i jep k\u00ebmish\u00ebs pamje luksoze.<\/p>\n<p data-start=\"311\" data-end=\"528\">Ky model vjen n\u00eb dy ngjyra klasike, <strong data-start=\"347\" data-end=\"359\">e bardh\u00eb<\/strong> dhe <strong data-start=\"364\" data-end=\"374\">e zez\u00eb<\/strong>, t\u00eb cilat kombinohen shum\u00eb leht\u00eb me pantolla elegante, rrip t\u00eb zi dhe k\u00ebpuc\u00eb klasike. Ideale p\u00ebr evente, dalje elegante, pun\u00eb apo kombinime smart-casual.<\/p>\n<p data-start=\"530\" data-end=\"543\"><strong data-start=\"530\" data-end=\"541\">Detaje:<\/strong><\/p>\n<ul data-start=\"544\" data-end=\"715\" data-is-last-node=\"\" data-is-only-node=\"\">\n<li data-section-id=\"106mr69\" data-start=\"544\" data-end=\"561\">Jak\u00eb mandarin<\/li>\n<li data-section-id=\"jic2qo\" data-start=\"562\" data-end=\"583\">Kopsa t\u00eb mbuluara<\/li>\n<li data-section-id=\"1slreya\" data-start=\"584\" data-end=\"603\">Prerje Slim Fit<\/li>\n<li data-section-id=\"1cef6to\" data-start=\"604\" data-end=\"633\">Ngjyra: E bardh\u00eb \/ E zez\u00eb<\/li>\n<li data-section-id=\"ojp97n\" data-start=\"634\" data-end=\"659\">Stil elegant &amp; modern<\/li>\n<li>Kombinim perfekt me pantolla t\u00eb zeza dhe rrip elegant<\/li>\n<\/ul>\n<\/div>\n<\/div>\n<\/div>\n<\/div>\n<\/div>\n<\/div>\n<\/section>","protected":false},"excerpt":{"rendered":"<p>K\u00ebmish\u00eb elegante me jak\u00eb mandarin dhe kopsa t\u00eb mbuluara, e dizajnuar p\u00ebr nj\u00eb pamje moderne, t\u00eb past\u00ebr dhe shum\u00eb premium. Prerja slim fit e thekson trupin bukur, nd\u00ebrsa materiali i l\u00ebmuar dhe komod i jep k\u00ebmish\u00ebs pamje luksoze. Ky model vjen n\u00eb dy ngjyra klasike, e bardh\u00eb dhe e zez\u00eb, t\u00eb cilat kombinohen shum\u00eb leht\u00eb [&hellip;]<\/p>","protected":false},"featured_media":19062,"comment_status":"open","ping_status":"closed","template":"","meta":[],"product_brand":[],"product_cat":[705],"product_tag":[1027,1028,574],"class_list":{"0":"post-19061","1":"product","2":"type-product","3":"status-publish","4":"has-post-thumbnail","6":"product_cat-slim-fit-elegant-shirt","7":"product_tag-kemishe-premium-mandarin-collar-slim-fit","8":"product_tag-kombinim-perfekt-me-pantolla-te-zeza-dhe-rrip-elegant","9":"product_tag-stil-elegant-modern","11":"first","12":"instock","13":"taxable","14":"shipping-taxable","15":"purchasable","16":"product-type-variable"},"jetpack_sharing_enabled":true,"_links":{"self":[{"href":"https:\/\/urban-clothingstore.com\/en\/wp-json\/wp\/v2\/product\/19061","targetHints":{"allow":["GET"]}}],"collection":[{"href":"https:\/\/urban-clothingstore.com\/en\/wp-json\/wp\/v2\/product"}],"about":[{"href":"https:\/\/urban-clothingstore.com\/en\/wp-json\/wp\/v2\/types\/product"}],"replies":[{"embeddable":true,"href":"https:\/\/urban-clothingstore.com\/en\/wp-json\/wp\/v2\/comments?post=19061"}],"wp:featuredmedia":[{"embeddable":true,"href":"https:\/\/urban-clothingstore.com\/en\/wp-json\/wp\/v2\/media\/19062"}],"wp:attachment":[{"href":"https:\/\/urban-clothingstore.com\/en\/wp-json\/wp\/v2\/media?parent=19061"}],"wp:term":[{"taxonomy":"product_brand","embeddable":true,"href":"https:\/\/urban-clothingstore.com\/en\/wp-json\/wp\/v2\/product_brand?post=19061"},{"taxonomy":"product_cat","embeddable":true,"href":"https:\/\/urban-clothingstore.com\/en\/wp-json\/wp\/v2\/product_cat?post=19061"},{"taxonomy":"product_tag","embeddable":true,"href":"https:\/\/urban-clothingstore.com\/en\/wp-json\/wp\/v2\/product_tag?post=19061"}],"curies":[{"name":"wp","href":"https:\/\/api.w.org\/{rel}","templated":true}]}}