{"id":19130,"date":"2026-05-02T17:27:48","date_gmt":"2026-05-02T17:27:48","guid":{"rendered":"https:\/\/urban-clothingstore.com\/?post_type=product&#038;p=19130"},"modified":"2026-05-02T17:27:48","modified_gmt":"2026-05-02T17:27:48","slug":"kostum-3-pjesesh-premium-black-elegance","status":"publish","type":"product","link":"https:\/\/urban-clothingstore.com\/en\/product\/kostum-3-pjesesh-premium-black-elegance\/","title":{"rendered":"Kostum 3-Pjes\u00ebsh Premium Black Elegance"},"content":{"rendered":"<div class=\"flex max-w-full flex-col gap-4 grow\">\n<div class=\"min-h-8 text-message relative flex w-full flex-col items-end gap-2 text-start break-words whitespace-normal outline-none keyboard-focused:focus-ring [.text-message+&amp;]:mt-1\" dir=\"auto\" tabindex=\"0\" data-message-author-role=\"assistant\" data-message-id=\"1c2d5909-a7ed-47ba-93e6-996c80aa1f65\" data-message-model-slug=\"gpt-5-5-thinking\" data-turn-start-message=\"true\">\n<div class=\"flex w-full flex-col gap-1 empty:hidden\">\n<div class=\"markdown prose dark:prose-invert w-full wrap-break-word light markdown-new-styling\">\n<p data-start=\"54\" data-end=\"308\">Kostum 3-pjes\u00ebsh premium n\u00eb ngjyr\u00eb t\u00eb zez\u00eb, i dizajnuar p\u00ebr nj\u00eb pamje elegante, moderne dhe me shum\u00eb klas. Seti p\u00ebrfshin sako, jelek double-breasted dhe pantolla me prerje t\u00eb rregullt, duke krijuar nj\u00eb siluet\u00eb t\u00eb past\u00ebr dhe mashkullore.<\/p>\n<p data-start=\"310\" data-end=\"650\">Ky kostum mund t\u00eb kombinohet n\u00eb dy m\u00ebnyra: me k\u00ebmish\u00eb t\u00eb zez\u00eb p\u00ebr nj\u00eb stil m\u00eb serioz, luxury dhe all-black, ose me k\u00ebmish\u00eb t\u00eb bardh\u00eb p\u00ebr nj\u00eb pamje m\u00eb klasike, elegante dhe kontrast t\u00eb fort\u00eb. Detajet e jelekut me kopsa t\u00eb dyfishta, prerja moderne dhe materiali premium e b\u00ebjn\u00eb k\u00ebt\u00eb set ideal p\u00ebr evente, mbr\u00ebmje, ceremoni dhe dalje speciale.<\/p>\n<p data-start=\"652\" data-end=\"741\" data-is-last-node=\"\" data-is-only-node=\"\">Nj\u00eb kostum q\u00eb jep prezenc\u00eb t\u00eb fuqishme, stil gentleman dhe pamje premium n\u00eb \u00e7do kombinim.<\/p>\n<\/div>\n<\/div>\n<\/div>\n<\/div>\n<div class=\"z-0 flex min-h-[46px] justify-start\"><\/div>\n<div class=\"mt-3 w-full empty:hidden\">\n<div class=\"text-center\">\n<div>\n<div class=\"inline-flex border border-gray-100 dark:border-gray-700 rounded-xl\">\n<div class=\"bg-token-main-surface-tertiary w-px flex-1 self-stretch\"><\/div>\n<\/div>\n<\/div>\n<\/div>\n<\/div>","protected":false},"excerpt":{"rendered":"<p>Kostum 3-pjes\u00ebsh premium n\u00eb ngjyr\u00eb t\u00eb zez\u00eb, i dizajnuar p\u00ebr nj\u00eb pamje elegante, moderne dhe me shum\u00eb klas. Seti p\u00ebrfshin sako, jelek double-breasted dhe pantolla me prerje t\u00eb rregullt, duke krijuar nj\u00eb siluet\u00eb t\u00eb past\u00ebr dhe mashkullore. Ky kostum mund t\u00eb kombinohet n\u00eb dy m\u00ebnyra: me k\u00ebmish\u00eb t\u00eb zez\u00eb p\u00ebr nj\u00eb stil m\u00eb serioz, luxury [&hellip;]<\/p>","protected":false},"featured_media":19131,"comment_status":"open","ping_status":"closed","template":"","meta":[],"product_brand":[],"product_cat":[108],"product_tag":[1031,80,673,668,679,57],"class_list":{"0":"post-19130","1":"product","2":"type-product","3":"status-publish","4":"has-post-thumbnail","6":"product_cat-suit","7":"product_tag-3-pjesesh","8":"product_tag-elegant","9":"product_tag-kostum","10":"product_tag-per-meshkuj","11":"product_tag-premium","12":"product_tag-slimfit","14":"first","15":"instock","16":"taxable","17":"shipping-taxable","18":"purchasable","19":"product-type-variable"},"jetpack_sharing_enabled":true,"_links":{"self":[{"href":"https:\/\/urban-clothingstore.com\/en\/wp-json\/wp\/v2\/product\/19130","targetHints":{"allow":["GET"]}}],"collection":[{"href":"https:\/\/urban-clothingstore.com\/en\/wp-json\/wp\/v2\/product"}],"about":[{"href":"https:\/\/urban-clothingstore.com\/en\/wp-json\/wp\/v2\/types\/product"}],"replies":[{"embeddable":true,"href":"https:\/\/urban-clothingstore.com\/en\/wp-json\/wp\/v2\/comments?post=19130"}],"wp:featuredmedia":[{"embeddable":true,"href":"https:\/\/urban-clothingstore.com\/en\/wp-json\/wp\/v2\/media\/19131"}],"wp:attachment":[{"href":"https:\/\/urban-clothingstore.com\/en\/wp-json\/wp\/v2\/media?parent=19130"}],"wp:term":[{"taxonomy":"product_brand","embeddable":true,"href":"https:\/\/urban-clothingstore.com\/en\/wp-json\/wp\/v2\/product_brand?post=19130"},{"taxonomy":"product_cat","embeddable":true,"href":"https:\/\/urban-clothingstore.com\/en\/wp-json\/wp\/v2\/product_cat?post=19130"},{"taxonomy":"product_tag","embeddable":true,"href":"https:\/\/urban-clothingstore.com\/en\/wp-json\/wp\/v2\/product_tag?post=19130"}],"curies":[{"name":"wp","href":"https:\/\/api.w.org\/{rel}","templated":true}]}}