{"id":19316,"date":"2026-05-05T10:09:51","date_gmt":"2026-05-05T10:09:51","guid":{"rendered":"https:\/\/urban-clothingstore.com\/?post_type=product&#038;p=19316"},"modified":"2026-05-05T10:09:51","modified_gmt":"2026-05-05T10:09:51","slug":"classic-edge-rrip-premium-lekure-per-meshkuj","status":"publish","type":"product","link":"https:\/\/urban-clothingstore.com\/en\/product\/classic-edge-rrip-premium-lekure-per-meshkuj\/","title":{"rendered":"Classic Edge \u2013 Rrip Premium L\u00ebkure p\u00ebr Meshkuj\u201d"},"content":{"rendered":"<section class=\"text-token-text-primary w-full focus:outline-none [--shadow-height:45px] has-data-writing-block:pointer-events-none has-data-writing-block:-mt-(--shadow-height) has-data-writing-block:pt-(--shadow-height) [&amp;:has([data-writing-block])&gt;*]:pointer-events-auto [content-visibility:auto] supports-[content-visibility:auto]:[contain-intrinsic-size:auto_100lvh] R6Vx5W_threadScrollVars scroll-mb-[calc(var(--scroll-root-safe-area-inset-bottom,0px)+var(--thread-response-height))] scroll-mt-[calc(var(--header-height)+min(200px,max(70px,20svh)))]\" dir=\"auto\" data-turn-id=\"request-WEB:3c65d522-16f8-446d-bb5b-c6edb4830249-4\" data-testid=\"conversation-turn-10\" data-scroll-anchor=\"false\" data-turn=\"assistant\">\n<div class=\"text-base my-auto mx-auto pb-10 [--thread-content-margin:var(--thread-content-margin-xs,calc(var(--spacing)*4))] @w-sm\/main:[--thread-content-margin:var(--thread-content-margin-sm,calc(var(--spacing)*6))] @w-lg\/main:[--thread-content-margin:var(--thread-content-margin-lg,calc(var(--spacing)*16))] px-(--thread-content-margin)\">\n<div class=\"[--thread-content-max-width:40rem] @w-lg\/main:[--thread-content-max-width:48rem] mx-auto max-w-(--thread-content-max-width) flex-1 group\/turn-messages focus-visible:outline-hidden relative flex w-full min-w-0 flex-col agent-turn\">\n<div class=\"flex max-w-full flex-col gap-4 grow\">\n<div class=\"min-h-8 text-message relative flex w-full flex-col items-end gap-2 text-start break-words whitespace-normal outline-none keyboard-focused:focus-ring [.text-message+&amp;]:mt-1\" dir=\"auto\" tabindex=\"0\" data-message-author-role=\"assistant\" data-message-id=\"e7511497-b6cf-4e3e-bde4-6889fca50be9\" data-message-model-slug=\"gpt-5-3\" data-turn-start-message=\"true\">\n<div class=\"flex w-full flex-col gap-1 empty:hidden\">\n<div class=\"markdown prose dark:prose-invert w-full wrap-break-word dark markdown-new-styling\">\n<p data-start=\"81\" data-end=\"424\">\u201cClassic Edge\u201d \u00ebsht\u00eb nj\u00eb rrip i nd\u00ebrtuar nga <strong data-start=\"155\" data-end=\"174\">l\u00ebkur\u00eb cil\u00ebsore<\/strong>, i krijuar p\u00ebr mashkullin q\u00eb k\u00ebrkon eleganc\u00eb t\u00eb v\u00ebrtet\u00eb dhe q\u00ebndrueshm\u00ebri n\u00eb \u00e7do detaj. Ky aksesor kombinon mjesht\u00ebrisht stilin klasik me nj\u00eb prekje moderne, duke e b\u00ebr\u00eb zgjedhjen perfekte p\u00ebr \u00e7do rast \u2013 nga veshjet formale deri te ato smart-casual.<\/p>\n<p data-start=\"426\" data-end=\"752\">L\u00ebkura e p\u00ebrzgjedhur ofron nj\u00eb tekstur\u00eb natyrale dhe nj\u00eb ndjesi premium n\u00eb prekje, duke garantuar jo vet\u00ebm pamje luksoze por edhe rezistenc\u00eb afatgjat\u00eb. Me kalimin e koh\u00ebs, materiali fiton karakter, duke e b\u00ebr\u00eb rripin edhe m\u00eb unik. Tok\u00ebza metalike n\u00eb ngjyr\u00eb t\u00eb zez\u00eb mat plot\u00ebson dizajnin me nj\u00eb stil minimalist dhe t\u00eb rafinuar.<\/p>\n<p data-start=\"754\" data-end=\"993\">Ky rrip \u00ebsht\u00eb krijuar p\u00ebr t\u00eb q\u00ebndruar perfekt n\u00eb trup, duke ofruar rehati gjat\u00eb gjith\u00eb dit\u00ebs dhe nj\u00eb pamje t\u00eb rregullt n\u00eb \u00e7do kombinim. \u00cbsht\u00eb detaji q\u00eb b\u00ebn diferenc\u00ebn mes nj\u00eb veshjeje t\u00eb zakonshme dhe nj\u00eb look-u t\u00eb kuruar n\u00eb nivel premium.<\/p>\n<hr data-start=\"995\" data-end=\"998\" \/>\n<p data-start=\"1000\" data-end=\"1044\"><strong data-start=\"1000\" data-end=\"1044\">Key Features (Karakteristikat Kryesore):<\/strong><\/p>\n<ul data-start=\"1046\" data-end=\"1690\">\n<li data-section-id=\"1nszh5q\" data-start=\"1046\" data-end=\"1146\"><strong data-start=\"1048\" data-end=\"1072\">100% L\u00ebkur\u00eb Cil\u00ebsore<\/strong><br data-start=\"1072\" data-end=\"1075\" \/>Material natyral premium p\u00ebr q\u00ebndrueshm\u00ebri, eleganc\u00eb dhe jet\u00ebgjat\u00ebsi.<\/li>\n<li data-section-id=\"1d0l1bw\" data-start=\"1148\" data-end=\"1226\"><strong data-start=\"1150\" data-end=\"1181\">Dizajn Minimalist &amp; Elegant<\/strong><br data-start=\"1181\" data-end=\"1184\" \/>Stil i past\u00ebr q\u00eb nuk del kurr\u00eb nga moda.<\/li>\n<li data-section-id=\"l2yuem\" data-start=\"1228\" data-end=\"1311\"><strong data-start=\"1230\" data-end=\"1252\">Tok\u00ebz Metalike Mat<\/strong><br data-start=\"1252\" data-end=\"1255\" \/>E fort\u00eb dhe moderne, me p\u00ebrfundim elegant dhe diskret.<\/li>\n<li data-section-id=\"1tscosn\" data-start=\"1313\" data-end=\"1405\"><strong data-start=\"1315\" data-end=\"1343\">Rezistenc\u00eb &amp; Jet\u00ebgjat\u00ebsi<\/strong><br data-start=\"1343\" data-end=\"1346\" \/>L\u00ebkura ruan cil\u00ebsin\u00eb dhe p\u00ebrmir\u00ebsohet me kalimin e koh\u00ebs.<\/li>\n<li data-section-id=\"3wulbf\" data-start=\"1407\" data-end=\"1506\"><strong data-start=\"1409\" data-end=\"1434\">Ngjyr\u00eb Klasike e Zez\u00eb<\/strong><br data-start=\"1434\" data-end=\"1437\" \/>Kombinohet leht\u00ebsisht me \u00e7do veshje \u2013 nga kostumet deri te xhinset.<\/li>\n<li data-section-id=\"wmjv6w\" data-start=\"1508\" data-end=\"1589\"><strong data-start=\"1510\" data-end=\"1531\">Komoditet i Lart\u00eb<\/strong><br data-start=\"1531\" data-end=\"1534\" \/>Fleksib\u00ebl dhe i rehatsh\u00ebm p\u00ebr p\u00ebrdorim t\u00eb p\u00ebrditsh\u00ebm.<\/li>\n<li data-section-id=\"nwnjfp\" data-start=\"1591\" data-end=\"1690\"><strong data-start=\"1593\" data-end=\"1616\">P\u00ebrshtatje Perfekte<\/strong><br data-start=\"1616\" data-end=\"1619\" \/>Dizajnuar p\u00ebr t\u00eb q\u00ebndruar mir\u00eb dhe p\u00ebr t\u00eb ofruar mb\u00ebshtetje optimale.<\/li>\n<\/ul>\n<hr data-start=\"1692\" data-end=\"1695\" \/>\n<p data-start=\"1697\" data-end=\"1793\" data-is-last-node=\"\" data-is-only-node=\"\">Nj\u00eb rrip l\u00ebkure nuk \u00ebsht\u00eb thjesht aksesor \u2013 \u00ebsht\u00eb nj\u00eb simbol i stilit, cil\u00ebsis\u00eb dhe vet\u00ebbesimit.<\/p>\n<\/div>\n<\/div>\n<\/div>\n<\/div>\n<\/div>\n<\/div>\n<\/section>","protected":false},"excerpt":{"rendered":"<p>\u201cClassic Edge\u201d \u00ebsht\u00eb nj\u00eb rrip i nd\u00ebrtuar nga l\u00ebkur\u00eb cil\u00ebsore, i krijuar p\u00ebr mashkullin q\u00eb k\u00ebrkon eleganc\u00eb t\u00eb v\u00ebrtet\u00eb dhe q\u00ebndrueshm\u00ebri n\u00eb \u00e7do detaj. Ky aksesor kombinon mjesht\u00ebrisht stilin klasik me nj\u00eb prekje moderne, duke e b\u00ebr\u00eb zgjedhjen perfekte p\u00ebr \u00e7do rast \u2013 nga veshjet formale deri te ato smart-casual. L\u00ebkura e p\u00ebrzgjedhur ofron nj\u00eb [&hellip;]<\/p>","protected":false},"featured_media":19317,"comment_status":"open","ping_status":"closed","template":"","meta":[],"product_brand":[],"product_cat":[27,58,702],"product_tag":[1049,1048,1050,1052,1051],"class_list":{"0":"post-19316","1":"product","2":"type-product","3":"status-publish","4":"has-post-thumbnail","6":"product_cat-jeans","7":"product_cat-pants","8":"product_cat-premium-slim-fit-jeans","9":"product_tag-100-lekure-cilesore-material-natyral-premium-per-qendrueshmeri","10":"product_tag-classic-edge-rrip-premium-lekure-per-meshkuj","11":"product_tag-elegance-dhe-jetegjatesi","12":"product_tag-me-perfundim-elegant-dhe-diskret","13":"product_tag-tokez-metalike-mat-e-forte-dhe-moderne","15":"first","16":"instock","17":"taxable","18":"shipping-taxable","19":"purchasable","20":"product-type-variable"},"jetpack_sharing_enabled":true,"_links":{"self":[{"href":"https:\/\/urban-clothingstore.com\/en\/wp-json\/wp\/v2\/product\/19316","targetHints":{"allow":["GET"]}}],"collection":[{"href":"https:\/\/urban-clothingstore.com\/en\/wp-json\/wp\/v2\/product"}],"about":[{"href":"https:\/\/urban-clothingstore.com\/en\/wp-json\/wp\/v2\/types\/product"}],"replies":[{"embeddable":true,"href":"https:\/\/urban-clothingstore.com\/en\/wp-json\/wp\/v2\/comments?post=19316"}],"wp:featuredmedia":[{"embeddable":true,"href":"https:\/\/urban-clothingstore.com\/en\/wp-json\/wp\/v2\/media\/19317"}],"wp:attachment":[{"href":"https:\/\/urban-clothingstore.com\/en\/wp-json\/wp\/v2\/media?parent=19316"}],"wp:term":[{"taxonomy":"product_brand","embeddable":true,"href":"https:\/\/urban-clothingstore.com\/en\/wp-json\/wp\/v2\/product_brand?post=19316"},{"taxonomy":"product_cat","embeddable":true,"href":"https:\/\/urban-clothingstore.com\/en\/wp-json\/wp\/v2\/product_cat?post=19316"},{"taxonomy":"product_tag","embeddable":true,"href":"https:\/\/urban-clothingstore.com\/en\/wp-json\/wp\/v2\/product_tag?post=19316"}],"curies":[{"name":"wp","href":"https:\/\/api.w.org\/{rel}","templated":true}]}}