{"id":19327,"date":"2026-05-05T10:17:52","date_gmt":"2026-05-05T10:17:52","guid":{"rendered":"https:\/\/urban-clothingstore.com\/?post_type=product&#038;p=19327"},"modified":"2026-05-05T10:17:52","modified_gmt":"2026-05-05T10:17:52","slug":"urban-lock-rrip-automatik-lekure-premium","status":"publish","type":"product","link":"https:\/\/urban-clothingstore.com\/en\/product\/urban-lock-rrip-automatik-lekure-premium\/","title":{"rendered":"\u201cUrban Lock \u2013 Rrip Automatik L\u00ebkure Premium\u201d"},"content":{"rendered":"<section class=\"text-token-text-primary w-full focus:outline-none [--shadow-height:45px] has-data-writing-block:pointer-events-none has-data-writing-block:-mt-(--shadow-height) has-data-writing-block:pt-(--shadow-height) [&amp;:has([data-writing-block])&gt;*]:pointer-events-auto [content-visibility:auto] supports-[content-visibility:auto]:[contain-intrinsic-size:auto_100lvh] R6Vx5W_threadScrollVars scroll-mb-[calc(var(--scroll-root-safe-area-inset-bottom,0px)+var(--thread-response-height))] scroll-mt-[calc(var(--header-height)+min(200px,max(70px,20svh)))]\" dir=\"auto\" data-turn-id=\"request-WEB:3c65d522-16f8-446d-bb5b-c6edb4830249-5\" data-testid=\"conversation-turn-12\" data-scroll-anchor=\"false\" data-turn=\"assistant\">\n<div class=\"text-base my-auto mx-auto pb-10 [--thread-content-margin:var(--thread-content-margin-xs,calc(var(--spacing)*4))] @w-sm\/main:[--thread-content-margin:var(--thread-content-margin-sm,calc(var(--spacing)*6))] @w-lg\/main:[--thread-content-margin:var(--thread-content-margin-lg,calc(var(--spacing)*16))] px-(--thread-content-margin)\">\n<div class=\"[--thread-content-max-width:40rem] @w-lg\/main:[--thread-content-max-width:48rem] mx-auto max-w-(--thread-content-max-width) flex-1 group\/turn-messages focus-visible:outline-hidden relative flex w-full min-w-0 flex-col agent-turn\">\n<div class=\"flex max-w-full flex-col gap-4 grow\">\n<div class=\"min-h-8 text-message relative flex w-full flex-col items-end gap-2 text-start break-words whitespace-normal outline-none keyboard-focused:focus-ring [.text-message+&amp;]:mt-1\" dir=\"auto\" tabindex=\"0\" data-message-author-role=\"assistant\" data-message-id=\"a164cc18-165c-4ebe-81df-36d3cc35c655\" data-message-model-slug=\"gpt-5-3\" data-turn-start-message=\"true\">\n<div class=\"flex w-full flex-col gap-1 empty:hidden\">\n<div class=\"markdown prose dark:prose-invert w-full wrap-break-word dark markdown-new-styling\">\n<p data-start=\"77\" data-end=\"377\">\u201cUrban Lock\u201d \u00ebsht\u00eb kombinimi perfekt mes teknologjis\u00eb moderne dhe eleganc\u00ebs klasike. Ky rrip i realizuar nga <strong data-start=\"215\" data-end=\"233\">l\u00ebkur\u00eb premium<\/strong> sjell nj\u00eb p\u00ebrvoj\u00eb t\u00eb re n\u00eb stil dhe funksionalitet, fal\u00eb sistemit t\u00eb tij <strong data-start=\"307\" data-end=\"329\">automatik pa vrima<\/strong>, q\u00eb garanton p\u00ebrshtatje perfekte n\u00eb \u00e7do moment.<\/p>\n<p data-start=\"379\" data-end=\"694\">Dizajni i past\u00ebr dhe luksoz theksohet nga tok\u00ebza metalike me finish t\u00eb err\u00ebt dhe sip\u00ebrfaqe t\u00eb l\u00ebmuar, q\u00eb i jep nj\u00eb pamje futuriste dhe shum\u00eb elegante. Mekanizmi automatik siguron mbyllje t\u00eb leht\u00eb dhe t\u00eb sigurt, duke eliminuar nevoj\u00ebn p\u00ebr vrima tradicionale dhe duke ofruar rregullim milimetrik p\u00ebr rehati maksimale.<\/p>\n<p data-start=\"696\" data-end=\"951\">L\u00ebkura cil\u00ebsore me tekstur\u00eb natyrale jo vet\u00ebm q\u00eb garanton q\u00ebndrueshm\u00ebri afatgjat\u00eb, por edhe p\u00ebrmir\u00ebsohet me kalimin e koh\u00ebs, duke ruajtur nj\u00eb pamje premium. Ky rrip \u00ebsht\u00eb zgjedhja ideale p\u00ebr meshkujt q\u00eb k\u00ebrkojn\u00eb nj\u00eb aksesor modern, praktik dhe shum\u00eb stil.<\/p>\n<hr data-start=\"953\" data-end=\"956\" \/>\n<p data-start=\"958\" data-end=\"1002\"><strong data-start=\"958\" data-end=\"1002\">Key Features (Karakteristikat Kryesore):<\/strong><\/p>\n<ul data-start=\"1004\" data-end=\"1616\">\n<li data-section-id=\"1xpzxx0\" data-start=\"1004\" data-end=\"1108\"><strong data-start=\"1006\" data-end=\"1029\">100% L\u00ebkur\u00eb Premium<\/strong><br data-start=\"1029\" data-end=\"1032\" \/>Material cil\u00ebsor q\u00eb garanton jet\u00ebgjat\u00ebsi, fleksibilitet dhe pamje luksoze.<\/li>\n<li data-section-id=\"zih0vp\" data-start=\"1110\" data-end=\"1200\"><strong data-start=\"1112\" data-end=\"1141\">Sistem Automatik Pa Vrima<\/strong><br data-start=\"1141\" data-end=\"1144\" \/>Rregullim i sakt\u00eb dhe i leht\u00eb p\u00ebr p\u00ebrshtatje perfekte.<\/li>\n<li data-section-id=\"fnoj8y\" data-start=\"1202\" data-end=\"1291\"><strong data-start=\"1204\" data-end=\"1230\">Tok\u00ebz Moderne Metalike<\/strong><br data-start=\"1230\" data-end=\"1233\" \/>Dizajn elegant me finish t\u00eb err\u00ebt p\u00ebr nj\u00eb look futurist.<\/li>\n<li data-section-id=\"1cfstuy\" data-start=\"1293\" data-end=\"1373\"><strong data-start=\"1295\" data-end=\"1317\">Komoditet Maksimal<\/strong><br data-start=\"1317\" data-end=\"1320\" \/>Rregullim milimetrik p\u00ebr rehati gjat\u00eb gjith\u00eb dit\u00ebs.<\/li>\n<li data-section-id=\"1rops29\" data-start=\"1375\" data-end=\"1455\"><strong data-start=\"1377\" data-end=\"1408\">Dizajn Minimalist &amp; Premium<\/strong><br data-start=\"1408\" data-end=\"1411\" \/>Stil i past\u00ebr q\u00eb p\u00ebrshtatet me \u00e7do veshje.<\/li>\n<li data-section-id=\"1xa5qx8\" data-start=\"1457\" data-end=\"1533\"><strong data-start=\"1459\" data-end=\"1489\">Rezistenc\u00eb &amp; Q\u00ebndrueshm\u00ebri<\/strong><br data-start=\"1489\" data-end=\"1492\" \/>Nd\u00ebrtim i fort\u00eb p\u00ebr p\u00ebrdorim afatgjat\u00eb.<\/li>\n<li data-section-id=\"vi9511\" data-start=\"1535\" data-end=\"1616\"><strong data-start=\"1537\" data-end=\"1559\">Ideal p\u00ebr \u00c7do Rast<\/strong><br data-start=\"1559\" data-end=\"1562\" \/>Perfekt p\u00ebr veshje formale, biznes apo smart-casual.<\/li>\n<\/ul>\n<hr data-start=\"1618\" data-end=\"1621\" \/>\n<p data-start=\"1623\" data-end=\"1707\" data-is-last-node=\"\" data-is-only-node=\"\">Nj\u00eb rrip q\u00eb nuk \u00ebsht\u00eb thjesht aksesor \u2013 por nj\u00eb upgrade i stilit t\u00ebnd t\u00eb p\u00ebrditsh\u00ebm.<\/p>\n<\/div>\n<\/div>\n<\/div>\n<\/div>\n<\/div>\n<\/div>\n<\/section>","protected":false},"excerpt":{"rendered":"<p>\u201cUrban Lock\u201d \u00ebsht\u00eb kombinimi perfekt mes teknologjis\u00eb moderne dhe eleganc\u00ebs klasike. Ky rrip i realizuar nga l\u00ebkur\u00eb premium sjell nj\u00eb p\u00ebrvoj\u00eb t\u00eb re n\u00eb stil dhe funksionalitet, fal\u00eb sistemit t\u00eb tij automatik pa vrima, q\u00eb garanton p\u00ebrshtatje perfekte n\u00eb \u00e7do moment. Dizajni i past\u00ebr dhe luksoz theksohet nga tok\u00ebza metalike me finish t\u00eb err\u00ebt dhe [&hellip;]<\/p>","protected":false},"featured_media":19328,"comment_status":"open","ping_status":"closed","template":"","meta":[],"product_brand":[],"product_cat":[27,58,702],"product_tag":[1054,1055,1053,1056],"class_list":{"0":"post-19327","1":"product","2":"type-product","3":"status-publish","4":"has-post-thumbnail","6":"product_cat-jeans","7":"product_cat-pants","8":"product_cat-premium-slim-fit-jeans","9":"product_tag-100-lekure-premium-material-cilesor-qe-garanton-jetegjatesi","10":"product_tag-fleksibilitet-dhe-pamje-luksoze","11":"product_tag-rrip-automatik-lekure-premium","12":"product_tag-sistem-automatik-pa-vrima-rregullim-i-sakte-dhe-i-lehte-per-pershtatje-perfekte","14":"first","15":"instock","16":"taxable","17":"shipping-taxable","18":"purchasable","19":"product-type-variable"},"jetpack_sharing_enabled":true,"_links":{"self":[{"href":"https:\/\/urban-clothingstore.com\/en\/wp-json\/wp\/v2\/product\/19327","targetHints":{"allow":["GET"]}}],"collection":[{"href":"https:\/\/urban-clothingstore.com\/en\/wp-json\/wp\/v2\/product"}],"about":[{"href":"https:\/\/urban-clothingstore.com\/en\/wp-json\/wp\/v2\/types\/product"}],"replies":[{"embeddable":true,"href":"https:\/\/urban-clothingstore.com\/en\/wp-json\/wp\/v2\/comments?post=19327"}],"wp:featuredmedia":[{"embeddable":true,"href":"https:\/\/urban-clothingstore.com\/en\/wp-json\/wp\/v2\/media\/19328"}],"wp:attachment":[{"href":"https:\/\/urban-clothingstore.com\/en\/wp-json\/wp\/v2\/media?parent=19327"}],"wp:term":[{"taxonomy":"product_brand","embeddable":true,"href":"https:\/\/urban-clothingstore.com\/en\/wp-json\/wp\/v2\/product_brand?post=19327"},{"taxonomy":"product_cat","embeddable":true,"href":"https:\/\/urban-clothingstore.com\/en\/wp-json\/wp\/v2\/product_cat?post=19327"},{"taxonomy":"product_tag","embeddable":true,"href":"https:\/\/urban-clothingstore.com\/en\/wp-json\/wp\/v2\/product_tag?post=19327"}],"curies":[{"name":"wp","href":"https:\/\/api.w.org\/{rel}","templated":true}]}}